{"id":3977,"date":"2025-10-02T08:44:14","date_gmt":"2025-10-02T18:44:14","guid":{"rendered":"https:\/\/auw211.org\/?page_id=3977"},"modified":"2025-11-03T16:10:57","modified_gmt":"2025-11-04T02:10:57","slug":"hurricane","status":"publish","type":"page","link":"https:\/\/auw211.org\/vi\/ung-pho-khan-cap-tham-hoa\/con-bao\/","title":{"rendered":"B\u00e3o | T\u00e0i nguy\u00ean kh\u1ea9n c\u1ea5p v\u00e0 thi\u00ean tai"},"content":{"rendered":"<h2>B\u00e3o c\u00f3 th\u1ec3 g\u00e2y ra gi\u00f3 m\u1ea1nh, l\u0169 l\u1ee5t v\u00e0 m\u1ea5t \u0111i\u1ec7n tr\u00ean di\u1ec7n r\u1ed9ng.<\/h2>\n<p>Ngay c\u1ea3 m\u1ed9t c\u01a1n b\u00e3o \u0111i qua c\u0169ng c\u00f3 th\u1ec3 d\u1eabn \u0111\u1ebfn<strong> l\u0169 l\u1ee5t, s\u00f3ng l\u1edbn nguy hi\u1ec3m v\u00e0 gi\u00e1n \u0111o\u1ea1n l\u00e2u d\u00e0i.<\/strong><\/p>\n<p>AUW 211 k\u1ebft n\u1ed1i c\u01b0 d\u00e2n Hawai\u02bbi v\u1edbi c\u00e1c th\u00f4ng tin c\u1eadp nh\u1eadt theo th\u1eddi gian th\u1ef1c, th\u00f4ng tin v\u1ec1 n\u01a1i tr\u00fa \u1ea9n v\u00e0 c\u00e1c ngu\u1ed3n l\u1ef1c ph\u1ee5c h\u1ed3i tr\u01b0\u1edbc, trong v\u00e0 sau c\u01a1n b\u00e3o.<\/p>\n\t\t\t\t<img decoding=\"async\" src=\"https:\/\/auw211.org\/wp-content\/uploads\/2025\/10\/hurricane.png\" alt=\"c\u01a1n b\u00e3o\" itemprop=\"image\" height=\"1200\" width=\"1200\" title=\"c\u01a1n b\u00e3o\" onerror=\"this.style.display='none'\" loading=\"lazy\" \/>\n\t<h3><strong>N\u1ebfu b\u1ea1n \u0111ang g\u1eb7p nguy hi\u1ec3m ngay l\u1eadp t\u1ee9c, vui l\u00f2ng g\u1ecdi 911!<\/strong><\/h3>\n<h2>\n\t\t\tTin t\u1ee9c kh\u1ea9n c\u1ea5p\t<\/h2>\n\t\t\t<a href=\"\/vi\/category\/211-answers\/\" target=\"_self\">\n\t\t\t\t\t\tXem th\u00eam\n\t\t\t\t\t<\/a>\n\t<h2>C\u1ed9ng \u0111\u1ed3ng b\u1ecb \u1ea3nh h\u01b0\u1edfng<\/h2>\n<p><strong>B\u00e3o c\u00f3 th\u1ec3 \u1ea3nh h\u01b0\u1edfng \u0111\u1ebfn t\u1ea5t c\u1ea3 c\u00e1c h\u00f2n \u0111\u1ea3o, \u0111\u1eb7c bi\u1ec7t l\u00e0 c\u00e1c khu v\u1ef1c ven bi\u1ec3n v\u00e0 v\u00f9ng tr\u0169ng th\u1ea5p d\u1ec5 b\u1ecb b\u00e3o d\u00e2ng v\u00e0 l\u0169 l\u1ee5t.<\/strong><\/p>\n<ul>\n<li><strong>M\u1ea5t \u0111i\u1ec7n<\/strong> v\u00e0 nh\u1eefng con \u0111\u01b0\u1eddng b\u1ecb ch\u1eb7n c\u00f3 th\u1ec3 c\u00f4 l\u1eadp c\u1ed9ng \u0111\u1ed3ng trong nhi\u1ec1u ng\u00e0y.<\/li>\n<li><strong>Nh\u1eefng ng\u01b0\u1eddi \u1edf nh\u00e0 c\u0169,<\/strong> nh\u00e0 \u1edf di \u0111\u1ed9ng ho\u1eb7c nh\u1eefng khu v\u1ef1c c\u00f3 tuy\u1ebfn \u0111\u01b0\u1eddng s\u01a1 t\u00e1n h\u1ea1n ch\u1ebf c\u00f3 nguy c\u01a1 cao h\u01a1n.<\/li>\n<li><strong>Ng\u01b0\u1eddi d\u00e2n ph\u1ee5 thu\u1ed9c v\u00e0o thi\u1ebft b\u1ecb y t\u1ebf ch\u1ea1y b\u1eb1ng \u0111i\u1ec7n<\/strong> ho\u1eb7c b\u1ea3o qu\u1ea3n thu\u1ed1c trong t\u1ee7 l\u1ea1nh n\u00ean chu\u1ea9n b\u1ecb ph\u01b0\u01a1ng \u00e1n d\u1ef1 ph\u00f2ng s\u1edbm.<\/li>\n<\/ul>\n\t\t\t\t<img decoding=\"async\" src=\"https:\/\/auw211.org\/wp-content\/uploads\/2025\/10\/pexels-jess-vide-4319877.jpg\" alt=\"pexels-jess-vide-4319877\" itemprop=\"image\" height=\"1279\" width=\"1920\" title=\"pexels-jess-vide-4319877\" onerror=\"this.style.display='none'\" loading=\"lazy\" \/>\n\t<h2>T\u00f4i c\u00f3 th\u1ec3 \u0111i \u0111\u00e2u?<\/h2>\n<p><strong>N\u1ebfu c\u00f3 c\u1ea3nh b\u00e1o b\u00e3o, h\u00e3y l\u00e0m theo h\u01b0\u1edbng d\u1eabn c\u1ee7a vi\u00ean ch\u1ee9c kh\u1ea9n c\u1ea5p c\u1ee7a qu\u1eadn ngay l\u1eadp t\u1ee9c.<\/strong><\/p>\n\t<h3>Tr\u01b0\u1edbc c\u01a1n b\u00e3o:<\/h3>\n<ul>\n<li><strong>Bi\u1ebft khu v\u1ef1c s\u01a1 t\u00e1n c\u1ee7a b\u1ea1n<\/strong> v\u00e0 n\u01a1i tr\u00fa \u1ea9n b\u00e3o g\u1ea7n nh\u1ea5t.<\/li>\n<li><strong>\u0110\u0103ng k\u00fd nh\u1eadn c\u1ea3nh b\u00e1o kh\u1ea9n c\u1ea5p c\u1ee7a qu\u1eadn<\/strong> \u0111\u1ec3 theo d\u00f5i b\u00e3o v\u00e0 th\u00f4ng b\u00e1o s\u01a1 t\u00e1n.<\/li>\n<li><strong>C\u1eaft t\u1ec9a c\u00e2y v\u00e0 c\u1ed1 \u0111\u1ecbnh c\u00e1c v\u1eadt th\u1ec3 l\u1ecfng l\u1ebbo ngo\u00e0i tr\u1eddi<\/strong> c\u00f3 th\u1ec3 tr\u1edf th\u00e0nh v\u1eadt ph\u00f3ng.<\/li>\n<li><strong>B\u1ea3o v\u1ec7 c\u1eeda s\u1ed5 b\u1eb1ng v\u00e1n \u00e9p<\/strong> ho\u1eb7c c\u1eeda ch\u1edbp ch\u1ed1ng b\u00e3o.<\/li>\n<li><strong>S\u1ea1c t\u1ea5t c\u1ea3 c\u00e1c thi\u1ebft b\u1ecb \u0111i\u1ec7n t\u1eed<\/strong> v\u00e0 gi\u1eef b\u00ecnh x\u0103ng c\u1ee7a b\u1ea1n \u0111\u1ea7y \u00edt nh\u1ea5t m\u1ed9t n\u1eeda.<\/li>\n<\/ul>\n\t<h3>Trong c\u01a1n b\u00e3o<\/h3>\n<ul>\n<li><strong>Di chuy\u1ec3n \u0111\u1ebfn n\u01a1i tr\u00fa \u1ea9n b\u00e3o<\/strong> ho\u1eb7c c\u1ea5u tr\u00fac an to\u00e0n tr\u00e1nh xa c\u1eeda s\u1ed5 v\u00e0 khu v\u1ef1c ven bi\u1ec3n.<\/li>\n<li><strong>Tr\u00e1nh l\u00e1i xe<\/strong> khi s\u1ee9c gi\u00f3 v\u01b0\u1ee3t qu\u00e1 40 d\u1eb7m\/gi\u1edd v\u00e0 tr\u00e1nh xa nh\u1eefng con \u0111\u01b0\u1eddng b\u1ecb ng\u1eadp l\u1ee5t ho\u1eb7c \u0111\u01b0\u1eddng d\u00e2y \u0111i\u1ec7n b\u1ecb \u0111\u1ed5.<\/li>\n<li><strong>\u1ede trong nh\u00e0<\/strong> tr\u00e1nh xa c\u1eeda s\u1ed5<\/li>\n<li><strong>\u0110\u1eebng ra ngo\u00e0i<\/strong> cho \u0111\u1ebfn khi c\u00e1c quan ch\u1ee9c th\u00f4ng b\u00e1o r\u1eb1ng n\u00f3 an to\u00e0n.<\/li>\n<\/ul>\n\t<h2>T\u00f4i c\u00f3 th\u1ec3 l\u00e0m g\u00ec \u0111\u1ec3 chu\u1ea9n b\u1ecb?<\/h2>\n<p><strong>S\u1ef1 chu\u1ea9n b\u1ecb c\u00f3 th\u1ec3 c\u1ee9u s\u1ed1ng con ng\u01b0\u1eddi.<\/strong><\/p>\n\t<h3>Nh\u1eefng v\u1eadt d\u1ee5ng c\u1ea7n chu\u1ea9n b\u1ecb:<\/h3>\n<ul>\n<li><strong>Ngu\u1ed3n cung c\u1ea5p n\u01b0\u1edbc trong 14 ng\u00e0y<\/strong> v\u00e0 th\u1ef1c ph\u1ea9m kh\u00f4ng d\u1ec5 h\u1ecfng.<\/li>\n<li><strong>\u0110\u00e0i ch\u1ea1y b\u1eb1ng pin ho\u1eb7c quay tay<\/strong> v\u00e0 \u0111\u00e8n pin c\u00f9ng pin d\u1ef1 ph\u00f2ng.<\/li>\n<li><strong>B\u1ed9 s\u01a1 c\u1ee9u, thu\u1ed1c theo toa,<\/strong> v\u00e0 \u0111\u1ed3 d\u00f9ng v\u1ec7 sinh.<\/li>\n<li><strong>B\u1ea3n sao CMND,<\/strong> t\u00e0i li\u1ec7u b\u1ea3o hi\u1ec3m v\u00e0 danh b\u1ea1 kh\u1ea9n c\u1ea5p \u0111\u01b0\u1ee3c l\u01b0u tr\u1eef trong h\u1ed9p \u0111\u1ef1ng ch\u1ed1ng th\u1ea5m n\u01b0\u1edbc.<\/li>\n<li><strong>Ti\u1ec1n m\u1eb7t th\u00eam b\u1eb1ng t\u1edd ti\u1ec1n nh\u1ecf<\/strong> (M\u00e1y ATM v\u00e0 h\u1ec7 th\u1ed1ng th\u1ebb c\u00f3 th\u1ec3 ng\u1eebng ho\u1ea1t \u0111\u1ed9ng).<\/li>\n<li><strong>Kh\u1ea9u trang v\u00e0 n\u01b0\u1edbc r\u1eeda tay<\/strong> \u0111\u1ec3 \u1edf t\u1ea1m tr\u00fa.<\/li>\n<\/ul>\n\t<h3>Th\u1ef1c h\u00e0nh t\u1ed1t nh\u1ea5t<\/h3>\n<ul>\n<li><strong>R\u00fat ph\u00edch c\u1eafm thi\u1ebft b\u1ecb \u0111i\u1ec7n t\u1eed tr\u01b0\u1edbc khi ra ngo\u00e0i<\/strong> ho\u1eb7c khi ngu\u1ed3n \u0111i\u1ec7n b\u1eaft \u0111\u1ea7u nh\u1ea5p nh\u00e1y.<\/li>\n<li><strong>Xoay t\u1ee7 l\u1ea1nh\/t\u1ee7 \u0111\u00f4ng<\/strong> \u1edf nhi\u1ec7t \u0111\u1ed9 l\u1ea1nh nh\u1ea5t \u0111\u1ec3 b\u1ea3o qu\u1ea3n th\u1ef1c ph\u1ea9m trong th\u1eddi gian m\u1ea5t \u0111i\u1ec7n.<\/li>\n<li><strong>Tr\u00e1nh d\u00f9ng n\u1ebfn;<\/strong> thay v\u00e0o \u0111\u00f3 h\u00e3y s\u1eed d\u1ee5ng \u0111\u00e8n pin ho\u1eb7c \u0111\u00e8n pin ch\u1ea1y pin.<\/li>\n<li><strong>N\u1ebfu \u0111\u01b0\u1ee3c khuy\u00ean n\u00ean s\u01a1 t\u00e1n,<\/strong> leave early-roads will close quickly.<\/li>\n<li><strong>Gi\u1eef cho xe lu\u00f4n \u0111\u01b0\u1ee3c ti\u1ebfp nhi\u00ean li\u1ec7u<\/strong> v\u00e0 \u0111i\u1ec7n tho\u1ea1i \u0111\u00e3 \u0111\u01b0\u1ee3c s\u1ea1c.<\/li>\n<\/ul>\n\t\t\t\t<img decoding=\"async\" src=\"https:\/\/auw211.org\/wp-content\/uploads\/2023\/03\/shutterstock_141030979-scaled.jpg\" alt=\"Ph\u1ee5 n\u1eef,C\u00f3,T\u01b0 v\u1ea5n,Phi\u00ean h\u1ecdp\" itemprop=\"image\" height=\"1707\" width=\"2560\" title=\"Ph\u1ee5 n\u1eef,C\u00f3,T\u01b0 v\u1ea5n,Phi\u00ean h\u1ecdp\" onerror=\"this.style.display='none'\" loading=\"lazy\" \/>\n\t<h2>AUW 211 c\u00f3 th\u1ec3 cung c\u1ea5p nh\u1eefng g\u00ec?<\/h2>\nAloha United Way 211 k\u1ebft n\u1ed1i b\u1ea1n v\u1edbi c\u00e1c ngu\u1ed3n l\u1ef1c \u0111\u1ecba ph\u01b0\u01a1ng \u0111\u00e1ng tin c\u1eady trong v\u00e0 sau c\u01a1n b\u00e3o:\n<ul data-start=\"3418\" data-end=\"3814\">\n<li data-start=\"3418\" data-end=\"3465\">\n<strong data-start=\"3420\" data-end=\"3463\">Th\u00f4ng tin v\u1ec1 n\u01a1i tr\u00fa \u1ea9n v\u00e0 s\u01a1 t\u00e1n<\/strong>\n<\/li>\n<li data-start=\"3466\" data-end=\"3518\">\n<strong data-start=\"3468\" data-end=\"3516\">Th\u1ef1c ph\u1ea9m, n\u01b0\u1edbc u\u1ed1ng v\u00e0 h\u1ed7 tr\u1ee3 kh\u1ea9n c\u1ea5p<\/strong>\n<\/li>\n<li data-start=\"3519\" data-end=\"3570\">\n<strong data-start=\"3521\" data-end=\"3568\">T\u01b0 v\u1ea5n kh\u1ee7ng ho\u1ea3ng v\u00e0 h\u1ed7 tr\u1ee3 s\u1ee9c kh\u1ecfe t\u00e2m th\u1ea7n<\/strong>\n<\/li>\n<li data-start=\"3571\" data-end=\"3626\">\n<strong data-start=\"3573\" data-end=\"3624\">C\u00e1c ch\u01b0\u01a1ng tr\u00ecnh d\u1ecdn d\u1eb9p, s\u1eeda ch\u1eefa v\u00e0 ph\u1ee5c h\u1ed3i sau th\u1ea3m h\u1ecda<\/strong>\n<\/li>\n<li data-start=\"3627\" data-end=\"3708\">\n<strong data-start=\"3629\" data-end=\"3663\">Gi\u1edbi thi\u1ec7u h\u1ed7 tr\u1ee3 t\u00e0i ch\u00ednh<\/strong> cho c\u00e1c gia \u0111\u00ecnh b\u1ecb \u1ea3nh h\u01b0\u1edfng b\u1edfi thi\u1ec7t h\u1ea1i do \u0111\u1ed9ng \u0111\u1ea5t\n<\/li>\n<li data-start=\"3709\" data-end=\"3814\">\n<strong data-start=\"3711\" data-end=\"3758\">D\u1ecbch v\u1ee5 h\u1ed7 tr\u1ee3 ng\u00f4n ng\u1eef v\u00e0 tr\u1ee3 n\u0103ng<\/strong> d\u00e0nh cho ng\u01b0\u1eddi kh\u00f4ng n\u00f3i ti\u1ebfng Anh v\u00e0 ng\u01b0\u1eddi khuy\u1ebft t\u1eadt\n<\/li>\n<\/ul>\n<strong>G\u1ecdi 211<\/strong> ho\u1eb7c t\u00ecm ki\u1ebfm tr\u1ee3 gi\u00fap tr\u1ef1c tuy\u1ebfn, 7 ng\u00e0y m\u1ed9t tu\u1ea7n.\n\t\t\t<a href=\"tel:+211\" target=\"_self\">\n\t\t\t\t\t\tG\u1ecdi 211\n\t\t\t\t\t<\/a>\n\t\t\t<a href=\"https:\/\/search.auw211.org\/\" target=\"_blank\" rel=\"noopener\">\n\t\t\t\t\t\tT\u00ecm ki\u1ebfm tr\u1ef1c tuy\u1ebfn\n\t\t\t\t\t<\/a>\n\t<h2>T\u00f4i c\u00f3 th\u1ec3 gi\u00fap \u0111\u1ee1 h\u00e0ng x\u00f3m c\u1ee7a m\u00ecnh nh\u01b0 th\u1ebf n\u00e0o?<\/h2>\n\t<h3>Sau c\u01a1n b\u00e3o, qu\u00e1 tr\u00ecnh ph\u1ee5c h\u1ed3i c\u1ed9ng \u0111\u1ed3ng b\u1eaft \u0111\u1ea7u b\u1eb1ng s\u1ef1 h\u1ed7 tr\u1ee3 gi\u1eefa nh\u1eefng ng\u01b0\u1eddi h\u00e0ng x\u00f3m.<\/h3>\n<p><strong>Quan t\u00e2m \u0111\u1ebfn h\u00e0ng x\u00f3m, \u0111\u1eb7c bi\u1ec7t l\u00e0 nh\u1eefng ng\u01b0\u1eddi khuy\u1ebft t\u1eadt, nh\u1eefng gia \u0111\u00ecnh c\u00f3 tr\u1ebb s\u01a1 sinh.<\/strong><\/p>\n<ul>\n<li><strong>Chia s\u1ebb quy\u1ec1n l\u1ef1c<\/strong> (th\u00f4ng qua b\u1ed9 s\u1ea1c di \u0111\u1ed9ng) ho\u1eb7c th\u1ef1c ph\u1ea9m n\u1ebfu an to\u00e0n.<\/li>\n<li><strong>Gi\u00fap d\u1ecdn s\u1ea1ch m\u1ea3nh v\u1ee5n<\/strong> ch\u1ec9 ra kh\u1ecfi \u0111\u01b0\u1eddng l\u00e1i xe ho\u1eb7c l\u1ed1i \u0111i sau khi c\u00e1c quan ch\u1ee9c tuy\u00ean b\u1ed1 khu v\u1ef1c \u0111\u00f3 an to\u00e0n.<\/li>\n<li><strong>L\u00e0m t\u00ecnh nguy\u1ec7n th\u00f4ng qua c\u00e1c t\u1ed5 ch\u1ee9c \u0111\u01b0\u1ee3c th\u1ea9m \u0111\u1ecbnh<\/strong> \u0111\u1ec3 h\u1ed7 tr\u1ee3 c\u00e1c n\u1ed7 l\u1ef1c \u1ee9ng ph\u00f3 v\u00e0 ph\u1ee5c h\u1ed3i.<\/li>\n<li><strong>Tr\u00e1nh chia s\u1ebb tin \u0111\u1ed3n<\/strong>-only share verified updates from official agencies.<\/li>\n<\/ul>\n\t<h2>T\u00e0i nguy\u00ean nhanh<\/h2>\n<p>B\u1ea1n c\u1ea7n tr\u1ee3 gi\u00fap ngay b\u00e2y gi\u1edd? C\u00e1c ngu\u1ed3n l\u1ef1c ch\u00ednh th\u1ee9c n\u00e0y c\u00f3 th\u1ec3 k\u1ebft n\u1ed1i b\u1ea1n v\u1edbi c\u00e1c c\u1ea3nh b\u00e1o kh\u1ea9n c\u1ea5p, n\u01a1i tr\u00fa \u1ea9n v\u00e0 h\u1ed7 tr\u1ee3 t\u1ea1i khu v\u1ef1c c\u1ee7a b\u1ea1n.<\/p>\n<blockquote><strong>G\u1ecdi 911<\/strong> trong tr\u01b0\u1eddng h\u1ee3p kh\u1ea9n c\u1ea5p \u0111e d\u1ecda \u0111\u1ebfn t\u00ednh m\u1ea1ng.<br \/>\n<strong>Quay s\u1ed1 211<\/strong> \u0111\u1ec3 \u0111\u01b0\u1ee3c tr\u1ee3 gi\u00fap kh\u00f4ng kh\u1ea9n c\u1ea5p v\u00e0 c\u00e1c ngu\u1ed3n l\u1ef1c \u0111\u1ecba ph\u01b0\u01a1ng.<\/blockquote>\n\t<h3>C\u1ea3nh b\u00e1o v\u00e0 chu\u1ea9n b\u1ecb ch\u00ednh th\u1ee9c<\/h3>\n\t\t\t<a href=\"https:\/\/auw211.org\/vi\/ung-pho-khan-cap-tham-hoa\/#resources\" target=\"_blank\" rel=\"noopener\">\n\t\t\t\t\t\tT\u00e0i nguy\u00ean chung\n\t\t\t\t\t<\/a>","protected":false},"excerpt":{"rendered":"<p>B\u00e3o c\u00f3 th\u1ec3 g\u00e2y ra gi\u00f3 m\u1ea1nh, l\u0169 l\u1ee5t v\u00e0 m\u1ea5t \u0111i\u1ec7n tr\u00ean di\u1ec7n r\u1ed9ng. Ngay c\u1ea3 m\u1ed9t c\u01a1n b\u00e3o \u0111i qua c\u0169ng c\u00f3 th\u1ec3 d\u1eabn \u0111\u1ebfn l\u0169 l\u1ee5t, s\u00f3ng l\u1edbn nguy hi\u1ec3m v\u00e0 gi\u00e1n \u0111o\u1ea1n ho\u1ea1t \u0111\u1ed9ng l\u00e2u d\u00e0i. AUW 211 k\u1ebft n\u1ed1i c\u01b0 d\u00e2n Hawaii v\u1edbi c\u00e1c th\u00f4ng tin c\u1eadp nh\u1eadt theo th\u1eddi gian th\u1ef1c, th\u00f4ng tin v\u1ec1 n\u01a1i tr\u00fa \u1ea9n v\u00e0 c\u00e1c ngu\u1ed3n l\u1ef1c ph\u1ee5c h\u1ed3i tr\u01b0\u1edbc, trong v\u00e0 sau c\u01a1n b\u00e3o. N\u1ebfu b\u1ea1n \u0111ang g\u1eb7p nguy hi\u1ec3m tr\u01b0\u1edbc m\u1eaft, vui l\u00f2ng g\u1ecdi 911! Tin t\u1ee9c kh\u1ea9n c\u1ea5p Xem th\u00eam\u2026<\/p>","protected":false},"author":1,"featured_media":4054,"parent":3964,"menu_order":0,"comment_status":"closed","ping_status":"closed","template":"","meta":{"footnotes":""},"class_list":["post-3977","page","type-page","status-publish","has-post-thumbnail","hentry"],"_links":{"self":[{"href":"https:\/\/auw211.org\/vi\/wp-json\/wp\/v2\/pages\/3977","targetHints":{"allow":["GET"]}}],"collection":[{"href":"https:\/\/auw211.org\/vi\/wp-json\/wp\/v2\/pages"}],"about":[{"href":"https:\/\/auw211.org\/vi\/wp-json\/wp\/v2\/types\/page"}],"author":[{"embeddable":true,"href":"https:\/\/auw211.org\/vi\/wp-json\/wp\/v2\/users\/1"}],"replies":[{"embeddable":true,"href":"https:\/\/auw211.org\/vi\/wp-json\/wp\/v2\/comments?post=3977"}],"version-history":[{"count":14,"href":"https:\/\/auw211.org\/vi\/wp-json\/wp\/v2\/pages\/3977\/revisions"}],"predecessor-version":[{"id":4250,"href":"https:\/\/auw211.org\/vi\/wp-json\/wp\/v2\/pages\/3977\/revisions\/4250"}],"up":[{"embeddable":true,"href":"https:\/\/auw211.org\/vi\/wp-json\/wp\/v2\/pages\/3964"}],"wp:featuredmedia":[{"embeddable":true,"href":"https:\/\/auw211.org\/vi\/wp-json\/wp\/v2\/media\/4054"}],"wp:attachment":[{"href":"https:\/\/auw211.org\/vi\/wp-json\/wp\/v2\/media?parent=3977"}],"curies":[{"name":"wp","href":"https:\/\/api.w.org\/{rel}","templated":true}]}}