{"id":3975,"date":"2025-10-02T08:44:10","date_gmt":"2025-10-02T18:44:10","guid":{"rendered":"https:\/\/auw211.org\/?page_id=3975"},"modified":"2025-11-03T16:13:07","modified_gmt":"2025-11-04T02:13:07","slug":"flood","status":"publish","type":"page","link":"https:\/\/auw211.org\/vi\/ung-pho-khan-cap-tham-hoa\/lut\/","title":{"rendered":"L\u0169 l\u1ee5t | T\u00e0i nguy\u00ean kh\u1ea9n c\u1ea5p v\u00e0 thi\u00ean tai"},"content":{"rendered":"<h2>L\u0169 l\u1ee5t c\u00f3 th\u1ec3 x\u1ea3y ra \u0111\u1ed9t ng\u1ed9t sau nh\u1eefng tr\u1eadn m\u01b0a l\u1edbn, b\u00e3o nhi\u1ec7t \u0111\u1edbi ho\u1eb7c v\u1ee1 \u0111\u1eadp.<\/h2>\n<p>Ngay c\u1ea3 n\u01b0\u1edbc n\u00f4ng ho\u1eb7c ch\u1ea3y ch\u1eadm c\u0169ng c\u00f3 th\u1ec3 nguy hi\u1ec3m v\u00e0<strong> g\u00e2y thi\u1ec7t h\u1ea1i nghi\u00eam tr\u1ecdng cho nh\u00e0 c\u1eeda v\u00e0 \u0111\u01b0\u1eddng s\u00e1.<\/strong><\/p>\n<p>AUW 211 connects Hawai&#8217;i residents with real-time information, shelter locations, and recovery resources before, during, and after a flood.<\/p>\n\t\t\t\t<img decoding=\"async\" src=\"https:\/\/auw211.org\/wp-content\/uploads\/2025\/10\/flood.png\" alt=\"l\u1ee5t\" itemprop=\"image\" height=\"1200\" width=\"1200\" title=\"l\u1ee5t\" onerror=\"this.style.display='none'\" loading=\"lazy\" \/>\n\t<h3><strong>N\u1ebfu b\u1ea1n \u0111ang g\u1eb7p nguy hi\u1ec3m ngay l\u1eadp t\u1ee9c, vui l\u00f2ng g\u1ecdi 911!<\/strong><\/h3>\n<h2>\n\t\t\tTin t\u1ee9c kh\u1ea9n c\u1ea5p\t<\/h2>\n\t\t\t<a href=\"\/vi\/category\/disaster-response\/\" target=\"_self\">\n\t\t\t\t\t\tXem C\u1ea3nh b\u00e1o Tr\u01b0\u1edbc \u0111\u00f3\n\t\t\t\t\t<\/a>\n\t<h2>C\u1ed9ng \u0111\u1ed3ng b\u1ecb \u1ea3nh h\u01b0\u1edfng<\/h2>\n<p><strong>Floods can affect anyone in Hawai&#8217;i, but certain people and areas face greater risk:<\/strong><\/p>\n<ul>\n<li><strong>Ng\u01b0\u1eddi d\u00e2n \u1edf v\u00f9ng \u0111\u1ed3ng b\u1eb1ng ng\u1eadp l\u1ee5t<\/strong>, v\u00f9ng tr\u0169ng th\u1ea5p, g\u1ea7n su\u1ed1i, s\u00f4ng ho\u1eb7c h\u1ec7 th\u1ed1ng tho\u00e1t n\u01b0\u1edbc<\/li>\n<li><strong>C\u00e1c c\u1ed9ng \u0111\u1ed3ng g\u1ea7n \u0111\u1ecba h\u00ecnh d\u1ed1c<\/strong> n\u01a1i d\u00f2ng ch\u1ea3y c\u00f3 th\u1ec3 d\u00e2ng cao nhanh ch\u00f3ng<\/li>\n<li><strong>Nh\u00e0 x\u00e2y tr\u00ean \u0111\u1ea5t l\u1ea5p<\/strong>, ho\u1eb7c kh\u00f4ng c\u00f3 h\u1ec7 th\u1ed1ng tho\u00e1t n\u01b0\u1edbc ho\u1eb7c ph\u00e2n lo\u1ea1i th\u00edch h\u1ee3p<\/li>\n<li><strong>Nh\u1eefng ng\u01b0\u1eddi c\u00f3 kh\u1ea3 n\u0103ng di chuy\u1ec3n h\u1ea1n ch\u1ebf<\/strong>, older adults, infants, people with chronic illness, non-English speakers<\/li>\n<li><strong>Ng\u01b0\u1eddi d\u00e2n kh\u00f4ng c\u00f3 ph\u01b0\u01a1ng ti\u1ec7n \u0111i l\u1ea1i<\/strong> ho\u1eb7c ti\u1ebfp c\u1eadn c\u00e1c ngu\u1ed3n l\u1ef1c s\u01a1 t\u00e1n<\/li>\n<\/ul>\n\t\t\t\t<img decoding=\"async\" src=\"https:\/\/auw211.org\/wp-content\/uploads\/2025\/10\/pexels-valeriya-724656-scaled.jpg\" alt=\"pexels-valeriya-724656\" itemprop=\"image\" height=\"2560\" width=\"1707\" title=\"pexels-valeriya-724656\" onerror=\"this.style.display='none'\" loading=\"lazy\" \/>\n\t<h2>T\u00f4i c\u00f3 th\u1ec3 l\u00e0m g\u00ec \u0111\u1ec3 chu\u1ea9n b\u1ecb?<\/h2>\n<p><strong>S\u1ef1 chu\u1ea9n b\u1ecb c\u00f3 th\u1ec3 c\u1ee9u s\u1ed1ng con ng\u01b0\u1eddi.<\/strong> B\u1ea3o v\u1ec7 ng\u00f4i nh\u00e0 c\u1ee7a b\u1ea1n v\u00e0 c\u00f3 k\u1ebf ho\u1ea1ch tr\u01b0\u1edbc khi l\u0169 l\u1ee5t x\u1ea3y ra.<\/p>\n\t<ul>\n<li><strong>X\u00e2y d\u1ef1ng v\u00e0 duy tr\u00ec b\u1ed9 d\u1ee5ng c\u1ee5 kh\u1ea9n c\u1ea5p ph\u00f2ng ch\u1ed1ng l\u0169 l\u1ee5t<\/strong> (14 days of water, nonperishable food, meds, flashlight, batteries, radio) &#8211; HI-EMA recommends 14 days supply Department of Defense Hawaii<\/li>\n<li><strong>Understand your property&#8217;s flood risk<\/strong> (B\u1ea3n \u0111\u1ed3 l\u0169 l\u1ee5t c\u1ee7a FEMA, b\u1ea3n \u0111\u1ed3 qu\u1eadn \u0111\u1ecba ph\u01b0\u01a1ng)<\/li>\n<li><strong>N\u00e2ng cao h\u1ec7 th\u1ed1ng \u0111i\u1ec7n<\/strong>, ti\u1ec7n \u00edch v\u00e0 thi\u1ebft b\u1ecb v\u01b0\u1ee3t qu\u00e1 m\u1ee9c l\u0169 d\u1ef1 ki\u1ebfn<\/li>\n<li><strong>C\u1ea3nh quan c\u1ea5p \u0111\u1ed9<\/strong> \u0111\u1ec3 tho\u00e1t n\u01b0\u1edbc ra kh\u1ecfi c\u00e1c c\u00f4ng tr\u00ecnh; l\u1eafp \u0111\u1eb7t m\u00e1ng x\u1ed1i, \u1ed1ng tho\u00e1t n\u01b0\u1edbc v\u00e0 h\u1ec7 th\u1ed1ng tho\u00e1t n\u01b0\u1edbc ph\u00f9 h\u1ee3p<\/li>\n<li><strong>Ni\u00eam phong t\u01b0\u1eddng t\u1ea7ng h\u1ea7m<\/strong>, l\u1eafp \u0111\u1eb7t m\u00e1y b\u01a1m n\u01b0\u1edbc ng\u1ea7m c\u00f3 ngu\u1ed3n \u0111i\u1ec7n d\u1ef1 ph\u00f2ng (n\u1ebfu c\u00f3)<\/li>\n<li><strong>T\u1ea1o k\u1ebf ho\u1ea1ch kh\u1ea9n c\u1ea5p cho gia \u0111\u00ecnh<\/strong>: \u0111i\u1ec3m g\u1eb7p g\u1ee1, chi\u1ebfn l\u01b0\u1ee3c li\u00ean l\u1ea1c, tuy\u1ebfn \u0111\u01b0\u1eddng s\u01a1 t\u00e1n<\/li>\n<li><strong>\u0110\u0103ng k\u00fd h\u1ec7 th\u1ed1ng c\u1ea3nh b\u00e1o l\u0169 l\u1ee5t\/th\u1eddi ti\u1ebft c\u1ee7a qu\u1eadn v\u00e0 ti\u1ec3u bang<\/strong> (c\u1ea3nh b\u00e1o di \u0111\u1ed9ng, tin nh\u1eafn SMS, c\u00f2i b\u00e1o \u0111\u1ed9ng)<\/li>\n<li><strong>\u0110\u1ea3m b\u1ea3o b\u1ea3o hi\u1ec3m c\u1ee7a b\u1ea1n bao g\u1ed3m thi\u1ec7t h\u1ea1i do l\u0169 l\u1ee5t<\/strong> (standard homeowner policy often doesn&#8217;t)<\/li>\n<\/ul>\n\t\t\t\t<img decoding=\"async\" src=\"https:\/\/auw211.org\/wp-content\/uploads\/2025\/10\/pexels-roger-brown-3435524-5125690-scaled.jpg\" alt=\"pexels-roger-brown-3435524-5125690\" itemprop=\"image\" height=\"1920\" width=\"2560\" title=\"pexels-roger-brown-3435524-5125690\" onerror=\"this.style.display='none'\" loading=\"lazy\" \/>\n\t<h2>T\u00f4i c\u00f3 th\u1ec3 \u0111i \u0111\u00e2u?<\/h2>\n\t<ul>\n<li><strong>N\u01a1i tr\u00fa \u1ea9n l\u0169 l\u1ee5t \u0111\u01b0\u1ee3c ch\u1ec9 \u0111\u1ecbnh<\/strong> ho\u1eb7c n\u01a1i tr\u00fa \u1ea9n kh\u1ea9n c\u1ea5p \u1edf qu\u1eadn c\u1ee7a b\u1ea1n (ki\u1ec3m tra trang web ph\u00f2ng th\u1ee7 d\u00e2n s\u1ef1 c\u1ee7a qu\u1eadn)<\/li>\n<li><strong>V\u00f9ng \u0111\u1ea5t cao h\u01a1n ho\u1eb7c khu v\u1ef1c cao h\u01a1n<\/strong> b\u00ean ngo\u00e0i v\u00f9ng l\u0169 l\u1ee5t<\/li>\n<li><strong>N\u01a1i tr\u00fa \u1ea9n th\u00e2n thi\u1ec7n v\u1edbi v\u1eadt nu\u00f4i<\/strong> (if offered &#8211; confirm with county)<\/li>\n<li><strong>V\u1eadn chuy\u1ec3n kh\u1ea9n c\u1ea5p<\/strong> ho\u1eb7c d\u1ecbch v\u1ee5 \u0111\u01b0a \u0111\u00f3n \u0111\u01b0\u1ee3c cung c\u1ea5p trong qu\u00e1 tr\u00ecnh s\u01a1 t\u00e1n<\/li>\n<li><strong>G\u1ecdi 211<\/strong> (xem b\u00ean d\u01b0\u1edbi) \u0111\u1ec3 t\u00ecm n\u01a1i tr\u00fa \u1ea9n g\u1ea7n nh\u1ea5t ho\u1eb7c v\u1ecb tr\u00ed an to\u00e0n<\/li>\n<\/ul>\n\t<p><strong>N\u1ebfu b\u1ecb k\u1eb9t trong l\u0169 l\u1ee5t<\/strong><\/p>\n<ul>\n<li><strong>Kh\u00f4ng \u0111i b\u1ed9, b\u01a1i ho\u1eb7c l\u00e1i xe qua v\u00f9ng n\u01b0\u1edbc \u0111ang ch\u1ea3y<\/strong> (ngay c\u1ea3 d\u00f2ng n\u01b0\u1edbc ch\u1ea3y n\u00f4ng c\u0169ng c\u00f3 th\u1ec3 khi\u1ebfn b\u1ea1n ng\u00e3)<\/li>\n<li><strong>\u1ede tr\u00ean v\u00f9ng \u0111\u1ea5t cao h\u01a1n<\/strong> ho\u1eb7c tr\u00ean m\u00e1i nh\u00e0 n\u1ebfu b\u1ecb bu\u1ed9c ph\u1ea3i l\u00e0m v\u1eady v\u00e0 g\u1ecdi c\u1ee9u h\u1ed9 n\u1ebfu c\u1ea7n<\/li>\n<li><strong>Tr\u00e1nh ti\u1ebfp x\u00fac v\u1edbi n\u01b0\u1edbc l\u0169<\/strong>: n\u00f3 c\u00f3 th\u1ec3 ch\u1ee9a n\u01b0\u1edbc th\u1ea3i, h\u00f3a ch\u1ea5t, m\u1ea3nh v\u1ee5n<\/li>\n<li><strong>Tu\u00e2n th\u1ee7 l\u1ec7nh s\u01a1 t\u00e1n ch\u00ednh th\u1ee9c<\/strong> ngay l\u1eadp t\u1ee9c<\/li>\n<li><strong>Kh\u00f4ng quay tr\u1edf l\u1ea1i<\/strong> until authorities say it&#8217;s safe<\/li>\n<\/ul>\n\t\t\t\t<img decoding=\"async\" src=\"https:\/\/auw211.org\/wp-content\/uploads\/2023\/03\/shutterstock_141030979-scaled.jpg\" alt=\"Ph\u1ee5 n\u1eef,C\u00f3,T\u01b0 v\u1ea5n,Phi\u00ean h\u1ecdp\" itemprop=\"image\" height=\"1707\" width=\"2560\" title=\"Ph\u1ee5 n\u1eef,C\u00f3,T\u01b0 v\u1ea5n,Phi\u00ean h\u1ecdp\" onerror=\"this.style.display='none'\" loading=\"lazy\" \/>\n\t<h2>AUW 211 c\u00f3 th\u1ec3 cung c\u1ea5p nh\u1eefng g\u00ec?<\/h2>\n<p><strong>Aloha United Way 211 k\u1ebft n\u1ed1i b\u1ea1n v\u1edbi c\u00e1c ngu\u1ed3n l\u1ef1c \u0111\u1ecba ph\u01b0\u01a1ng \u0111\u00e1ng tin c\u1eady trong v\u00e0 sau l\u0169 l\u1ee5t:<\/strong><\/p>\n<ul>\n<li><strong>Th\u00f4ng tin v\u1ec1 n\u01a1i tr\u00fa \u1ea9n v\u00e0 s\u01a1 t\u00e1n<\/strong><\/li>\n<li><strong>Th\u1ef1c ph\u1ea9m, n\u01b0\u1edbc u\u1ed1ng v\u00e0 h\u1ed7 tr\u1ee3 kh\u1ea9n c\u1ea5p<\/strong><\/li>\n<li><strong>T\u01b0 v\u1ea5n kh\u1ee7ng ho\u1ea3ng v\u00e0 h\u1ed7 tr\u1ee3 s\u1ee9c kh\u1ecfe t\u00e2m th\u1ea7n<\/strong><\/li>\n<li><strong>C\u00e1c ch\u01b0\u01a1ng tr\u00ecnh d\u1ecdn d\u1eb9p, s\u1eeda ch\u1eefa v\u00e0 ph\u1ee5c h\u1ed3i sau th\u1ea3m h\u1ecda<\/strong><\/li>\n<li><strong>Gi\u1edbi thi\u1ec7u h\u1ed7 tr\u1ee3 t\u00e0i ch\u00ednh cho c\u00e1c gia \u0111\u00ecnh b\u1ecb \u1ea3nh h\u01b0\u1edfng b\u1edfi thi\u1ec7t h\u1ea1i do l\u0169 l\u1ee5t<\/strong><\/li>\n<li><strong>D\u1ecbch v\u1ee5 h\u1ed7 tr\u1ee3 ng\u00f4n ng\u1eef v\u00e0 tr\u1ee3 n\u0103ng cho ng\u01b0\u1eddi kh\u00f4ng n\u00f3i ti\u1ebfng Anh v\u00e0 ng\u01b0\u1eddi khuy\u1ebft t\u1eadt<\/strong><\/li>\n<\/ul>\n<p><strong>G\u1ecdi 211<\/strong> ho\u1eb7c t\u00ecm ki\u1ebfm tr\u1ee3 gi\u00fap tr\u1ef1c tuy\u1ebfn, 7 ng\u00e0y m\u1ed9t tu\u1ea7n.<\/p>\n\t\t\t<a href=\"tel:+211\" target=\"_self\">\n\t\t\t\t\t\tG\u1ecdi 211\n\t\t\t\t\t<\/a>\n\t\t\t<a href=\"https:\/\/search.auw211.org\/\" target=\"_blank\" rel=\"noopener\">\n\t\t\t\t\t\tT\u00ecm ki\u1ebfm tr\u1ef1c tuy\u1ebfn\n\t\t\t\t\t<\/a>\n\t<h2>T\u00f4i c\u00f3 th\u1ec3 gi\u00fap \u0111\u1ee1 h\u00e0ng x\u00f3m c\u1ee7a m\u00ecnh nh\u01b0 th\u1ebf n\u00e0o?<\/h2>\n\t<p><strong>L\u0169 l\u1ee5t s\u1ebd d\u1ec5 kh\u1eafc ph\u1ee5c h\u01a1n khi ch\u00fang ta c\u00f9ng chung tay h\u00e0nh \u0111\u1ed9ng.<\/strong><\/p>\n<ul>\n<li><strong>Ki\u1ec3m tra kupuna,<\/strong> h\u00e0ng x\u00f3m khuy\u1ebft t\u1eadt ho\u1eb7c gia \u0111\u00ecnh c\u00f3 tr\u1ebb nh\u1ecf.<\/li>\n<li><strong>Chia s\u1ebb th\u00f4ng tin ch\u00ednh x\u00e1c<\/strong> from official channels &#8211; avoid spreading rumors.<\/li>\n<li><strong>Cung c\u1ea5p th\u1ef1c ph\u1ea9m,<\/strong> n\u01b0\u1edbc ho\u1eb7c tr\u1ea1m s\u1ea1c n\u1ebfu c\u00f3 \u0111i\u1ec7n.<\/li>\n<li><strong>Donate to Aloha United Way&#8217;s Disaster Relief Fund<\/strong> ho\u1eb7c c\u00e1c t\u1ed5 ch\u1ee9c t\u1eeb thi\u1ec7n \u0111\u00e1ng tin c\u1eady t\u1ea1i \u0111\u1ecba ph\u01b0\u01a1ng.<\/li>\n<li><strong>T\u00ecnh nguy\u1ec7n vi\u00ean<\/strong> with community cleanup or recovery efforts when it&#8217;s safe to do so.<\/li>\n<\/ul>\n\t<h2>T\u00e0i nguy\u00ean nhanh<\/h2>\n<p>B\u1ea1n c\u1ea7n tr\u1ee3 gi\u00fap ngay b\u00e2y gi\u1edd? C\u00e1c ngu\u1ed3n l\u1ef1c ch\u00ednh th\u1ee9c n\u00e0y c\u00f3 th\u1ec3 k\u1ebft n\u1ed1i b\u1ea1n v\u1edbi c\u00e1c c\u1ea3nh b\u00e1o kh\u1ea9n c\u1ea5p, n\u01a1i tr\u00fa \u1ea9n v\u00e0 h\u1ed7 tr\u1ee3 t\u1ea1i khu v\u1ef1c c\u1ee7a b\u1ea1n.<\/p>\n<blockquote><strong>G\u1ecdi 911<\/strong> trong tr\u01b0\u1eddng h\u1ee3p kh\u1ea9n c\u1ea5p \u0111e d\u1ecda \u0111\u1ebfn t\u00ednh m\u1ea1ng.<br \/>\n<strong>Quay s\u1ed1 211<\/strong> \u0111\u1ec3 \u0111\u01b0\u1ee3c tr\u1ee3 gi\u00fap kh\u00f4ng kh\u1ea9n c\u1ea5p v\u00e0 c\u00e1c ngu\u1ed3n l\u1ef1c \u0111\u1ecba ph\u01b0\u01a1ng.<\/blockquote>\n\t<h3>C\u1ea3nh b\u00e1o v\u00e0 chu\u1ea9n b\u1ecb ch\u00ednh th\u1ee9c<\/h3>\n\t\t\t<a href=\"https:\/\/auw211.org\/vi\/ung-pho-khan-cap-tham-hoa\/#resources\" target=\"_blank\" rel=\"noopener\">\n\t\t\t\t\t\tT\u00e0i nguy\u00ean chung\n\t\t\t\t\t<\/a>","protected":false},"excerpt":{"rendered":"<p>L\u0169 l\u1ee5t c\u00f3 th\u1ec3 x\u1ea3y ra \u0111\u1ed9t ng\u1ed9t sau m\u01b0a l\u1edbn, b\u00e3o nhi\u1ec7t \u0111\u1edbi ho\u1eb7c v\u1ee1 \u0111\u1eadp. Ngay c\u1ea3 n\u01b0\u1edbc n\u00f4ng ho\u1eb7c ch\u1ea3y ch\u1eadm c\u0169ng c\u00f3 th\u1ec3 nguy hi\u1ec3m v\u00e0 g\u00e2y thi\u1ec7t h\u1ea1i nghi\u00eam tr\u1ecdng cho nh\u00e0 c\u1eeda v\u00e0 \u0111\u01b0\u1eddng s\u00e1. AUW 211 k\u1ebft n\u1ed1i c\u01b0 d\u00e2n Hawaii v\u1edbi th\u00f4ng tin th\u1eddi gian th\u1ef1c, v\u1ecb tr\u00ed n\u01a1i tr\u00fa \u1ea9n v\u00e0 c\u00e1c ngu\u1ed3n l\u1ef1c ph\u1ee5c h\u1ed3i tr\u01b0\u1edbc, trong v\u00e0 sau l\u0169 l\u1ee5t. N\u1ebfu b\u1ea1n \u0111ang g\u1eb7p nguy hi\u1ec3m tr\u01b0\u1edbc m\u1eaft, vui l\u00f2ng g\u1ecdi\u2026<\/p>","protected":false},"author":1,"featured_media":4014,"parent":3964,"menu_order":0,"comment_status":"closed","ping_status":"closed","template":"","meta":{"footnotes":""},"class_list":["post-3975","page","type-page","status-publish","has-post-thumbnail","hentry"],"_links":{"self":[{"href":"https:\/\/auw211.org\/vi\/wp-json\/wp\/v2\/pages\/3975","targetHints":{"allow":["GET"]}}],"collection":[{"href":"https:\/\/auw211.org\/vi\/wp-json\/wp\/v2\/pages"}],"about":[{"href":"https:\/\/auw211.org\/vi\/wp-json\/wp\/v2\/types\/page"}],"author":[{"embeddable":true,"href":"https:\/\/auw211.org\/vi\/wp-json\/wp\/v2\/users\/1"}],"replies":[{"embeddable":true,"href":"https:\/\/auw211.org\/vi\/wp-json\/wp\/v2\/comments?post=3975"}],"version-history":[{"count":18,"href":"https:\/\/auw211.org\/vi\/wp-json\/wp\/v2\/pages\/3975\/revisions"}],"predecessor-version":[{"id":4251,"href":"https:\/\/auw211.org\/vi\/wp-json\/wp\/v2\/pages\/3975\/revisions\/4251"}],"up":[{"embeddable":true,"href":"https:\/\/auw211.org\/vi\/wp-json\/wp\/v2\/pages\/3964"}],"wp:featuredmedia":[{"embeddable":true,"href":"https:\/\/auw211.org\/vi\/wp-json\/wp\/v2\/media\/4014"}],"wp:attachment":[{"href":"https:\/\/auw211.org\/vi\/wp-json\/wp\/v2\/media?parent=3975"}],"curies":[{"name":"wp","href":"https:\/\/api.w.org\/{rel}","templated":true}]}}