{"id":3971,"date":"2025-10-02T08:44:21","date_gmt":"2025-10-02T18:44:21","guid":{"rendered":"https:\/\/auw211.org\/?page_id=3971"},"modified":"2025-11-03T16:17:23","modified_gmt":"2025-11-04T02:17:23","slug":"volcano","status":"publish","type":"page","link":"https:\/\/auw211.org\/vi\/ung-pho-khan-cap-tham-hoa\/nui-lua\/","title":{"rendered":"N\u00fai l\u1eeda | T\u00e0i nguy\u00ean kh\u1ea9n c\u1ea5p v\u00e0 thi\u00ean tai"},"content":{"rendered":"<h2>N\u00fai l\u1eeda phun tr\u00e0o c\u00f3 th\u1ec3 x\u1ea3y ra \u0111\u1ed9t ng\u1ed9t ho\u1eb7c t\u00edch t\u1ee5 theo th\u1eddi gian, gi\u1ea3i ph\u00f3ng dung nham, tro b\u1ee5i v\u00e0 kh\u00ed \u0111\u1ed9c.<\/h2>\n<p>H\u1ecd c\u00f3 th\u1ec3 ph\u00e1 h\u1ee7y t\u00e0i s\u1ea3n,<strong> g\u00e2y gi\u00e1n \u0111o\u1ea1n giao th\u00f4ng \u0111\u01b0\u1eddng b\u1ed9 v\u00e0 \u0111\u01b0\u1eddng h\u00e0ng kh\u00f4ng, \u0111\u1ed3ng th\u1eddi g\u00e2y ra nh\u1eefng r\u1ee7i ro nghi\u00eam tr\u1ecdng cho s\u1ee9c kh\u1ecfe do tro b\u1ee5i v\u00e0 ch\u1ea5t l\u01b0\u1ee3ng kh\u00f4ng kh\u00ed k\u00e9m.<\/strong><\/p>\n<p>AUW 211 connects Hawai&#8217;i residents with evacuation updates, shelter locations, and recovery resources before, during, and after an eruption.<\/p>\n\t\t\t\t<img decoding=\"async\" src=\"https:\/\/auw211.org\/wp-content\/uploads\/2025\/10\/volcano.png\" alt=\"n\u00fai l\u1eeda\" itemprop=\"image\" height=\"1200\" width=\"1200\" title=\"n\u00fai l\u1eeda\" onerror=\"this.style.display='none'\" loading=\"lazy\" \/>\n\t<h3><strong>N\u1ebfu b\u1ea1n \u0111ang g\u1eb7p nguy hi\u1ec3m ngay l\u1eadp t\u1ee9c, vui l\u00f2ng g\u1ecdi 911!<\/strong><\/h3>\n<h2>\n\t\t\tTin t\u1ee9c kh\u1ea9n c\u1ea5p\t<\/h2>\n\t\t\t<a href=\"\/vi\/category\/211-answers\/\" target=\"_self\">\n\t\t\t\t\t\tXem th\u00eam\n\t\t\t\t\t<\/a>\n\t<h2>C\u1ed9ng \u0111\u1ed3ng b\u1ecb \u1ea3nh h\u01b0\u1edfng<\/h2>\n<p>Nguy c\u01a1 n\u00fai l\u1eeda c\u00f3 th\u1ec3 \u1ea3nh h\u01b0\u1edfng \u0111\u1ebfn nh\u1eefng c\u1ed9ng \u0111\u1ed3ng c\u00e1ch xa \u0111\u1ecba \u0111i\u1ec3m phun tr\u00e0o nhi\u1ec1u d\u1eb7m. <strong>The risk isn&#8217;t only from lava &#8211; ash, gas, and earthquakes often accompany volcanic activity.<\/strong><\/p>\n<p><strong>Nh\u1eefng ng\u01b0\u1eddi b\u1ecb \u1ea3nh h\u01b0\u1edfng nhi\u1ec1u nh\u1ea5t bao g\u1ed3m:<\/strong><\/p>\n<ul>\n<li><strong>Ng\u01b0\u1eddi d\u00e2n s\u1ed1ng g\u1ea7n c\u00e1c v\u00f9ng n\u1ee9t g\u00e3y \u0111ang ho\u1ea1t \u0111\u1ed9ng<\/strong> <strong>ho\u1eb7c \u0111\u01b0\u1eddng \u0111i c\u1ee7a d\u00f2ng dung nham,<\/strong> especially in East Hawai&#8217;i Island (Puna, Ka&#8217;\u016b, and surrounding areas)<\/li>\n<li><strong>Nh\u1eefng ng\u01b0\u1eddi b\u1ecb hen suy\u1ec5n, c\u00e1c v\u1ea5n \u0111\u1ec1 v\u1ec1 h\u00f4 h\u1ea5p ho\u1eb7c b\u1ec7nh tim<\/strong>, nh\u1ea1y c\u1ea3m v\u1edbi kh\u00ed n\u00fai l\u1eeda (vog) v\u00e0 tro<\/li>\n<li><strong>N\u00f4ng d\u00e2n, c\u00f4ng nh\u00e2n ngo\u00e0i tr\u1eddi v\u00e0 ng\u01b0\u1eddi \u1ee9ng c\u1ee9u \u0111\u1ea7u ti\u00ean<\/strong> ti\u1ebfp x\u00fac v\u1edbi tro b\u1ee5i ho\u1eb7c \u00f4 nhi\u1ec5m kh\u00f4ng kh\u00ed<\/li>\n<li><strong>C\u00e1c c\u1ed9ng \u0111\u1ed3ng xu\u00f4i gi\u00f3<\/strong> t\u1eeb c\u00e1c l\u1ed7 th\u00f4ng h\u01a1i n\u00fai l\u1eeda ho\u1eb7c c\u00e1c c\u1ed9t kh\u00ed<\/li>\n<li><strong>Ng\u01b0\u1eddi d\u00e2n kh\u00f4ng c\u00f3 ph\u01b0\u01a1ng ti\u1ec7n \u0111i l\u1ea1i \u0111\u00e1ng tin c\u1eady<\/strong> nh\u1eefng ng\u01b0\u1eddi c\u00f3 th\u1ec3 c\u1ea7n gi\u00fap \u0111\u1ee1 s\u01a1 t\u00e1n nhanh ch\u00f3ng<\/li>\n<\/ul>\n\t\t\t\t<img decoding=\"async\" src=\"https:\/\/auw211.org\/wp-content\/uploads\/2025\/10\/pexels-jess-vide-4785007-scaled.jpg\" alt=\"pexels-jess-vide-4785007\" itemprop=\"image\" height=\"1706\" width=\"2560\" title=\"pexels-jess-vide-4785007\" onerror=\"this.style.display='none'\" loading=\"lazy\" \/>\n\t<h2>T\u00f4i c\u00f3 th\u1ec3 \u0111i \u0111\u00e2u?<\/h2>\n<p>N\u1ebfu b\u1ea1n \u0111ang g\u1eb7p nguy hi\u1ec3m ngay l\u1eadp t\u1ee9c, <strong data-start=\"1326\" data-end=\"1338\">g\u1ecdi 911<\/strong>.<br data-start=\"1339\" data-end=\"1342\" \/>If you&#8217;re safe but need non-emergency help, <strong data-start=\"1386\" data-end=\"1398\">g\u1ecdi 211<\/strong> cho c\u00e1c ngu\u1ed3n l\u1ef1c \u0111\u1ecba ph\u01b0\u01a1ng.<\/p>\n\t<h3><strong>C\u00e1c \u0111\u1ecba \u0111i\u1ec3m an to\u00e0n bao g\u1ed3m:<\/strong><\/h3>\n<ul>\n<li><strong>Ph\u00f2ng th\u1ee7 d\u00e2n s\u1ef1 ch\u00ednh th\u1ee9c c\u1ee7a Qu\u1eadn<\/strong> n\u01a1i tr\u00fa \u1ea9n s\u01a1 t\u00e1n<\/li>\n<li><strong>Trung t\u00e2m c\u1ed9ng \u0111\u1ed3ng<\/strong> ho\u1eb7c tr\u01b0\u1eddng h\u1ecdc b\u00ean ngo\u00e0i khu v\u1ef1c nguy hi\u1ec3m<\/li>\n<li><strong>Nh\u00e0 b\u1ea1n b\u00e8 ho\u1eb7c gia \u0111\u00ecnh<\/strong> \u1edf nh\u1eefng khu v\u1ef1c kh\u00f4ng b\u1ecb \u1ea3nh h\u01b0\u1edfng<\/li>\n<li><strong>N\u01a1i tr\u00fa \u1ea9n th\u00e2n thi\u1ec7n v\u1edbi v\u1eadt nu\u00f4i,<\/strong> where available &#8211; confirm through your county&#8217;s emergency management office<\/li>\n<\/ul>\n\t<p><strong>N\u1ebfu ch\u00ednh quy\u1ec1n ban h\u00e0nh l\u1ec7nh s\u01a1 t\u00e1n, h\u00e3y r\u1eddi \u0111i ngay l\u1eadp t\u1ee9c \u0111\u1ebfn n\u01a1i tr\u00fa \u1ea9n \u0111\u01b0\u1ee3c ch\u1ec9 \u0111\u1ecbnh ho\u1eb7c khu v\u1ef1c an to\u00e0n b\u00ean ngo\u00e0i khu v\u1ef1c b\u1ecb \u1ea3nh h\u01b0\u1edfng.<\/strong><\/p>\n<p>&nbsp;<\/p>\n\t<h2>T\u00f4i c\u00f3 th\u1ec3 l\u00e0m g\u00ec \u0111\u1ec3 chu\u1ea9n b\u1ecb?<\/h2>\n<strong>S\u1ef1 chu\u1ea9n b\u1ecb c\u00f3 th\u1ec3 c\u1ee9u s\u1ed1ng con ng\u01b0\u1eddi.<\/strong> B\u1ea3o v\u1ec7 ng\u00f4i nh\u00e0 c\u1ee7a b\u1ea1n v\u00e0 c\u00f3 k\u1ebf ho\u1ea1ch tr\u01b0\u1edbc khi s\u1ef1 ki\u1ec7n n\u00fai l\u1eeda x\u1ea3y ra.\n\t\t\t\t<img decoding=\"async\" src=\"https:\/\/auw211.org\/wp-content\/uploads\/2025\/10\/pexels-tim-samuel-5834972-scaled.jpg\" alt=\"pexels-tim-samuel-5834972\" itemprop=\"image\" height=\"1707\" width=\"2560\" title=\"pexels-tim-samuel-5834972\" onerror=\"this.style.display='none'\" loading=\"lazy\" \/>\n\t<p><strong>Preparation is key &#8211; volcanic hazards can last weeks or months.<\/strong><\/p>\n<ul>\n<li><strong>Chu\u1ea9n b\u1ecb s\u1eb5n b\u1ed9 d\u1ee5ng c\u1ee5 kh\u1ea9n c\u1ea5p 14 ng\u00e0y<\/strong> (n\u01b0\u1edbc, th\u1ee9c \u0103n, thu\u1ed1c men, \u0111\u00e8n pin, m\u1eb7t n\u1ea1, k\u00ednh b\u1ea3o h\u1ed9, radio)<\/li>\n<li><strong>Bi\u1ebft c\u00e1c tuy\u1ebfn \u0111\u01b0\u1eddng s\u01a1 t\u00e1n c\u1ee7a b\u1ea1n<\/strong> v\u00e0 c\u00e1c khu v\u1ef1c an to\u00e0n tr\u01b0\u1edbc th\u1eddi h\u1ea1n<\/li>\n<li><strong>B\u1ea3o v\u1ec7 kh\u00f4ng kh\u00ed trong nh\u00e0:<\/strong> \u0111\u00f3ng c\u1eeda s\u1ed5, b\u1ecbt k\u00edn c\u00e1c khe h\u1edf v\u00e0 s\u1eed d\u1ee5ng m\u00e1y l\u1ecdc kh\u00f4ng kh\u00ed ho\u1eb7c kh\u0103n \u1ea9m tr\u00ean c\u00e1c l\u1ed7 th\u00f4ng h\u01a1i<\/li>\n<li><strong>\u0110eo kh\u1ea9u trang N95<\/strong> ho\u1eb7c v\u1ea3i che ph\u1ee7 \u0111\u1ec3 gi\u1ea3m h\u00edt ph\u1ea3i tro b\u1ee5i<\/li>\n<li><strong>Gi\u1eef cho xe c\u1ee7a b\u1ea1n \u0111\u01b0\u1ee3c ti\u1ebfp nhi\u00ean li\u1ec7u<\/strong> v\u00e0 s\u1eb5n s\u00e0ng cho vi\u1ec7c s\u01a1 t\u00e1n<\/li>\n<li><strong>Theo d\u00f5i c\u1eadp nh\u1eadt<\/strong> from Hawaiian Volcano Observatory (USGS) and Hawai&#8217;i County Civil Defense<\/li>\n<li><strong>Chu\u1ea9n b\u1ecb v\u1eadt nu\u00f4i v\u00e0 gia s\u00fac<\/strong> &#8211; know where they can go if you need to leave quickly<\/li>\n<li><strong>Xem l\u1ea1i h\u1ee3p \u0111\u1ed3ng b\u1ea3o hi\u1ec3m c\u1ee7a b\u1ea1n<\/strong> \u0111\u1ec3 b\u1ea3o hi\u1ec3m thi\u1ec7t h\u1ea1i do dung nham v\u00e0 n\u00fai l\u1eeda<\/li>\n<\/ul>\n\t\t\t\t<img decoding=\"async\" src=\"https:\/\/auw211.org\/wp-content\/uploads\/2023\/03\/shutterstock_141030979-scaled.jpg\" alt=\"Ph\u1ee5 n\u1eef,C\u00f3,T\u01b0 v\u1ea5n,Phi\u00ean h\u1ecdp\" itemprop=\"image\" height=\"1707\" width=\"2560\" title=\"Ph\u1ee5 n\u1eef,C\u00f3,T\u01b0 v\u1ea5n,Phi\u00ean h\u1ecdp\" onerror=\"this.style.display='none'\" loading=\"lazy\" \/>\n\t<h2>AUW 211 c\u00f3 th\u1ec3 cung c\u1ea5p nh\u1eefng g\u00ec?<\/h2>\nAloha United Way 211 k\u1ebft n\u1ed1i b\u1ea1n v\u1edbi c\u00e1c ngu\u1ed3n l\u1ef1c \u0111\u1ecba ph\u01b0\u01a1ng \u0111\u00e1ng tin c\u1eady trong v\u00e0 sau S\u1ef1 ki\u1ec7n n\u00fai l\u1eeda:\n<ul data-start=\"3418\" data-end=\"3814\">\n<li data-start=\"3418\" data-end=\"3465\">\n<strong data-start=\"3420\" data-end=\"3463\">Th\u00f4ng tin v\u1ec1 n\u01a1i tr\u00fa \u1ea9n v\u00e0 s\u01a1 t\u00e1n<\/strong>\n<\/li>\n<li data-start=\"3466\" data-end=\"3518\">\n<strong data-start=\"3468\" data-end=\"3516\">Th\u1ef1c ph\u1ea9m, n\u01b0\u1edbc u\u1ed1ng v\u00e0 h\u1ed7 tr\u1ee3 kh\u1ea9n c\u1ea5p<\/strong>\n<\/li>\n<li data-start=\"3519\" data-end=\"3570\">\n<strong data-start=\"3521\" data-end=\"3568\">T\u01b0 v\u1ea5n kh\u1ee7ng ho\u1ea3ng v\u00e0 h\u1ed7 tr\u1ee3 s\u1ee9c kh\u1ecfe t\u00e2m th\u1ea7n<\/strong>\n<\/li>\n<li data-start=\"3571\" data-end=\"3626\">\n<strong data-start=\"3573\" data-end=\"3624\">C\u00e1c ch\u01b0\u01a1ng tr\u00ecnh d\u1ecdn d\u1eb9p, s\u1eeda ch\u1eefa v\u00e0 ph\u1ee5c h\u1ed3i sau th\u1ea3m h\u1ecda<\/strong>\n<\/li>\n<li data-start=\"3627\" data-end=\"3708\">\n<strong data-start=\"3629\" data-end=\"3663\">Gi\u1edbi thi\u1ec7u h\u1ed7 tr\u1ee3 t\u00e0i ch\u00ednh<\/strong> cho c\u00e1c gia \u0111\u00ecnh b\u1ecb \u1ea3nh h\u01b0\u1edfng b\u1edfi thi\u1ec7t h\u1ea1i do \u0111\u1ed9ng \u0111\u1ea5t\n<\/li>\n<li data-start=\"3709\" data-end=\"3814\">\n<strong data-start=\"3711\" data-end=\"3758\">D\u1ecbch v\u1ee5 h\u1ed7 tr\u1ee3 ng\u00f4n ng\u1eef v\u00e0 tr\u1ee3 n\u0103ng<\/strong> d\u00e0nh cho ng\u01b0\u1eddi kh\u00f4ng n\u00f3i ti\u1ebfng Anh v\u00e0 ng\u01b0\u1eddi khuy\u1ebft t\u1eadt\n<\/li>\n<\/ul>\n<strong>G\u1ecdi 211<\/strong> ho\u1eb7c t\u00ecm ki\u1ebfm tr\u1ee3 gi\u00fap tr\u1ef1c tuy\u1ebfn, 7 ng\u00e0y m\u1ed9t tu\u1ea7n.\n\t\t\t<a href=\"tel:+211\" target=\"_self\">\n\t\t\t\t\t\tG\u1ecdi 211\n\t\t\t\t\t<\/a>\n\t\t\t<a href=\"https:\/\/search.auw211.org\/\" target=\"_blank\" rel=\"noopener\">\n\t\t\t\t\t\tT\u00ecm ki\u1ebfm tr\u1ef1c tuy\u1ebfn\n\t\t\t\t\t<\/a>\n\t<h2>T\u00f4i c\u00f3 th\u1ec3 gi\u00fap \u0111\u1ee1 h\u00e0ng x\u00f3m c\u1ee7a m\u00ecnh nh\u01b0 th\u1ebf n\u00e0o?<\/h2>\n\t<p><strong>Volcanic events can isolate communities and strain resources &#8211; helping one another makes recovery faster and safer.<\/strong><\/p>\n<ul>\n<li><strong>Ki\u1ec3m tra kupuna<\/strong>, gia \u0111\u00ecnh c\u00f3 tr\u1ebb nh\u1ecf ho\u1eb7c nh\u1eefng ng\u01b0\u1eddi c\u00f3 v\u1ea5n \u0111\u1ec1 v\u1ec1 s\u1ee9c kh\u1ecfe<\/li>\n<li><strong>Cung c\u1ea5p ch\u1ed7 \u0111i nh\u1edd xe ho\u1eb7c n\u01a1i tr\u00fa \u1ea9n t\u1ea1m th\u1eddi<\/strong> if it&#8217;s safe to do so<\/li>\n<li><strong>Chia s\u1ebb th\u00f4ng tin c\u1eadp nh\u1eadt ch\u00ednh x\u00e1c<\/strong> from official agencies &#8211; not social media rumors<\/li>\n<li><strong>Donate to Aloha United Way&#8217;s Disaster Relief Fund<\/strong> ho\u1eb7c c\u00e1c t\u1ed5 ch\u1ee9c \u0111\u1ecba ph\u01b0\u01a1ng \u0111\u00e1ng tin c\u1eady<\/li>\n<li><strong>T\u00ecnh nguy\u1ec7n vi\u00ean<\/strong> with Hawai&#8217;i VOAD once authorities confirm it&#8217;s safe to assist<\/li>\n<\/ul>\n\t<h2>T\u00e0i nguy\u00ean nhanh<\/h2>\n<p>B\u1ea1n c\u1ea7n tr\u1ee3 gi\u00fap ngay b\u00e2y gi\u1edd? C\u00e1c ngu\u1ed3n l\u1ef1c ch\u00ednh th\u1ee9c n\u00e0y c\u00f3 th\u1ec3 k\u1ebft n\u1ed1i b\u1ea1n v\u1edbi c\u00e1c c\u1ea3nh b\u00e1o kh\u1ea9n c\u1ea5p, n\u01a1i tr\u00fa \u1ea9n v\u00e0 h\u1ed7 tr\u1ee3 t\u1ea1i khu v\u1ef1c c\u1ee7a b\u1ea1n.<\/p>\n<blockquote><strong>G\u1ecdi 911<\/strong> trong tr\u01b0\u1eddng h\u1ee3p kh\u1ea9n c\u1ea5p \u0111e d\u1ecda \u0111\u1ebfn t\u00ednh m\u1ea1ng.<br \/>\n<strong>Quay s\u1ed1 211<\/strong> \u0111\u1ec3 \u0111\u01b0\u1ee3c tr\u1ee3 gi\u00fap kh\u00f4ng kh\u1ea9n c\u1ea5p v\u00e0 c\u00e1c ngu\u1ed3n l\u1ef1c \u0111\u1ecba ph\u01b0\u01a1ng.<\/blockquote>\n\t<h3>C\u1ea3nh b\u00e1o v\u00e0 chu\u1ea9n b\u1ecb ch\u00ednh th\u1ee9c<\/h3>\n\t\t\t<a href=\"https:\/\/auw211.org\/vi\/ung-pho-khan-cap-tham-hoa\/#resources\" target=\"_blank\" rel=\"noopener\">\n\t\t\t\t\t\tT\u00e0i nguy\u00ean chung\n\t\t\t\t\t<\/a>","protected":false},"excerpt":{"rendered":"<p>N\u00fai l\u1eeda phun tr\u00e0o c\u00f3 th\u1ec3 x\u1ea3y ra \u0111\u1ed9t ng\u1ed9t ho\u1eb7c t\u00edch t\u1ee5 theo th\u1eddi gian, gi\u1ea3i ph\u00f3ng dung nham, tro b\u1ee5i v\u00e0 kh\u00ed \u0111\u1ed9c. Ch\u00fang c\u00f3 th\u1ec3 ph\u00e1 h\u1ee7y t\u00e0i s\u1ea3n, g\u00e2y gi\u00e1n \u0111o\u1ea1n giao th\u00f4ng \u0111\u01b0\u1eddng b\u1ed9 v\u00e0 \u0111\u01b0\u1eddng h\u00e0ng kh\u00f4ng, \u0111\u1ed3ng th\u1eddi g\u00e2y ra nh\u1eefng r\u1ee7i ro nghi\u00eam tr\u1ecdng cho s\u1ee9c kh\u1ecfe do tro b\u1ee5i v\u00e0 ch\u1ea5t l\u01b0\u1ee3ng kh\u00f4ng kh\u00ed k\u00e9m. AUW 211 k\u1ebft n\u1ed1i c\u01b0 d\u00e2n Hawaii v\u1edbi c\u00e1c th\u00f4ng tin c\u1eadp nh\u1eadt v\u1ec1 s\u01a1 t\u00e1n, \u0111\u1ecba \u0111i\u1ec3m tr\u00fa \u1ea9n v\u00e0 c\u00e1c ngu\u1ed3n l\u1ef1c ph\u1ee5c h\u1ed3i tr\u01b0\u1edbc, trong v\u00e0 sau khi phun tr\u00e0o. N\u1ebfu\u2026<\/p>","protected":false},"author":1,"featured_media":4064,"parent":3964,"menu_order":0,"comment_status":"closed","ping_status":"closed","template":"","meta":{"footnotes":""},"class_list":["post-3971","page","type-page","status-publish","has-post-thumbnail","hentry"],"_links":{"self":[{"href":"https:\/\/auw211.org\/vi\/wp-json\/wp\/v2\/pages\/3971","targetHints":{"allow":["GET"]}}],"collection":[{"href":"https:\/\/auw211.org\/vi\/wp-json\/wp\/v2\/pages"}],"about":[{"href":"https:\/\/auw211.org\/vi\/wp-json\/wp\/v2\/types\/page"}],"author":[{"embeddable":true,"href":"https:\/\/auw211.org\/vi\/wp-json\/wp\/v2\/users\/1"}],"replies":[{"embeddable":true,"href":"https:\/\/auw211.org\/vi\/wp-json\/wp\/v2\/comments?post=3971"}],"version-history":[{"count":14,"href":"https:\/\/auw211.org\/vi\/wp-json\/wp\/v2\/pages\/3971\/revisions"}],"predecessor-version":[{"id":4252,"href":"https:\/\/auw211.org\/vi\/wp-json\/wp\/v2\/pages\/3971\/revisions\/4252"}],"up":[{"embeddable":true,"href":"https:\/\/auw211.org\/vi\/wp-json\/wp\/v2\/pages\/3964"}],"wp:featuredmedia":[{"embeddable":true,"href":"https:\/\/auw211.org\/vi\/wp-json\/wp\/v2\/media\/4064"}],"wp:attachment":[{"href":"https:\/\/auw211.org\/vi\/wp-json\/wp\/v2\/media?parent=3971"}],"curies":[{"name":"wp","href":"https:\/\/api.w.org\/{rel}","templated":true}]}}