{"id":3969,"date":"2025-10-02T08:44:24","date_gmt":"2025-10-02T18:44:24","guid":{"rendered":"https:\/\/auw211.org\/?page_id=3969"},"modified":"2026-03-27T10:07:27","modified_gmt":"2026-03-27T20:07:27","slug":"wildfire","status":"publish","type":"page","link":"https:\/\/auw211.org\/vi\/ung-pho-khan-cap-tham-hoa\/chay-rung\/","title":{"rendered":"Ch\u00e1y r\u1eebng | T\u00e0i nguy\u00ean kh\u1ea9n c\u1ea5p v\u00e0 thi\u00ean tai"},"content":{"rendered":"<h2>Ch\u00e1y r\u1eebng c\u00f3 th\u1ec3 lan nhanh do th\u1ea3m th\u1ef1c v\u1eadt kh\u00f4, gi\u00f3 m\u1ea1nh v\u00e0 t\u00ecnh tr\u1ea1ng h\u1ea1n h\u00e1n.<\/h2>\n<p>H\u1ecd c\u00f3 th\u1ec3 ph\u00e1 h\u1ee7y nh\u00e0 c\u1eeda,<strong> ch\u1eb7n \u0111\u01b0\u1eddng v\u00e0 \u0111e d\u1ecda t\u00ednh m\u1ea1ng ch\u1ec9 trong v\u00e0i ph\u00fat.<\/strong><\/p>\n<p>AUW 211 connects Hawai&#8217;i residents with evacuation routes, shelter locations, and recovery support before, during, and after a wildfire.<\/p>\n\t\t\t\t<img decoding=\"async\" src=\"https:\/\/auw211.org\/wp-content\/uploads\/2025\/10\/wildfire.png\" alt=\"ch\u00e1y r\u1eebng\" itemprop=\"image\" height=\"1200\" width=\"1200\" title=\"ch\u00e1y r\u1eebng\" onerror=\"this.style.display='none'\" loading=\"lazy\" \/>\n\t<h3><strong>N\u1ebfu b\u1ea1n \u0111ang g\u1eb7p nguy hi\u1ec3m ngay l\u1eadp t\u1ee9c, vui l\u00f2ng g\u1ecdi 911!<\/strong><\/h3>\n<h2>\n\t\t\tTin t\u1ee9c kh\u1ea9n c\u1ea5p\t<\/h2>\n\t\t\t<a href=\"\/vi\/category\/211-answers\/\" target=\"_self\">\n\t\t\t\t\t\tXem th\u00eam\n\t\t\t\t\t<\/a>\n\t<h2>C\u1ed9ng \u0111\u1ed3ng b\u1ecb \u1ea3nh h\u01b0\u1edfng<\/h2>\n<p><strong>Wildfires can affect both rural and urban areas across Hawai&#8217;i, especially during dry or windy conditions.<\/strong><\/p>\n<p><strong>M\u1ed9t s\u1ed1 c\u1ed9ng \u0111\u1ed3ng c\u00f3 nguy c\u01a1 cao h\u01a1n:<\/strong><\/p>\n<ul>\n<li><strong>Ng\u01b0\u1eddi d\u00e2n g\u1ea7n \u0111\u1ed3ng c\u1ecf r\u1ed9ng m\u1edf<\/strong>, r\u1eebng ho\u1eb7c \u0111\u1ea5t ch\u01b0a ph\u00e1t tri\u1ec3n<\/li>\n<li><strong>Nh\u1eefng ng\u00f4i nh\u00e0 c\u00f3 l\u1ed1i \u0111i h\u1ea1n ch\u1ebf<\/strong> ho\u1eb7c c\u00e1c tuy\u1ebfn \u0111\u01b0\u1eddng s\u01a1 t\u00e1n \u0111\u01a1n l\u1ebb<\/li>\n<li><strong>Khu v\u1ef1c ho\u1eb7c c\u1ed9ng \u0111\u1ed3ng n\u00f4ng nghi\u1ec7p<\/strong> xu\u00f4i gi\u00f3 c\u1ee7a \u0111\u1ecba h\u00ecnh kh\u00f4<\/li>\n<li><strong>Ng\u01b0\u1eddi l\u1edbn tu\u1ed5i<\/strong>, ng\u01b0\u1eddi khuy\u1ebft t\u1eadt ho\u1eb7c gia \u0111\u00ecnh kh\u00f4ng c\u00f3 ph\u01b0\u01a1ng ti\u1ec7n \u0111i l\u1ea1i<\/li>\n<li><strong>Ng\u01b0\u1eddi d\u00e2n \u1edf n\u01a1i d\u1ec5 b\u1ecb h\u1ea1n h\u00e1n<\/strong> c\u00e1c \u0111\u1ea3o ho\u1eb7c c\u1ed9ng \u0111\u1ed3ng c\u00f3 ngu\u1ed3n cung c\u1ea5p n\u01b0\u1edbc h\u1ea1n ch\u1ebf<\/li>\n<\/ul>\n\t\t\t\t<img decoding=\"async\" src=\"https:\/\/auw211.org\/wp-content\/uploads\/2025\/10\/pexels-ryank-12015338-scaled.jpg\" alt=\"pexels-ryank-12015338\" itemprop=\"image\" height=\"2560\" width=\"1707\" title=\"pexels-ryank-12015338\" onerror=\"this.style.display='none'\" loading=\"lazy\" \/>\n\t<h2>T\u00f4i c\u00f3 th\u1ec3 \u0111i \u0111\u00e2u?<\/h2>\n<p>N\u1ebfu b\u1ea1n \u0111ang g\u1eb7p nguy hi\u1ec3m ngay l\u1eadp t\u1ee9c, <strong data-start=\"1326\" data-end=\"1338\">g\u1ecdi 911<\/strong>.<br data-start=\"1339\" data-end=\"1342\" \/>If you&#8217;re safe but need non-emergency help, <strong data-start=\"1386\" data-end=\"1398\">g\u1ecdi 211<\/strong> cho c\u00e1c ngu\u1ed3n l\u1ef1c \u0111\u1ecba ph\u01b0\u01a1ng.<\/p>\n\t<h3>C\u00e1c \u0111\u1ecba \u0111i\u1ec3m an to\u00e0n bao g\u1ed3m<\/h3>\n<ul>\n<li><strong>C\u00e1c n\u01a1i tr\u00fa \u1ea9n kh\u1ea9n c\u1ea5p ch\u00ednh th\u1ee9c c\u1ee7a qu\u1eadn<\/strong> v\u00e0 c\u00e1c trung t\u00e2m s\u01a1 t\u00e1n c\u1ee7a H\u1ed9i Ch\u1eef th\u1eadp \u0111\u1ecf<\/li>\n<li><strong>Trung t\u00e2m c\u1ed9ng \u0111\u1ed3ng<\/strong> ho\u1eb7c tr\u01b0\u1eddng h\u1ecdc b\u00ean ngo\u00e0i khu v\u1ef1c b\u1ecb b\u1ecfng<\/li>\n<li><strong>C\u00e1c n\u01a1i tr\u00fa \u1ea9n \u0111\u01b0\u1ee3c ch\u1ec9 \u0111\u1ecbnh d\u00e0nh cho v\u1eadt nu\u00f4i<\/strong>, n\u1ebfu c\u00f3 s\u1eb5n<\/li>\n<li><strong>Ch\u1ed7 \u1edf t\u1ea1m th\u1eddi<\/strong> v\u1edbi b\u1ea1n b\u00e8 ho\u1eb7c gia \u0111\u00ecnh b\u00ean ngo\u00e0i khu v\u1ef1c s\u01a1 t\u00e1n<\/li>\n<\/ul>\n\t<strong>If ordered to evacuate, leave immediately &#8211; wildfires can move faster than you think.<\/strong><br \/>\n<strong>\u0110\u1eebng bao gi\u1edd \u0111\u1ee3i \u0111\u1ebfn khi nh\u00ecn th\u1ea5y ng\u1ecdn l\u1eeda ho\u1eb7c ng\u1eedi th\u1ea5y m\u00f9i kh\u00f3i m\u1edbi h\u00e0nh \u0111\u1ed9ng.<\/strong>\n\t<h2>T\u00f4i c\u00f3 th\u1ec3 l\u00e0m g\u00ec \u0111\u1ec3 chu\u1ea9n b\u1ecb?<\/h2>\n<strong>S\u1ef1 chu\u1ea9n b\u1ecb c\u00f3 th\u1ec3 c\u1ee9u s\u1ed1ng con ng\u01b0\u1eddi.<\/strong> B\u1ea3o v\u1ec7 ng\u00f4i nh\u00e0 c\u1ee7a b\u1ea1n v\u00e0 c\u00f3 k\u1ebf ho\u1ea1ch tr\u01b0\u1edbc khi \u0111\u1ed9ng \u0111\u1ea5t x\u1ea3y ra.\n\t<h3>Chu\u1ea9n b\u1ecb gi\u00fap c\u1ee9u s\u1ed1ng v\u00e0 b\u1ea3o v\u1ec7 nh\u00e0 c\u1eeda. H\u00e3y h\u00e0nh \u0111\u1ed9ng ngay \u0111\u1ec3 gi\u1ea3m thi\u1ec3u r\u1ee7i ro.<\/h3>\n<ul>\n<li><strong>T\u1ea1o b\u1ed9 d\u1ee5ng c\u1ee5 kh\u1ea9n c\u1ea5p 14 ng\u00e0y<\/strong> (n\u01b0\u1edbc, th\u1ef1c ph\u1ea9m, thu\u1ed1c men, m\u1eb7t n\u1ea1, \u0111\u00e8n pin, pin, s\u01a1 c\u1ee9u, t\u00e0i li\u1ec7u quan tr\u1ecdng)<\/li>\n<li><strong>Maintain a &#8220;defensible space&#8221;<\/strong> &#8211; clear dry grass, leaves, and debris within 30 feet of your home<\/li>\n<li><strong>S\u1eed d\u1ee5ng m\u00e1i ch\u1ed1ng ch\u00e1y<\/strong> v\u00e0 l\u1ed7 th\u00f4ng h\u01a1i n\u1ebfu c\u00f3 th\u1ec3<\/li>\n<li><strong>X\u00e1c \u0111\u1ecbnh hai tuy\u1ebfn \u0111\u01b0\u1eddng s\u01a1 t\u00e1n<\/strong> v\u00e0 th\u1ef1c h\u00e0nh ch\u00fang v\u1edbi gia \u0111\u00ecnh b\u1ea1n<\/li>\n<\/ul>\n\t<ul>\n<li><strong>Gi\u1eef cho xe c\u1ee7a b\u1ea1n lu\u00f4n \u0111\u1ea7y nhi\u00ean li\u1ec7u<\/strong> v\u00e0 \u0111\u1ed7 xe h\u01b0\u1edbng ra \u0111\u01b0\u1eddng \u0111\u1ec3 kh\u1edfi h\u00e0nh nhanh ch\u00f3ng<\/li>\n<li><strong>\u0110\u0103ng k\u00fd nh\u1eadn c\u1ea3nh b\u00e1o kh\u1ea9n c\u1ea5p c\u1ee7a qu\u1eadn<\/strong> v\u00e0 theo d\u00f5i c\u00e1c c\u1eadp nh\u1eadt HI-EMA<\/li>\n<li><strong>C\u00f3 k\u1ebf ho\u1ea1ch s\u01a1 t\u00e1n v\u1eadt nu\u00f4i v\u00e0 gia s\u00fac<\/strong><\/li>\n<li><strong>Xem l\u1ea1i ph\u1ea1m vi b\u1ea3o hi\u1ec3m c\u1ee7a b\u1ea1n<\/strong> \u0111\u1ed1i v\u1edbi thi\u1ec7t h\u1ea1i li\u00ean quan \u0111\u1ebfn ch\u00e1y r\u1eebng<\/li>\n<\/ul>\n\t\t\t\t<img decoding=\"async\" src=\"https:\/\/auw211.org\/wp-content\/uploads\/2023\/03\/shutterstock_141030979-scaled.jpg\" alt=\"Ph\u1ee5 n\u1eef,C\u00f3,T\u01b0 v\u1ea5n,Phi\u00ean h\u1ecdp\" itemprop=\"image\" height=\"1707\" width=\"2560\" title=\"Ph\u1ee5 n\u1eef,C\u00f3,T\u01b0 v\u1ea5n,Phi\u00ean h\u1ecdp\" onerror=\"this.style.display='none'\" loading=\"lazy\" \/>\n\t<h2>AUW 211 c\u00f3 th\u1ec3 cung c\u1ea5p nh\u1eefng g\u00ec?<\/h2>\nAloha United Way 211 k\u1ebft n\u1ed1i b\u1ea1n v\u1edbi c\u00e1c ngu\u1ed3n l\u1ef1c \u0111\u1ecba ph\u01b0\u01a1ng \u0111\u00e1ng tin c\u1eady trong v\u00e0 sau ch\u00e1y r\u1eebng:\n<ul data-start=\"3418\" data-end=\"3814\">\n<li data-start=\"3418\" data-end=\"3465\">\n<strong data-start=\"3420\" data-end=\"3463\">Th\u00f4ng tin v\u1ec1 n\u01a1i tr\u00fa \u1ea9n v\u00e0 s\u01a1 t\u00e1n<\/strong>\n<\/li>\n<li data-start=\"3466\" data-end=\"3518\">\n<strong data-start=\"3468\" data-end=\"3516\">Th\u1ef1c ph\u1ea9m, n\u01b0\u1edbc u\u1ed1ng v\u00e0 h\u1ed7 tr\u1ee3 kh\u1ea9n c\u1ea5p<\/strong>\n<\/li>\n<li data-start=\"3519\" data-end=\"3570\">\n<strong data-start=\"3521\" data-end=\"3568\">T\u01b0 v\u1ea5n kh\u1ee7ng ho\u1ea3ng v\u00e0 h\u1ed7 tr\u1ee3 s\u1ee9c kh\u1ecfe t\u00e2m th\u1ea7n<\/strong>\n<\/li>\n<li data-start=\"3571\" data-end=\"3626\">\n<strong data-start=\"3573\" data-end=\"3624\">C\u00e1c ch\u01b0\u01a1ng tr\u00ecnh d\u1ecdn d\u1eb9p, s\u1eeda ch\u1eefa v\u00e0 ph\u1ee5c h\u1ed3i sau th\u1ea3m h\u1ecda<\/strong>\n<\/li>\n<li data-start=\"3627\" data-end=\"3708\">\n<strong data-start=\"3629\" data-end=\"3663\">Gi\u1edbi thi\u1ec7u h\u1ed7 tr\u1ee3 t\u00e0i ch\u00ednh<\/strong> cho c\u00e1c gia \u0111\u00ecnh b\u1ecb \u1ea3nh h\u01b0\u1edfng b\u1edfi thi\u1ec7t h\u1ea1i do \u0111\u1ed9ng \u0111\u1ea5t\n<\/li>\n<li data-start=\"3709\" data-end=\"3814\">\n<strong data-start=\"3711\" data-end=\"3758\">D\u1ecbch v\u1ee5 h\u1ed7 tr\u1ee3 ng\u00f4n ng\u1eef v\u00e0 tr\u1ee3 n\u0103ng<\/strong> d\u00e0nh cho ng\u01b0\u1eddi kh\u00f4ng n\u00f3i ti\u1ebfng Anh v\u00e0 ng\u01b0\u1eddi khuy\u1ebft t\u1eadt\n<\/li>\n<\/ul>\n<strong>G\u1ecdi 211<\/strong> ho\u1eb7c t\u00ecm ki\u1ebfm tr\u1ee3 gi\u00fap tr\u1ef1c tuy\u1ebfn, 7 ng\u00e0y m\u1ed9t tu\u1ea7n.\n\t\t\t<a href=\"tel:+211\" target=\"_self\">\n\t\t\t\t\t\tG\u1ecdi 211\n\t\t\t\t\t<\/a>\n\t\t\t<a href=\"https:\/\/search.auw211.org\/\" target=\"_blank\" rel=\"noopener\">\n\t\t\t\t\t\tT\u00ecm ki\u1ebfm tr\u1ef1c tuy\u1ebfn\n\t\t\t\t\t<\/a>\n\t<h2>T\u00f4i c\u00f3 th\u1ec3 gi\u00fap \u0111\u1ee1 h\u00e0ng x\u00f3m c\u1ee7a m\u00ecnh nh\u01b0 th\u1ebf n\u00e0o?<\/h2>\n\t<p><strong>S\u1ebd d\u1ec5 d\u00e0ng ph\u1ee5c h\u1ed3i h\u01a1n sau \u0111\u1ed9ng \u0111\u1ea5t khi ch\u00fang ta c\u00f9ng nhau h\u1ee3p t\u00e1c.<\/strong><\/p>\n<ul>\n<li><strong>Ki\u1ec3m tra kupuna,<\/strong> h\u00e0ng x\u00f3m khuy\u1ebft t\u1eadt ho\u1eb7c gia \u0111\u00ecnh c\u00f3 tr\u1ebb nh\u1ecf.<\/li>\n<li><strong>Chia s\u1ebb th\u00f4ng tin ch\u00ednh x\u00e1c<\/strong> from official channels &#8211; avoid spreading rumors.<\/li>\n<li><strong>Cung c\u1ea5p th\u1ef1c ph\u1ea9m,<\/strong> n\u01b0\u1edbc ho\u1eb7c tr\u1ea1m s\u1ea1c n\u1ebfu c\u00f3 \u0111i\u1ec7n.<\/li>\n<li><strong>Quy\u00ean t\u1eb7ng<\/strong> to Aloha United Way&#8217;s Disaster Relief Fund or local trusted charities.<\/li>\n<li><strong>T\u00ecnh nguy\u1ec7n vi\u00ean<\/strong> with community cleanup or recovery efforts when it&#8217;s safe to do so.<\/li>\n<\/ul>\n\t<h2>T\u00e0i nguy\u00ean nhanh<\/h2>\n<p>B\u1ea1n c\u1ea7n tr\u1ee3 gi\u00fap ngay b\u00e2y gi\u1edd? C\u00e1c ngu\u1ed3n l\u1ef1c ch\u00ednh th\u1ee9c n\u00e0y c\u00f3 th\u1ec3 k\u1ebft n\u1ed1i b\u1ea1n v\u1edbi c\u00e1c c\u1ea3nh b\u00e1o kh\u1ea9n c\u1ea5p, n\u01a1i tr\u00fa \u1ea9n v\u00e0 h\u1ed7 tr\u1ee3 t\u1ea1i khu v\u1ef1c c\u1ee7a b\u1ea1n.<\/p>\n<blockquote><strong>G\u1ecdi 911<\/strong> trong tr\u01b0\u1eddng h\u1ee3p kh\u1ea9n c\u1ea5p \u0111e d\u1ecda \u0111\u1ebfn t\u00ednh m\u1ea1ng.<br \/>\n<strong>Quay s\u1ed1 211<\/strong> \u0111\u1ec3 \u0111\u01b0\u1ee3c tr\u1ee3 gi\u00fap kh\u00f4ng kh\u1ea9n c\u1ea5p v\u00e0 c\u00e1c ngu\u1ed3n l\u1ef1c \u0111\u1ecba ph\u01b0\u01a1ng.<\/blockquote>\n\t<h3>C\u1ea3nh b\u00e1o v\u00e0 chu\u1ea9n b\u1ecb ch\u00ednh th\u1ee9c<\/h3>\n\t\t\t<a href=\"https:\/\/auw211.org\/vi\/ung-pho-khan-cap-tham-hoa\/#resources\" target=\"_blank\" rel=\"noopener\">\n\t\t\t\t\t\tT\u00e0i nguy\u00ean chung\n\t\t\t\t\t<\/a>","protected":false},"excerpt":{"rendered":"<p>Ch\u00e1y r\u1eebng c\u00f3 th\u1ec3 lan r\u1ed9ng nhanh ch\u00f3ng, \u0111\u01b0\u1ee3c th\u00fac \u0111\u1ea9y b\u1edfi th\u1ea3m th\u1ef1c v\u1eadt kh\u00f4, gi\u00f3 m\u1ea1nh v\u00e0 \u0111i\u1ec1u ki\u1ec7n h\u1ea1n h\u00e1n. Ch\u00fang c\u00f3 th\u1ec3 ph\u00e1 h\u1ee7y nh\u00e0 c\u1eeda, ch\u1eb7n \u0111\u01b0\u1eddng v\u00e0 \u0111e d\u1ecda t\u00ednh m\u1ea1ng ch\u1ec9 trong v\u00e0i ph\u00fat. AUW 211 k\u1ebft n\u1ed1i c\u01b0 d\u00e2n Hawaii v\u1edbi c\u00e1c tuy\u1ebfn \u0111\u01b0\u1eddng s\u01a1 t\u00e1n, \u0111\u1ecba \u0111i\u1ec3m tr\u00fa \u1ea9n v\u00e0 h\u1ed7 tr\u1ee3 ph\u1ee5c h\u1ed3i tr\u01b0\u1edbc, trong v\u00e0 sau ch\u00e1y r\u1eebng. N\u1ebfu b\u1ea1n \u0111ang g\u1eb7p nguy hi\u1ec3m tr\u1ef1c ti\u1ebfp, vui l\u00f2ng g\u1ecdi 911! Tin t\u1ee9c kh\u1ea9n c\u1ea5p Xem\u2026<\/p>","protected":false},"author":1,"featured_media":4018,"parent":3964,"menu_order":0,"comment_status":"closed","ping_status":"closed","template":"","meta":{"footnotes":""},"class_list":["post-3969","page","type-page","status-publish","has-post-thumbnail","hentry"],"_links":{"self":[{"href":"https:\/\/auw211.org\/vi\/wp-json\/wp\/v2\/pages\/3969","targetHints":{"allow":["GET"]}}],"collection":[{"href":"https:\/\/auw211.org\/vi\/wp-json\/wp\/v2\/pages"}],"about":[{"href":"https:\/\/auw211.org\/vi\/wp-json\/wp\/v2\/types\/page"}],"author":[{"embeddable":true,"href":"https:\/\/auw211.org\/vi\/wp-json\/wp\/v2\/users\/1"}],"replies":[{"embeddable":true,"href":"https:\/\/auw211.org\/vi\/wp-json\/wp\/v2\/comments?post=3969"}],"version-history":[{"count":11,"href":"https:\/\/auw211.org\/vi\/wp-json\/wp\/v2\/pages\/3969\/revisions"}],"predecessor-version":[{"id":4253,"href":"https:\/\/auw211.org\/vi\/wp-json\/wp\/v2\/pages\/3969\/revisions\/4253"}],"up":[{"embeddable":true,"href":"https:\/\/auw211.org\/vi\/wp-json\/wp\/v2\/pages\/3964"}],"wp:featuredmedia":[{"embeddable":true,"href":"https:\/\/auw211.org\/vi\/wp-json\/wp\/v2\/media\/4018"}],"wp:attachment":[{"href":"https:\/\/auw211.org\/vi\/wp-json\/wp\/v2\/media?parent=3969"}],"curies":[{"name":"wp","href":"https:\/\/api.w.org\/{rel}","templated":true}]}}