{"id":3967,"date":"2025-10-02T08:44:17","date_gmt":"2025-10-02T18:44:17","guid":{"rendered":"https:\/\/auw211.org\/?page_id=3967"},"modified":"2025-11-03T16:07:35","modified_gmt":"2025-11-04T02:07:35","slug":"tsunami","status":"publish","type":"page","link":"https:\/\/auw211.org\/vi\/ung-pho-khan-cap-tham-hoa\/song-than\/","title":{"rendered":"S\u00f3ng th\u1ea7n | T\u00e0i nguy\u00ean kh\u1ea9n c\u1ea5p v\u00e0 thi\u00ean tai"},"content":{"rendered":"<h2>S\u00f3ng th\u1ea7n l\u00e0 nh\u1eefng \u0111\u1ee3t s\u00f3ng m\u1ea1nh xu\u1ea5t hi\u1ec7n do \u0111\u1ed9ng \u0111\u1ea5t d\u01b0\u1edbi n\u01b0\u1edbc, l\u1edf \u0111\u1ea5t ho\u1eb7c ho\u1ea1t \u0111\u1ed9ng n\u00fai l\u1eeda.<\/h2>\n<p>H\u1ecd c\u00f3 th\u1ec3 t\u1ea5n c\u00f4ng m\u00e0 kh\u00f4ng c\u00f3 nhi\u1ec1u c\u1ea3nh b\u00e1o,<strong> g\u00e2y ng\u1eadp l\u1ee5t c\u00e1c v\u00f9ng ven bi\u1ec3n v\u00e0 t\u00e0n ph\u00e1 tr\u00ean di\u1ec7n r\u1ed9ng.<\/strong><\/p>\n<p>AUW 211 k\u1ebft n\u1ed1i c\u01b0 d\u00e2n Hawai\u02bbi v\u1edbi c\u00e1c c\u1ea3nh b\u00e1o theo th\u1eddi gian th\u1ef1c, v\u1ecb tr\u00ed tr\u00fa \u1ea9n v\u00e0 c\u00e1c ngu\u1ed3n l\u1ef1c ph\u1ee5c h\u1ed3i tr\u01b0\u1edbc, trong v\u00e0 sau s\u00f3ng th\u1ea7n.<\/p>\n\t\t\t\t<img decoding=\"async\" src=\"https:\/\/auw211.org\/wp-content\/uploads\/2025\/10\/tsunami.png\" alt=\"s\u00f3ng th\u1ea7n\" itemprop=\"image\" height=\"1200\" width=\"1200\" title=\"s\u00f3ng th\u1ea7n\" onerror=\"this.style.display='none'\" loading=\"lazy\" \/>\n\t<h3><strong>N\u1ebfu b\u1ea1n \u0111ang g\u1eb7p nguy hi\u1ec3m ngay l\u1eadp t\u1ee9c, vui l\u00f2ng g\u1ecdi 911!<\/strong><\/h3>\n<h2>\n\t\t\tTin t\u1ee9c kh\u1ea9n c\u1ea5p\t<\/h2>\n\t\t\t<a href=\"\/vi\/category\/211-answers\/\" target=\"_self\">\n\t\t\t\t\t\tXem th\u00eam\n\t\t\t\t\t<\/a>\n\t<h2>C\u1ed9ng \u0111\u1ed3ng b\u1ecb \u1ea3nh h\u01b0\u1edfng<\/h2>\n<p><strong>S\u00f3ng th\u1ea7n c\u00f3 th\u1ec3 \u1ea3nh h\u01b0\u1edfng \u0111\u1ebfn b\u1ea5t k\u1ef3 ai \u1edf g\u1ea7n b\u1edd bi\u1ec3n, nh\u01b0ng m\u1ed9t s\u1ed1 khu v\u1ef1c v\u00e0 nh\u00f3m ng\u01b0\u1eddi c\u00f3 nguy c\u01a1 cao h\u01a1n:<\/strong><\/p>\n<ul>\n<li><strong>Ng\u01b0\u1eddi d\u00e2n \u1edf khu v\u1ef1c s\u01a1 t\u00e1n s\u00f3ng th\u1ea7n<\/strong> ho\u1eb7c v\u00f9ng \u0111\u1ea5t th\u1ea5p ven bi\u1ec3n<\/li>\n<li><strong>Ng\u01b0\u1eddi d\u00e2n s\u1ed1ng g\u1ea7n v\u1ecbnh<\/strong>, b\u1ebfn c\u1ea3ng ho\u1eb7c c\u1eeda s\u00f4ng n\u01a1i s\u00f3ng c\u00f3 th\u1ec3 tr\u00e0n v\u00e0o \u0111\u1ea5t li\u1ec1n<\/li>\n<li><strong>Kh\u00e1ch du l\u1ecbch ho\u1eb7c du kh\u00e1ch kh\u00f4ng quen bi\u1ebft<\/strong> v\u1edbi c\u00f2i b\u00e1o \u0111\u1ed9ng \u0111\u1ecba ph\u01b0\u01a1ng ho\u1eb7c c\u00e1c tuy\u1ebfn \u0111\u01b0\u1eddng s\u01a1 t\u00e1n<\/li>\n<li><strong>Ng\u01b0\u1eddi l\u1edbn tu\u1ed5i, tr\u1ebb em<\/strong>, v\u00e0 nh\u1eefng ng\u01b0\u1eddi c\u00f3 kh\u1ea3 n\u0103ng di chuy\u1ec3n h\u1ea1n ch\u1ebf c\u00f3 th\u1ec3 c\u1ea7n th\u00eam th\u1eddi gian \u0111\u1ec3 s\u01a1 t\u00e1n<\/li>\n<li><strong>Ng\u01b0\u1eddi d\u00e2n kh\u00f4ng c\u00f3 xe<\/strong> ho\u1eb7c ti\u1ebfp c\u1eadn ph\u01b0\u01a1ng ti\u1ec7n giao th\u00f4ng trong qu\u00e1 tr\u00ecnh s\u01a1 t\u00e1n<\/li>\n<\/ul>\n\t\t\t\t<img decoding=\"async\" src=\"https:\/\/auw211.org\/wp-content\/uploads\/2025\/10\/pexels-jess-vide-4321198-scaled.jpg\" alt=\"pexels-jess-vide-4321198\" itemprop=\"image\" height=\"1706\" width=\"2560\" title=\"pexels-jess-vide-4321198\" onerror=\"this.style.display='none'\" loading=\"lazy\" \/>\n\t<h2>T\u00f4i c\u00f3 th\u1ec3 \u0111i \u0111\u00e2u?<\/h2>\n<p>N\u1ebfu b\u1ea1n \u0111ang g\u1eb7p nguy hi\u1ec3m ngay l\u1eadp t\u1ee9c, <strong data-start=\"1326\" data-end=\"1338\">g\u1ecdi 911<\/strong>.<br data-start=\"1339\" data-end=\"1342\" \/>If you&#8217;re safe but need non-emergency help, <strong data-start=\"1386\" data-end=\"1398\">g\u1ecdi 211<\/strong> cho c\u00e1c ngu\u1ed3n l\u1ef1c \u0111\u1ecba ph\u01b0\u01a1ng.<\/p>\n\t<h3>C\u00e1c \u0111\u1ecba \u0111i\u1ec3m an to\u00e0n bao g\u1ed3m<\/h3>\n<ul>\n<li><strong>Ch\u00ednh th\u1ee9c di t\u1ea3n s\u00f3ng th\u1ea7n<\/strong> n\u01a1i tr\u00fa \u1ea9n \u0111\u01b0\u1ee3c li\u1ec7t k\u00ea theo qu\u1eadn c\u1ee7a b\u1ea1n<\/li>\n<li><strong>\u0110\u1ecba h\u00ecnh cao<\/strong> (\u2265100 ft) outside the evacuation zone<\/li>\n<li><strong>S\u01a1 t\u00e1n theo chi\u1ec1u d\u1ecdc \u0111\u01b0\u1ee3c ch\u1ec9 \u0111\u1ecbnh<\/strong> c\u00e1c c\u00f4ng tr\u00ecnh (t\u00f2a nh\u00e0 b\u00ea t\u00f4ng nhi\u1ec1u t\u1ea7ng) \u1edf v\u00f9ng ven bi\u1ec3n<\/li>\n<li><strong>N\u01a1i tr\u00fa \u1ea9n th\u00e2n thi\u1ec7n v\u1edbi v\u1eadt nu\u00f4i<\/strong>, if available &#8211; check with your county&#8217;s emergency management office<\/li>\n<\/ul>\n\t<p>N\u1ebfu c\u1ea3nh b\u00e1o s\u00f3ng th\u1ea7n \u0111\u01b0\u1ee3c \u0111\u01b0a ra, <strong>di chuy\u1ec3n ngay v\u00e0o \u0111\u1ea5t li\u1ec1n ho\u1eb7c \u0111\u1ebfn v\u00f9ng \u0111\u1ea5t cao h\u01a1n<\/strong> &#8211; do not wait for instructions. Never go to the shoreline to &#8220;watch&#8221; the waves.<\/p>\n\t<h2>T\u00f4i c\u00f3 th\u1ec3 l\u00e0m g\u00ec \u0111\u1ec3 chu\u1ea9n b\u1ecb?<\/h2>\n<p><strong>S\u1ef1 chu\u1ea9n b\u1ecb c\u00f3 th\u1ec3 c\u1ee9u s\u1ed1ng con ng\u01b0\u1eddi.<\/strong> Bi\u1ebft khu v\u1ef1c s\u01a1 t\u00e1n c\u1ee7a b\u1ea1n v\u00e0 l\u1eadp k\u1ebf ho\u1ea1ch tr\u01b0\u1edbc.<\/p>\n\t\t\t\t<img decoding=\"async\" src=\"https:\/\/auw211.org\/wp-content\/uploads\/2025\/10\/pexels-max-j-591756779-17122126-scaled.jpg\" alt=\"pexels-max-j-591756779-17122126\" itemprop=\"image\" height=\"1707\" width=\"2560\" title=\"pexels-max-j-591756779-17122126\" onerror=\"this.style.display='none'\" loading=\"lazy\" \/>\n\t<ul>\n<li><strong>T\u00ecm hi\u1ec3u c\u00e1c tuy\u1ebfn \u0111\u01b0\u1eddng s\u01a1 t\u00e1n khi c\u00f3 s\u00f3ng th\u1ea7n<\/strong> &#8211; practice them with your household<\/li>\n<li><strong>Chu\u1ea9n b\u1ecb cho tr\u01b0\u1eddng h\u1ee3p kh\u1ea9n c\u1ea5p 14 ng\u00e0y<\/strong> b\u1ed9 d\u1ee5ng c\u1ee5 cung c\u1ea5p (th\u1ee9c \u0103n, n\u01b0\u1edbc, thu\u1ed1c, \u0111\u00e8n pin, pin, radio)<\/li>\n<li><strong>L\u01b0u gi\u1eef c\u00e1c t\u00e0i li\u1ec7u quan tr\u1ecdng<\/strong> v\u00e0 \u0111\u1ed3 v\u1eadt c\u00f3 gi\u00e1 tr\u1ecb trong h\u1ed9p \u0111\u1ef1ng ch\u1ed1ng th\u1ea5m n\u01b0\u1edbc<\/li>\n<li><strong>N\u1ebfu b\u1ea1n s\u1ed1ng \u1edf v\u00f9ng ven bi\u1ec3n<\/strong>, x\u00e1c \u0111\u1ecbnh hai tuy\u1ebfn \u0111\u01b0\u1eddng s\u01a1 t\u00e1n trong tr\u01b0\u1eddng h\u1ee3p m\u1ed9t tuy\u1ebfn b\u1ecb ch\u1eb7n<\/li>\n<li><strong>\u0110\u0103ng k\u00fd h\u1ec7 th\u1ed1ng c\u1ea3nh b\u00e1o c\u1ee7a qu\u1eadn v\u00e0 HI-EMA<\/strong> \u0111\u1ec3 nh\u1eadn th\u00f4ng b\u00e1o b\u1eb1ng c\u00f2i b\u00e1o \u0111\u1ed9ng v\u00e0 tin nh\u1eafn v\u0103n b\u1ea3n<\/li>\n<li><strong>Th\u1ea3o lu\u1eadn v\u1ec1 k\u1ebf ho\u1ea1ch s\u01a1 t\u00e1n<\/strong> v\u1edbi h\u00e0ng x\u00f3m, \u0111\u1eb7c bi\u1ec7t l\u00e0 nh\u1eefng ng\u01b0\u1eddi c\u1ea7n th\u00eam s\u1ef1 gi\u00fap \u0111\u1ee1<\/li>\n<li><strong>Bi\u1ebft c\u00e1c d\u1ea5u hi\u1ec7u c\u1ea3nh b\u00e1o t\u1ef1 nhi\u00ean<\/strong>: m\u1eb7t \u0111\u1ea5t rung chuy\u1ec3n m\u1ea1nh ho\u1eb7c k\u00e9o d\u00e0i, n\u01b0\u1edbc bi\u1ec3n r\u00fat \u0111i \u0111\u1ed9t ng\u1ed9t ho\u1eb7c ti\u1ebfng g\u1ea7m l\u1edbn<\/li>\n<\/ul>\n\t\t\t\t<img decoding=\"async\" src=\"https:\/\/auw211.org\/wp-content\/uploads\/2023\/03\/shutterstock_141030979-scaled.jpg\" alt=\"Ph\u1ee5 n\u1eef,C\u00f3,T\u01b0 v\u1ea5n,Phi\u00ean h\u1ecdp\" itemprop=\"image\" height=\"1707\" width=\"2560\" title=\"Ph\u1ee5 n\u1eef,C\u00f3,T\u01b0 v\u1ea5n,Phi\u00ean h\u1ecdp\" onerror=\"this.style.display='none'\" loading=\"lazy\" \/>\n\t<h2>AUW 211 c\u00f3 th\u1ec3 cung c\u1ea5p nh\u1eefng g\u00ec?<\/h2>\nAloha United Way 211 k\u1ebft n\u1ed1i b\u1ea1n v\u1edbi c\u00e1c ngu\u1ed3n l\u1ef1c \u0111\u1ecba ph\u01b0\u01a1ng \u0111\u00e1ng tin c\u1eady trong v\u00e0 sau th\u1ea3m h\u1ecda s\u00f3ng th\u1ea7n:\n<ul data-start=\"3418\" data-end=\"3814\">\n<li data-start=\"3418\" data-end=\"3465\">\n<strong data-start=\"3420\" data-end=\"3463\">Th\u00f4ng tin v\u1ec1 n\u01a1i tr\u00fa \u1ea9n v\u00e0 s\u01a1 t\u00e1n<\/strong>\n<\/li>\n<li data-start=\"3466\" data-end=\"3518\">\n<strong data-start=\"3468\" data-end=\"3516\">Th\u1ef1c ph\u1ea9m, n\u01b0\u1edbc u\u1ed1ng v\u00e0 h\u1ed7 tr\u1ee3 kh\u1ea9n c\u1ea5p<\/strong>\n<\/li>\n<li data-start=\"3519\" data-end=\"3570\">\n<strong data-start=\"3521\" data-end=\"3568\">T\u01b0 v\u1ea5n kh\u1ee7ng ho\u1ea3ng v\u00e0 h\u1ed7 tr\u1ee3 s\u1ee9c kh\u1ecfe t\u00e2m th\u1ea7n<\/strong>\n<\/li>\n<li data-start=\"3571\" data-end=\"3626\">\n<strong data-start=\"3573\" data-end=\"3624\">C\u00e1c ch\u01b0\u01a1ng tr\u00ecnh d\u1ecdn d\u1eb9p, s\u1eeda ch\u1eefa v\u00e0 ph\u1ee5c h\u1ed3i sau th\u1ea3m h\u1ecda<\/strong>\n<\/li>\n<li data-start=\"3627\" data-end=\"3708\">\n<strong data-start=\"3629\" data-end=\"3663\">Gi\u1edbi thi\u1ec7u h\u1ed7 tr\u1ee3 t\u00e0i ch\u00ednh<\/strong> cho c\u00e1c gia \u0111\u00ecnh b\u1ecb \u1ea3nh h\u01b0\u1edfng b\u1edfi thi\u1ec7t h\u1ea1i do s\u00f3ng th\u1ea7n\n<\/li>\n<li data-start=\"3709\" data-end=\"3814\">\n<strong data-start=\"3711\" data-end=\"3758\">D\u1ecbch v\u1ee5 h\u1ed7 tr\u1ee3 ng\u00f4n ng\u1eef v\u00e0 tr\u1ee3 n\u0103ng<\/strong> d\u00e0nh cho ng\u01b0\u1eddi kh\u00f4ng n\u00f3i ti\u1ebfng Anh v\u00e0 ng\u01b0\u1eddi khuy\u1ebft t\u1eadt\n<\/li>\n<\/ul>\n<strong>G\u1ecdi 211<\/strong> ho\u1eb7c t\u00ecm ki\u1ebfm tr\u1ee3 gi\u00fap tr\u1ef1c tuy\u1ebfn, 7 ng\u00e0y m\u1ed9t tu\u1ea7n.\n\t\t\t<a href=\"tel:+211\" target=\"_self\">\n\t\t\t\t\t\tG\u1ecdi 211\n\t\t\t\t\t<\/a>\n\t\t\t<a href=\"https:\/\/search.auw211.org\/\" target=\"_blank\" rel=\"noopener\">\n\t\t\t\t\t\tT\u00ecm ki\u1ebfm tr\u1ef1c tuy\u1ebfn\n\t\t\t\t\t<\/a>\n\t<h2>T\u00f4i c\u00f3 th\u1ec3 gi\u00fap \u0111\u1ee1 h\u00e0ng x\u00f3m c\u1ee7a m\u00ecnh nh\u01b0 th\u1ebf n\u00e0o?<\/h2>\n\t<p><strong>Tsunamis can devastate entire communities &#8211; recovery is faster when we help each other.<\/strong><\/p>\n<ul>\n<li><strong>Ki\u1ec3m tra kupuna<\/strong>, ng\u01b0\u1eddi khuy\u1ebft t\u1eadt ho\u1eb7c gia \u0111\u00ecnh c\u00f3 tr\u1ebb nh\u1ecf trong khu v\u1ef1c c\u1ee7a b\u1ea1n<\/li>\n<li><strong>Cung c\u1ea5p d\u1ecbch v\u1ee5 v\u1eadn chuy\u1ec3n<\/strong> ho\u1eb7c h\u1ed7 tr\u1ee3 d\u1ecbch thu\u1eadt cho nh\u1eefng ng\u01b0\u1eddi h\u00e0ng x\u00f3m c\u00f3 th\u1ec3 c\u1ea7n<\/li>\n<li><strong>Ch\u1ec9 chia s\u1ebb th\u00f4ng tin \u0111\u00e3 \u0111\u01b0\u1ee3c x\u00e1c minh<\/strong> t\u1eeb c\u00e1c k\u00eanh ch\u00ednh th\u1ee9c<\/li>\n<li><strong>Donate to Aloha United Way&#8217;s Disaster Relief Fund<\/strong> ho\u1eb7c c\u00e1c t\u1ed5 ch\u1ee9c t\u1eeb thi\u1ec7n \u0111\u1ecba ph\u01b0\u01a1ng \u0111\u00e1ng tin c\u1eady kh\u00e1c<\/li>\n<li><strong>T\u00ecnh nguy\u1ec7n vi\u00ean<\/strong> cho c\u00e1c n\u1ed7 l\u1ef1c ph\u1ee5c h\u1ed3i sau khi c\u00e1c quan ch\u1ee9c tuy\u00ean b\u1ed1 an to\u00e0n<\/li>\n<\/ul>\n\t<h2>T\u00e0i nguy\u00ean nhanh<\/h2>\n<p>B\u1ea1n c\u1ea7n tr\u1ee3 gi\u00fap ngay b\u00e2y gi\u1edd? C\u00e1c ngu\u1ed3n l\u1ef1c ch\u00ednh th\u1ee9c n\u00e0y c\u00f3 th\u1ec3 k\u1ebft n\u1ed1i b\u1ea1n v\u1edbi c\u00e1c c\u1ea3nh b\u00e1o kh\u1ea9n c\u1ea5p, n\u01a1i tr\u00fa \u1ea9n v\u00e0 h\u1ed7 tr\u1ee3 t\u1ea1i khu v\u1ef1c c\u1ee7a b\u1ea1n.<\/p>\n<blockquote><strong>G\u1ecdi 911<\/strong> trong tr\u01b0\u1eddng h\u1ee3p kh\u1ea9n c\u1ea5p \u0111e d\u1ecda \u0111\u1ebfn t\u00ednh m\u1ea1ng.<br \/>\n<strong>Quay s\u1ed1 211<\/strong> \u0111\u1ec3 \u0111\u01b0\u1ee3c tr\u1ee3 gi\u00fap kh\u00f4ng kh\u1ea9n c\u1ea5p v\u00e0 c\u00e1c ngu\u1ed3n l\u1ef1c \u0111\u1ecba ph\u01b0\u01a1ng.<\/blockquote>\n\t<h3>C\u1ea3nh b\u00e1o v\u00e0 chu\u1ea9n b\u1ecb ch\u00ednh th\u1ee9c<\/h3>\n\t\t\t<a href=\"https:\/\/auw211.org\/vi\/ung-pho-khan-cap-tham-hoa\/#resources\" target=\"_blank\" rel=\"noopener\">\n\t\t\t\t\t\tT\u00e0i nguy\u00ean chung\n\t\t\t\t\t<\/a>","protected":false},"excerpt":{"rendered":"<p>S\u00f3ng th\u1ea7n l\u00e0 nh\u1eefng \u0111\u1ee3t s\u00f3ng m\u1ea1nh \u0111\u01b0\u1ee3c k\u00edch ho\u1ea1t b\u1edfi \u0111\u1ed9ng \u0111\u1ea5t d\u01b0\u1edbi n\u01b0\u1edbc, l\u1edf \u0111\u1ea5t ho\u1eb7c ho\u1ea1t \u0111\u1ed9ng n\u00fai l\u1eeda. Ch\u00fang c\u00f3 th\u1ec3 \u1eadp \u0111\u1ebfn b\u1ea5t ng\u1edd, g\u00e2y ng\u1eadp l\u1ee5t c\u00e1c khu v\u1ef1c ven bi\u1ec3n v\u00e0 t\u00e0n ph\u00e1 tr\u00ean di\u1ec7n r\u1ed9ng. AUW 211 k\u1ebft n\u1ed1i c\u01b0 d\u00e2n Hawaii v\u1edbi c\u00e1c c\u1ea3nh b\u00e1o theo th\u1eddi gian th\u1ef1c, v\u1ecb tr\u00ed tr\u00fa \u1ea9n v\u00e0 c\u00e1c ngu\u1ed3n l\u1ef1c ph\u1ee5c h\u1ed3i tr\u01b0\u1edbc, trong v\u00e0 sau s\u00f3ng th\u1ea7n. N\u1ebfu b\u1ea1n \u0111ang g\u1eb7p nguy hi\u1ec3m ngay l\u1eadp t\u1ee9c, vui l\u00f2ng g\u1ecdi 911! Tin t\u1ee9c kh\u1ea9n c\u1ea5p\u2026<\/p>","protected":false},"author":1,"featured_media":4059,"parent":3964,"menu_order":0,"comment_status":"closed","ping_status":"closed","template":"","meta":{"footnotes":""},"class_list":["post-3967","page","type-page","status-publish","has-post-thumbnail","hentry"],"_links":{"self":[{"href":"https:\/\/auw211.org\/vi\/wp-json\/wp\/v2\/pages\/3967","targetHints":{"allow":["GET"]}}],"collection":[{"href":"https:\/\/auw211.org\/vi\/wp-json\/wp\/v2\/pages"}],"about":[{"href":"https:\/\/auw211.org\/vi\/wp-json\/wp\/v2\/types\/page"}],"author":[{"embeddable":true,"href":"https:\/\/auw211.org\/vi\/wp-json\/wp\/v2\/users\/1"}],"replies":[{"embeddable":true,"href":"https:\/\/auw211.org\/vi\/wp-json\/wp\/v2\/comments?post=3967"}],"version-history":[{"count":12,"href":"https:\/\/auw211.org\/vi\/wp-json\/wp\/v2\/pages\/3967\/revisions"}],"predecessor-version":[{"id":4249,"href":"https:\/\/auw211.org\/vi\/wp-json\/wp\/v2\/pages\/3967\/revisions\/4249"}],"up":[{"embeddable":true,"href":"https:\/\/auw211.org\/vi\/wp-json\/wp\/v2\/pages\/3964"}],"wp:featuredmedia":[{"embeddable":true,"href":"https:\/\/auw211.org\/vi\/wp-json\/wp\/v2\/media\/4059"}],"wp:attachment":[{"href":"https:\/\/auw211.org\/vi\/wp-json\/wp\/v2\/media?parent=3967"}],"curies":[{"name":"wp","href":"https:\/\/api.w.org\/{rel}","templated":true}]}}