{"id":3964,"date":"2025-10-02T08:39:40","date_gmt":"2025-10-02T18:39:40","guid":{"rendered":"https:\/\/auw211.org\/?page_id=3964"},"modified":"2026-03-24T16:05:47","modified_gmt":"2026-03-25T02:05:47","slug":"emergency-disaster-response","status":"publish","type":"page","link":"https:\/\/auw211.org\/vi\/ung-pho-khan-cap-tham-hoa\/","title":{"rendered":"\u1ee8ng ph\u00f3 kh\u1ea9n c\u1ea5p v\u00e0 th\u1ea3m h\u1ecda"},"content":{"rendered":"<h2>B\u1ea1n \u0111\u00e3 s\u1eb5n s\u00e0ng khi th\u1ea3m h\u1ecda x\u1ea3y ra ch\u01b0a?<\/h2>\n<p><strong>H\u00e3y \u0111\u1ec3 ch\u00fang t\u00f4i k\u1ebft n\u1ed1i b\u1ea1n v\u1edbi th\u00f4ng tin th\u1eddi gian th\u1ef1c, \u0111\u1ecba \u0111i\u1ec3m tr\u00fa \u1ea9n v\u00e0 c\u00e1c ngu\u1ed3n l\u1ef1c ph\u1ee5c h\u1ed3i tr\u01b0\u1edbc, trong v\u00e0 sau tr\u01b0\u1eddng h\u1ee3p kh\u1ea9n c\u1ea5p ho\u1eb7c thi\u00ean tai.<\/strong><\/p>\n\t<h3><strong>N\u1ebfu b\u1ea1n \u0111ang g\u1eb7p nguy hi\u1ec3m ngay l\u1eadp t\u1ee9c, vui l\u00f2ng g\u1ecdi 911!<\/strong><\/h3>\n\t\t\t\t<a href=\"https:\/\/auw211.org\/vi\/ung-pho-khan-cap-tham-hoa\/dong-dat\/\"  target=\"_self\" itemprop=\"url\">\n\t\t\t\t<img decoding=\"async\" src=\"https:\/\/auw211.org\/wp-content\/uploads\/2025\/10\/earthquake.png\" alt=\"\u0111\u1ed9ng \u0111\u1ea5t\" itemprop=\"image\" height=\"1200\" width=\"1200\" title=\"\u0111\u1ed9ng \u0111\u1ea5t\" onerror=\"this.style.display='none'\" loading=\"lazy\" \/>\n\t\t\t\t<\/a>\n<h2><a href=\"https:\/\/auw211.org\/vi\/ung-pho-khan-cap-tham-hoa\/dong-dat\/\" target=\"_self\">\u0110\u1ed9ng \u0111\u1ea5t<\/a><\/h2><p>\u0110\u1ed9ng \u0111\u1ea5t c\u00f3 th\u1ec3 x\u1ea3y ra m\u00e0 kh\u00f4ng b\u00e1o tr\u01b0\u1edbc.<\/p>\n<p><strong>Th\u1eddi \u0111i\u1ec3m trong n\u0103m \u0111\u1ec3 mong \u0111\u1ee3i:<\/strong> B\u1ea5t c\u1ee9 l\u00fac n\u00e0o<\/p>\n\t\t\t<a href=\"https:\/\/auw211.org\/vi\/ung-pho-khan-cap-tham-hoa\/dong-dat\/\" target=\"_self\">\n\t\t\t\t\t\t\tT\u00ecm hi\u1ec3u th\u00eam\n\t\t\t<\/a>\n\t\t\t\t<a href=\"https:\/\/auw211.org\/vi\/ung-pho-khan-cap-tham-hoa\/lut\/\"  target=\"_self\" itemprop=\"url\">\n\t\t\t\t<img decoding=\"async\" src=\"https:\/\/auw211.org\/wp-content\/uploads\/2025\/10\/flood-150x150.png\" alt=\"l\u1ee5t\" itemprop=\"image\" height=\"150\" width=\"150\" title=\"l\u1ee5t\" onerror=\"this.style.display='none'\" loading=\"lazy\" \/>\n\t\t\t\t<\/a>\n<h2><a href=\"https:\/\/auw211.org\/vi\/ung-pho-khan-cap-tham-hoa\/lut\/\" target=\"_self\">L\u1ee5t<\/a><\/h2><p>L\u0169 l\u1ee5t c\u00f3 th\u1ec3 x\u1ea3y ra \u0111\u1ed9t ng\u1ed9t sau nh\u1eefng tr\u1eadn m\u01b0a l\u1edbn, b\u00e3o nhi\u1ec7t \u0111\u1edbi ho\u1eb7c v\u1ee1 \u0111\u1eadp.<\/p>\n<p><strong>Th\u1eddi \u0111i\u1ec3m trong n\u0103m \u0111\u1ec3 mong \u0111\u1ee3i:<\/strong> November &#8211; April<\/p>\n\t\t\t<a href=\"https:\/\/auw211.org\/vi\/ung-pho-khan-cap-tham-hoa\/lut\/\" target=\"_self\">\n\t\t\t\t\t\t\tT\u00ecm hi\u1ec3u th\u00eam\n\t\t\t<\/a>\n\t\t\t\t<a href=\"https:\/\/auw211.org\/vi\/ung-pho-khan-cap-tham-hoa\/con-bao\/\"  target=\"_self\" itemprop=\"url\">\n\t\t\t\t<img decoding=\"async\" src=\"https:\/\/auw211.org\/wp-content\/uploads\/2025\/10\/hurricane-150x150.png\" alt=\"c\u01a1n b\u00e3o\" itemprop=\"image\" height=\"150\" width=\"150\" title=\"c\u01a1n b\u00e3o\" onerror=\"this.style.display='none'\" loading=\"lazy\" \/>\n\t\t\t\t<\/a>\n<h2><a href=\"https:\/\/auw211.org\/vi\/ung-pho-khan-cap-tham-hoa\/con-bao\/\" target=\"_self\">B\u00e3o<\/a><\/h2><p>B\u00e3o c\u00f3 th\u1ec3 g\u00e2y ra gi\u00f3 m\u1ea1nh, l\u0169 l\u1ee5t v\u00e0 m\u1ea5t \u0111i\u1ec7n tr\u00ean di\u1ec7n r\u1ed9ng.<\/p>\n<p><strong>Th\u1eddi \u0111i\u1ec3m trong n\u0103m \u0111\u1ec3 mong \u0111\u1ee3i:<\/strong> June &#8211; November<\/p>\n\t\t\t<a href=\"https:\/\/auw211.org\/vi\/ung-pho-khan-cap-tham-hoa\/con-bao\/\" target=\"_self\">\n\t\t\t\t\t\t\tT\u00ecm hi\u1ec3u th\u00eam\n\t\t\t<\/a>\n\t\t\t\t<a href=\"https:\/\/auw211.org\/vi\/ung-pho-khan-cap-tham-hoa\/song-than\/\"  target=\"_self\" itemprop=\"url\">\n\t\t\t\t<img decoding=\"async\" src=\"https:\/\/auw211.org\/wp-content\/uploads\/2025\/10\/tsunami-150x150.png\" alt=\"s\u00f3ng th\u1ea7n\" itemprop=\"image\" height=\"150\" width=\"150\" title=\"s\u00f3ng th\u1ea7n\" onerror=\"this.style.display='none'\" loading=\"lazy\" \/>\n\t\t\t\t<\/a>\n<h2><a href=\"https:\/\/auw211.org\/vi\/ung-pho-khan-cap-tham-hoa\/song-than\/\" target=\"_self\">S\u00f3ng th\u1ea7n<\/a><\/h2>S\u00f3ng th\u1ea7n l\u00e0 nh\u1eefng \u0111\u1ee3t s\u00f3ng m\u1ea1nh xu\u1ea5t hi\u1ec7n do \u0111\u1ed9ng \u0111\u1ea5t d\u01b0\u1edbi n\u01b0\u1edbc, l\u1edf \u0111\u1ea5t ho\u1eb7c ho\u1ea1t \u0111\u1ed9ng n\u00fai l\u1eeda.<br \/>\n<strong>Th\u1eddi \u0111i\u1ec3m trong n\u0103m \u0111\u1ec3 mong \u0111\u1ee3i:<\/strong> B\u1ea5t c\u1ee9 l\u00fac n\u00e0o\n\t\t\t<a href=\"https:\/\/auw211.org\/vi\/ung-pho-khan-cap-tham-hoa\/song-than\/\" target=\"_self\">\n\t\t\t\t\t\t\tT\u00ecm hi\u1ec3u th\u00eam\n\t\t\t<\/a>\n\t\t\t\t<a href=\"https:\/\/auw211.org\/vi\/ung-pho-khan-cap-tham-hoa\/nui-lua\/\"  target=\"_self\" itemprop=\"url\">\n\t\t\t\t<img decoding=\"async\" src=\"https:\/\/auw211.org\/wp-content\/uploads\/2025\/10\/volcano-150x150.png\" alt=\"n\u00fai l\u1eeda\" itemprop=\"image\" height=\"150\" width=\"150\" title=\"n\u00fai l\u1eeda\" onerror=\"this.style.display='none'\" loading=\"lazy\" \/>\n\t\t\t\t<\/a>\n<h2><a href=\"https:\/\/auw211.org\/vi\/ung-pho-khan-cap-tham-hoa\/nui-lua\/\" target=\"_self\">N\u00fai l\u1eeda<\/a><\/h2><p>N\u00fai l\u1eeda phun tr\u00e0o c\u00f3 th\u1ec3 x\u1ea3y ra \u0111\u1ed9t ng\u1ed9t ho\u1eb7c t\u00edch t\u1ee5 theo th\u1eddi gian, gi\u1ea3i ph\u00f3ng dung nham, tro b\u1ee5i v\u00e0 kh\u00ed \u0111\u1ed9c.<\/p>\n<p><strong>Th\u1eddi \u0111i\u1ec3m trong n\u0103m \u0111\u1ec3 mong \u0111\u1ee3i:<\/strong> B\u1ea5t c\u1ee9 l\u00fac n\u00e0o<\/p>\n\t\t\t<a href=\"https:\/\/auw211.org\/vi\/ung-pho-khan-cap-tham-hoa\/nui-lua\/\" target=\"_self\">\n\t\t\t\t\t\t\tT\u00ecm hi\u1ec3u th\u00eam\n\t\t\t<\/a>\n\t\t\t\t<a href=\"https:\/\/auw211.org\/vi\/ung-pho-khan-cap-tham-hoa\/chay-rung\/\"  target=\"_self\" itemprop=\"url\">\n\t\t\t\t<img decoding=\"async\" src=\"https:\/\/auw211.org\/wp-content\/uploads\/2025\/10\/wildfire-150x150.png\" alt=\"ch\u00e1y r\u1eebng\" itemprop=\"image\" height=\"150\" width=\"150\" title=\"ch\u00e1y r\u1eebng\" onerror=\"this.style.display='none'\" loading=\"lazy\" \/>\n\t\t\t\t<\/a>\n<h2><a href=\"https:\/\/auw211.org\/vi\/ung-pho-khan-cap-tham-hoa\/chay-rung\/\" target=\"_self\">Ch\u00e1y r\u1eebng<\/a><\/h2><p>Ch\u00e1y r\u1eebng c\u00f3 th\u1ec3 lan nhanh do th\u1ea3m th\u1ef1c v\u1eadt kh\u00f4, gi\u00f3 m\u1ea1nh v\u00e0 t\u00ecnh tr\u1ea1ng h\u1ea1n h\u00e1n.<\/p>\n<p><strong>Th\u1eddi \u0111i\u1ec3m trong n\u0103m \u0111\u1ec3 mong \u0111\u1ee3i:<\/strong> May &#8211; October<\/p>\n\t\t\t<a href=\"https:\/\/auw211.org\/vi\/ung-pho-khan-cap-tham-hoa\/chay-rung\/\" target=\"_self\">\n\t\t\t\t\t\t\tT\u00ecm hi\u1ec3u th\u00eam\n\t\t\t<\/a>\n\t<h2>C\u00e1c c\u00e2u h\u1ecfi th\u01b0\u1eddng g\u1eb7p<\/h2>\n\t\t\t\t\t<a href=\"#\"  id=\"fl-accordion--label-0\" tabindex=\"0\" aria-controls=\"fl-accordion--panel-0\">AUW 211 l\u00e0 g\u00ec <b>C\u00f3 th\u1ec3 l\u00e0m<\/b> \u0111\u1ec3 h\u1ed7 tr\u1ee3 \u1ee9ng ph\u00f3 kh\u1ea9n c\u1ea5p v\u00e0 th\u1ea3m h\u1ecda<\/a>\n\t\t\t\t\t\t\t\t\t\t\t<a href=\"#\" id=\"fl-accordion--icon-0\"  tabindex=\"0\"><i title=\"Collapse\">Collapse<\/i><\/a>\n\t\t\t\t\t<ul>\n<li>Cung c\u1ea5p th\u00f4ng tin kh\u00f4ng kh\u1ea9n c\u1ea5p v\u00e0 gi\u1edbi thi\u1ec7u (I&amp;R) \u0111\u1ebfn c\u00e1c ngu\u1ed3n l\u1ef1c c\u1ed9ng \u0111\u1ed3ng.<\/li>\n<li>Gi\u1ea3m g\u00e1nh n\u1eb7ng cho 911 b\u1eb1ng c\u00e1ch ph\u00e2n lo\u1ea1i c\u00e1c cu\u1ed9c g\u1ecdi kh\u00f4ng \u0111e d\u1ecda \u0111\u1ebfn t\u00ednh m\u1ea1ng v\u00e0 chuy\u1ec3n ch\u00fang \u0111\u1ebfn c\u00e1c d\u1ecbch v\u1ee5 th\u00edch h\u1ee3p (d\u1ef1a tr\u00ean nghi\u00ean c\u1ee9u c\u1ee7a NEMAA).<\/li>\n<li>Chia s\u1ebb th\u00f4ng tin th\u1eddi gian th\u1ef1c v\u1ec1 n\u01a1i tr\u00fa \u1ea9n, \u0111\u1ecba \u0111i\u1ec3m cung c\u1ea5p th\u1ef1c ph\u1ea9m v\u00e0 ph\u00e2n ph\u1ed1i vi\u1ec7n tr\u1ee3 trong th\u1ea3m h\u1ecda.<\/li>\n<li>Thu th\u1eadp, t\u1ed5ng h\u1ee3p v\u00e0 ph\u1ea3n h\u1ed3i d\u1eef li\u1ec7u nhu c\u1ea7u c\u1ee7a c\u1ed9ng \u0111\u1ed3ng cho c\u00e1c nh\u00e0 qu\u1ea3n l\u00fd t\u00ecnh tr\u1ea1ng kh\u1ea9n c\u1ea5p v\u00e0 \u0111\u1ed1i t\u00e1c VOAD.<\/li>\n<li>Cung c\u1ea5p quy\u1ec1n truy c\u1eadp \u0111a ng\u00f4n ng\u1eef th\u00f4ng qua phi\u00ean d\u1ecbch vi\u00ean v\u00e0 t\u00e0i li\u1ec7u \u0111\u00e3 bi\u00ean d\u1ecbch.<\/li>\n<li>Cung c\u1ea5p th\u00f4ng tin truy\u1ec1n th\u00f4ng ph\u00f9 h\u1ee3p v\u1edbi v\u0103n h\u00f3a v\u00e0 hi\u1ec3u bi\u1ebft v\u1ec1 ch\u1ea5n th\u01b0\u01a1ng (ti\u00eau chu\u1ea9n c\u1ee7a Inform USA).<\/li>\n<\/ul>\n\t\t\t\t\t<a href=\"#\"  id=\"fl-accordion--label-1\" tabindex=\"0\" aria-controls=\"fl-accordion--panel-1\">AUW 211 l\u00e0 g\u00ec <b>Kh\u00f4ng th\u1ec3 l\u00e0m<\/b> \u0111\u1ec3 h\u1ed7 tr\u1ee3 \u1ee9ng ph\u00f3 kh\u1ea9n c\u1ea5p v\u00e0 th\u1ea3m h\u1ecda<\/a>\n\t\t\t\t\t\t\t\t\t\t\t<a href=\"#\" id=\"fl-accordion--icon-1\"  tabindex=\"0\"><i title=\"Expand\">Expand<\/i><\/a>\n\t\t\t\t\t<ul>\n<li>\u0110i\u1ec1u \u0111\u1ed9ng l\u1ef1c l\u01b0\u1ee3ng \u1ee9ng c\u1ee9u \u0111\u1ea7u ti\u00ean ho\u1eb7c x\u1eed l\u00fd c\u00e1c tr\u01b0\u1eddng h\u1ee3p kh\u1ea9n c\u1ea5p \u0111e d\u1ecda t\u00ednh m\u1ea1ng (g\u1ecdi 911).<\/li>\n<li>Cung c\u1ea5p d\u1ecbch v\u1ee5 ch\u0103m s\u00f3c y t\u1ebf tr\u1ef1c ti\u1ebfp, c\u1ee9u h\u1ed9 ho\u1eb7c v\u1eadn chuy\u1ec3n.<\/li>\n<li>\u0110\u1ea3m b\u1ea3o nh\u00e0 \u1edf ho\u1eb7c h\u1ed7 tr\u1ee3 t\u00e0i ch\u00ednh nh\u01b0ng c\u00f3 th\u1ec3 k\u1ebft n\u1ed1i v\u1edbi c\u00e1c ch\u01b0\u01a1ng tr\u00ecnh hi\u1ec7n c\u00f3.<\/li>\n<li>Thay th\u1ebf c\u00e1c c\u1ea3nh b\u00e1o ch\u00ednh th\u1ee9c c\u1ee7a ch\u00ednh ph\u1ee7; thay v\u00e0o \u0111\u00f3, ch\u00fang t\u00f4i khu\u1ebfch \u0111\u1ea1i v\u00e0 li\u00ean k\u1ebft \u0111\u1ebfn ch\u00fang.<\/li>\n<\/ul>\n\t<h2>L\u00e0m c\u00e1ch n\u00e0o \u0111\u1ec3 th\u00eam t\u00e0i nguy\u00ean ho\u1eb7c danh s\u00e1ch v\u00e0o c\u01a1 s\u1edf d\u1eef li\u1ec7u?<\/h2>\n<p>C\u01a1 s\u1edf d\u1eef li\u1ec7u 211 ch\u1ee9a nhi\u1ec1u ch\u01b0\u01a1ng tr\u00ecnh ho\u1eb7c nhi\u1ec1u lo\u1ea1i kh\u00e1c nhau v\u00e0 n\u1ebfu b\u1ea1n c\u00f3 ch\u01b0\u01a1ng tr\u00ecnh \u0111\u1ec3 th\u00eam, vui l\u00f2ng s\u1eed d\u1ee5ng c\u1ed5ng th\u00f4ng tin nh\u00e0 cung c\u1ea5p c\u1ee7a ch\u00fang t\u00f4i, c\u1ed5ng n\u00e0y cho ph\u00e9p b\u1ea1n th\u00eam t\u00e0i nguy\u00ean m\u1edbi, c\u1eadp nh\u1eadt danh s\u00e1ch hi\u1ec7n c\u00f3 v\u00e0 h\u01a1n th\u1ebf n\u1eefa. D\u1ecbch v\u1ee5 n\u00e0y \u0111\u01b0\u1ee3c cung c\u1ea5p tr\u00ean to\u00e0n ti\u1ec3u bang, v\u00ec v\u1eady t\u1ea5t c\u1ea3 c\u00e1c h\u00f2n \u0111\u1ea3o \u0111\u1ec1u \u0111\u01b0\u1ee3c th\u1ec3 hi\u1ec7n trong c\u01a1 s\u1edf d\u1eef li\u1ec7u v\u00e0 trong d\u1eef li\u1ec7u.<\/p>\n\t\t\t<a href=\"https:\/\/auw211.org\/vi\/nha-cung-cap\/#new-agency\" target=\"_self\">\n\t\t\t\t\t\tTh\u00eam m\u1ed9t \u0111\u1ea1i l\u00fd m\u1edbi.\n\t\t\t\t\t<\/a>\n\t\t\t<a href=\"https:\/\/auw211.org\/vi\/nha-cung-cap\/#new-program\" target=\"_self\">\n\t\t\t\t\t\tTh\u00eam m\u1ed9t ch\u01b0\u01a1ng tr\u00ecnh m\u1edbi.\n\t\t\t\t\t<\/a>\n\t\t\t<a href=\"https:\/\/auw211.org\/vi\/nha-cung-cap\/#update-agency-program\" target=\"_self\">\n\t\t\t\t\t\t\u0110\u00e3 c\u1eadp nh\u1eadt \u0111\u1ea1i l\u00fd ho\u1eb7c ch\u01b0\u01a1ng tr\u00ecnh.\n\t\t\t\t\t<\/a>\n<h2>\n\t\t\tTin t\u1ee9c kh\u1ea9n c\u1ea5p\t<\/h2>\n\t\t\t<a href=\"\/vi\/category\/disaster-response\/\" target=\"_self\">\n\t\t\t\t\t\tXem th\u00eam\n\t\t\t\t\t<\/a>\n\t<h2>T\u00e0i nguy\u00ean nhanh<\/h2>\n<p>B\u1ea1n c\u1ea7n tr\u1ee3 gi\u00fap ngay b\u00e2y gi\u1edd? <strong>C\u00e1c ngu\u1ed3n l\u1ef1c ch\u00ednh th\u1ee9c n\u00e0y c\u00f3 th\u1ec3 k\u1ebft n\u1ed1i b\u1ea1n v\u1edbi c\u00e1c c\u1ea3nh b\u00e1o kh\u1ea9n c\u1ea5p, n\u01a1i tr\u00fa \u1ea9n v\u00e0 h\u1ed7 tr\u1ee3 trong khu v\u1ef1c c\u1ee7a b\u1ea1n.<\/strong><\/p>\n<blockquote><p><strong>G\u1ecdi 911<\/strong> cho c\u00e1c tr\u01b0\u1eddng h\u1ee3p kh\u1ea9n c\u1ea5p \u0111e d\u1ecda \u0111\u1ebfn t\u00ednh m\u1ea1ng. | <strong>Quay s\u1ed1 211<\/strong>\u00a0\u0111\u1ec3 \u0111\u01b0\u1ee3c tr\u1ee3 gi\u00fap kh\u00f4ng kh\u1ea9n c\u1ea5p v\u00e0 c\u00e1c ngu\u1ed3n l\u1ef1c \u0111\u1ecba ph\u01b0\u01a1ng.<\/p><\/blockquote>\n\t<h3>N\u01a1i tr\u00fa \u1ea9n v\u00e0 s\u01a1 t\u00e1n<\/h3>\n<p>Bi\u1ebft r\u00f5 tuy\u1ebfn \u0111\u01b0\u1eddng v\u00e0 v\u1ecb tr\u00ed tr\u00fa \u1ea9n tr\u01b0\u1edbc khi x\u1ea3y ra s\u1ef1 c\u1ed1. Chu\u1ea9n b\u1ecb b\u1ed9 d\u1ee5ng c\u1ee5 s\u01a1 c\u1ee9u 14 ng\u00e0y (n\u01b0\u1edbc, th\u1ee9c \u0103n, thu\u1ed1c men, t\u00e0i li\u1ec7u, \u0111i\u1ec7n\/\u0111\u00e8n, \u0111\u1ed3 v\u1ec7 sinh, \u0111\u1ed3 d\u00f9ng cho th\u00fa c\u01b0ng).<\/p>\n<p><strong>Nh\u1eefng g\u00ec c\u1ea7n mang theo khi \u0111\u1ebfn n\u01a1i tr\u00fa \u1ea9n:<\/strong> \u0111\u1ed3 che m\u1eb7t, \u0111\u1ed3 d\u00f9ng v\u1ec7 sinh, thu\u1ed1c men, gi\u1ea5y t\u1edd t\u00f9y th\u00e2n\/b\u1ea3o hi\u1ec3m, \u0111\u1ed3 \u0103n nh\u1eb9, qu\u1ea7n \u00e1o thay, \u0111\u1ed3 d\u00f9ng tho\u1ea3i m\u00e1i cho keiki v\u00e0 k\u016bpuna.<\/p>\n\t<h3>T\u00ecnh h\u00ecnh thi\u00ean tai v\u00e0 c\u1eadp nh\u1eadt<\/h3>\n<p>T\u00ecm c\u00e1c c\u1ea3nh b\u00e1o \u0111ang ho\u1ea1t \u0111\u1ed9ng, b\u1ea3n \u0111\u1ed3 s\u1ef1 c\u1ed1 v\u00e0 th\u00f4ng tin c\u1eadp nh\u1eadt ch\u00ednh th\u1ee9c. Trong qu\u00e1 tr\u00ecnh di\u1ec5n ra s\u1ef1 ki\u1ec7n, h\u00e3y x\u00e1c minh th\u00f4ng tin t\u1eeb c\u00e1c ngu\u1ed3n \u0111\u00e1ng tin c\u1eady.<\/p>\n<p><strong>Ngu\u1ed3n ch\u00ednh th\u1ee9c:<\/strong><\/p>\n\t<h3>Nh\u1eadn tr\u1ee3 gi\u00fap ngay<\/h3>","protected":false},"excerpt":{"rendered":"<p>B\u1ea1n \u0111\u00e3 s\u1eb5n s\u00e0ng khi thi\u00ean tai \u1eadp \u0111\u1ebfn ch\u01b0a? H\u00e3y \u0111\u1ec3 ch\u00fang t\u00f4i k\u1ebft n\u1ed1i b\u1ea1n v\u1edbi th\u00f4ng tin th\u1eddi gian th\u1ef1c, \u0111\u1ecba \u0111i\u1ec3m tr\u00fa \u1ea9n v\u00e0 c\u00e1c ngu\u1ed3n l\u1ef1c ph\u1ee5c h\u1ed3i tr\u01b0\u1edbc, trong v\u00e0 sau tr\u01b0\u1eddng h\u1ee3p kh\u1ea9n c\u1ea5p ho\u1eb7c thi\u00ean tai. N\u1ebfu b\u1ea1n \u0111ang g\u1eb7p nguy hi\u1ec3m ngay l\u1eadp t\u1ee9c, vui l\u00f2ng g\u1ecdi 911! \u0110\u1ed9ng \u0111\u1ea5t \u0110\u1ed9ng \u0111\u1ea5t c\u00f3 th\u1ec3 x\u1ea3y ra m\u00e0 kh\u00f4ng b\u00e1o tr\u01b0\u1edbc. Th\u1eddi \u0111i\u1ec3m d\u1ef1 ki\u1ebfn trong n\u0103m: B\u1ea5t k\u1ef3 l\u00fac n\u00e0o T\u00ecm hi\u1ec3u th\u00eam L\u0169 l\u1ee5t L\u0169 l\u1ee5t c\u00f3 th\u1ec3 x\u1ea3y ra\u2026<\/p>","protected":false},"author":1,"featured_media":0,"parent":0,"menu_order":0,"comment_status":"closed","ping_status":"closed","template":"","meta":{"footnotes":""},"class_list":["post-3964","page","type-page","status-publish","hentry"],"_links":{"self":[{"href":"https:\/\/auw211.org\/vi\/wp-json\/wp\/v2\/pages\/3964","targetHints":{"allow":["GET"]}}],"collection":[{"href":"https:\/\/auw211.org\/vi\/wp-json\/wp\/v2\/pages"}],"about":[{"href":"https:\/\/auw211.org\/vi\/wp-json\/wp\/v2\/types\/page"}],"author":[{"embeddable":true,"href":"https:\/\/auw211.org\/vi\/wp-json\/wp\/v2\/users\/1"}],"replies":[{"embeddable":true,"href":"https:\/\/auw211.org\/vi\/wp-json\/wp\/v2\/comments?post=3964"}],"version-history":[{"count":26,"href":"https:\/\/auw211.org\/vi\/wp-json\/wp\/v2\/pages\/3964\/revisions"}],"predecessor-version":[{"id":4254,"href":"https:\/\/auw211.org\/vi\/wp-json\/wp\/v2\/pages\/3964\/revisions\/4254"}],"wp:attachment":[{"href":"https:\/\/auw211.org\/vi\/wp-json\/wp\/v2\/media?parent=3964"}],"curies":[{"name":"wp","href":"https:\/\/api.w.org\/{rel}","templated":true}]}}