{"id":3146,"date":"2022-03-16T20:00:54","date_gmt":"2022-03-17T03:00:54","guid":{"rendered":"https:\/\/auw211.org\/?page_id=3146"},"modified":"2022-03-29T13:41:18","modified_gmt":"2022-03-29T20:41:18","slug":"tips-for-search","status":"publish","type":"page","link":"https:\/\/auw211.org\/vi\/meo-tim-kiem\/","title":{"rendered":"M\u1eb9o cho T\u00ecm ki\u1ebfm"},"content":{"rendered":"<h3>Th\u00eam t\u1eeb kh\u00f3a \u0111\u1ec3 nh\u1eadn \u0111\u01b0\u1ee3c nhi\u1ec1u k\u1ebft qu\u1ea3 ph\u00f9 h\u1ee3p h\u01a1n.<\/h3>\n<p>V\u00ed d\u1ee5: t\u00ecm ki\u1ebfm \u201c\u0111\u1ed3 \u0103n\u201d trong m\u00e3 zip 96804 c\u00f3 th\u1ec3 tr\u1ea3 v\u1ec1 162 k\u1ebft qu\u1ea3. T\u00ecm ki\u1ebfm \u201cc\u1eeda h\u00e0ng th\u1ef1c ph\u1ea9m\u201d trong c\u00f9ng m\u1ed9t m\u00e3 zip c\u00f3 th\u1ec3 tr\u1ea3 v\u1ec1 35 k\u1ebft qu\u1ea3.<\/p>\n\t<h3>S\u1eed d\u1ee5ng c\u00e1c \u0111\u1ec1 xu\u1ea5t th\u1ea3 xu\u1ed1ng.<\/h3>\n<p>Khi nh\u1eadp m\u1ed9t c\u1ee5m t\u1eeb t\u00ecm ki\u1ebfm, m\u1ed9t danh s\u00e1ch th\u1ea3 xu\u1ed1ng s\u1ebd xu\u1ea5t hi\u1ec7n b\u00ean d\u01b0\u1edbi c\u1ee5m t\u1eeb \u0111\u00f3. Vi\u1ec7c ch\u1ecdn m\u1ed9t trong nh\u1eefng \u0111\u1ec1 xu\u1ea5t n\u00e0y th\u01b0\u1eddng t\u1ea1o ra k\u1ebft qu\u1ea3 t\u1ed1t h\u01a1n so v\u1edbi m\u1ed9t t\u00ecm ki\u1ebfm t\u1eeb kh\u00f3a \u0111\u01a1n gi\u1ea3n.<\/p>\n\t<h3>L\u1ecdc k\u1ebft qu\u1ea3 theo khu v\u1ef1c \u0111\u1ecba ph\u01b0\u01a1ng c\u1ee7a b\u1ea1n.<\/h3>\n<p>Ch\u1ecdn v\u1ecb tr\u00ed m\u00e0 b\u1ea1n mu\u1ed1n t\u00ecm ki\u1ebfm. N\u1ebfu b\u1ea1n \u0111\u00e3 b\u1eadt d\u1ecbch v\u1ee5 v\u1ecb tr\u00ed tr\u00ean \u0111i\u1ec7n tho\u1ea1i ho\u1eb7c m\u00e1y t\u00ednh c\u1ee7a m\u00ecnh, v\u1ecb tr\u00ed s\u1ebd t\u1ef1 \u0111\u1ed9ng \u0111\u01b0\u1ee3c ch\u1ecdn cho b\u1ea1n. N\u1ebfu b\u1ea1n \u0111\u1ec3 tr\u1ed1ng tr\u01b0\u1eddng v\u1ecb tr\u00ed, n\u00f3 s\u1ebd bao g\u1ed3m to\u00e0n b\u1ed9 tr\u1ea1ng th\u00e1i.<\/p>\n\t<h3>Qu\u00e9t c\u00e1c t\u00e0i nguy\u00ean c\u00f3 s\u1eb5n theo danh m\u1ee5c.<\/h3>\n<p>B\u1ea1n c\u00f3 th\u1ec3 t\u00ecm ki\u1ebfm theo danh m\u1ee5c d\u1ecbch v\u1ee5 b\u1eb1ng c\u00e1ch ch\u1ecdn v\u1ecb tr\u00ed tr\u01b0\u1edbc ti\u00ean, sau \u0111\u00f3 nh\u1ea5p v\u00e0o li\u00ean k\u1ebft trong danh s\u00e1ch danh m\u1ee5c \u1edf cu\u1ed1i trang.<\/p>","protected":false},"excerpt":{"rendered":"<p>Th\u00eam t\u1eeb kh\u00f3a \u0111\u1ec3 nh\u1eadn \u0111\u01b0\u1ee3c nhi\u1ec1u k\u1ebft qu\u1ea3 ph\u00f9 h\u1ee3p h\u01a1n. V\u00ed d\u1ee5: t\u00ecm ki\u1ebfm \u201c\u0111\u1ed3 \u0103n\u201d trong m\u00e3 zip 96804 c\u00f3 th\u1ec3 tr\u1ea3 v\u1ec1 162 k\u1ebft qu\u1ea3. T\u00ecm ki\u1ebfm \u201cc\u1eeda h\u00e0ng th\u1ef1c ph\u1ea9m\u201d trong c\u00f9ng m\u1ed9t m\u00e3 zip c\u00f3 th\u1ec3 tr\u1ea3 v\u1ec1 35 k\u1ebft qu\u1ea3. S\u1eed d\u1ee5ng c\u00e1c \u0111\u1ec1 xu\u1ea5t th\u1ea3 xu\u1ed1ng. Khi nh\u1eadp m\u1ed9t c\u1ee5m t\u1eeb t\u00ecm ki\u1ebfm, m\u1ed9t danh s\u00e1ch th\u1ea3 xu\u1ed1ng s\u1ebd xu\u1ea5t hi\u1ec7n b\u00ean d\u01b0\u1edbi c\u1ee5m t\u1eeb \u0111\u00f3. Ch\u1ecdn m\u1ed9t trong nh\u1eefng\u2026<\/p>","protected":false},"author":1,"featured_media":3117,"parent":0,"menu_order":0,"comment_status":"closed","ping_status":"closed","template":"","meta":{"footnotes":""},"class_list":["post-3146","page","type-page","status-publish","has-post-thumbnail","hentry"],"_links":{"self":[{"href":"https:\/\/auw211.org\/vi\/wp-json\/wp\/v2\/pages\/3146","targetHints":{"allow":["GET"]}}],"collection":[{"href":"https:\/\/auw211.org\/vi\/wp-json\/wp\/v2\/pages"}],"about":[{"href":"https:\/\/auw211.org\/vi\/wp-json\/wp\/v2\/types\/page"}],"author":[{"embeddable":true,"href":"https:\/\/auw211.org\/vi\/wp-json\/wp\/v2\/users\/1"}],"replies":[{"embeddable":true,"href":"https:\/\/auw211.org\/vi\/wp-json\/wp\/v2\/comments?post=3146"}],"version-history":[{"count":5,"href":"https:\/\/auw211.org\/vi\/wp-json\/wp\/v2\/pages\/3146\/revisions"}],"predecessor-version":[{"id":3296,"href":"https:\/\/auw211.org\/vi\/wp-json\/wp\/v2\/pages\/3146\/revisions\/3296"}],"wp:featuredmedia":[{"embeddable":true,"href":"https:\/\/auw211.org\/vi\/wp-json\/wp\/v2\/media\/3117"}],"wp:attachment":[{"href":"https:\/\/auw211.org\/vi\/wp-json\/wp\/v2\/media?parent=3146"}],"curies":[{"name":"wp","href":"https:\/\/api.w.org\/{rel}","templated":true}]}}