{"id":3142,"date":"2022-03-16T19:42:48","date_gmt":"2022-03-17T02:42:48","guid":{"rendered":"https:\/\/auw211.org\/?page_id=3142"},"modified":"2024-12-17T10:52:53","modified_gmt":"2024-12-17T20:52:53","slug":"donate","status":"publish","type":"page","link":"https:\/\/auw211.org\/vi\/quyen-tang\/","title":{"rendered":"\u0110\u00f3ng g\u00f3p cho AUW 211"},"content":{"rendered":"<h1>Ch\u00fang t\u00f4i tin t\u01b0\u1edfng v\u00e0o s\u1ef1 gi\u00fap \u0111\u1ee1 c\u1ee7a c\u1eadu<\/h1>\n<p>D\u1ecbch v\u1ee5 quan tr\u1ecdng n\u00e0y \u0111\u01b0\u1ee3c th\u1ef1c hi\u1ec7n th\u00f4ng qua c\u00e1c kho\u1ea3n t\u00e0i tr\u1ee3 v\u00e0 \u0111\u00f3ng g\u00f3p. Kh\u00f4ng c\u00f3 d\u1ecbch v\u1ee5 n\u00e0o kh\u00e1c gi\u1ed1ng nh\u01b0 d\u1ecbch v\u1ee5 n\u00e0y d\u00e0nh cho ng\u01b0\u1eddi d\u00e2n Hawaii. N\u00f3 l\u00e0 <strong>kh\u00f4ng ph\u1ea3i d\u1ecbch v\u1ee5 c\u1ee7a ch\u00ednh ph\u1ee7<\/strong> v\u00e0 \u0111\u00f3ng vai tr\u00f2 l\u00e0 c\u1ea7u n\u1ed1i gi\u1eefa con ng\u01b0\u1eddi v\u00e0 c\u00e1c ngu\u1ed3n l\u1ef1c trong c\u1ed9ng \u0111\u1ed3ng c\u1ee7a ch\u00fang t\u00f4i.<\/p>\n<p>\u0110\u01b0\u1eddng d\u00e2y tr\u1ee3 gi\u00fap 211 c\u1ee7a AUW c\u0169ng t\u1ea1o ra d\u1eef li\u1ec7u th\u1eddi gian th\u1ef1c gi\u00fap \u0111\u01b0a ra c\u00e1c quy\u1ebft \u0111\u1ecbnh ch\u00ednh s\u00e1ch v\u00e0 \u0111\u00e1p \u1ee9ng nhu c\u1ea7u c\u1ee7a c\u1ed9ng \u0111\u1ed3ng. D\u1ecbch v\u1ee5 n\u00e0y l\u00e0 m\u1ed9t ngu\u1ed3n t\u00e0i nguy\u00ean kh\u00f4ng gi\u1ed1ng ai.<\/p>\n<p>Mahalo v\u00ec s\u1ef1 \u0111\u00f3ng g\u00f3p c\u1ee7a b\u1ea1n!<\/p>\n\t\t\t<a href=\"https:\/\/ignite.stratuslive.com\/auw\/get-involved\/donate\/211?utm_source=auw211.org&#038;utm_medium=button&#038;utm_campaign=general&#038;utm_id=2024&#038;utm_term=donate&#038;utm_content=donate_webpage\" target=\"_blank\" rel=\"noopener\">\n\t\t\t\t\t\tQuy\u00ean g\u00f3p ngay h\u00f4m nay\n\t\t\t\t\t<\/a>\n\t<iframe loading=\"lazy\" title=\"C\u00e2u chuy\u1ec7n th\u1ee9 211 - Video chi\u1ebfn d\u1ecbch n\u0103m 2021\" width=\"500\" height=\"281\" src=\"https:\/\/www.youtube.com\/embed\/6x6j7voljqw?start=4&#038;feature=oembed\" frameborder=\"0\" allow=\"accelerometer; autoplay; clipboard-write; encrypted-media; gyroscope; picture-in-picture; web-share\" referrerpolicy=\"strict-origin-when-cross-origin\" allowfullscreen><\/iframe>","protected":false},"excerpt":{"rendered":"<p>Ch\u00fang t\u00f4i tin c\u1eady v\u00e0o s\u1ef1 h\u1ed7 tr\u1ee3 c\u1ee7a b\u1ea1n D\u1ecbch v\u1ee5 quan tr\u1ecdng n\u00e0y \u0111\u01b0\u1ee3c th\u1ef1c hi\u1ec7n th\u00f4ng qua c\u00e1c kho\u1ea3n t\u00e0i tr\u1ee3 v\u00e0 quy\u00ean g\u00f3p. Kh\u00f4ng c\u00f3 d\u1ecbch v\u1ee5 n\u00e0o kh\u00e1c gi\u1ed1ng nh\u01b0 v\u1eady d\u00e0nh cho ng\u01b0\u1eddi d\u00e2n Hawaii. \u0110\u00e2y kh\u00f4ng ph\u1ea3i l\u00e0 d\u1ecbch v\u1ee5 c\u1ee7a ch\u00ednh ph\u1ee7 v\u00e0 \u0111\u00f3ng vai tr\u00f2 l\u00e0 c\u1ea7u n\u1ed1i gi\u1eefa ng\u01b0\u1eddi d\u00e2n v\u00e0 c\u00e1c ngu\u1ed3n l\u1ef1c trong c\u1ed9ng \u0111\u1ed3ng c\u1ee7a ch\u00fang ta. \u0110\u01b0\u1eddng d\u00e2y tr\u1ee3 gi\u00fap 211 c\u1ee7a AUW c\u0169ng t\u1ea1o ra d\u1eef li\u1ec7u th\u1eddi gian th\u1ef1c gi\u00fap\u2026<\/p>","protected":false},"author":1,"featured_media":0,"parent":0,"menu_order":0,"comment_status":"closed","ping_status":"closed","template":"","meta":{"footnotes":""},"class_list":["post-3142","page","type-page","status-publish","hentry"],"_links":{"self":[{"href":"https:\/\/auw211.org\/vi\/wp-json\/wp\/v2\/pages\/3142","targetHints":{"allow":["GET"]}}],"collection":[{"href":"https:\/\/auw211.org\/vi\/wp-json\/wp\/v2\/pages"}],"about":[{"href":"https:\/\/auw211.org\/vi\/wp-json\/wp\/v2\/types\/page"}],"author":[{"embeddable":true,"href":"https:\/\/auw211.org\/vi\/wp-json\/wp\/v2\/users\/1"}],"replies":[{"embeddable":true,"href":"https:\/\/auw211.org\/vi\/wp-json\/wp\/v2\/comments?post=3142"}],"version-history":[{"count":11,"href":"https:\/\/auw211.org\/vi\/wp-json\/wp\/v2\/pages\/3142\/revisions"}],"predecessor-version":[{"id":3906,"href":"https:\/\/auw211.org\/vi\/wp-json\/wp\/v2\/pages\/3142\/revisions\/3906"}],"wp:attachment":[{"href":"https:\/\/auw211.org\/vi\/wp-json\/wp\/v2\/media?parent=3142"}],"curies":[{"name":"wp","href":"https:\/\/api.w.org\/{rel}","templated":true}]}}