{"id":3055,"date":"2022-01-14T11:30:50","date_gmt":"2022-01-14T19:30:50","guid":{"rendered":"https:\/\/auw211.org\/?page_id=3055"},"modified":"2025-10-24T16:13:26","modified_gmt":"2025-10-25T02:13:26","slug":"providers","status":"publish","type":"page","link":"https:\/\/auw211.org\/vi\/nha-cung-cap\/","title":{"rendered":"C\u00e1c nh\u00e0 cung c\u1ea5p"},"content":{"rendered":"<h1>Ch\u00fang t\u00f4i l\u00e0 m\u1ed9t tr\u00ecnh k\u1ebft n\u1ed1i<\/h1>\n<p>Cho d\u00f9 t\u1ed5 ch\u1ee9c c\u1ee7a b\u1ea1n l\u00e0 nh\u00e0 cung c\u1ea5p d\u1ecbch v\u1ee5 y t\u1ebf v\u00e0 con ng\u01b0\u1eddi \u0111\u01b0\u1ee3c c\u00f4ng nh\u1eadn hay m\u1ed9t t\u1ed5 ch\u1ee9c nh\u1ecf d\u1ef1a v\u00e0o c\u1ed9ng \u0111\u1ed3ng cung c\u1ea5p h\u1ed7 tr\u1ee3 c\u01a1 b\u1ea3n \u1edf Hawai&#039;i, \u0110\u01b0\u1eddng d\u00e2y tr\u1ee3 gi\u00fap 211 c\u1ee7a AUW c\u00f3 th\u1ec3 gi\u00fap k\u1ebft n\u1ed1i nh\u1eefng ng\u01b0\u1eddi c\u00f3 nhu c\u1ea7u v\u1edbi c\u00e1c ngu\u1ed3n l\u1ef1c c\u1ee7a b\u1ea1n. Ch\u00fang t\u00f4i c\u0169ng c\u00f3 th\u1ec3 gi\u00fap gi\u1edbi thi\u1ec7u c\u00e1c th\u00e0nh vi\u00ean c\u1ed9ng \u0111\u1ed3ng \u0111\u1ebfn c\u00e1c ngu\u1ed3n b\u1ed5 sung.<\/p>\n\t\t<h3>Ch\u00ednh s\u00e1ch Bao g\u1ed3m \/ Lo\u1ea1i tr\u1eeb<\/h3>\n\t\t<p>T\u1ea5t c\u1ea3 c\u00e1c nh\u00e0 cung c\u1ea5p d\u1ecbch v\u1ee5 hi\u1ec7n t\u1ea1i v\u00e0 ti\u1ec1m n\u0103ng n\u00ean xem x\u00e9t <a href=\"https:\/\/auw211.org\/wp-content\/uploads\/2024\/03\/AUW-211-Inclusion-Document-2024-02-29.pdf\">Ch\u00ednh s\u00e1ch Bao g\u1ed3m \/ Lo\u1ea1i tr\u1eeb<\/a>. Ch\u00ednh s\u00e1ch n\u00eau r\u00f5 t\u00ednh \u0111\u1ee7 \u0111i\u1ec1u ki\u1ec7n cho danh s\u00e1ch ch\u01b0\u01a1ng tr\u00ecnh v\u00e0 d\u1ecbch v\u1ee5. Vui l\u00f2ng xem l\u1ea1i ch\u00ednh s\u00e1ch tr\u01b0\u1edbc khi g\u1eedi c\u00e1c d\u1ecbch v\u1ee5 ho\u1eb7c danh s\u00e1ch m\u1edbi.<\/p>\n\t\t\t<a href=\"https:\/\/auw211.org\/wp-content\/uploads\/2024\/03\/AUW-211-Inclusion-Document-2024-02-29.pdf\" target=\"_blank\" rel=\"noopener\">\n\t\t\t\t\t\t\u0110\u00e1nh gi\u00e1 ch\u00ednh s\u00e1ch\n\t\t\t\t\t<\/a>\n\t\t<h2><a href=\"https:\/\/auw211.org\/vi\/s\/agency-info-form\/\" target=\"_blank\"  rel=\"noopener\">\u0110\u1ea1i l\u00fd m\u1edbi<\/a><\/h2>N\u1ebfu b\u1ea1n ch\u01b0a bao gi\u1edd li\u1ec7t k\u00ea t\u00e0i nguy\u00ean tr\u01b0\u1edbc \u0111\u00e2y, vui l\u00f2ng<strong> b\u1eaft \u0111\u1ea7u \u1edf \u0111\u00e2y<\/strong>.<br \/>\nB\u1ea1n s\u1ebd c\u1ea7n th\u00eam \u0111\u1ea1i l\u00fd c\u1ee7a m\u00ecnh tr\u01b0\u1edbc khi th\u00eam ho\u1eb7c c\u1eadp nh\u1eadt ch\u01b0\u01a1ng tr\u00ecnh.\n\t\t\t<a href=\"https:\/\/auw211.org\/vi\/s\/agency-info-form\/\" target=\"_blank\" rel=\"noopener\">\n\t\t\t\t\t\tTh\u00eam \u0111\u1ea1i l\u00fd\n\t\t\t\t\t<\/a>\n\t\t<h2><a href=\"https:\/\/auw211.org\/vi\/s\/login\/\" target=\"_blank\"  rel=\"noopener\">C\u1eadp nh\u1eadt \u0111\u1ea1i l\u00fd hi\u1ec7n c\u00f3 ho\u1eb7c ch\u01b0\u01a1ng tr\u00ecnh hi\u1ec7n c\u00f3<\/a><\/h2>C\u1eadp nh\u1eadt \u0111\u1ea1i l\u00fd, trang web ho\u1eb7c ch\u01b0\u01a1ng tr\u00ecnh hi\u1ec7n c\u00f3.<br \/>\nN\u1ebfu b\u1ea1n \u0111\u00e3 c\u00f3 t\u00e0i kho\u1ea3n, h\u00e3y \u0111\u0103ng nh\u1eadp t\u1ea1i \u0111\u00e2y.\n\t\t\t<a href=\"https:\/\/auw211.org\/vi\/s\/login\/\" target=\"_blank\" rel=\"noopener\">\n\t\t\t\t\t\t\u0110\u0103ng nh\u1eadp \u0111\u1ec3 ch\u1ec9nh s\u1eeda\n\t\t\t\t\t<\/a>\n\tM\u1ecdi th\u1eafc m\u1eafc ho\u1eb7c th\u00f4ng tin b\u1ed5 sung, vui l\u00f2ng li\u00ean h\u1ec7:<br \/>\nSai, Gi\u00e1m s\u00e1t ch\u01b0\u01a1ng tr\u00ecnh 211, t\u1ea1i<br \/>\n<a href=\"tel:+18085432262\">808-543-2262<\/a> ho\u1eb7c <a href=\"mailto:sai@auw.org\">sai@auw.org<\/a>.<br \/>\nMahalo!\n\t<h2>Y\u00eau c\u1ea7u t\u00e0i li\u1ec7u h\u1ed7 tr\u1ee3 211<\/h2>\n<p>N\u1ebfu b\u1ea1n mu\u1ed1n c\u00f3 \u00e1p ph\u00edch qu\u1ea3ng c\u00e1o ho\u1eb7c th\u00f4ng tin \u0111\u1ec3 cung c\u1ea5p ho\u1eb7c \u0111\u0103ng cho c\u00f4ng ch\u00fang, ch\u00fang t\u00f4i r\u1ea5t vui l\u00f2ng gi\u00fap \u0111\u1ee1. Y\u00eau c\u1ea7u th\u00f4ng tin &amp; \u00e1p ph\u00edch gi\u1edbi thi\u1ec7u ho\u1eb7c t\u1edd r\u01a1i b\u1eb1ng c\u00e1ch g\u1eedi email <a href=\"mailto:sai@auw.org\">sai@auw.org<\/a>.<\/p>\n<ul>\n<li><a href=\"https:\/\/auw211.org\/vi\/211-Flyer\/\" target=\"_blank\" rel=\"noopener\">T\u1edd r\u01a1i th\u00f4ng tin AUW 211 (8.5\u00d711)<\/a><\/li>\n<\/ul>\n\t\t\t\t<img decoding=\"async\" src=\"https:\/\/auw211.org\/wp-content\/uploads\/2022\/03\/Aloha-Harvest-1-scaled.jpg\" alt=\"Aloha Harvest-1\" itemprop=\"image\" height=\"1707\" width=\"2560\" title=\"Aloha Harvest-1\" onerror=\"this.style.display='none'\" loading=\"lazy\" \/>","protected":false},"excerpt":{"rendered":"<p>Ch\u00fang t\u00f4i l\u00e0 Ng\u01b0\u1eddi k\u1ebft n\u1ed1i Cho d\u00f9 t\u1ed5 ch\u1ee9c c\u1ee7a b\u1ea1n l\u00e0 nh\u00e0 cung c\u1ea5p d\u1ecbch v\u1ee5 s\u1ee9c kh\u1ecfe v\u00e0 con ng\u01b0\u1eddi \u0111\u01b0\u1ee3c c\u00f4ng nh\u1eadn hay m\u1ed9t t\u1ed5 ch\u1ee9c nh\u1ecf d\u1ef1a v\u00e0o c\u1ed9ng \u0111\u1ed3ng cung c\u1ea5p h\u1ed7 tr\u1ee3 c\u01a1 b\u1ea3n \u1edf Hawai&#039;i, \u0110\u01b0\u1eddng d\u00e2y tr\u1ee3 gi\u00fap 211 c\u1ee7a AUW c\u00f3 th\u1ec3 gi\u00fap k\u1ebft n\u1ed1i nh\u1eefng ng\u01b0\u1eddi c\u00f3 nhu c\u1ea7u v\u1edbi c\u00e1c ngu\u1ed3n l\u1ef1c c\u1ee7a b\u1ea1n. Ch\u00fang t\u00f4i c\u0169ng c\u00f3 th\u1ec3 gi\u00fap gi\u1edbi thi\u1ec7u c\u00e1c th\u00e0nh vi\u00ean c\u1ed9ng \u0111\u1ed3ng \u0111\u1ebfn c\u00e1c ngu\u1ed3n b\u1ed5 sung. Ch\u00ednh s\u00e1ch Bao g\u1ed3m \/ Lo\u1ea1i tr\u1eeb T\u1ea5t c\u1ea3 hi\u1ec7n c\u00f3 v\u00e0 ti\u1ec1m n\u0103ng\u2026<\/p>","protected":false},"author":1,"featured_media":3113,"parent":0,"menu_order":0,"comment_status":"closed","ping_status":"closed","template":"","meta":{"footnotes":""},"class_list":["post-3055","page","type-page","status-publish","has-post-thumbnail","hentry"],"_links":{"self":[{"href":"https:\/\/auw211.org\/vi\/wp-json\/wp\/v2\/pages\/3055","targetHints":{"allow":["GET"]}}],"collection":[{"href":"https:\/\/auw211.org\/vi\/wp-json\/wp\/v2\/pages"}],"about":[{"href":"https:\/\/auw211.org\/vi\/wp-json\/wp\/v2\/types\/page"}],"author":[{"embeddable":true,"href":"https:\/\/auw211.org\/vi\/wp-json\/wp\/v2\/users\/1"}],"replies":[{"embeddable":true,"href":"https:\/\/auw211.org\/vi\/wp-json\/wp\/v2\/comments?post=3055"}],"version-history":[{"count":37,"href":"https:\/\/auw211.org\/vi\/wp-json\/wp\/v2\/pages\/3055\/revisions"}],"predecessor-version":[{"id":4116,"href":"https:\/\/auw211.org\/vi\/wp-json\/wp\/v2\/pages\/3055\/revisions\/4116"}],"wp:featuredmedia":[{"embeddable":true,"href":"https:\/\/auw211.org\/vi\/wp-json\/wp\/v2\/media\/3113"}],"wp:attachment":[{"href":"https:\/\/auw211.org\/vi\/wp-json\/wp\/v2\/media?parent=3055"}],"curies":[{"name":"wp","href":"https:\/\/api.w.org\/{rel}","templated":true}]}}