{"id":3052,"date":"2022-01-13T16:33:28","date_gmt":"2022-01-14T00:33:28","guid":{"rendered":"https:\/\/auw211.org\/?page_id=3052"},"modified":"2023-02-15T15:21:24","modified_gmt":"2023-02-16T01:21:24","slug":"frequently-asked-questions","status":"publish","type":"page","link":"https:\/\/auw211.org\/vi\/cac-cau-hoi-thuong-gap\/","title":{"rendered":"C\u00e1c c\u00e2u h\u1ecfi th\u01b0\u1eddng g\u1eb7p"},"content":{"rendered":"<h3>Cu\u1ed9c g\u1ecdi c\u1ee7a t\u00f4i c\u00f3 \u0111\u01b0\u1ee3c b\u1ea3o m\u1eadt kh\u00f4ng?<\/h3>\n<p>B\u1ea5t k\u1ef3 ai li\u00ean h\u1ec7 v\u1edbi \u0110\u01b0\u1eddng d\u00e2y tr\u1ee3 gi\u00fap 211 c\u1ee7a AUWs \u0111\u1ec1u \u0111\u01b0\u1ee3c y\u00eau c\u1ea7u cung c\u1ea5p m\u00e3 zip, tu\u1ed5i v\u00e0 gi\u1edbi t\u00ednh. C\u00e1c Chuy\u00ean gia c\u1ee7a ch\u00fang t\u00f4i s\u1eed d\u1ee5ng th\u00f4ng tin n\u00e0y \u0111\u1ec3 t\u00ecm ki\u1ebfm c\u00e1c t\u00e0i nguy\u00ean d\u1ec5 ti\u1ebfp c\u1eadn nh\u1ea5t v\u00e0 c\u00f3 s\u1eb5n cho c\u00e1c nh\u00f3m tu\u1ed5i v\u00e0 gi\u1edbi t\u00ednh c\u1ee5 th\u1ec3. Kh\u00f4ng c\u00f3 th\u00f4ng tin n\u00e0o thu th\u1eadp \u0111\u01b0\u1ee3c s\u1ebd \u0111\u01b0\u1ee3c s\u1eed d\u1ee5ng \u0111\u1ec3 nh\u1eadn d\u1ea1ng b\u1ea1n.<\/p>\n<p>M\u1ed9t s\u1ed1 c\u00e1 nh\u00e2n c\u00f3 th\u1ec3 \u0111\u01b0\u1ee3c y\u00eau c\u1ea7u cung c\u1ea5p th\u00eam th\u00f4ng tin. V\u00ed d\u1ee5: khi y\u00eau c\u1ea7u th\u00f4ng tin cho <strong>SNAP<\/strong> t\u00ednh \u0111\u1ee7 \u0111i\u1ec1u ki\u1ec7n h\u01b0\u1edfng l\u1ee3i v\u00e0 cho nh\u1eefng ng\u01b0\u1eddi \u0111\u1ed3ng \u00fd v\u1edbi <strong>M\u00e0n h\u00ecnh tr\u01b0\u1edbc SNAP<\/strong>, th\u00f4ng tin b\u1ed5 sung \u0111\u01b0\u1ee3c y\u00eau c\u1ea7u. Trong nh\u1eefng tr\u01b0\u1eddng h\u1ee3p nh\u01b0 v\u1eady, ch\u00fang t\u00f4i s\u1ebd y\u00eau c\u1ea7u s\u1ef1 \u0111\u1ed3ng \u00fd c\u1ee7a b\u1ea1n v\u00e0 thu th\u1eadp th\u00eam th\u00f4ng tin, ch\u1eb3ng h\u1ea1n nh\u01b0 t\u00ean v\u00e0 tu\u1ed5i c\u1ee7a c\u00e1c th\u00e0nh vi\u00ean trong gia \u0111\u00ecnh. Ch\u00fang t\u00f4i th\u1ef1c hi\u1ec7n m\u1ecdi bi\u1ec7n ph\u00e1p ph\u00f2ng ng\u1eeba \u0111\u1ec3 b\u1ea3o v\u1ec7 th\u00f4ng tin c\u00e1 nh\u00e2n c\u1ee7a b\u1ea1n v\u00e0 s\u1ebd kh\u00f4ng bao gi\u1edd chia s\u1ebb th\u00f4ng tin \u0111\u00f3 m\u00e0 kh\u00f4ng c\u00f3 s\u1ef1 \u0111\u1ed3ng \u00fd r\u00f5 r\u00e0ng c\u1ee7a b\u1ea1n.<\/p>\n\t<h3>\u0110i\u1ec1u g\u00ec x\u1ea3y ra v\u1edbi th\u00f4ng tin c\u00e1 nh\u00e2n c\u1ee7a t\u00f4i?<\/h3>\n<p>Th\u00f4ng tin c\u1ee7a b\u1ea1n \u0111\u01b0\u1ee3c thu th\u1eadp \u0111\u1ec3 \u0111\u1ea3m b\u1ea3o b\u1ea1n nh\u1eadn \u0111\u01b0\u1ee3c s\u1ef1 h\u1ed7 tr\u1ee3 t\u1ed1t nh\u1ea5t c\u00f3 th\u1ec3. M\u1ecdi th\u1ee9 b\u1ea1n chia s\u1ebb v\u1edbi 211 Specialists ho\u1eb7c tr\u00ean trang web an to\u00e0n c\u1ee7a ch\u00fang t\u00f4i \u0111\u1ec1u \u0111\u01b0\u1ee3c b\u1ea3o m\u1eadt ho\u00e0n to\u00e0n. Ch\u00fang t\u00f4i kh\u00f4ng chia s\u1ebb th\u00f4ng tin nh\u1eadn d\u1ea1ng v\u1edbi b\u1ea5t k\u1ef3 b\u00ean ngo\u00e0i n\u00e0o.<\/p>\n\t<h3>T\u00f4i c\u00f3 th\u1ec3 t\u00ecm th\u1ea5y bao nhi\u00eau d\u1ecbch v\u1ee5 trong c\u01a1 s\u1edf d\u1eef li\u1ec7u?<\/h3>\n<p>Aloha United Way&#039;s 211 l\u00e0 trung t\u00e2m cho c\u00e1c d\u1ecbch v\u1ee5 x\u00e3 h\u1ed9i \u1edf Hawai&#039;i. C\u00f3 h\u01a1n 4.000 t\u00e0i nguy\u00ean d\u1ecbch v\u1ee5 \u0111\u1ecba ph\u01b0\u01a1ng \u0111\u01b0\u1ee3c li\u1ec7t k\u00ea trong c\u01a1 s\u1edf d\u1eef li\u1ec7u c\u1ee7a ch\u00fang t\u00f4i. T\u1ea5t c\u1ea3 c\u00e1c danh s\u00e1ch \u0111\u01b0\u1ee3c t\u1ea1o th\u00e0nh t\u1eeb c\u00e1c d\u1ecbch v\u1ee5 y t\u1ebf, x\u00e3 h\u1ed9i, t\u1ed5 ch\u1ee9c phi l\u1ee3i nhu\u1eadn v\u00e0 ch\u00ednh ph\u1ee7 - kh\u00f4ng c\u00f3 danh s\u00e1ch th\u01b0\u01a1ng m\u1ea1i ho\u1eb7c c\u00e1 nh\u00e2n n\u00e0o trong c\u01a1 s\u1edf d\u1eef li\u1ec7u c\u1ee7a ch\u00fang t\u00f4i. Danh s\u00e1ch lu\u00f4n ph\u00e1t tri\u1ec3n v\u00e0 t\u1ea5t c\u1ea3 c\u00e1c h\u00f2n \u0111\u1ea3o \u0111\u1ec1u \u0111\u01b0\u1ee3c \u0111\u1ea1i di\u1ec7n.<\/p>\n\t<h3>N\u1ebfu t\u00f4i kh\u00f4ng s\u1ed1ng tr\u00ean Oahu th\u00ec sao?<\/h3>\n<p>C\u01a1 s\u1edf d\u1eef li\u1ec7u c\u1ee7a ch\u00fang t\u00f4i bao g\u1ed3m c\u00e1c t\u00e0i nguy\u00ean cho t\u1ea5t c\u1ea3 c\u00e1c Qu\u1ea7n \u0111\u1ea3o Hawaii. Nh\u1eadp m\u00e3 zip c\u1ee7a b\u1ea1n \u0111\u1ec3 t\u00ecm hi\u1ec3u v\u1ec1 c\u00e1c t\u00e0i nguy\u00ean g\u1ea7n b\u1ea1n.<\/p>\n<p>Khi b\u1ea1n quay s\u1ed1 211, b\u1ea1n s\u1ebd \u0111\u01b0\u1ee3c k\u1ebft n\u1ed1i v\u1edbi \u0111\u1ea1i l\u00fd 211 theo m\u00e3 v\u00f9ng c\u1ee7a b\u1ea1n. N\u1ebfu b\u1ea1n \u0111ang \u1edf ngo\u00e0i Hawai&#039;i, h\u00e3y g\u1ecdi <a href=\"\/vi\/\u0111i\u1ec7n tho\u1ea1i: 18772756569\/\">877-275-6569<\/a>, ch\u00fang t\u00f4i s\u1ebd s\u1eb5n l\u00f2ng h\u1ed7 tr\u1ee3 b\u1ea1n k\u1ebft n\u1ed1i v\u1edbi trung t\u00e2m 211 g\u1ea7n b\u1ea1n.<\/p>\n\t<h3>T\u00f4i n\u00f3i ti\u1ebfng Anh kh\u00f4ng t\u1ed1t. T\u00f4i v\u1eabn c\u00f3 th\u1ec3 g\u1ecdi s\u1ed1 211 ch\u1ee9?<\/h3>\n<p>\u0110\u00fang! Ch\u00fang t\u00f4i c\u00f3 m\u1ed9t nh\u00e0 cung c\u1ea5p d\u1ecbch v\u1ee5 vi\u1ec5n th\u00f4ng c\u00f3 th\u1ec3 cung c\u1ea5p d\u1ecbch v\u1ee5 th\u00f4ng d\u1ecbch tr\u1ef1c ti\u1ebfp b\u1eb1ng h\u01a1n 150 ng\u00f4n ng\u1eef.<\/p>\n\t<h3>C\u00e1ch t\u1ed1t nh\u1ea5t \u0111\u1ec3 li\u00ean l\u1ea1c v\u1edbi 211 l\u00e0 g\u00ec?<\/h3>\n<p>B\u1ea5t k\u1ef3 t\u00f9y ch\u1ecdn n\u00e0o b\u00ean d\u01b0\u1edbi s\u1ebd cung c\u1ea5p cho b\u1ea1n quy\u1ec1n truy c\u1eadp \u0111\u1ec3 tr\u1ee3 gi\u00fap.<\/p>\nG\u1ecdi \u0111i\u1ec7n: <a href=\"\/vi\/\u0111i\u1ec7n tho\u1ea1i: 211\/\">211<\/a><br>\nTr\u00f2 chuy\u1ec7n: <a href=\"https:\/\/home-c19.incontact.com\/inContact\/ChatClient\/ChatClient.aspx?poc=75782264-8644-4c11-ab70-28eb11c497e9&amp;bu=4595725\" target=\"_blank\" rel=\"noopener\">M\u1edf c\u1eeda s\u1ed5 tr\u00f2 chuy\u1ec7n<\/a>.<br>\nE-mail: <a href=\"https:\/\/auw211.org\/vi\/tiep-xuc\/\">\u0110i\u1ec1n v\u00e0o m\u1eabu email c\u1ee7a ch\u00fang t\u00f4i<\/a>.<br>\nV\u0103n b\u1ea3n: G\u1eedi m\u00e3 zip c\u1ee7a b\u1ea1n t\u1edbi <a href=\"sms:18772756569\">877-275-6569<\/a>.<br>\nTrang m\u1ea1ng: <a href=\"https:\/\/search.auw211.org\" target=\"_blank\" rel=\"noopener\">T\u00ecm ki\u1ebfm th\u01b0 m\u1ee5c tr\u1ef1c tuy\u1ebfn c\u1ee7a ch\u00fang t\u00f4i<\/a>.","protected":false},"excerpt":{"rendered":"<p>Cu\u1ed9c g\u1ecdi c\u1ee7a t\u00f4i c\u00f3 \u0111\u01b0\u1ee3c b\u1ea3o m\u1eadt kh\u00f4ng? B\u1ea5t k\u1ef3 ai li\u00ean h\u1ec7 v\u1edbi \u0110\u01b0\u1eddng d\u00e2y tr\u1ee3 gi\u00fap 211 c\u1ee7a AUWs \u0111\u1ec1u \u0111\u01b0\u1ee3c y\u00eau c\u1ea7u cung c\u1ea5p m\u00e3 zip, tu\u1ed5i v\u00e0 gi\u1edbi t\u00ednh. C\u00e1c Chuy\u00ean gia c\u1ee7a ch\u00fang t\u00f4i s\u1eed d\u1ee5ng th\u00f4ng tin n\u00e0y \u0111\u1ec3 t\u00ecm ki\u1ebfm c\u00e1c t\u00e0i nguy\u00ean d\u1ec5 ti\u1ebfp c\u1eadn nh\u1ea5t v\u00e0 c\u00f3 s\u1eb5n cho c\u00e1c nh\u00f3m tu\u1ed5i v\u00e0 gi\u1edbi t\u00ednh c\u1ee5 th\u1ec3. Kh\u00f4ng c\u00f3 th\u00f4ng tin n\u00e0o thu th\u1eadp \u0111\u01b0\u1ee3c s\u1ebd \u0111\u01b0\u1ee3c s\u1eed d\u1ee5ng \u0111\u1ec3 nh\u1eadn d\u1ea1ng b\u1ea1n. M\u1ed9t s\u1ed1 c\u00e1 nh\u00e2n c\u00f3 th\u1ec3 \u0111\u01b0\u1ee3c h\u1ecfi\u2026<\/p>","protected":false},"author":1,"featured_media":3271,"parent":0,"menu_order":0,"comment_status":"closed","ping_status":"closed","template":"","meta":{"footnotes":""},"class_list":["post-3052","page","type-page","status-publish","has-post-thumbnail","hentry"],"_links":{"self":[{"href":"https:\/\/auw211.org\/vi\/wp-json\/wp\/v2\/pages\/3052","targetHints":{"allow":["GET"]}}],"collection":[{"href":"https:\/\/auw211.org\/vi\/wp-json\/wp\/v2\/pages"}],"about":[{"href":"https:\/\/auw211.org\/vi\/wp-json\/wp\/v2\/types\/page"}],"author":[{"embeddable":true,"href":"https:\/\/auw211.org\/vi\/wp-json\/wp\/v2\/users\/1"}],"replies":[{"embeddable":true,"href":"https:\/\/auw211.org\/vi\/wp-json\/wp\/v2\/comments?post=3052"}],"version-history":[{"count":7,"href":"https:\/\/auw211.org\/vi\/wp-json\/wp\/v2\/pages\/3052\/revisions"}],"predecessor-version":[{"id":3291,"href":"https:\/\/auw211.org\/vi\/wp-json\/wp\/v2\/pages\/3052\/revisions\/3291"}],"wp:featuredmedia":[{"embeddable":true,"href":"https:\/\/auw211.org\/vi\/wp-json\/wp\/v2\/media\/3271"}],"wp:attachment":[{"href":"https:\/\/auw211.org\/vi\/wp-json\/wp\/v2\/media?parent=3052"}],"curies":[{"name":"wp","href":"https:\/\/api.w.org\/{rel}","templated":true}]}}