{"id":27,"date":"2019-04-05T20:40:59","date_gmt":"2019-04-05T20:40:59","guid":{"rendered":"https:\/\/auw211.org\/?page_id=27"},"modified":"2025-03-31T14:32:21","modified_gmt":"2025-04-01T00:32:21","slug":"contact","status":"publish","type":"page","link":"https:\/\/auw211.org\/vi\/tiep-xuc\/","title":{"rendered":"Ti\u1ebfp x\u00fac"},"content":{"rendered":"<h2>\n\t\t211 Li\u00ean h\u1ec7 &amp; Gi\u1edd l\u00e0m vi\u1ec7c\n\t<\/h2>\n\t<p><strong>211 Chuy\u00ean gia ngu\u1ed3n l\u1ef1c c\u1ed9ng \u0111\u1ed3ng<\/strong> hi\u1ec7n c\u00f3 s\u1eb5n 7 ng\u00e0y m\u1ed9t tu\u1ea7n, 7 gi\u1edd s\u00e1ng - 10 gi\u1edd t\u1ed1i, th\u00f4ng qua c\u00e1c cu\u1ed9c g\u1ecdi \u0111i\u1ec7n tho\u1ea1i, tin nh\u1eafn v\u0103n b\u1ea3n, tr\u00f2 chuy\u1ec7n tr\u1ef1c ti\u1ebfp v\u00e0 email.<\/p>\n<strong>S\u1ed1 \u0111i\u1ec7n tho\u1ea1i 211:<\/strong><br \/>\nNg\u01b0\u1eddi g\u1ecdi \u1edf Bang Hawaii \u2013 Quay s\u1ed1 <a href=\"\/vi\/\u0111i\u1ec7n tho\u1ea1i: 211\/\">211<\/a><br \/>\nNg\u01b0\u1eddi g\u1ecdi b\u00ean ngo\u00e0i Bang Hawaii \u2013 Quay s\u1ed1 (<a href=\"tel:808-275-2000\">808) 275-2000<\/a> ho\u1eb7c s\u1ed1 \u0111i\u1ec7n tho\u1ea1i mi\u1ec5n ph\u00ed <a href=\"\/vi\/\u0111i\u1ec7n tho\u1ea1i: 18772756569\/\">(877) 275-6569<\/a>\n<p><strong>211 Tin nh\u1eafn v\u0103n b\u1ea3n: <\/strong>B\u1ea3n v\u0103n <a href=\"\/vi\/\u0111i\u1ec7n tho\u1ea1i: 18772756569\/\">(877) 275-6569<\/a><\/p>\n<p><strong>Trang web 211 &amp; Tr\u00f2 chuy\u1ec7n tr\u1ef1c ti\u1ebfp: <\/strong><a href=\"https:\/\/auw211.org\/vi\/\">https:\/\/auw211.org<\/a><\/p>\n<p><strong>211 C\u01a1 s\u1edf d\u1eef li\u1ec7u t\u00ecm ki\u1ebfm Trang web: <\/strong><a href=\"https:\/\/search.auw211.org\/\">https:\/\/search.auw211.org\/<\/a><\/p>\n<p><strong>211 E-mail: <\/strong><a href=\"mailto:info211@auw.org\">info211@auw.org<\/a><\/p>\n<h2>\n\t\t211 Nh\u00e0 cung c\u1ea5p t\u00e0i nguy\u00ean\n\t<\/h2>\n\t<p>\u0110\u1ec3 th\u00eam ho\u1eb7c c\u1eadp nh\u1eadt m\u1ed9t c\u01a1 quan, ch\u01b0\u01a1ng tr\u00ecnh ho\u1eb7c t\u00e0i nguy\u00ean v\u00e0o C\u01a1 s\u1edf d\u1eef li\u1ec7u AUW 211, vui l\u00f2ng truy c\u1eadp trang web c\u1ee7a ch\u00fang t\u00f4i <a href=\"https:\/\/auw211.org\/vi\/nha-cung-cap\/\">Trang nh\u00e0 cung c\u1ea5p<\/a>.<\/p>\n<p>N\u1ebfu c\u00f3 th\u1eafc m\u1eafc ho\u1eb7c th\u00f4ng tin b\u1ed5 sung, vui l\u00f2ng li\u00ean h\u1ec7 v\u1edbi Amy, Ng\u01b0\u1eddi qu\u1ea3n l\u00fd c\u01a1 s\u1edf d\u1eef li\u1ec7u 211, t\u1ea1i <a href=\"tel:8085432249\">(808) 543-2249<\/a> ho\u1eb7c <a href=\"mailto:211resources@auw.org\">211resources@auw.org<\/a>.<\/p>\n<p>Mahalo!<\/p>","protected":false},"excerpt":{"rendered":"<p>211 Li\u00ean h\u1ec7 &amp; Gi\u1edd 211 Chuy\u00ean gia Ngu\u1ed3n l\u1ef1c C\u1ed9ng \u0111\u1ed3ng hi\u1ec7n c\u00f3 m\u1eb7t 7 ng\u00e0y m\u1ed9t tu\u1ea7n, 7 gi\u1edd s\u00e1ng - 10 gi\u1edd t\u1ed1i, qua c\u00e1c cu\u1ed9c g\u1ecdi \u0111i\u1ec7n tho\u1ea1i, tin nh\u1eafn v\u0103n b\u1ea3n, tr\u00f2 chuy\u1ec7n tr\u1ef1c ti\u1ebfp v\u00e0 email. S\u1ed1 \u0111i\u1ec7n tho\u1ea1i 211: Ng\u01b0\u1eddi g\u1ecdi \u1edf Bang Hawai\u02bbi \u2013 Quay s\u1ed1 211 Ng\u01b0\u1eddi g\u1ecdi b\u00ean ngo\u00e0i Bang Hawaii \u2013 Quay s\u1ed1 (808) 275-2000 ho\u1eb7c S\u1ed1 \u0111i\u1ec7n tho\u1ea1i mi\u1ec5n ph\u00ed (877) 275-6569\u2026<\/p>","protected":false},"author":1,"featured_media":0,"parent":0,"menu_order":0,"comment_status":"closed","ping_status":"closed","template":"","meta":{"footnotes":""},"class_list":["post-27","page","type-page","status-publish","hentry"],"_links":{"self":[{"href":"https:\/\/auw211.org\/vi\/wp-json\/wp\/v2\/pages\/27","targetHints":{"allow":["GET"]}}],"collection":[{"href":"https:\/\/auw211.org\/vi\/wp-json\/wp\/v2\/pages"}],"about":[{"href":"https:\/\/auw211.org\/vi\/wp-json\/wp\/v2\/types\/page"}],"author":[{"embeddable":true,"href":"https:\/\/auw211.org\/vi\/wp-json\/wp\/v2\/users\/1"}],"replies":[{"embeddable":true,"href":"https:\/\/auw211.org\/vi\/wp-json\/wp\/v2\/comments?post=27"}],"version-history":[{"count":13,"href":"https:\/\/auw211.org\/vi\/wp-json\/wp\/v2\/pages\/27\/revisions"}],"predecessor-version":[{"id":3936,"href":"https:\/\/auw211.org\/vi\/wp-json\/wp\/v2\/pages\/27\/revisions\/3936"}],"wp:attachment":[{"href":"https:\/\/auw211.org\/vi\/wp-json\/wp\/v2\/media?parent=27"}],"curies":[{"name":"wp","href":"https:\/\/api.w.org\/{rel}","templated":true}]}}