{"id":3977,"date":"2025-10-02T08:44:14","date_gmt":"2025-10-02T18:44:14","guid":{"rendered":"https:\/\/auw211.org\/?page_id=3977"},"modified":"2025-11-03T16:10:57","modified_gmt":"2025-11-04T02:10:57","slug":"hurricane","status":"publish","type":"page","link":"https:\/\/auw211.org\/haw\/pilikia-pilikia-pane\/makani-ino\/","title":{"rendered":"Hurricane | N\u0101 Punawai K\u016bikaw\u0101 a Poino"},"content":{"rendered":"<h2>Hiki i n\u0101 Hurricane ke ho\u02bboulu i n\u0101 makani p\u014d\u02bbino, ka wai kahe, a me ka ho\u02bbopau nui \u02bbana o ka mana.<\/h2>\n<p>Hiki ke alaka\u02bbi i ka \u02bbino e hala<strong> ka waikahe, ka he\u02bbenalu weliweli, a me n\u0101 pilikia l\u014d\u02bbihi.<\/strong><\/p>\n<p>Ho\u02bbohui \u02bbo AUW 211 i ka po\u02bbe Hawai\u02bbi me n\u0101 mea hou i ka manawa maoli, ka \u02bbike hale noho, a me n\u0101 kumuwaiwai ho\u02bbiho\u02bbi ma mua, i ka w\u0101, a ma hope o ka \u02bbino.<\/p>\n\t\t\t\t<img decoding=\"async\" src=\"https:\/\/auw211.org\/wp-content\/uploads\/2025\/10\/hurricane.png\" alt=\"makani ino\" itemprop=\"image\" height=\"1200\" width=\"1200\" title=\"makani ino\" onerror=\"this.style.display='none'\" loading=\"lazy\" \/>\n\t<h3><strong>In\u0101 pilikia koke \u02bboe, e kelepona i\u0101 911!<\/strong><\/h3>\n<h2>\n\t\t\tNuhou Kokiki\t<\/h2>\n\t\t\t<a href=\"\/haw\/category\/211-answers\/\" target=\"_self\">\n\t\t\t\t\t\tSee More\n\t\t\t\t\t<\/a>\n\t<h2>N\u0101 Kai\u0101ulu i Ho\u02bbopilikia \u02bbia<\/h2>\n<p><strong>Hiki i n\u0101 makani p\u0101hili ke ho\u02bbopilikia i n\u0101 mokupuni a pau, \u02bbo ia ho\u02bbi n\u0101 wahi kahakai a me n\u0101 wahi ha\u02bbaha\u02bba e pili ana i ka \u02bbino a me ke kahe.<\/strong><\/p>\n<ul>\n<li><strong>Pahu uila<\/strong> a hiki i n\u0101 alanui i \u0101lai \u02bbia ke ho\u02bboka\u02bbawale i n\u0101 kai\u0101ulu no n\u0101 l\u0101.<\/li>\n<li><strong>\u02bbO ka po\u02bbe ma n\u0101 hale kahiko,<\/strong> \u02bbOi aku ka pilikia o ka hale ka\u02bbahele, a i \u02bbole n\u0101 wahi me n\u0101 ala ha\u02bbalele \u02bbole.<\/li>\n<li><strong>\u02bbO n\u0101 po\u02bbe noho e hilina\u02bbi nei i n\u0101 lako olakino ikaika<\/strong> a i \u02bbole ka pahu hau no ka l\u0101\u02bbau lapa\u02bbau e ho\u02bbom\u0101kaukau mua i n\u0101 ho\u02bbol\u0101l\u0101 ho\u02bbiho\u02bbi.<\/li>\n<\/ul>\n\t\t\t\t<img decoding=\"async\" src=\"https:\/\/auw211.org\/wp-content\/uploads\/2025\/10\/pexels-jess-vide-4319877.jpg\" alt=\"pexels-jess-vide-4319877\" itemprop=\"image\" height=\"1279\" width=\"1920\" title=\"pexels-jess-vide-4319877\" onerror=\"this.style.display='none'\" loading=\"lazy\" \/>\n\t<h2>Ma hea wau e hele ai?<\/h2>\n<p><strong>In\u0101 ho\u02bbopuka \u02bbia kahi \u02bb\u014dlelo a\u02bbo \u02bbino, e hahai koke i n\u0101 \u02bb\u014dlelo a\u02bboa\u02bbo mai n\u0101 luna ulia p\u014dpilikia.<\/strong><\/p>\n\t<h3>Ma mua o ka Hurricane:<\/h3>\n<ul>\n<li><strong>E \u02bbike i k\u0101u wahi ho\u02bboku\u02bbu<\/strong> a me kahi ho\u02bbomalu makani p\u0101hili kokoke loa.<\/li>\n<li><strong>E k\u0101kau inoa no n\u0101 maka\u02bbala pilikia kalana<\/strong> no ka \u02bbike \u02bbino a me n\u0101 leka ho\u02bboku\u02bbu.<\/li>\n<li><strong>E \u02bboki i n\u0101 l\u0101\u02bbau a ho\u02bbopa\u02bba i n\u0101 mea i waho<\/strong> hiki ke lilo i projectiles.<\/li>\n<li><strong>E pale i n\u0101 puka makani me ka plywood<\/strong> a i \u02bbole n\u0101 mea pani \u02bbino.<\/li>\n<li><strong>E ho\u02bbopa\u02bba i n\u0101 mea uila a pau<\/strong> a m\u0101lama i k\u0101u pahu kinoea ma kahi o ka hapalua piha.<\/li>\n<\/ul>\n\t<h3>I ka w\u0101 o ka Hurricane<\/h3>\n<ul>\n<li><strong>E ne\u02bbe i kahi malu o ka makani<\/strong> a i \u02bbole ka hale palekana mai n\u0101 puka makani a me n\u0101 wahi kahakai.<\/li>\n<li><strong>H\u014d\u02bbalo i ka ho\u02bbokele<\/strong> \u02bboi aku ka makani ma mua o 40 mph, a e noho m\u0101lie mai n\u0101 alanui kahe a i \u02bbole n\u0101 laina uila.<\/li>\n<li><strong>Noho i loko<\/strong> mai n\u0101 puka makani<\/li>\n<li><strong>Mai hele i waho<\/strong> a hiki i ka ho\u02bbolaha \u02bbana o n\u0101 luna i ka palekana.<\/li>\n<\/ul>\n\t<h2>He aha ka\u02bbu e hana ai e ho\u02bbom\u0101kaukau ai?<\/h2>\n<p><strong>Ho\u02bbopakele ola ka ho\u02bbom\u0101kaukau.<\/strong><\/p>\n\t<h3>N\u0101 mea e ho\u02bbom\u0101kaukau ai:<\/h3>\n<ul>\n<li><strong>14-l\u0101 lako wai<\/strong> a me ka ai palaho ole.<\/li>\n<li><strong>\u02bbO ka leki\u014d pa\u02bba ki\u02bbeki\u02bbe a lima paha<\/strong> a me ke kukui uila me n\u0101 \u02bb\u014dhua \u02bboko\u02bba.<\/li>\n<li><strong>\u02bbO ka pahu k\u014dkua mua, n\u0101 l\u0101\u02bbau lapa\u02bbau,<\/strong> a me n\u0101 lako ho\u02bboma\u02bbema\u02bbe.<\/li>\n<li><strong>N\u0101 kope o n\u0101 ID,<\/strong> n\u0101 palapala \u02bbinikua, a me n\u0101 mea pili pilikia i m\u0101lama \u02bbia i loko o kahi pahu wai.<\/li>\n<li><strong>\u02bbO ke k\u0101l\u0101 keu ma n\u0101 bila li\u02bbili\u02bbi<\/strong> (Holo paha n\u0101 ATM a me n\u0101 \u02bb\u014dnaehana k\u0101leka).<\/li>\n<li><strong>N\u0101 maka maka a me ka mea ho\u02bboma\u02bbema\u02bbe<\/strong> no ka noho malu ana.<\/li>\n<\/ul>\n\t<h3>N\u0101 hana maika\u02bbi loa<\/h3>\n<ul>\n<li><strong>Wehe i ka uila ma mua o ka ha\u02bbalele \u02bbana<\/strong> a i \u02bbole ke ho\u02bbomaka \u02bbana o ka mana.<\/li>\n<li><strong>E ho\u02bbohuli i n\u0101 pahu hau<\/strong> i kahi anuanu loa e m\u0101lama ai i ka mea\u02bbai i ka w\u0101 pau.<\/li>\n<li><strong>E pale i n\u0101 ihoiho;<\/strong> e ho\u02bbohana i n\u0101 kukui uila a i \u02bbole n\u0101 kukui uila.<\/li>\n<li><strong>In\u0101 \u02bb\u014dlelo \u02bbia e ha\u02bbalele,<\/strong> leave early-roads will close quickly.<\/li>\n<li><strong>E m\u0101lama i n\u0101 ka\u02bba i ka wahie<\/strong> a kelepona \u02bbia.<\/li>\n<\/ul>\n\t\t\t\t<img decoding=\"async\" src=\"https:\/\/auw211.org\/wp-content\/uploads\/2023\/03\/shutterstock_141030979-scaled.jpg\" alt=\"Wahine, Loa\u02bba, K\u016bk\u0101k\u016bk\u0101, Kau\" itemprop=\"image\" height=\"1707\" width=\"2560\" title=\"Wahine, Loa\u02bba, K\u016bk\u0101k\u016bk\u0101, Kau\" onerror=\"this.style.display='none'\" loading=\"lazy\" \/>\n\t<h2>He aha ka mea hiki i\u0101 AUW 211 ke h\u0101\u02bbawi?<\/h2>\nHo\u02bbohui \u02bbo Aloha United Way 211 i\u0101 \u02bboe i n\u0101 kumuwaiwai k\u016bloko i hilina\u02bbi \u02bbia i ka w\u0101 a ma hope o ka \u02bbino:\n<ul data-start=\"3418\" data-end=\"3814\">\n<li data-start=\"3418\" data-end=\"3465\">\n<strong data-start=\"3420\" data-end=\"3463\">\u02bbO ka \u02bbike kahua ho\u02bbomaha a me ka ha\u02bbalele \u02bbana<\/strong>\n<\/li>\n<li data-start=\"3466\" data-end=\"3518\">\n<strong data-start=\"3468\" data-end=\"3516\">N\u0101 mea\u02bbai, wai, a me n\u0101 k\u014dkua ho\u02bbolako pilikia<\/strong>\n<\/li>\n<li data-start=\"3519\" data-end=\"3570\">\n<strong data-start=\"3521\" data-end=\"3568\">Ka \u02bb\u014dlelo a\u02bbo pilikia a me ke k\u0101ko\u02bbo olakino no\u02bbono\u02bbo<\/strong>\n<\/li>\n<li data-start=\"3571\" data-end=\"3626\">\n<strong data-start=\"3573\" data-end=\"3624\">Ho\u02bboma\u02bbema\u02bbe, ho\u02bboponopono, a me n\u0101 polokalamu ho\u02bb\u014dla p\u014d\u02bbino<\/strong>\n<\/li>\n<li data-start=\"3627\" data-end=\"3708\">\n<strong data-start=\"3629\" data-end=\"3663\">N\u0101 h\u0101\u02bbawi k\u014dkua k\u0101l\u0101<\/strong> no n\u0101 \u02bbohana i p\u014d\u02bbino i ke olai\n<\/li>\n<li data-start=\"3709\" data-end=\"3814\">\n<strong data-start=\"3711\" data-end=\"3758\">K\u0101ko\u02bbo \u02bb\u014dlelo a me n\u0101 lawelawe hiki ke loa\u02bba<\/strong> no ka po\u02bbe \u02bb\u014dlelo Pelekania \u02bbole a me ke kino k\u012bn\u0101\n<\/li>\n<\/ul>\n<strong>K\u0101hea i\u0101 211<\/strong> a i \u02bbole e \u02bbimi ma ka p\u016bnaewele no ke k\u014dkua ola, 7 l\u0101 o ka pule.\n\t\t\t<a href=\"tel:+211\" target=\"_self\">\n\t\t\t\t\t\tK\u0101hea i\u0101 211\n\t\t\t\t\t<\/a>\n\t\t\t<a href=\"https:\/\/search.auw211.org\/\" target=\"_blank\" rel=\"noopener\">\n\t\t\t\t\t\tHuli ma ka p\u016bnaewele\n\t\t\t\t\t<\/a>\n\t<h2>Pehea e hiki ai ia\u02bbu ke k\u014dkua i ko\u02bbu hoalauna?<\/h2>\n\t<h3>Ma hope o ka \u02bbino, ho\u02bbomaka ka ho\u02bb\u014dla \u02bbana o ke kai\u0101ulu me ke k\u0101ko\u02bbo \u02bbana o n\u0101 hoalauna.<\/h3>\n<p><strong>E n\u0101n\u0101 i n\u0101 hoalauna, \u02bbo ia ho\u02bbi n\u0101 k\u016bpuna, ka po\u02bbe kino k\u012bn\u0101, a me n\u0101 \u02bbohana me n\u0101 p\u0113p\u0113.<\/strong><\/p>\n<ul>\n<li><strong>M\u0101hele mana<\/strong> (ma n\u0101 loina lawe lima) a i \u02bbole ka mea\u02bbai in\u0101 palekana ke hana p\u0113l\u0101.<\/li>\n<li><strong>K\u014dkua e ho\u02bboma\u02bbema\u02bbe i n\u0101 \u02bb\u014dpala<\/strong> mai n\u0101 ala ka\u02bba a i \u02bbole n\u0101 ala hele wale ma hope o ka ha\u02bbi \u02bbana o n\u0101 luna i ka palekana o ka wahi.<\/li>\n<li><strong>E h\u0101\u02bbawi manawale\u02bba ma o n\u0101 hui i ho\u02bbopa\u02bba \u02bbia<\/strong> e k\u0101ko\u02bbo i ka pane a me n\u0101 hana ho\u02bb\u014dla.<\/li>\n<li><strong>H\u014d\u02bbalo i ka ha\u02bbi \u02bb\u014dlelo<\/strong>-only share verified updates from official agencies.<\/li>\n<\/ul>\n\t<h2>Punawai wikiwiki<\/h2>\n<p>Pono k\u014dkua i k\u0113ia manawa? Hiki i k\u0113ia mau kumuwaiwai k\u016bhelu ke ho\u02bbopili i\u0101 \u02bboe me n\u0101 m\u0101ka\u02bbika\u02bbi pilikia, n\u0101 hale noho, a me ke k\u0101ko\u02bbo ma kou wahi.<\/p>\n<blockquote><strong>K\u0101hea i ka helu 911<\/strong> no ka pilikia pilikia.<br \/>\n<strong>Kaila 211<\/strong> no ke k\u014dkua pilikia \u02bbole a me n\u0101 kumuwaiwai k\u016bloko.<\/blockquote>\n\t<h3>\u02bbO n\u0101 m\u0101ka\u02bbika\u02bbi a me ka ho\u02bbom\u0101kaukau \u02bbana<\/h3>\n\t\t\t<a href=\"https:\/\/auw211.org\/haw\/pilikia-pilikia-pane\/#resources\" target=\"_blank\" rel=\"noopener\">\n\t\t\t\t\t\tN\u0101 Punawai Nui\n\t\t\t\t\t<\/a>","protected":false},"excerpt":{"rendered":"<p>Hiki i n\u0101 Hurricane ke ho\u02bboulu i n\u0101 makani p\u014d\u02bbino, ke kahe \u02bbana, a me ka pau \u02bbana o ka mana. Hiki i ka \u02bbino ma\u02bba ke alaka\u02bbi i ke kahe \u02bbana, ka nalu p\u014d\u02bbino, a me n\u0101 pilikia l\u014d\u02bbihi. Ho\u02bbohui \u02bbo AUW 211 i ka po\u02bbe Hawai\u02bbi me n\u0101 mea hou i ka manawa maoli, ka \u02bbike hale noho, a me n\u0101 kumuwaiwai ho\u02bbiho\u02bbi ma mua, i ka w\u0101, a ma hope o ka \u02bbino. In\u0101 pilikia koke \u02bboe, e kelepona i\u0101 911! N\u016bhou wikiwiki E \u02bbike hou aku\u2026<\/p>","protected":false},"author":1,"featured_media":4054,"parent":3964,"menu_order":0,"comment_status":"closed","ping_status":"closed","template":"","meta":{"footnotes":""},"class_list":["post-3977","page","type-page","status-publish","has-post-thumbnail","hentry"],"_links":{"self":[{"href":"https:\/\/auw211.org\/haw\/wp-json\/wp\/v2\/pages\/3977","targetHints":{"allow":["GET"]}}],"collection":[{"href":"https:\/\/auw211.org\/haw\/wp-json\/wp\/v2\/pages"}],"about":[{"href":"https:\/\/auw211.org\/haw\/wp-json\/wp\/v2\/types\/page"}],"author":[{"embeddable":true,"href":"https:\/\/auw211.org\/haw\/wp-json\/wp\/v2\/users\/1"}],"replies":[{"embeddable":true,"href":"https:\/\/auw211.org\/haw\/wp-json\/wp\/v2\/comments?post=3977"}],"version-history":[{"count":14,"href":"https:\/\/auw211.org\/haw\/wp-json\/wp\/v2\/pages\/3977\/revisions"}],"predecessor-version":[{"id":4250,"href":"https:\/\/auw211.org\/haw\/wp-json\/wp\/v2\/pages\/3977\/revisions\/4250"}],"up":[{"embeddable":true,"href":"https:\/\/auw211.org\/haw\/wp-json\/wp\/v2\/pages\/3964"}],"wp:featuredmedia":[{"embeddable":true,"href":"https:\/\/auw211.org\/haw\/wp-json\/wp\/v2\/media\/4054"}],"wp:attachment":[{"href":"https:\/\/auw211.org\/haw\/wp-json\/wp\/v2\/media?parent=3977"}],"curies":[{"name":"wp","href":"https:\/\/api.w.org\/{rel}","templated":true}]}}