{"id":3975,"date":"2025-10-02T08:44:10","date_gmt":"2025-10-02T18:44:10","guid":{"rendered":"https:\/\/auw211.org\/?page_id=3975"},"modified":"2025-11-03T16:13:07","modified_gmt":"2025-11-04T02:13:07","slug":"flood","status":"publish","type":"page","link":"https:\/\/auw211.org\/haw\/pilikia-pilikia-pane\/wai-kahe\/","title":{"rendered":"Kahinahina | N\u0101 Punawai K\u016bikaw\u0101 a Poino"},"content":{"rendered":"<h2>Hiki ke kahe ka wai ma hope o ka ua nui, n\u0101 \u02bbino \u02bbino, a i \u02bbole ka nah\u0101 \u02bbana o n\u0101 p\u0101.<\/h2>\n<p>Hiki i ka wai p\u0101pa\u02bbu a lohi paha ke pilikia a<strong> poino nui i na hale a me na alanui.<\/strong><\/p>\n<p>AUW 211 connects Hawai&#8217;i residents with real-time information, shelter locations, and recovery resources before, during, and after a flood.<\/p>\n\t\t\t\t<img decoding=\"async\" src=\"https:\/\/auw211.org\/wp-content\/uploads\/2025\/10\/flood.png\" alt=\"wai kahe\" itemprop=\"image\" height=\"1200\" width=\"1200\" title=\"wai kahe\" onerror=\"this.style.display='none'\" loading=\"lazy\" \/>\n\t<h3><strong>In\u0101 pilikia koke \u02bboe, e kelepona i\u0101 911!<\/strong><\/h3>\n<h2>\n\t\t\tNuhou Kokiki\t<\/h2>\n\t\t\t<a href=\"\/haw\/category\/disaster-response\/\" target=\"_self\">\n\t\t\t\t\t\tE \u02bbike i n\u0101 m\u0101ka mua\n\t\t\t\t\t<\/a>\n\t<h2>N\u0101 Kai\u0101ulu i Ho\u02bbopilikia \u02bbia<\/h2>\n<p><strong>Floods can affect anyone in Hawai&#8217;i, but certain people and areas face greater risk:<\/strong><\/p>\n<ul>\n<li><strong>Ka po\u02bbe noho ma n\u0101 p\u0101p\u016b wai<\/strong>, n\u0101 wahi ha\u02bbaha\u02bba, kokoke i n\u0101 kahawai, n\u0101 muliwai, a i \u02bbole n\u0101 \u02bbauwai<\/li>\n<li><strong>N\u0101 kai\u0101ulu kokoke i ka \u02bb\u0101ina pali<\/strong> kahi e hiki koke mai ai ka wai kahe<\/li>\n<li><strong>N\u0101 hale i k\u016bkulu \u02bbia ma luna o ka piha<\/strong>, a i \u02bbole me ka \u02bbole o ka ho\u02bbokahe \u02bbana a i \u02bbole ke kau \u02bbana<\/li>\n<li><strong>\u02bbO n\u0101 k\u0101naka li\u02bbili\u02bbi ka ne\u02bbe \u02bbana<\/strong>, older adults, infants, people with chronic illness, non-English speakers<\/li>\n<li><strong>\u02bbO ka po\u02bbe noho me ka lawe \u02bbole \u02bbia<\/strong> a i \u02bbole ke komo \u02bbana i n\u0101 kumuwaiwai ho\u02bboku\u02bbu<\/li>\n<\/ul>\n\t\t\t\t<img decoding=\"async\" src=\"https:\/\/auw211.org\/wp-content\/uploads\/2025\/10\/pexels-valeriya-724656-scaled.jpg\" alt=\"pexels-valeriya-724656\" itemprop=\"image\" height=\"2560\" width=\"1707\" title=\"pexels-valeriya-724656\" onerror=\"this.style.display='none'\" loading=\"lazy\" \/>\n\t<h2>He aha ka\u02bbu e hana ai e ho\u02bbom\u0101kaukau ai?<\/h2>\n<p><strong>Ho\u02bbopakele ola ka ho\u02bbom\u0101kaukau.<\/strong> E ho\u02bbopa\u02bba i kou home a loa\u02bba i kahi ho\u02bbol\u0101l\u0101 ma mua o ka hiki \u02bbana mai o kahi waikahe.<\/p>\n\t<ul>\n<li><strong>E k\u016bkulu a m\u0101lama i kahi pahu pilikia o ka wai<\/strong> (14 days of water, nonperishable food, meds, flashlight, batteries, radio) &#8211; HI-EMA recommends 14 days supply Department of Defense Hawaii<\/li>\n<li><strong>Understand your property&#8217;s flood risk<\/strong> (N\u0101 palapala \u02bb\u0101ina waikahe FEMA, palapala \u02bb\u0101ina kalana k\u016bloko)<\/li>\n<li><strong>Ho\u02bboki\u02bbeki\u02bbe i n\u0101 \u02bb\u014dnaehana uila<\/strong>, n\u0101 pono hana, a me n\u0101 mea hana ma luna o ka wai i mana\u02bbo \u02bbia<\/li>\n<li><strong>Papa ho\u02bbona\u02bbauao<\/strong> e ho\u02bbokahe i n\u0101 hale; e ho\u02bbokomo i n\u0101 \u02bbauwai k\u016bpono, n\u0101 pu\u02bbu wai, a me ka ho\u02bbohehe\u02bbe wai<\/li>\n<li><strong>Sila i na paia o lalo<\/strong>, e ho\u02bbouka i n\u0101 pamu wai me ka mana ho\u02bbiho\u02bbi (in\u0101 pili)<\/li>\n<li><strong>E hana i kahi ho\u02bbol\u0101l\u0101 pilikia \u02bbohana<\/strong>: n\u0101 wahi h\u0101l\u0101wai, ka ho\u02bbol\u0101l\u0101 kama\u02bbilio, n\u0101 ala ha\u02bbalele<\/li>\n<li><strong>E k\u0101kau inoa no ka \u02bb\u014dnaehana kalana a me ka moku\u02bb\u0101ina \/ \u02bbike maka\u02bbala<\/strong> (n\u0101 leka uila, SMS, n\u0101 kani kani)<\/li>\n<li><strong>E h\u014d\u02bboia i k\u0101u &#039;inikua e uhi i n\u0101 p\u014d\u02bbino o ka wai<\/strong> (standard homeowner policy often doesn&#8217;t)<\/li>\n<\/ul>\n\t\t\t\t<img decoding=\"async\" src=\"https:\/\/auw211.org\/wp-content\/uploads\/2025\/10\/pexels-roger-brown-3435524-5125690-scaled.jpg\" alt=\"pexels-roger-brown-3435524-5125690\" itemprop=\"image\" height=\"1920\" width=\"2560\" title=\"pexels-roger-brown-3435524-5125690\" onerror=\"this.style.display='none'\" loading=\"lazy\" \/>\n\t<h2>Ma hea wau e hele ai?<\/h2>\n\t<ul>\n<li><strong>N\u0101 hale ho\u02bbomalu wai i koho \u02bbia<\/strong> a i \u02bbole n\u0101 hale ho\u02bbomalu pilikia ma kou kalana (e n\u0101n\u0101 i k\u0101u p\u016bnaewele palekana k\u012bwila kalana)<\/li>\n<li><strong>N\u0101 \u02bb\u0101ina ki\u02bbeki\u02bbe a i \u02bbole n\u0101 wahi ki\u02bbeki\u02bbe<\/strong> waho o ka waikahe<\/li>\n<li><strong>N\u0101 hale ho\u02bbomalu holoholona<\/strong> (if offered &#8211; confirm with county)<\/li>\n<li><strong>\u02bbO ka halihali pilikia<\/strong> a i \u02bbole n\u0101 lawelawe ka\u02bba ka\u02bba i h\u0101\u02bbawi \u02bbia i ka w\u0101 e ha\u02bbalele ai<\/li>\n<li><strong>K\u0101hea i\u0101 211<\/strong> (e n\u0101n\u0101 ma lalo) e \u02bbimi i kahi ho\u02bbomaha kokoke loa a i \u02bbole kahi palekana<\/li>\n<\/ul>\n\t<p><strong>Ina i loaa i ke Kaiakahinalii<\/strong><\/p>\n<ul>\n<li><strong>Mai hele w\u0101wae, \u02bbau\u02bbau, a holo ma ka wai ho\u02bbone\u02bbe<\/strong> (hiki i ka wai ho\u02bbone\u02bbe p\u0101pa\u02bbu ke ho\u02bboku\u02bbu i\u0101 \u02bboe mai kou mau w\u0101wae)<\/li>\n<li><strong>Noho ma kahi ki\u02bbeki\u02bbe<\/strong> a i \u02bbole ma luna o ka hale in\u0101 koi \u02bbia, a k\u0101hea aku e ho\u02bbopakele in\u0101 pono<\/li>\n<li><strong>E pale i ka pili ana me ka wai kahe<\/strong>: hiki ke loa\u02bba i ka lepo, n\u0101 mea kemika, n\u0101 \u02bb\u014dpala<\/li>\n<li><strong>E ho\u02bbolohe i n\u0101 kauoha ho\u02bboku\u02bbu aupuni<\/strong> koke<\/li>\n<li><strong>Mai ho\u02bbi mai<\/strong> until authorities say it&#8217;s safe<\/li>\n<\/ul>\n\t\t\t\t<img decoding=\"async\" src=\"https:\/\/auw211.org\/wp-content\/uploads\/2023\/03\/shutterstock_141030979-scaled.jpg\" alt=\"Wahine, Loa\u02bba, K\u016bk\u0101k\u016bk\u0101, Kau\" itemprop=\"image\" height=\"1707\" width=\"2560\" title=\"Wahine, Loa\u02bba, K\u016bk\u0101k\u016bk\u0101, Kau\" onerror=\"this.style.display='none'\" loading=\"lazy\" \/>\n\t<h2>He aha ka mea hiki i\u0101 AUW 211 ke h\u0101\u02bbawi?<\/h2>\n<p><strong>Ho\u02bbohui \u02bbo Aloha United Way 211 i\u0101 \u02bboe i n\u0101 kumuwaiwai k\u016bloko i hilina\u02bbi \u02bbia i ka w\u0101 a ma hope o ke kahe \u02bbana:<\/strong><\/p>\n<ul>\n<li><strong>\u02bbO ka \u02bbike kahua ho\u02bbomaha a me ka ha\u02bbalele \u02bbana<\/strong><\/li>\n<li><strong>N\u0101 mea\u02bbai, wai, a me n\u0101 k\u014dkua ho\u02bbolako pilikia<\/strong><\/li>\n<li><strong>Ka \u02bb\u014dlelo a\u02bbo pilikia a me ke k\u0101ko\u02bbo olakino no\u02bbono\u02bbo<\/strong><\/li>\n<li><strong>Ho\u02bboma\u02bbema\u02bbe, ho\u02bboponopono, a me n\u0101 polokalamu ho\u02bb\u014dla p\u014d\u02bbino<\/strong><\/li>\n<li><strong>N\u0101 h\u0101\u02bbawi k\u014dkua k\u0101l\u0101 no n\u0101 \u02bbohana i ho\u02bbopilikia \u02bbia e ka p\u014d\u02bbino o ke kahawai<\/strong><\/li>\n<li><strong>K\u0101ko\u02bbo \u02bb\u014dlelo a me n\u0101 lawelawe hiki ke loa\u02bba no ka po\u02bbe \u02bb\u014dlelo Pelekania \u02bbole a me n\u0101 po\u02bbe kino k\u012bn\u0101<\/strong><\/li>\n<\/ul>\n<p><strong>K\u0101hea i\u0101 211<\/strong> a i \u02bbole e \u02bbimi ma ka p\u016bnaewele no ke k\u014dkua ola, 7 l\u0101 o ka pule.<\/p>\n\t\t\t<a href=\"tel:+211\" target=\"_self\">\n\t\t\t\t\t\tK\u0101hea i\u0101 211\n\t\t\t\t\t<\/a>\n\t\t\t<a href=\"https:\/\/search.auw211.org\/\" target=\"_blank\" rel=\"noopener\">\n\t\t\t\t\t\tHuli ma ka p\u016bnaewele\n\t\t\t\t\t<\/a>\n\t<h2>Pehea e hiki ai ia\u02bbu ke k\u014dkua i ko\u02bbu hoalauna?<\/h2>\n\t<p><strong>\u02bbOi aku ka ma\u02bbalahi o ke kahe \u02bbana mai ka w\u0101 e hana p\u016b ai m\u0101kou.<\/strong><\/p>\n<ul>\n<li><strong>E n\u0101n\u0101 i n\u0101 k\u016bpuna,<\/strong> n\u0101 hoalauna me ke kino k\u012bn\u0101, a i \u02bbole n\u0101 \u02bbohana me n\u0101 keiki li\u02bbili\u02bbi.<\/li>\n<li><strong>Ka\u02bbana like i ka \u02bbike pololei<\/strong> from official channels &#8211; avoid spreading rumors.<\/li>\n<li><strong>H\u0101\u02bbawi i ka mea\u02bbai,<\/strong> wai, a i \u02bbole n\u0101 hale ho\u02bbolima in\u0101 loa\u02bba i\u0101 \u02bboe ka mana.<\/li>\n<li><strong>Donate to Aloha United Way&#8217;s Disaster Relief Fund<\/strong> a i \u02bbole n\u0101 hui aloha hilina\u02bbi k\u016bloko.<\/li>\n<li><strong>H\u0101\u02bbawi manawale\u02bba<\/strong> with community cleanup or recovery efforts when it&#8217;s safe to do so.<\/li>\n<\/ul>\n\t<h2>Punawai wikiwiki<\/h2>\n<p>Pono k\u014dkua i k\u0113ia manawa? Hiki i k\u0113ia mau kumuwaiwai k\u016bhelu ke ho\u02bbopili i\u0101 \u02bboe me n\u0101 m\u0101ka\u02bbika\u02bbi pilikia, n\u0101 hale noho, a me ke k\u0101ko\u02bbo ma kou wahi.<\/p>\n<blockquote><strong>K\u0101hea i ka helu 911<\/strong> no ka pilikia pilikia.<br \/>\n<strong>Kaila 211<\/strong> no ke k\u014dkua pilikia \u02bbole a me n\u0101 kumuwaiwai k\u016bloko.<\/blockquote>\n\t<h3>\u02bbO n\u0101 m\u0101ka\u02bbika\u02bbi a me ka ho\u02bbom\u0101kaukau \u02bbana<\/h3>\n\t\t\t<a href=\"https:\/\/auw211.org\/haw\/pilikia-pilikia-pane\/#resources\" target=\"_blank\" rel=\"noopener\">\n\t\t\t\t\t\tN\u0101 Punawai Nui\n\t\t\t\t\t<\/a>","protected":false},"excerpt":{"rendered":"<p>Hiki ke kahe ka wai ma hope o ka ua nui, n\u0101 \u02bbino \u02bbino, a i \u02bbole ka nah\u0101 \u02bbana o n\u0101 p\u0101. Hiki i ka wai p\u0101pa\u02bbu a lohi paha ke p\u014d\u02bbino a p\u014d\u02bbino nui i n\u0101 hale a me n\u0101 alanui. Ho\u02bbohui \u02bbo AUW 211 i ka po\u02bbe Hawai\u02bbi me ka \u02bbike manawa maoli, n\u0101 wahi ho\u02bbomaha, a me n\u0101 kumuwaiwai ho\u02bbiho\u02bbi ma mua, i ka w\u0101, a ma hope o ke kahe \u02bbana. In\u0101 pilikia koke \u02bboe, e kelepona\u2026<\/p>","protected":false},"author":1,"featured_media":4014,"parent":3964,"menu_order":0,"comment_status":"closed","ping_status":"closed","template":"","meta":{"footnotes":""},"class_list":["post-3975","page","type-page","status-publish","has-post-thumbnail","hentry"],"_links":{"self":[{"href":"https:\/\/auw211.org\/haw\/wp-json\/wp\/v2\/pages\/3975","targetHints":{"allow":["GET"]}}],"collection":[{"href":"https:\/\/auw211.org\/haw\/wp-json\/wp\/v2\/pages"}],"about":[{"href":"https:\/\/auw211.org\/haw\/wp-json\/wp\/v2\/types\/page"}],"author":[{"embeddable":true,"href":"https:\/\/auw211.org\/haw\/wp-json\/wp\/v2\/users\/1"}],"replies":[{"embeddable":true,"href":"https:\/\/auw211.org\/haw\/wp-json\/wp\/v2\/comments?post=3975"}],"version-history":[{"count":18,"href":"https:\/\/auw211.org\/haw\/wp-json\/wp\/v2\/pages\/3975\/revisions"}],"predecessor-version":[{"id":4251,"href":"https:\/\/auw211.org\/haw\/wp-json\/wp\/v2\/pages\/3975\/revisions\/4251"}],"up":[{"embeddable":true,"href":"https:\/\/auw211.org\/haw\/wp-json\/wp\/v2\/pages\/3964"}],"wp:featuredmedia":[{"embeddable":true,"href":"https:\/\/auw211.org\/haw\/wp-json\/wp\/v2\/media\/4014"}],"wp:attachment":[{"href":"https:\/\/auw211.org\/haw\/wp-json\/wp\/v2\/media?parent=3975"}],"curies":[{"name":"wp","href":"https:\/\/api.w.org\/{rel}","templated":true}]}}