{"id":3973,"date":"2025-10-02T08:44:06","date_gmt":"2025-10-02T18:44:06","guid":{"rendered":"https:\/\/auw211.org\/?page_id=3973"},"modified":"2025-11-03T14:22:46","modified_gmt":"2025-11-04T00:22:46","slug":"earthquake","status":"publish","type":"page","link":"https:\/\/auw211.org\/haw\/pilikia-pilikia-pane\/ola%ca%bbi\/","title":{"rendered":"Olai | N\u0101 Punawai K\u016bikaw\u0101 a Poino"},"content":{"rendered":"<h2>Hiki i n\u0101 \u014dla\u02bbi ke p\u0101 me ka \u02bbike \u02bbole.<\/h2>\n<p>He uuku ka nui,<strong> ak\u0101, hiki i n\u0101 mea nui ke ho\u02bbop\u014d\u02bbino nui a ho\u02bboulu paha i ke kai e\u02bbe.<\/strong><\/p>\n<p>AUW 211 connects Hawai&#8217;i residents with real-time information, emergency resources, and recovery support before, during, and after an earthquake.<\/p>\n\t\t\t\t<img decoding=\"async\" src=\"https:\/\/auw211.org\/wp-content\/uploads\/2025\/10\/earthquake.png\" alt=\"\u014dla\u02bbi\" itemprop=\"image\" height=\"1200\" width=\"1200\" title=\"\u014dla\u02bbi\" onerror=\"this.style.display='none'\" loading=\"lazy\" \/>\n\t<h3><strong>In\u0101 pilikia koke \u02bboe, e kelepona i\u0101 911!<\/strong><\/h3>\n<h2>\n\t\t\tNuhou Kokiki\t<\/h2>\n\t\t\t<a href=\"\/haw\/category\/disaster-response\/\" target=\"_self\">\n\t\t\t\t\t\tE \u02bbike i n\u0101 m\u0101ka mua\n\t\t\t\t\t<\/a>\n\t<h2>N\u0101 Kai\u0101ulu i Ho\u02bbopilikia \u02bbia<\/h2>\n<p><strong>Earthquakes can affect anyone in Hawai&#8217;i, but certain people and areas face greater risk:<\/strong><\/p>\n<ul>\n<li>Ka po\u02bbe noho ma n\u0101 hale kahiko a i \u02bbole n\u0101 hale i ho\u02bboikaika \u02bbole \u02bbia<\/li>\n<li>Ka po\u02bbe e noho kokoke ana i n\u0101 pali pali a i \u02bbole n\u0101 pali (pilikia \u02bb\u0101ina)<\/li>\n<li>\u02bbO n\u0101 kai\u0101ulu kahakai i pilikia i ke kai e\u02bbe<\/li>\n<li>Kupuna, keiki, a me na kanaka me ka hele a me ka pono kino<\/li>\n<li>\u02bbO n\u0101 hale me ka \u02bbole o n\u0101 pahu pilikia a i \u02bbole n\u0101 ho\u02bbol\u0101l\u0101 kama\u02bbilio<\/li>\n<\/ul>\n<p>&nbsp;<\/p>\n\t\t\t\t<img decoding=\"async\" src=\"https:\/\/auw211.org\/wp-content\/uploads\/2025\/10\/pexels-jess-vide-4319877.jpg\" alt=\"pexels-jess-vide-4319877\" itemprop=\"image\" height=\"1279\" width=\"1920\" title=\"pexels-jess-vide-4319877\" onerror=\"this.style.display='none'\" loading=\"lazy\" \/>\n\t<h2>Ma hea wau e hele ai?<\/h2>\n\t<h3>I ka w\u0101 o ke \u014dla\u02bbi:<\/h3>\n<ul>\n<li><strong>Ho\u02bboku\u02bbu, uhi, a pa\u02bba.<\/strong> E ha\u02bbaha\u02bba, e pale i kou po\u02bbo a me kou \u02bb\u0101\u02bb\u012b, a pa\u02bba i n\u0101 lako pa\u02bba.<\/li>\n<li><strong>Noho i loko<\/strong> a pau ka haalulu. E pale i n\u0101 puka makani, n\u0101 aniani, a me n\u0101 mea kau kaumaha.<\/li>\n<li><strong>In\u0101 ma waho:<\/strong> E ne\u02bbe i kahi \u0101kea mai n\u0101 hale, n\u0101 kumul\u0101\u02bbau, a me n\u0101 laina uila.<\/li>\n<li><strong>In\u0101 ma ke ka\u02bba:<\/strong> Huki palekana, noho i loko, a pale i n\u0101 alahaka a i \u02bbole n\u0101 tunnels.<\/li>\n<\/ul>\n\t<h3>Ma hope o ke \u014dla\u02bbi:<\/h3>\n<ul>\n<li><strong>E n\u0101n\u0101 i n\u0101 \u02bbeha<\/strong> a h\u0101\u02bbawi i ke k\u014dkua mua in\u0101 pono.<\/li>\n<li><strong>E n\u0101n\u0101 i kou home<\/strong> no ka ho\u02bboku\u02bbu kinoea, n\u0101 laina laina wai, a i \u02bbole ka p\u014d\u02bbino uila.<\/li>\n<li><strong>E m\u0101kaukau no n\u0101 ha\u02bbalulu hope<\/strong>. E ne\u02bbe akahele a noho maka\u02bbala.<\/li>\n<li><strong>In\u0101 kokoke i kahakai:<\/strong> Move to higher ground immediately &#8211; earthquakes can trigger tsunamis.<\/li>\n<li><strong>E ho\u02bbolohe i n\u0101 leka k\u016bhelu<\/strong>, <a href=\"https:\/\/dod.hawaii.gov\/hiema\/\" target=\"_blank\" rel=\"noopener\">HI-EMA <\/a>a i \u02bbole k\u0101u \u02bboihana pale k\u012bwila kalana.<\/li>\n<\/ul>\n\t<h2>He aha ka\u02bbu e hana ai e ho\u02bbom\u0101kaukau ai?<\/h2>\n<strong>Ho\u02bbopakele ola ka ho\u02bbom\u0101kaukau.<\/strong> E ho\u02bbopa\u02bba i kou home a e ho\u02bbol\u0101l\u0101 ma mua o ka hiki \u02bbana mai o kahi \u014dla\u02bbi.\n\t<h3>Ma mua:<\/h3>\n<ul>\n<li><strong>Lako kaumaha heleuma<\/strong>, n\u0101 papa, a me n\u0101 mea ho\u02bbomehana wai i n\u0101 paia.<\/li>\n<li><strong>E hiki ke nahaha<\/strong> a i \u02bbole n\u0101 mea kaumaha ma n\u0101 papa ha\u02bbaha\u02bba.<\/li>\n<li><strong>E \u02bbike pehea e pani ai i ke kinoea<\/strong>, ka wai, a me ka uila.<\/li>\n<li><strong>E m\u0101lama i n\u0101 lako pilikia<\/strong>:\n<ul>\n<li>\u02bbO ke kukui uila a me n\u0101 \u02bboihana \u02bb\u0113 a\u02bbe<\/li>\n<li>Puke k\u014dkua mua a me ka whistle<\/li>\n<li>Non-perishable food and water (at least 7 days&#8217; worth)<\/li>\n<li>Leki\u014d pa\u02bba ki\u02bbeki\u02bbe<\/li>\n<li>N\u0101 k\u0101ma\u02bba pa\u02bba a me n\u0101 m\u012bkina lima<\/li>\n<\/ul>\n<\/li>\n<li><strong>Practice &#8220;Drop, Cover, Hold On&#8221;<\/strong> n\u0101 ha\u02bbawina me kou \u02bbohana.<\/li>\n<\/ul>\n\t<h3>I ka w\u0101:<\/h3>\n<ul>\n<li><strong>E pale mua i\u0101 \u02bboe iho<\/strong> &#8211; do not run outside.<\/li>\n<li><strong>E noho mamao mai n\u0101 puka makani<\/strong> a me na paia o waho.<\/li>\n<li><strong>E m\u0101lie<\/strong> a kali no ka haalulu ana.<\/li>\n<\/ul>\n\t<h3>Ma hope o:<\/h3>\n<ul>\n<li><strong>N\u0101n\u0101 ma<\/strong> kou \u02bbohana, n\u0101 hoalauna, a me n\u0101 holoholona.<\/li>\n<li><strong>E ho\u02bbohana i n\u0101 leka uila<\/strong> a i \u02bbole ka launa p\u016b \u02bbana no ke kama\u02bbilio \u02bbana (e wehe mau n\u0101 laina kelepona).<\/li>\n<li><strong>E akahele<\/strong> when cleaning up &#8211; wear protective shoes and gloves.<\/li>\n<li><strong>E pa\u02bbi ki\u02bbi<\/strong> o ka poino no ka &#039;inikua a i ole palapala FEMA.<\/li>\n<\/ul>\n\t\t\t\t<img decoding=\"async\" src=\"https:\/\/auw211.org\/wp-content\/uploads\/2023\/03\/shutterstock_141030979-scaled.jpg\" alt=\"Wahine, Loa\u02bba, K\u016bk\u0101k\u016bk\u0101, Kau\" itemprop=\"image\" height=\"1707\" width=\"2560\" title=\"Wahine, Loa\u02bba, K\u016bk\u0101k\u016bk\u0101, Kau\" onerror=\"this.style.display='none'\" loading=\"lazy\" \/>\n\t<h2>He aha ka mea hiki i\u0101 AUW 211 ke h\u0101\u02bbawi?<\/h2>\nHo\u02bbohui \u02bbo Aloha United Way 211 i\u0101 \u02bboe i n\u0101 kumuwaiwai k\u016bloko i hilina\u02bbi \u02bbia i ka w\u0101 a ma hope o kahi \u014dla\u02bbi:\n<ul data-start=\"3418\" data-end=\"3814\">\n<li data-start=\"3418\" data-end=\"3465\">\n<strong data-start=\"3420\" data-end=\"3463\">\u02bbO ka \u02bbike kahua ho\u02bbomaha a me ka ha\u02bbalele \u02bbana<\/strong>\n<\/li>\n<li data-start=\"3466\" data-end=\"3518\">\n<strong data-start=\"3468\" data-end=\"3516\">N\u0101 mea\u02bbai, wai, a me n\u0101 k\u014dkua ho\u02bbolako pilikia<\/strong>\n<\/li>\n<li data-start=\"3519\" data-end=\"3570\">\n<strong data-start=\"3521\" data-end=\"3568\">Ka \u02bb\u014dlelo a\u02bbo pilikia a me ke k\u0101ko\u02bbo olakino no\u02bbono\u02bbo<\/strong>\n<\/li>\n<li data-start=\"3571\" data-end=\"3626\">\n<strong data-start=\"3573\" data-end=\"3624\">Ho\u02bboma\u02bbema\u02bbe, ho\u02bboponopono, a me n\u0101 polokalamu ho\u02bb\u014dla p\u014d\u02bbino<\/strong>\n<\/li>\n<li data-start=\"3627\" data-end=\"3708\">\n<strong data-start=\"3629\" data-end=\"3663\">N\u0101 h\u0101\u02bbawi k\u014dkua k\u0101l\u0101<\/strong> no n\u0101 \u02bbohana i p\u014d\u02bbino i ke olai\n<\/li>\n<li data-start=\"3709\" data-end=\"3814\">\n<strong data-start=\"3711\" data-end=\"3758\">K\u0101ko\u02bbo \u02bb\u014dlelo a me n\u0101 lawelawe hiki ke loa\u02bba<\/strong> no ka po\u02bbe \u02bb\u014dlelo Pelekania \u02bbole a me ke kino k\u012bn\u0101\n<\/li>\n<\/ul>\n<strong>K\u0101hea i\u0101 211<\/strong> a i \u02bbole e \u02bbimi ma ka p\u016bnaewele no ke k\u014dkua ola, 7 l\u0101 o ka pule.\n\t\t\t<a href=\"tel:+211\" target=\"_self\">\n\t\t\t\t\t\tK\u0101hea i\u0101 211\n\t\t\t\t\t<\/a>\n\t\t\t<a href=\"https:\/\/search.auw211.org\/\" target=\"_blank\" rel=\"noopener\">\n\t\t\t\t\t\tHuli ma ka p\u016bnaewele\n\t\t\t\t\t<\/a>\n\t<h2>Pehea e hiki ai ia\u02bbu ke k\u014dkua i ko\u02bbu hoalauna?<\/h2>\n\t<p>\u02bbOi aku ka ma\u02bbalahi o ke olai \u02bbana mai ka w\u0101 e hana p\u016b ai m\u0101kou.<\/p>\n<ul>\n<li><strong>E n\u0101n\u0101 i n\u0101 k\u016bpuna,<\/strong> n\u0101 hoalauna me ke kino k\u012bn\u0101, a i \u02bbole n\u0101 \u02bbohana me n\u0101 keiki li\u02bbili\u02bbi.<\/li>\n<li><strong>Ka\u02bbana like i ka \u02bbike pololei<\/strong> from official channels &#8211; avoid spreading rumors.<\/li>\n<li><strong>H\u0101\u02bbawi i ka mea\u02bbai,<\/strong> wai, a i \u02bbole n\u0101 hale ho\u02bbolima in\u0101 loa\u02bba i\u0101 \u02bboe ka mana.<\/li>\n<li><strong>H\u0101\u02bbawi<\/strong> to Aloha United Way&#8217;s Disaster Relief Fund or local trusted charities.<\/li>\n<li><strong>H\u0101\u02bbawi manawale\u02bba<\/strong> with community cleanup or recovery efforts when it&#8217;s safe to do so.<\/li>\n<\/ul>\n\t<h2>Punawai wikiwiki<\/h2>\n<p>Pono k\u014dkua i k\u0113ia manawa? Hiki i k\u0113ia mau kumuwaiwai k\u016bhelu ke ho\u02bbopili i\u0101 \u02bboe me n\u0101 m\u0101ka\u02bbika\u02bbi pilikia, n\u0101 hale noho, a me ke k\u0101ko\u02bbo ma kou wahi.<\/p>\n<blockquote><strong>K\u0101hea i ka helu 911<\/strong> no ka pilikia pilikia.<br \/>\n<strong>Kaila 211<\/strong> no ke k\u014dkua pilikia \u02bbole a me n\u0101 kumuwaiwai k\u016bloko.<\/blockquote>\n\t<h3>\u02bbO n\u0101 m\u0101ka\u02bbika\u02bbi a me ka ho\u02bbom\u0101kaukau \u02bbana<\/h3>\n\t\t\t<a href=\"https:\/\/auw211.org\/haw\/pilikia-pilikia-pane\/#resources\" target=\"_blank\" rel=\"noopener\">\n\t\t\t\t\t\tN\u0101 Punawai Nui\n\t\t\t\t\t<\/a>","protected":false},"excerpt":{"rendered":"<p>Hiki i n\u0101 \u014dla\u02bbi ke p\u0101 me ka \u02bbike \u02bbole. He li\u02bbili\u02bbi ka hapa nui, ak\u0101 hiki i n\u0101 mea nui ke ho\u02bbop\u014d\u02bbino nui a ho\u02bboulu paha i ke kai e\u02bbe. Ho\u02bbohui \u02bbo AUW 211 i ka po\u02bbe Hawai\u02bbi me ka \u02bbike manawa maoli, n\u0101 kumuwaiwai pilikia, a me ke k\u0101ko\u02bbo ho\u02bb\u014dla ma mua, i ka w\u0101, a ma hope o ke \u014dla\u02bbi. In\u0101 pilikia koke \u02bboe, e kelepona i\u0101 911! N\u016bhou Urgent E \u02bbike i n\u0101 \u02bb\u014dlelo a\u02bboa\u02bbo ma mua o n\u0101 kai\u0101ulu i ho\u02bbopilikia \u02bbia e hiki ke\u2026<\/p>","protected":false},"author":1,"featured_media":4025,"parent":3964,"menu_order":0,"comment_status":"closed","ping_status":"closed","template":"","meta":{"footnotes":""},"class_list":["post-3973","page","type-page","status-publish","has-post-thumbnail","hentry"],"_links":{"self":[{"href":"https:\/\/auw211.org\/haw\/wp-json\/wp\/v2\/pages\/3973","targetHints":{"allow":["GET"]}}],"collection":[{"href":"https:\/\/auw211.org\/haw\/wp-json\/wp\/v2\/pages"}],"about":[{"href":"https:\/\/auw211.org\/haw\/wp-json\/wp\/v2\/types\/page"}],"author":[{"embeddable":true,"href":"https:\/\/auw211.org\/haw\/wp-json\/wp\/v2\/users\/1"}],"replies":[{"embeddable":true,"href":"https:\/\/auw211.org\/haw\/wp-json\/wp\/v2\/comments?post=3973"}],"version-history":[{"count":25,"href":"https:\/\/auw211.org\/haw\/wp-json\/wp\/v2\/pages\/3973\/revisions"}],"predecessor-version":[{"id":4238,"href":"https:\/\/auw211.org\/haw\/wp-json\/wp\/v2\/pages\/3973\/revisions\/4238"}],"up":[{"embeddable":true,"href":"https:\/\/auw211.org\/haw\/wp-json\/wp\/v2\/pages\/3964"}],"wp:featuredmedia":[{"embeddable":true,"href":"https:\/\/auw211.org\/haw\/wp-json\/wp\/v2\/media\/4025"}],"wp:attachment":[{"href":"https:\/\/auw211.org\/haw\/wp-json\/wp\/v2\/media?parent=3973"}],"curies":[{"name":"wp","href":"https:\/\/api.w.org\/{rel}","templated":true}]}}