{"id":3969,"date":"2025-10-02T08:44:24","date_gmt":"2025-10-02T18:44:24","guid":{"rendered":"https:\/\/auw211.org\/?page_id=3969"},"modified":"2026-03-27T10:07:27","modified_gmt":"2026-03-27T20:07:27","slug":"wildfire","status":"publish","type":"page","link":"https:\/\/auw211.org\/haw\/pilikia-pilikia-pane\/ahi-ahi\/","title":{"rendered":"ahi ahi | N\u0101 Punawai K\u016bikaw\u0101 a Poino"},"content":{"rendered":"<h2>Hiki ke laha koke n\u0101 ahi ahi, ho\u02bboulu \u02bbia e n\u0101 mea kanu malo\u02bbo, n\u0101 makani ki\u02bbeki\u02bbe, a me n\u0101 k\u016blana malo\u02bbo.<\/h2>\n<p>Hiki i\u0101 l\u0101kou ke luku i n\u0101 hale,<strong> \u0101lai i n\u0101 alanui, a ho\u02bboweliweli i n\u0101 ola i loko o n\u0101 minuke.<\/strong><\/p>\n<p>AUW 211 connects Hawai&#8217;i residents with evacuation routes, shelter locations, and recovery support before, during, and after a wildfire.<\/p>\n\t\t\t\t<img decoding=\"async\" src=\"https:\/\/auw211.org\/wp-content\/uploads\/2025\/10\/wildfire.png\" alt=\"ahi ahi\" itemprop=\"image\" height=\"1200\" width=\"1200\" title=\"ahi ahi\" onerror=\"this.style.display='none'\" loading=\"lazy\" \/>\n\t<h3><strong>In\u0101 pilikia koke \u02bboe, e kelepona i\u0101 911!<\/strong><\/h3>\n<h2>\n\t\t\tNuhou Kokiki\t<\/h2>\n\t\t\t<a href=\"\/haw\/category\/211-answers\/\" target=\"_self\">\n\t\t\t\t\t\tSee More\n\t\t\t\t\t<\/a>\n\t<h2>N\u0101 Kai\u0101ulu i Ho\u02bbopilikia \u02bbia<\/h2>\n<p><strong>Wildfires can affect both rural and urban areas across Hawai&#8217;i, especially during dry or windy conditions.<\/strong><\/p>\n<p><strong>Ke k\u016b nei kekahi mau kaiaulu i ka pilikia nui a\u02bbe:<\/strong><\/p>\n<ul>\n<li><strong>N\u0101 kama\u02bb\u0101ina kokoke i n\u0101 mau\u02bbu h\u0101mama<\/strong>, n\u0101 ulul\u0101\u02bbau, a i \u02bbole ka \u02bb\u0101ina i k\u016bkulu \u02bbole \u02bbia<\/li>\n<li><strong>\u02bbO n\u0101 hale me ke ala palena \u02bbole<\/strong> a i \u02bbole n\u0101 ala ho\u02bboku\u02bbu ho\u02bbokahi<\/li>\n<li><strong>N\u0101 wahi mahi\u02bbai a i \u02bbole n\u0101 kai\u0101ulu<\/strong> ka makani o ka \u02bb\u0101ina malo\u02bbo<\/li>\n<li><strong>\u02bbO n\u0101 po\u02bbe \u02bbelemakule<\/strong>, po\u02bbe kino k\u012bn\u0101, a \u02bbohana \u02bbole ka lawe \u02bbana<\/li>\n<li><strong>Noho ma kahi malo\u02bbo<\/strong> n\u0101 mokupuni a i \u02bbole n\u0101 kai\u0101ulu me ka lawa \u02bbole o ka wai<\/li>\n<\/ul>\n\t\t\t\t<img decoding=\"async\" src=\"https:\/\/auw211.org\/wp-content\/uploads\/2025\/10\/pexels-ryank-12015338-scaled.jpg\" alt=\"pexels-ryank-12015338\" itemprop=\"image\" height=\"2560\" width=\"1707\" title=\"pexels-ryank-12015338\" onerror=\"this.style.display='none'\" loading=\"lazy\" \/>\n\t<h2>Ma hea wau e hele ai?<\/h2>\n<p>In\u0101 pilikia koke \u02bboe, <strong data-start=\"1326\" data-end=\"1338\">kelepona 911<\/strong>.<br data-start=\"1339\" data-end=\"1342\" \/>If you&#8217;re safe but need non-emergency help, <strong data-start=\"1386\" data-end=\"1398\">kelepona 211<\/strong> no n\u0101 kumuwaiwai k\u016bloko.<\/p>\n\t<h3>Aia n\u0101 wahi palekana<\/h3>\n<ul>\n<li><strong>N\u0101 hale ho\u02bbomalu ulia p\u014dpilikia kalana<\/strong> a me n\u0101 ke\u02bbena ho\u02bboku\u02bbu \u02bbia \u02bbo Red Cross<\/li>\n<li><strong>N\u0101 kikowaena kaiaulu<\/strong> a i \u02bbole n\u0101 kula ma waho o ka wahi kuni<\/li>\n<li><strong>Koho \u02bbia n\u0101 hale ho\u02bbokipa aloha holoholona<\/strong>, in\u0101 loa\u02bba<\/li>\n<li><strong>Noho ka\u02bbawale<\/strong> me n\u0101 hoaaloha a \u02bbohana paha ma waho o n\u0101 wahi ha\u02bbalele<\/li>\n<\/ul>\n\t<strong>If ordered to evacuate, leave immediately &#8211; wildfires can move faster than you think.<\/strong><br \/>\n<strong>Mai kali a \u02bbike \u02bboe i n\u0101 lapalapa a i \u02bbole ka honi \u02bbana i ka uahi e hana ai.<\/strong>\n\t<h2>He aha ka\u02bbu e hana ai e ho\u02bbom\u0101kaukau ai?<\/h2>\n<strong>Ho\u02bbopakele ola ka ho\u02bbom\u0101kaukau.<\/strong> E ho\u02bbopa\u02bba i kou home a e ho\u02bbol\u0101l\u0101 ma mua o ka hiki \u02bbana mai o kahi \u014dla\u02bbi.\n\t<h3>K\u014dkua ka ho\u02bbom\u0101kaukau e ho\u02bbopakele i n\u0101 ola a me n\u0101 home. E hana i k\u0113ia manawa e h\u014d\u02bbemi i ka pilikia.<\/h3>\n<ul>\n<li><strong>E hana i kahi pahu pilikia 14 l\u0101<\/strong> (ka wai, ka mea\u02bbai, n\u0101 l\u0101\u02bbau lapa\u02bbau, n\u0101 maka, n\u0101 kukui uila, n\u0101 p\u0101kaukau, n\u0101 k\u014dkua mua, n\u0101 palapala ko\u02bbiko\u02bbi)<\/li>\n<li><strong>Maintain a &#8220;defensible space&#8221;<\/strong> &#8211; clear dry grass, leaves, and debris within 30 feet of your home<\/li>\n<li><strong>E ho\u02bbohana i ka hale pale ahi<\/strong> a me n\u0101 puka makani in\u0101 hiki<\/li>\n<li><strong>E \u02bbike i \u02bbelua ala ha\u02bbalele<\/strong> a e hana p\u016b me kou \u02bbohana<\/li>\n<\/ul>\n\t<ul>\n<li><strong>E m\u0101lama i k\u0101u ka\u02bba i ka wahie<\/strong> a k\u016b i mua o ke alanui no ka ha\u02bbalele wikiwiki<\/li>\n<li><strong>E k\u0101kau inoa no n\u0101 maka\u02bbala pilikia kalana<\/strong> a n\u0101n\u0101 i n\u0101 mea hou HI-EMA<\/li>\n<li><strong>E ho\u02bbol\u0101l\u0101 i ka ho\u02bboku\u02bbu \u02bbana i n\u0101 holoholona a me n\u0101 holoholona<\/strong><\/li>\n<li><strong>E n\u0101n\u0101 i k\u0101u \u02bbinikua<\/strong> no ka poino pili ahi<\/li>\n<\/ul>\n\t\t\t\t<img decoding=\"async\" src=\"https:\/\/auw211.org\/wp-content\/uploads\/2023\/03\/shutterstock_141030979-scaled.jpg\" alt=\"Wahine, Loa\u02bba, K\u016bk\u0101k\u016bk\u0101, Kau\" itemprop=\"image\" height=\"1707\" width=\"2560\" title=\"Wahine, Loa\u02bba, K\u016bk\u0101k\u016bk\u0101, Kau\" onerror=\"this.style.display='none'\" loading=\"lazy\" \/>\n\t<h2>He aha ka mea hiki i\u0101 AUW 211 ke h\u0101\u02bbawi?<\/h2>\nHo\u02bbohui \u02bbo Aloha United Way 211 i\u0101 \u02bboe i n\u0101 kumuwaiwai k\u016bloko i hilina\u02bbi \u02bbia i ka w\u0101 a ma hope o kahi ahi ahi:\n<ul data-start=\"3418\" data-end=\"3814\">\n<li data-start=\"3418\" data-end=\"3465\">\n<strong data-start=\"3420\" data-end=\"3463\">\u02bbO ka \u02bbike kahua ho\u02bbomaha a me ka ha\u02bbalele \u02bbana<\/strong>\n<\/li>\n<li data-start=\"3466\" data-end=\"3518\">\n<strong data-start=\"3468\" data-end=\"3516\">N\u0101 mea\u02bbai, wai, a me n\u0101 k\u014dkua ho\u02bbolako pilikia<\/strong>\n<\/li>\n<li data-start=\"3519\" data-end=\"3570\">\n<strong data-start=\"3521\" data-end=\"3568\">Ka \u02bb\u014dlelo a\u02bbo pilikia a me ke k\u0101ko\u02bbo olakino no\u02bbono\u02bbo<\/strong>\n<\/li>\n<li data-start=\"3571\" data-end=\"3626\">\n<strong data-start=\"3573\" data-end=\"3624\">Ho\u02bboma\u02bbema\u02bbe, ho\u02bboponopono, a me n\u0101 polokalamu ho\u02bb\u014dla p\u014d\u02bbino<\/strong>\n<\/li>\n<li data-start=\"3627\" data-end=\"3708\">\n<strong data-start=\"3629\" data-end=\"3663\">N\u0101 h\u0101\u02bbawi k\u014dkua k\u0101l\u0101<\/strong> no n\u0101 \u02bbohana i p\u014d\u02bbino i ke olai\n<\/li>\n<li data-start=\"3709\" data-end=\"3814\">\n<strong data-start=\"3711\" data-end=\"3758\">K\u0101ko\u02bbo \u02bb\u014dlelo a me n\u0101 lawelawe hiki ke loa\u02bba<\/strong> no ka po\u02bbe \u02bb\u014dlelo Pelekania \u02bbole a me ke kino k\u012bn\u0101\n<\/li>\n<\/ul>\n<strong>K\u0101hea i\u0101 211<\/strong> a i \u02bbole e \u02bbimi ma ka p\u016bnaewele no ke k\u014dkua ola, 7 l\u0101 o ka pule.\n\t\t\t<a href=\"tel:+211\" target=\"_self\">\n\t\t\t\t\t\tK\u0101hea i\u0101 211\n\t\t\t\t\t<\/a>\n\t\t\t<a href=\"https:\/\/search.auw211.org\/\" target=\"_blank\" rel=\"noopener\">\n\t\t\t\t\t\tHuli ma ka p\u016bnaewele\n\t\t\t\t\t<\/a>\n\t<h2>Pehea e hiki ai ia\u02bbu ke k\u014dkua i ko\u02bbu hoalauna?<\/h2>\n\t<p><strong>\u02bbOi aku ka ma\u02bbalahi o ke olai \u02bbana mai ka w\u0101 e hana p\u016b ai m\u0101kou.<\/strong><\/p>\n<ul>\n<li><strong>E n\u0101n\u0101 i n\u0101 k\u016bpuna,<\/strong> n\u0101 hoalauna me ke kino k\u012bn\u0101, a i \u02bbole n\u0101 \u02bbohana me n\u0101 keiki li\u02bbili\u02bbi.<\/li>\n<li><strong>Ka\u02bbana like i ka \u02bbike pololei<\/strong> from official channels &#8211; avoid spreading rumors.<\/li>\n<li><strong>H\u0101\u02bbawi i ka mea\u02bbai,<\/strong> wai, a i \u02bbole n\u0101 hale ho\u02bbolima in\u0101 loa\u02bba i\u0101 \u02bboe ka mana.<\/li>\n<li><strong>H\u0101\u02bbawi<\/strong> to Aloha United Way&#8217;s Disaster Relief Fund or local trusted charities.<\/li>\n<li><strong>H\u0101\u02bbawi manawale\u02bba<\/strong> with community cleanup or recovery efforts when it&#8217;s safe to do so.<\/li>\n<\/ul>\n\t<h2>Punawai wikiwiki<\/h2>\n<p>Pono k\u014dkua i k\u0113ia manawa? Hiki i k\u0113ia mau kumuwaiwai k\u016bhelu ke ho\u02bbopili i\u0101 \u02bboe me n\u0101 m\u0101ka\u02bbika\u02bbi pilikia, n\u0101 hale noho, a me ke k\u0101ko\u02bbo ma kou wahi.<\/p>\n<blockquote><strong>K\u0101hea i ka helu 911<\/strong> no ka pilikia pilikia.<br \/>\n<strong>Kaila 211<\/strong> no ke k\u014dkua pilikia \u02bbole a me n\u0101 kumuwaiwai k\u016bloko.<\/blockquote>\n\t<h3>\u02bbO n\u0101 m\u0101ka\u02bbika\u02bbi a me ka ho\u02bbom\u0101kaukau \u02bbana<\/h3>\n\t\t\t<a href=\"https:\/\/auw211.org\/haw\/pilikia-pilikia-pane\/#resources\" target=\"_blank\" rel=\"noopener\">\n\t\t\t\t\t\tN\u0101 Punawai Nui\n\t\t\t\t\t<\/a>","protected":false},"excerpt":{"rendered":"<p>Hiki ke laha koke n\u0101 ahi ahi, ho\u02bboulu \u02bbia e n\u0101 mea kanu malo\u02bbo, n\u0101 makani ki\u02bbeki\u02bbe, a me n\u0101 k\u016blana malo\u02bbo. Hiki i\u0101 l\u0101kou ke ho\u02bbopau i n\u0101 hale, \u0101lai i n\u0101 alanui, a ho\u02bboweliweli i n\u0101 ola i loko o n\u0101 minuke. Ho\u02bbohui \u02bbo AUW 211 i n\u0101 kama\u02bb\u0101ina o Hawai\u02bbi me n\u0101 ala ha\u02bbalele, n\u0101 wahi ho\u02bbomaha, a me ke k\u0101ko\u02bbo ho\u02bbiho\u02bbi ma mua, i ka w\u0101, a ma hope o ke ahi ahi. In\u0101 pilikia koke \u02bboe, e kelepona i\u0101 911! N\u016bhou wikiwiki e \u02bbike\u2026<\/p>","protected":false},"author":1,"featured_media":4018,"parent":3964,"menu_order":0,"comment_status":"closed","ping_status":"closed","template":"","meta":{"footnotes":""},"class_list":["post-3969","page","type-page","status-publish","has-post-thumbnail","hentry"],"_links":{"self":[{"href":"https:\/\/auw211.org\/haw\/wp-json\/wp\/v2\/pages\/3969","targetHints":{"allow":["GET"]}}],"collection":[{"href":"https:\/\/auw211.org\/haw\/wp-json\/wp\/v2\/pages"}],"about":[{"href":"https:\/\/auw211.org\/haw\/wp-json\/wp\/v2\/types\/page"}],"author":[{"embeddable":true,"href":"https:\/\/auw211.org\/haw\/wp-json\/wp\/v2\/users\/1"}],"replies":[{"embeddable":true,"href":"https:\/\/auw211.org\/haw\/wp-json\/wp\/v2\/comments?post=3969"}],"version-history":[{"count":11,"href":"https:\/\/auw211.org\/haw\/wp-json\/wp\/v2\/pages\/3969\/revisions"}],"predecessor-version":[{"id":4253,"href":"https:\/\/auw211.org\/haw\/wp-json\/wp\/v2\/pages\/3969\/revisions\/4253"}],"up":[{"embeddable":true,"href":"https:\/\/auw211.org\/haw\/wp-json\/wp\/v2\/pages\/3964"}],"wp:featuredmedia":[{"embeddable":true,"href":"https:\/\/auw211.org\/haw\/wp-json\/wp\/v2\/media\/4018"}],"wp:attachment":[{"href":"https:\/\/auw211.org\/haw\/wp-json\/wp\/v2\/media?parent=3969"}],"curies":[{"name":"wp","href":"https:\/\/api.w.org\/{rel}","templated":true}]}}