{"id":3967,"date":"2025-10-02T08:44:17","date_gmt":"2025-10-02T18:44:17","guid":{"rendered":"https:\/\/auw211.org\/?page_id=3967"},"modified":"2025-11-03T16:07:35","modified_gmt":"2025-11-04T02:07:35","slug":"tsunami","status":"publish","type":"page","link":"https:\/\/auw211.org\/haw\/pilikia-pilikia-pane\/kai-e%ca%bbe\/","title":{"rendered":"Kahinahinahina | N\u0101 Punawai K\u016bikaw\u0101 a Poino"},"content":{"rendered":"<h2>\u02bbO ka tsunami he mau nalu ikaika i ho\u02bboulu \u02bbia e n\u0101 \u02bb\u014dla\u02bbi ma lalo o ke kai, n\u0101 \u02bb\u0101ina ho\u02bbone\u02bbe, a i \u02bbole ka lua pele.<\/h2>\n<p>Hiki i\u0101 l\u0101kou ke hahau me ka \u02bb\u014dlelo a\u02bbo li\u02bbili\u02bbi,<strong> ke kahe \u02bbana o n\u0101 wahi kai a me ka luku nui \u02bbana.<\/strong><\/p>\n<p>Ho\u02bbohui \u02bbo AUW 211 i ka po\u02bbe Hawai\u02bbi me n\u0101 m\u0101ka\u02bbika\u02bbi manawa maoli, n\u0101 wahi ho\u02bbomaha, a me n\u0101 kumuwaiwai ho\u02bbiho\u02bbi ma mua, i ka w\u0101, a ma hope o ke kai e\u02bbe.<\/p>\n\t\t\t\t<img decoding=\"async\" src=\"https:\/\/auw211.org\/wp-content\/uploads\/2025\/10\/tsunami.png\" alt=\"kai e\u02bbe\" itemprop=\"image\" height=\"1200\" width=\"1200\" title=\"kai e\u02bbe\" onerror=\"this.style.display='none'\" loading=\"lazy\" \/>\n\t<h3><strong>In\u0101 pilikia koke \u02bboe, e kelepona i\u0101 911!<\/strong><\/h3>\n<h2>\n\t\t\tNuhou Kokiki\t<\/h2>\n\t\t\t<a href=\"\/haw\/category\/211-answers\/\" target=\"_self\">\n\t\t\t\t\t\tSee More\n\t\t\t\t\t<\/a>\n\t<h2>N\u0101 Kai\u0101ulu i Ho\u02bbopilikia \u02bbia<\/h2>\n<p><strong>Hiki ke ho\u02bbopilikia i ke kai e\u02bbe i n\u0101 mea kokoke i kahakai, ak\u0101 \u02bboi aku ka nui o ka pilikia o kekahi mau wahi a me n\u0101 hui:<\/strong><\/p>\n<ul>\n<li><strong>Ka po\u02bbe noho ma n\u0101 wahi ho\u02bboku\u02bbu kai e\u02bbe<\/strong> a i \u02bbole n\u0101 \u02bb\u0101ina ha\u02bbaha\u02bba kahakai<\/li>\n<li><strong>Ka po\u02bbe e noho kokoke ana i n\u0101 kai k\u016b\u02bbono<\/strong>, n\u0101 awa, a i \u02bbole n\u0101 nuku o ka muliwai kahi e holo ai ka nalu i uka<\/li>\n<li><strong>\u02bbO ka po\u02bbe m\u0101ka\u02bbika\u02bbi a i \u02bbole ka po\u02bbe malihini kipa \u02bbike \u02bbole<\/strong> me n\u0101 kani ho\u02bbolaha k\u016bloko a i \u02bbole n\u0101 ala ha\u02bbalele<\/li>\n<li><strong>\u02bbO n\u0101 m\u0101kua, n\u0101 keiki<\/strong>, a me n\u0101 po\u02bbe me ka li\u02bbili\u02bbi o ka ne\u02bbe \u02bbana e pono paha ka manawa hou e ha\u02bbalele ai<\/li>\n<li><strong>Noho ka\u02bba \u02bbole<\/strong> a i \u02bbole ke komo \u02bbana i ka halihali i ka w\u0101 e ha\u02bbalele ai<\/li>\n<\/ul>\n\t\t\t\t<img decoding=\"async\" src=\"https:\/\/auw211.org\/wp-content\/uploads\/2025\/10\/pexels-jess-vide-4321198-scaled.jpg\" alt=\"pexels-jess-vide-4321198\" itemprop=\"image\" height=\"1706\" width=\"2560\" title=\"pexels-jess-vide-4321198\" onerror=\"this.style.display='none'\" loading=\"lazy\" \/>\n\t<h2>Ma hea wau e hele ai?<\/h2>\n<p>In\u0101 pilikia koke \u02bboe, <strong data-start=\"1326\" data-end=\"1338\">kelepona 911<\/strong>.<br data-start=\"1339\" data-end=\"1342\" \/>If you&#8217;re safe but need non-emergency help, <strong data-start=\"1386\" data-end=\"1398\">kelepona 211<\/strong> no n\u0101 kumuwaiwai k\u016bloko.<\/p>\n\t<h3>Aia n\u0101 wahi palekana<\/h3>\n<ul>\n<li><strong>Ho\u02bboku\u02bbu \u02bbia ke kai e\u02bbe<\/strong> n\u0101 hale i helu \u02bbia e kou kalana<\/li>\n<li><strong>\u02bb\u0100ina ki\u02bbeki\u02bbe<\/strong> (\u2265100 ft) outside the evacuation zone<\/li>\n<li><strong>Ho\u02bboku\u02bbu k\u016b i luna<\/strong> n\u0101 hale (hale ho\u02bbopa\u02bba \u02bbia he nui) ma n\u0101 kahakai<\/li>\n<li><strong>N\u0101 hale ho\u02bbomalu holoholona<\/strong>, if available &#8211; check with your county&#8217;s emergency management office<\/li>\n<\/ul>\n\t<p>In\u0101 ho\u02bbopuka \u02bbia kahi \u02bb\u014dlelo a\u02bbo kai e\u02bbe, <strong>ne\u02bbe koke i uka a i \u02bbole i kahi ki\u02bbeki\u02bbe<\/strong> &#8211; do not wait for instructions. Never go to the shoreline to &#8220;watch&#8221; the waves.<\/p>\n\t<h2>He aha ka\u02bbu e hana ai e ho\u02bbom\u0101kaukau ai?<\/h2>\n<p><strong>Ho\u02bbopakele ola ka ho\u02bbom\u0101kaukau.<\/strong> E \u02bbike i k\u0101u wahi ho\u02bboku\u02bbu a ho\u02bbol\u0101l\u0101 i mua.<\/p>\n\t\t\t\t<img decoding=\"async\" src=\"https:\/\/auw211.org\/wp-content\/uploads\/2025\/10\/pexels-max-j-591756779-17122126-scaled.jpg\" alt=\"pexels-max-j-591756779-17122126\" itemprop=\"image\" height=\"1707\" width=\"2560\" title=\"pexels-max-j-591756779-17122126\" onerror=\"this.style.display='none'\" loading=\"lazy\" \/>\n\t<ul>\n<li><strong>E a\u02bbo i k\u0101u mau ala ho\u02bboku\u02bbu kai e\u02bbe<\/strong> &#8211; practice them with your household<\/li>\n<li><strong>E ho\u02bbom\u0101kaukau i kahi pilikia 14 l\u0101<\/strong> pahu ho\u02bbolako (mea\u02bbai, wai, l\u0101\u02bbau lapa\u02bbau, kukui uila, p\u0101kahi, leki\u014d)<\/li>\n<li><strong>E m\u0101lama i n\u0101 palapala ko\u02bbiko\u02bbi<\/strong> a me n\u0101 mea waiwai i loko o kahi pahu wai<\/li>\n<li><strong>In\u0101 noho \u02bboe ma kahi kahakai<\/strong>, e ho\u02bbomaopopo i \u02bbelua ala ho\u02bboku\u02bbu in\u0101 pa\u02bba kekahi<\/li>\n<li><strong>E k\u0101kau inoa no n\u0101 \u02bb\u014dnaehana maka\u02bbala kalana a me HI-EMA<\/strong> no ka leo kani a me ka leka hoolaha<\/li>\n<li><strong>E k\u016bk\u0101k\u016bk\u0101 i n\u0101 ho\u02bbol\u0101l\u0101 ho\u02bboku\u02bbu<\/strong> me n\u0101 hoalauna, \u02bboi aku ka po\u02bbe e pono ai ke k\u014dkua hou aku<\/li>\n<li><strong>E \u02bbike i n\u0101 h\u014d\u02bbailona h\u014d\u02bbailona k\u016blohelohe<\/strong>: ka haalulu ikaika a l\u014d\u02bbihi paha, ka ho\u02bbiho\u02bbi koke \u02bbana o ka moana, a i \u02bbole ka halulu nui<\/li>\n<\/ul>\n\t\t\t\t<img decoding=\"async\" src=\"https:\/\/auw211.org\/wp-content\/uploads\/2023\/03\/shutterstock_141030979-scaled.jpg\" alt=\"Wahine, Loa\u02bba, K\u016bk\u0101k\u016bk\u0101, Kau\" itemprop=\"image\" height=\"1707\" width=\"2560\" title=\"Wahine, Loa\u02bba, K\u016bk\u0101k\u016bk\u0101, Kau\" onerror=\"this.style.display='none'\" loading=\"lazy\" \/>\n\t<h2>He aha ka mea hiki i\u0101 AUW 211 ke h\u0101\u02bbawi?<\/h2>\nHo\u02bbohui \u02bbo Aloha United Way 211 i\u0101 \u02bboe i n\u0101 kumuwaiwai k\u016bloko i hilina\u02bbi \u02bbia i ka w\u0101 a ma hope o ke kai \u02bbino:\n<ul data-start=\"3418\" data-end=\"3814\">\n<li data-start=\"3418\" data-end=\"3465\">\n<strong data-start=\"3420\" data-end=\"3463\">\u02bbO ka \u02bbike kahua ho\u02bbomaha a me ka ha\u02bbalele \u02bbana<\/strong>\n<\/li>\n<li data-start=\"3466\" data-end=\"3518\">\n<strong data-start=\"3468\" data-end=\"3516\">N\u0101 mea\u02bbai, wai, a me n\u0101 k\u014dkua ho\u02bbolako pilikia<\/strong>\n<\/li>\n<li data-start=\"3519\" data-end=\"3570\">\n<strong data-start=\"3521\" data-end=\"3568\">Ka \u02bb\u014dlelo a\u02bbo pilikia a me ke k\u0101ko\u02bbo olakino no\u02bbono\u02bbo<\/strong>\n<\/li>\n<li data-start=\"3571\" data-end=\"3626\">\n<strong data-start=\"3573\" data-end=\"3624\">Ho\u02bboma\u02bbema\u02bbe, ho\u02bboponopono, a me n\u0101 polokalamu ho\u02bb\u014dla p\u014d\u02bbino<\/strong>\n<\/li>\n<li data-start=\"3627\" data-end=\"3708\">\n<strong data-start=\"3629\" data-end=\"3663\">N\u0101 h\u0101\u02bbawi k\u014dkua k\u0101l\u0101<\/strong> no n\u0101 \u02bbohana i ho\u02bbopilikia \u02bbia e ka p\u014d\u02bbino o ka tsunami\n<\/li>\n<li data-start=\"3709\" data-end=\"3814\">\n<strong data-start=\"3711\" data-end=\"3758\">K\u0101ko\u02bbo \u02bb\u014dlelo a me n\u0101 lawelawe hiki ke loa\u02bba<\/strong> no ka po\u02bbe \u02bb\u014dlelo Pelekania \u02bbole a me ke kino k\u012bn\u0101\n<\/li>\n<\/ul>\n<strong>K\u0101hea i\u0101 211<\/strong> a i \u02bbole e \u02bbimi ma ka p\u016bnaewele no ke k\u014dkua ola, 7 l\u0101 o ka pule.\n\t\t\t<a href=\"tel:+211\" target=\"_self\">\n\t\t\t\t\t\tK\u0101hea i\u0101 211\n\t\t\t\t\t<\/a>\n\t\t\t<a href=\"https:\/\/search.auw211.org\/\" target=\"_blank\" rel=\"noopener\">\n\t\t\t\t\t\tHuli ma ka p\u016bnaewele\n\t\t\t\t\t<\/a>\n\t<h2>Pehea e hiki ai ia\u02bbu ke k\u014dkua i ko\u02bbu hoalauna?<\/h2>\n\t<p><strong>Tsunamis can devastate entire communities &#8211; recovery is faster when we help each other.<\/strong><\/p>\n<ul>\n<li><strong>E n\u0101n\u0101 i n\u0101 k\u016bpuna<\/strong>, po\u02bbe kino k\u012bn\u0101, a i \u02bbole \u02bbohana me n\u0101 keiki li\u02bbili\u02bbi ma kou wahi<\/li>\n<li><strong>H\u0101\u02bbawi i ka halihali<\/strong> a i \u02bbole k\u014dkua unuhi i n\u0101 hoalauna e pono ai<\/li>\n<li><strong>Ka\u02bbana like i ka \u02bbike i h\u014d\u02bboia \u02bbia<\/strong> mai n\u0101 ala k\u016bhelu<\/li>\n<li><strong>Donate to Aloha United Way&#8217;s Disaster Relief Fund<\/strong> a i \u02bbole n\u0101 hui aloha k\u016bloko hilina\u02bbi \u02bb\u0113 a\u02bbe<\/li>\n<li><strong>H\u0101\u02bbawi manawale\u02bba<\/strong> no ka ho&#039;\u014dla hou \u02bbana i ka w\u0101 e ha\u02bbi aku ai n\u0101 luna i ka palekana<\/li>\n<\/ul>\n\t<h2>Punawai wikiwiki<\/h2>\n<p>Pono k\u014dkua i k\u0113ia manawa? Hiki i k\u0113ia mau kumuwaiwai k\u016bhelu ke ho\u02bbopili i\u0101 \u02bboe me n\u0101 m\u0101ka\u02bbika\u02bbi pilikia, n\u0101 hale noho, a me ke k\u0101ko\u02bbo ma kou wahi.<\/p>\n<blockquote><strong>K\u0101hea i ka helu 911<\/strong> no ka pilikia pilikia.<br \/>\n<strong>Kaila 211<\/strong> no ke k\u014dkua pilikia \u02bbole a me n\u0101 kumuwaiwai k\u016bloko.<\/blockquote>\n\t<h3>\u02bbO n\u0101 m\u0101ka\u02bbika\u02bbi a me ka ho\u02bbom\u0101kaukau \u02bbana<\/h3>\n\t\t\t<a href=\"https:\/\/auw211.org\/haw\/pilikia-pilikia-pane\/#resources\" target=\"_blank\" rel=\"noopener\">\n\t\t\t\t\t\tN\u0101 Punawai Nui\n\t\t\t\t\t<\/a>","protected":false},"excerpt":{"rendered":"<p>\u02bbO ka tsunami he mau nalu ikaika i ho\u02bboulu \u02bbia e n\u0101 \u02bb\u014dla\u02bbi ma lalo o ke kai, n\u0101 \u02bb\u0101ina ho\u02bbone\u02bbe, a i \u02bbole ka lua pele. Hiki i\u0101 l\u0101kou ke hahau me ka li\u02bbili\u02bbi o ka \u02bb\u014dlelo a\u02bbo \u02bbana, ke kahe \u02bbana i n\u0101 wahi kahakai a me ka luku nui \u02bbana. Ho\u02bbohui \u02bbo AUW 211 i ka po\u02bbe Hawai\u02bbi me n\u0101 m\u0101ka\u02bbika\u02bbi manawa maoli, n\u0101 wahi ho\u02bbomaha, a me n\u0101 kumuwaiwai ho\u02bbiho\u02bbi ma mua, i ka w\u0101, a ma hope o ke kai e\u02bbe. In\u0101 pilikia koke \u02bboe, e kelepona i\u0101 911! N\u016bhou wikiwiki\u2026<\/p>","protected":false},"author":1,"featured_media":4059,"parent":3964,"menu_order":0,"comment_status":"closed","ping_status":"closed","template":"","meta":{"footnotes":""},"class_list":["post-3967","page","type-page","status-publish","has-post-thumbnail","hentry"],"_links":{"self":[{"href":"https:\/\/auw211.org\/haw\/wp-json\/wp\/v2\/pages\/3967","targetHints":{"allow":["GET"]}}],"collection":[{"href":"https:\/\/auw211.org\/haw\/wp-json\/wp\/v2\/pages"}],"about":[{"href":"https:\/\/auw211.org\/haw\/wp-json\/wp\/v2\/types\/page"}],"author":[{"embeddable":true,"href":"https:\/\/auw211.org\/haw\/wp-json\/wp\/v2\/users\/1"}],"replies":[{"embeddable":true,"href":"https:\/\/auw211.org\/haw\/wp-json\/wp\/v2\/comments?post=3967"}],"version-history":[{"count":12,"href":"https:\/\/auw211.org\/haw\/wp-json\/wp\/v2\/pages\/3967\/revisions"}],"predecessor-version":[{"id":4249,"href":"https:\/\/auw211.org\/haw\/wp-json\/wp\/v2\/pages\/3967\/revisions\/4249"}],"up":[{"embeddable":true,"href":"https:\/\/auw211.org\/haw\/wp-json\/wp\/v2\/pages\/3964"}],"wp:featuredmedia":[{"embeddable":true,"href":"https:\/\/auw211.org\/haw\/wp-json\/wp\/v2\/media\/4059"}],"wp:attachment":[{"href":"https:\/\/auw211.org\/haw\/wp-json\/wp\/v2\/media?parent=3967"}],"curies":[{"name":"wp","href":"https:\/\/api.w.org\/{rel}","templated":true}]}}