{"id":3964,"date":"2025-10-02T08:39:40","date_gmt":"2025-10-02T18:39:40","guid":{"rendered":"https:\/\/auw211.org\/?page_id=3964"},"modified":"2026-03-24T16:05:47","modified_gmt":"2026-03-25T02:05:47","slug":"emergency-disaster-response","status":"publish","type":"page","link":"https:\/\/auw211.org\/haw\/pilikia-pilikia-pane\/","title":{"rendered":"Pane ulia p\u014dpilikia a me n\u0101 p\u014d\u02bbino"},"content":{"rendered":"<h2>M\u0101kaukau \u02bboe i ka w\u0101 e hiki mai ai kahi p\u014d\u02bbino?<\/h2>\n<p><strong>E ho\u02bboku\u02bbi m\u0101kou i\u0101 \u02bboe me ka \u02bbike manawa maoli, n\u0101 wahi ho\u02bbomaha, a me n\u0101 kumuwaiwai ho\u02bbiho\u02bbi ma mua, i ka w\u0101, a ma hope o ka pilikia a i \u02bbole ka p\u014d\u02bbino k\u016blohelohe.<\/strong><\/p>\n\t<h3><strong>In\u0101 pilikia koke \u02bboe, e kelepona i\u0101 911!<\/strong><\/h3>\n\t\t\t\t<a href=\"https:\/\/auw211.org\/haw\/pilikia-pilikia-pane\/ola%ca%bbi\/\"  target=\"_self\" itemprop=\"url\">\n\t\t\t\t<img decoding=\"async\" src=\"https:\/\/auw211.org\/wp-content\/uploads\/2025\/10\/earthquake.png\" alt=\"\u014dla\u02bbi\" itemprop=\"image\" height=\"1200\" width=\"1200\" title=\"\u014dla\u02bbi\" onerror=\"this.style.display='none'\" loading=\"lazy\" \/>\n\t\t\t\t<\/a>\n<h2><a href=\"https:\/\/auw211.org\/haw\/pilikia-pilikia-pane\/ola%ca%bbi\/\" target=\"_self\">\u02bb\u014dla\u02bbi<\/a><\/h2><p>Hiki i n\u0101 \u014dla\u02bbi ke p\u0101 me ka \u02bbike \u02bbole.<\/p>\n<p><strong>Ka manawa o ka makahiki e mana\u02bbo ai:<\/strong> I k\u0113l\u0101 me k\u0113ia manawa<\/p>\n\t\t\t<a href=\"https:\/\/auw211.org\/haw\/pilikia-pilikia-pane\/ola%ca%bbi\/\" target=\"_self\">\n\t\t\t\t\t\t\tA\u02bbo hou mai\n\t\t\t<\/a>\n\t\t\t\t<a href=\"https:\/\/auw211.org\/haw\/pilikia-pilikia-pane\/wai-kahe\/\"  target=\"_self\" itemprop=\"url\">\n\t\t\t\t<img decoding=\"async\" src=\"https:\/\/auw211.org\/wp-content\/uploads\/2025\/10\/flood-150x150.png\" alt=\"wai kahe\" itemprop=\"image\" height=\"150\" width=\"150\" title=\"wai kahe\" onerror=\"this.style.display='none'\" loading=\"lazy\" \/>\n\t\t\t\t<\/a>\n<h2><a href=\"https:\/\/auw211.org\/haw\/pilikia-pilikia-pane\/wai-kahe\/\" target=\"_self\">Kahinahina<\/a><\/h2><p>Hiki ke kahe ka wai ma hope o ka ua nui, n\u0101 \u02bbino \u02bbino, a i \u02bbole ka nah\u0101 \u02bbana o n\u0101 p\u0101.<\/p>\n<p><strong>Ka manawa o ka makahiki e mana\u02bbo ai:<\/strong> November &#8211; April<\/p>\n\t\t\t<a href=\"https:\/\/auw211.org\/haw\/pilikia-pilikia-pane\/wai-kahe\/\" target=\"_self\">\n\t\t\t\t\t\t\tA\u02bbo hou mai\n\t\t\t<\/a>\n\t\t\t\t<a href=\"https:\/\/auw211.org\/haw\/pilikia-pilikia-pane\/makani-ino\/\"  target=\"_self\" itemprop=\"url\">\n\t\t\t\t<img decoding=\"async\" src=\"https:\/\/auw211.org\/wp-content\/uploads\/2025\/10\/hurricane-150x150.png\" alt=\"makani ino\" itemprop=\"image\" height=\"150\" width=\"150\" title=\"makani ino\" onerror=\"this.style.display='none'\" loading=\"lazy\" \/>\n\t\t\t\t<\/a>\n<h2><a href=\"https:\/\/auw211.org\/haw\/pilikia-pilikia-pane\/makani-ino\/\" target=\"_self\">Hurricane<\/a><\/h2><p>Hiki i n\u0101 Hurricane ke ho\u02bboulu i n\u0101 makani p\u014d\u02bbino, ka wai kahe, a me ka ho\u02bbopau nui \u02bbana o ka mana.<\/p>\n<p><strong>Ka manawa o ka makahiki e mana\u02bbo ai:<\/strong> June &#8211; November<\/p>\n\t\t\t<a href=\"https:\/\/auw211.org\/haw\/pilikia-pilikia-pane\/makani-ino\/\" target=\"_self\">\n\t\t\t\t\t\t\tA\u02bbo hou mai\n\t\t\t<\/a>\n\t\t\t\t<a href=\"https:\/\/auw211.org\/haw\/pilikia-pilikia-pane\/kai-e%ca%bbe\/\"  target=\"_self\" itemprop=\"url\">\n\t\t\t\t<img decoding=\"async\" src=\"https:\/\/auw211.org\/wp-content\/uploads\/2025\/10\/tsunami-150x150.png\" alt=\"kai e\u02bbe\" itemprop=\"image\" height=\"150\" width=\"150\" title=\"kai e\u02bbe\" onerror=\"this.style.display='none'\" loading=\"lazy\" \/>\n\t\t\t\t<\/a>\n<h2><a href=\"https:\/\/auw211.org\/haw\/pilikia-pilikia-pane\/kai-e%ca%bbe\/\" target=\"_self\">\u02bbAi\u02bbula\u02bbula<\/a><\/h2>\u02bbO ka tsunami he mau nalu ikaika i ho\u02bboulu \u02bbia e n\u0101 \u02bb\u014dla\u02bbi ma lalo o ke kai, n\u0101 \u02bb\u0101ina ho\u02bbone\u02bbe, a i \u02bbole ka lua pele.<br \/>\n<strong>Ka manawa o ka makahiki e mana\u02bbo ai:<\/strong> I k\u0113l\u0101 me k\u0113ia manawa\n\t\t\t<a href=\"https:\/\/auw211.org\/haw\/pilikia-pilikia-pane\/kai-e%ca%bbe\/\" target=\"_self\">\n\t\t\t\t\t\t\tA\u02bbo hou mai\n\t\t\t<\/a>\n\t\t\t\t<a href=\"https:\/\/auw211.org\/haw\/pilikia-pilikia-pane\/lua-pele\/\"  target=\"_self\" itemprop=\"url\">\n\t\t\t\t<img decoding=\"async\" src=\"https:\/\/auw211.org\/wp-content\/uploads\/2025\/10\/volcano-150x150.png\" alt=\"lua pele\" itemprop=\"image\" height=\"150\" width=\"150\" title=\"lua pele\" onerror=\"this.style.display='none'\" loading=\"lazy\" \/>\n\t\t\t\t<\/a>\n<h2><a href=\"https:\/\/auw211.org\/haw\/pilikia-pilikia-pane\/lua-pele\/\" target=\"_self\">lua pele<\/a><\/h2><p>Hiki i ka pele pele, ka lehu, a me n\u0101 kinoea \u02bbona.<\/p>\n<p><strong>Ka manawa o ka makahiki e mana\u02bbo ai:<\/strong> I k\u0113l\u0101 me k\u0113ia manawa<\/p>\n\t\t\t<a href=\"https:\/\/auw211.org\/haw\/pilikia-pilikia-pane\/lua-pele\/\" target=\"_self\">\n\t\t\t\t\t\t\tA\u02bbo hou mai\n\t\t\t<\/a>\n\t\t\t\t<a href=\"https:\/\/auw211.org\/haw\/pilikia-pilikia-pane\/ahi-ahi\/\"  target=\"_self\" itemprop=\"url\">\n\t\t\t\t<img decoding=\"async\" src=\"https:\/\/auw211.org\/wp-content\/uploads\/2025\/10\/wildfire-150x150.png\" alt=\"ahi ahi\" itemprop=\"image\" height=\"150\" width=\"150\" title=\"ahi ahi\" onerror=\"this.style.display='none'\" loading=\"lazy\" \/>\n\t\t\t\t<\/a>\n<h2><a href=\"https:\/\/auw211.org\/haw\/pilikia-pilikia-pane\/ahi-ahi\/\" target=\"_self\">ahi ahi<\/a><\/h2><p>Hiki ke laha koke n\u0101 ahi ahi, ho\u02bboulu \u02bbia e n\u0101 mea kanu malo\u02bbo, n\u0101 makani ki\u02bbeki\u02bbe, a me n\u0101 k\u016blana malo\u02bbo.<\/p>\n<p><strong>Ka manawa o ka makahiki e mana\u02bbo ai:<\/strong> May &#8211; October<\/p>\n\t\t\t<a href=\"https:\/\/auw211.org\/haw\/pilikia-pilikia-pane\/ahi-ahi\/\" target=\"_self\">\n\t\t\t\t\t\t\tA\u02bbo hou mai\n\t\t\t<\/a>\n\t<h2>N\u012bnau pinepine<\/h2>\n\t\t\t\t\t<a href=\"#\"  id=\"fl-accordion--label-0\" tabindex=\"0\" aria-controls=\"fl-accordion--panel-0\">He aha ka AUW 211 <b>Hiki ke hana<\/b> e K\u0101ko\u02bbo i ka ulia p\u014dpilikia a me ka pane p\u014d\u02bbino<\/a>\n\t\t\t\t\t\t\t\t\t\t\t<a href=\"#\" id=\"fl-accordion--icon-0\"  tabindex=\"0\"><i title=\"Collapse\">Collapse<\/i><\/a>\n\t\t\t\t\t<ul>\n<li>H\u0101\u02bbawi i ka \u02bbike pilikia \u02bbole a me ka h\u0101\u02bbawi \u02bbana (I&amp;R) i n\u0101 kumuwaiwai kai\u0101ulu.<\/li>\n<li>E ho&#039;\u0113mi i ke kaumaha ma 911 ma ka ho&#039;\u0101\u02bbo\u02bbana i n\u0101 kelepona ho\u02bboweliweli a me ke kuhikuhi \u02bbana i\u0101 l\u0101kou i n\u0101 lawelawe k\u016bpono (ma muli o ka noi\u02bbi NEMAA).<\/li>\n<li>Ka\u02bbana like i ka \u02bbike manawa maoli e pili ana i n\u0101 hale noho, n\u0101 wahi h\u0101nai, a me ka h\u0101\u02bbawi \u02bbana i n\u0101 k\u014dkua i ka w\u0101 o n\u0101 p\u014d\u02bbino.<\/li>\n<li>E h\u014d\u02bbili\u02bbili, h\u014d\u02bbulu\u02bbulu, a mana\u02bbo e pono ke kai\u0101ulu i ka \u02bbikepili i n\u0101 mana ho\u02bbokele pilikia a me n\u0101 hoa VOAD.<\/li>\n<li>H\u0101\u02bbawi i ka \u02bbike lehulehu ma o n\u0101 unuhi unuhi a me n\u0101 kumuwaiwai unuhi.<\/li>\n<li>H\u0101\u02bbawi i ka \u02bbike trauma, kama\u02bbilio k\u016bpono i ka mo\u02bbomeheu (Inform USA standards).<\/li>\n<\/ul>\n\t\t\t\t\t<a href=\"#\"  id=\"fl-accordion--label-1\" tabindex=\"0\" aria-controls=\"fl-accordion--panel-1\">He aha ka AUW 211 <b>\u02bbA\u02bbole hiki ke hana<\/b> e K\u0101ko\u02bbo i ka ulia p\u014dpilikia a me ka pane p\u014d\u02bbino<\/a>\n\t\t\t\t\t\t\t\t\t\t\t<a href=\"#\" id=\"fl-accordion--icon-1\"  tabindex=\"0\"><i title=\"Expand\">Expand<\/i><\/a>\n\t\t\t\t\t<ul>\n<li>E ho\u02bbouna i n\u0101 mea pane mua a i \u02bbole e m\u0101lama i n\u0101 pilikia e ho\u02bboweliweli i ke ola (e k\u0101hea i\u0101 911).<\/li>\n<li>H\u0101\u02bbawi i ka m\u0101lama olakino pololei, ho\u02bbopakele, a i \u02bbole ka lawe \u02bbana.<\/li>\n<li>H\u014d\u02bboia i ka hale a i \u02bbole ke k\u014dkua k\u0101l\u0101 ak\u0101 hiki ke ho\u02bbopili i n\u0101 papahana i loa\u02bba.<\/li>\n<li>E ho\u02bbololi i n\u0101 m\u0101ka\u02bbika\u02bbi aupuni; ak\u0101, ho\u02bbonui m\u0101kou a ho\u02bbopili i\u0101 l\u0101kou.<\/li>\n<\/ul>\n\t<h2>Pehea e hiki ai ia\u02bbu ke ho\u02bbohui i kahi kumuwaiwai a i \u02bbole papa inoa ma ka waihona?<\/h2>\n<p>Ho\u02bbopiha \u02bbia ka waihona 211 i n\u0101 \u02bbano like \u02bbole a i \u02bbole n\u0101 papahana a in\u0101 loa\u02bba i\u0101 \u02bboe kahi mea e ho\u02bbohui ai, e \u02bbolu\u02bbolu e ho\u02bbohana i k\u0101 m\u0101kou kikowaena kikowaena e hiki ai i\u0101 \u02bboe ke ho\u02bbohui i kahi kumuwaiwai hou, ho\u02bbohou i kahi papa inoa i loa\u02bba a \u02bboi aku. Aia ka lawelawe ma ka moku&#039;\u0101ina holo\u02bboko\u02bba, no laila ua h\u014d\u02bbike \u02bbia n\u0101 mokupuni \u0101pau i ka waihona a me ka \u02bbikepili.<\/p>\n\t\t\t<a href=\"https:\/\/auw211.org\/haw\/na-mea-ho%ca%bbolako\/#new-agency\" target=\"_self\">\n\t\t\t\t\t\tHo\u02bbohui i kahi hui hou.\n\t\t\t\t\t<\/a>\n\t\t\t<a href=\"https:\/\/auw211.org\/haw\/na-mea-ho%ca%bbolako\/#new-program\" target=\"_self\">\n\t\t\t\t\t\tHo\u02bbohui i kahi polokalamu hou.\n\t\t\t\t\t<\/a>\n\t\t\t<a href=\"https:\/\/auw211.org\/haw\/na-mea-ho%ca%bbolako\/#update-agency-program\" target=\"_self\">\n\t\t\t\t\t\tHo\u02bbohou i kahi hui a papahana paha.\n\t\t\t\t\t<\/a>\n<h2>\n\t\t\tNuhou Kokiki\t<\/h2>\n\t\t\t<a href=\"\/haw\/category\/disaster-response\/\" target=\"_self\">\n\t\t\t\t\t\tSee More\n\t\t\t\t\t<\/a>\n\t<h2>Punawai wikiwiki<\/h2>\n<p>Pono k\u014dkua i k\u0113ia manawa? <strong>Hiki i k\u0113ia mau kumuwaiwai k\u016bhelu ke ho\u02bbopili i\u0101 \u02bboe me n\u0101 m\u0101ka\u02bbika\u02bbi pilikia, n\u0101 hale noho, a me ke k\u0101ko\u02bbo ma kou wahi.<\/strong><\/p>\n<blockquote><p><strong>K\u0101hea i ka helu 911<\/strong> no ka pilikia pilikia. | <strong>Kaila 211<\/strong>\u00a0no ke k\u014dkua pilikia \u02bbole a me n\u0101 kumuwaiwai k\u016bloko.<\/p><\/blockquote>\n\t<h3>N\u0101 hale ho\u02bbomalu a me ka ha\u02bbalele \u02bbana<\/h3>\n<p>E \u02bbike i n\u0101 ala a me n\u0101 wahi ho\u02bbomaha ma mua o kahi hanana. Ho\u02bbopili i kahi pahu 14 l\u0101 (wai, mea\u02bbai, l\u0101\u02bbau lapa\u02bbau, palapala, mana\/kukui, ho\u02bboma\u02bbema\u02bbe, lako holoholona)<\/p>\n<p><strong>He aha n\u0101 mea e lawe ai i n\u0101 hale noho:<\/strong> n\u0101 uhi maka, n\u0101 mea ma\u02bbema\u02bbe, n\u0101 l\u0101\u02bbau lapa\u02bbau, n\u0101 ID\/inikua, n\u0101 mea \u02bbai, n\u0101 lole lole, n\u0101 mea h\u014d\u02bbolu\u02bbolu no n\u0101 keiki a me n\u0101 k\u016bpuna.<\/p>\n\t<h3>K\u016blana p\u014d\u02bbino a me n\u0101 mea hou<\/h3>\n<p>E \u02bbimi i n\u0101 m\u0101ka\u02bbika\u02bbi ikaika, n\u0101 palapala \u02bb\u0101ina hanana, a me n\u0101 h\u014d\u02bbano hou. I n\u0101 hanana, h\u014d\u02bboia i ka \u02bbike ma o n\u0101 kumu hilina\u02bbi.<\/p>\n<p><strong>N\u0101 Kumu Mana\u02bbo:<\/strong><\/p>\n\t<h3>E ki\u02bbi i ke k\u014dkua i k\u0113ia manawa<\/h3>","protected":false},"excerpt":{"rendered":"<p>M\u0101kaukau \u02bboe i ka w\u0101 e hiki mai ai kahi p\u014d\u02bbino? E ho\u02bboku\u02bbi m\u0101kou i\u0101 \u02bboe me ka \u02bbike manawa maoli, n\u0101 wahi ho\u02bbomaha, a me n\u0101 kumuwaiwai ho\u02bbiho\u02bbi ma mua, i ka w\u0101, a ma hope o ka pilikia a i \u02bbole ka p\u014d\u02bbino k\u016blohelohe. In\u0101 pilikia koke \u02bboe, e kelepona i\u0101 911! Hiki ke hahau ke olai me ka ike ole. Ka Manawa o ka Makahiki e Mana\u02bbo ai: I k\u0113l\u0101 me k\u0113ia manawa e a\u02bbo hou Hiki ke hiki mai ke Ka\u02bbi \u02bbia\u2026<\/p>","protected":false},"author":1,"featured_media":0,"parent":0,"menu_order":0,"comment_status":"closed","ping_status":"closed","template":"","meta":{"footnotes":""},"class_list":["post-3964","page","type-page","status-publish","hentry"],"_links":{"self":[{"href":"https:\/\/auw211.org\/haw\/wp-json\/wp\/v2\/pages\/3964","targetHints":{"allow":["GET"]}}],"collection":[{"href":"https:\/\/auw211.org\/haw\/wp-json\/wp\/v2\/pages"}],"about":[{"href":"https:\/\/auw211.org\/haw\/wp-json\/wp\/v2\/types\/page"}],"author":[{"embeddable":true,"href":"https:\/\/auw211.org\/haw\/wp-json\/wp\/v2\/users\/1"}],"replies":[{"embeddable":true,"href":"https:\/\/auw211.org\/haw\/wp-json\/wp\/v2\/comments?post=3964"}],"version-history":[{"count":26,"href":"https:\/\/auw211.org\/haw\/wp-json\/wp\/v2\/pages\/3964\/revisions"}],"predecessor-version":[{"id":4254,"href":"https:\/\/auw211.org\/haw\/wp-json\/wp\/v2\/pages\/3964\/revisions\/4254"}],"wp:attachment":[{"href":"https:\/\/auw211.org\/haw\/wp-json\/wp\/v2\/media?parent=3964"}],"curies":[{"name":"wp","href":"https:\/\/api.w.org\/{rel}","templated":true}]}}