{"id":3146,"date":"2022-03-16T20:00:54","date_gmt":"2022-03-17T03:00:54","guid":{"rendered":"https:\/\/auw211.org\/?page_id=3146"},"modified":"2022-03-29T13:41:18","modified_gmt":"2022-03-29T20:41:18","slug":"tips-for-search","status":"publish","type":"page","link":"https:\/\/auw211.org\/haw\/%ca%bbolelo-a%ca%bboa%ca%bbo-no-ka-%ca%bbimi\/","title":{"rendered":"Mana\u02bbo k\u014dkua no ka Huli"},"content":{"rendered":"<h3>Ho\u02bbohui i n\u0101 hua\u02bb\u014dlelo no ka loa\u02bba \u02bbana o n\u0101 hopena pili.<\/h3>\n<p>No ka la\u02bbana, \u02bbo ka \u02bbimi \u02bbana i ka &quot;mea\u02bbai&quot; ma ka helu zip 96804 hiki ke loa\u02bba n\u0101 hualoa\u02bba 162. Hiki ke ho\u02bbiho\u02bbi i n\u0101 hualoa\u02bba he 35 i ka \u02bbimi \u02bbana i n\u0101 &quot;pantry mea\u02bbai&quot; ma ka helu zip like.<\/p>\n\t<h3>E ho\u02bbohana i n\u0101 mana\u02bbo h\u0101\u02bbule iho.<\/h3>\n<p>Ke pa\u02bbi \u02bbana i kahi hua\u02bb\u014dlelo huli, \u02bbike \u02bbia kahi papa inoa h\u0101\u02bbule ma lalo o ka hua\u02bb\u014dlelo. \u02bbO ke koho \u02bbana i kekahi o k\u0113ia mau mana\u02bbo e ho\u02bbopuka pinepine i n\u0101 hopena \u02bboi aku ka maika\u02bbi ma mua o kahi hulina hua\u02bb\u014dlelo ma\u02bbalahi.<\/p>\n\t<h3>K\u0101nana i n\u0101 hualoa\u02bba ma k\u0101u wahi.<\/h3>\n<p>E koho i kahi \u0101u e makemake ai e huli. In\u0101 loa\u02bba i\u0101 \u02bboe n\u0101 lawelawe wahi i ho\u02bb\u0101 \u02bbia ma k\u0101u kelepona a i \u02bbole kamepiula, e koho \u02bbia ka wahi no \u02bboe. In\u0101 ha\u02bbalele \u02bboe i ke kahua wahi me ka hakahaka, e ho\u02bbokomo \u02bbia ka moku\u02bb\u0101ina holo\u02bboko\u02bba.<\/p>\n\t<h3>E n\u0101n\u0101 i n\u0101 kumuwaiwai i loa\u02bba ma ka wae\u02bbano.<\/h3>\n<p>Hiki i\u0101 \u02bboe ke \u02bbimi ma ka \u02bb\u0101pana lawelawe ma ke koho mua \u02bbana i kahi a laila kaomi i ka loulou i ka papa inoa o ka m\u0101hele ma lalo o ka \u02bbao\u02bbao.<\/p>","protected":false},"excerpt":{"rendered":"<p>Ho\u02bbohui i n\u0101 hua\u02bb\u014dlelo no ka loa\u02bba \u02bbana o n\u0101 hopena pili. No ka la\u02bbana, \u02bbo ka \u02bbimi \u02bbana i ka &quot;mea\u02bbai&quot; ma ka helu zip 96804 hiki ke loa\u02bba n\u0101 hualoa\u02bba 162. Hiki ke ho\u02bbiho\u02bbi i n\u0101 hualoa\u02bba he 35 i ka \u02bbimi \u02bbana i n\u0101 &quot;pantry mea\u02bbai&quot; ma ka helu zip like. E ho\u02bbohana i n\u0101 mana\u02bbo h\u0101\u02bbule iho. Ke pa\u02bbi \u02bbana i kahi hua\u02bb\u014dlelo huli, \u02bbike \u02bbia kahi papa inoa h\u0101\u02bbule ma lalo o ka hua\u02bb\u014dlelo. Ke koho nei i kekahi o k\u0113ia\u2026<\/p>","protected":false},"author":1,"featured_media":3117,"parent":0,"menu_order":0,"comment_status":"closed","ping_status":"closed","template":"","meta":{"footnotes":""},"class_list":["post-3146","page","type-page","status-publish","has-post-thumbnail","hentry"],"_links":{"self":[{"href":"https:\/\/auw211.org\/haw\/wp-json\/wp\/v2\/pages\/3146","targetHints":{"allow":["GET"]}}],"collection":[{"href":"https:\/\/auw211.org\/haw\/wp-json\/wp\/v2\/pages"}],"about":[{"href":"https:\/\/auw211.org\/haw\/wp-json\/wp\/v2\/types\/page"}],"author":[{"embeddable":true,"href":"https:\/\/auw211.org\/haw\/wp-json\/wp\/v2\/users\/1"}],"replies":[{"embeddable":true,"href":"https:\/\/auw211.org\/haw\/wp-json\/wp\/v2\/comments?post=3146"}],"version-history":[{"count":5,"href":"https:\/\/auw211.org\/haw\/wp-json\/wp\/v2\/pages\/3146\/revisions"}],"predecessor-version":[{"id":3296,"href":"https:\/\/auw211.org\/haw\/wp-json\/wp\/v2\/pages\/3146\/revisions\/3296"}],"wp:featuredmedia":[{"embeddable":true,"href":"https:\/\/auw211.org\/haw\/wp-json\/wp\/v2\/media\/3117"}],"wp:attachment":[{"href":"https:\/\/auw211.org\/haw\/wp-json\/wp\/v2\/media?parent=3146"}],"curies":[{"name":"wp","href":"https:\/\/api.w.org\/{rel}","templated":true}]}}