{"id":3142,"date":"2022-03-16T19:42:48","date_gmt":"2022-03-17T02:42:48","guid":{"rendered":"https:\/\/auw211.org\/?page_id=3142"},"modified":"2024-12-17T10:52:53","modified_gmt":"2024-12-17T20:52:53","slug":"donate","status":"publish","type":"page","link":"https:\/\/auw211.org\/haw\/ha%ca%bbawi\/","title":{"rendered":"H\u0101\u02bbawi i ka AUW 211"},"content":{"rendered":"<h1>Ke hilina\u02bbi nei m\u0101kou i k\u0101u k\u0101ko\u02bbo<\/h1>\n<p>Loa\u02bba k\u0113ia lawelawe ko\u02bbiko\u02bbi ma o n\u0101 ha\u02bbawina a me n\u0101 ha\u02bbawina. \u02bbA\u02bbohe lawelawe \u02bb\u0113 a\u02bbe e like me ia no ka po\u02bbe o Hawai\u02bbi. \u02bbo ia <strong>aole he lawelawe aupuni<\/strong> a he alahaka ma waena o n\u0101 k\u0101naka a me n\u0101 kumuwaiwai o ko m\u0101kou kai\u0101ulu.<\/p>\n<p>Ho\u02bbopuka p\u016b ka AUW&#039;s 211 Helpline i ka \u02bbikepili manawa maoli e k\u014dkua i ka ho\u02bbomaopopo \u02bbana i n\u0101 ho\u02bboholo kulekele a me ka pane \u02bbana i ka pono kai\u0101ulu. He waiwai k\u0113ia lawelawe e like me n\u0101 mea \u02bb\u0113 a\u02bbe.<\/p>\n<p>Mahalo no kou h\u0101\u02bbawi \u02bbana!<\/p>\n\t\t\t<a href=\"https:\/\/ignite.stratuslive.com\/auw\/get-involved\/donate\/211?utm_source=auw211.org&#038;utm_medium=button&#038;utm_campaign=general&#038;utm_id=2024&#038;utm_term=donate&#038;utm_content=donate_webpage\" target=\"_blank\" rel=\"noopener\">\n\t\t\t\t\t\tH\u0101\u02bbawi i k\u0113ia l\u0101\n\t\t\t\t\t<\/a>\n\t<iframe loading=\"lazy\" title=\"He Mo\u02bbolelo 211 - Video Ho\u02bbolaha 2021\" width=\"500\" height=\"281\" src=\"https:\/\/www.youtube.com\/embed\/6x6j7voljqw?start=4&#038;feature=oembed\" frameborder=\"0\" allow=\"accelerometer; autoplay; clipboard-write; encrypted-media; gyroscope; picture-in-picture; web-share\" referrerpolicy=\"strict-origin-when-cross-origin\" allowfullscreen><\/iframe>","protected":false},"excerpt":{"rendered":"<p>Ke hilina\u02bbi nei m\u0101kou i k\u0101u k\u0101ko\u02bbo Ua hiki k\u0113ia lawelawe ko\u02bbiko\u02bbi ma o n\u0101 ha\u02bbawina a me n\u0101 ha\u02bbawina. \u02bbA\u02bbohe lawelawe \u02bb\u0113 a\u02bbe e like me ia no ka po\u02bbe o Hawai\u02bbi. \u02bbA\u02bbole ia he lawelawe aupuni a he alahaka ma waena o n\u0101 k\u0101naka a me n\u0101 kumuwaiwai o ko m\u0101kou kai\u0101ulu. Ho\u02bbopuka p\u016b ka AUW&#039;s 211 Helpline i ka \u02bbikepili manawa maoli e k\u014dkua\u2026<\/p>","protected":false},"author":1,"featured_media":0,"parent":0,"menu_order":0,"comment_status":"closed","ping_status":"closed","template":"","meta":{"footnotes":""},"class_list":["post-3142","page","type-page","status-publish","hentry"],"_links":{"self":[{"href":"https:\/\/auw211.org\/haw\/wp-json\/wp\/v2\/pages\/3142","targetHints":{"allow":["GET"]}}],"collection":[{"href":"https:\/\/auw211.org\/haw\/wp-json\/wp\/v2\/pages"}],"about":[{"href":"https:\/\/auw211.org\/haw\/wp-json\/wp\/v2\/types\/page"}],"author":[{"embeddable":true,"href":"https:\/\/auw211.org\/haw\/wp-json\/wp\/v2\/users\/1"}],"replies":[{"embeddable":true,"href":"https:\/\/auw211.org\/haw\/wp-json\/wp\/v2\/comments?post=3142"}],"version-history":[{"count":11,"href":"https:\/\/auw211.org\/haw\/wp-json\/wp\/v2\/pages\/3142\/revisions"}],"predecessor-version":[{"id":3906,"href":"https:\/\/auw211.org\/haw\/wp-json\/wp\/v2\/pages\/3142\/revisions\/3906"}],"wp:attachment":[{"href":"https:\/\/auw211.org\/haw\/wp-json\/wp\/v2\/media?parent=3142"}],"curies":[{"name":"wp","href":"https:\/\/api.w.org\/{rel}","templated":true}]}}