{"id":3093,"date":"2022-03-13T14:11:39","date_gmt":"2022-03-13T21:11:39","guid":{"rendered":"https:\/\/auw211.org\/?page_id=3093"},"modified":"2026-02-11T10:58:19","modified_gmt":"2026-02-11T20:58:19","slug":"community-data","status":"publish","type":"page","link":"https:\/\/auw211.org\/haw\/%ca%bbikepili-kaiaulu\/","title":{"rendered":"\u02bbIkepili Kai\u0101ulu"},"content":{"rendered":"<figure itemscope itemtype=\"https:\/\/schema.org\/ImageObject\">\n\t\t\t\t<img decoding=\"async\" src=\"https:\/\/auw211.org\/wp-content\/plugins\/bb-plugin\/img\/pixel.png\" alt=\"\" onerror=\"this.style.display='none'\" loading=\"lazy\" \/>\n\t<\/figure>\n<h2>\n\t\t\t\u02bbIkepili Kaiaulu e Ho\u02bbokele ana i ka Hana ma Hawai\u02bbi holo\u02bboko\u02bba\t<\/h2>\n\t<p>Ho\u02bbohana \u02bbia e AUW 211 Statewide Helpline, lawe p\u016b m\u0101kou i ka \u02bbikepili kai\u0101ulu manawa maoli e k\u014dkua i n\u0101 hoa hana waiwai \u02bbole, n\u0101 mea k\u0101l\u0101, a me n\u0101 mea ho\u02bboholo e ho\u02bbomaopopo i n\u0101 pono, \u02bbike i n\u0101 hakahaka, a k\u0101lele i n\u0101 kumuwaiwai i kahi e ko\u02bbiko\u02bbi ai l\u0101kou.<\/p>\n\t\t\t<a href=\"https:\/\/auw211.org\/wp-content\/uploads\/2026\/02\/211-Annual-Report-2025_v8.pdf\"  target=\"_blank\" rel=\"noopener\">\n\t\t\t\t\t\t\tH\u014d\u02bbike Makahiki AUW 211 2025\n\t\t\t\t\t<\/a>\n<figure itemscope itemtype=\"https:\/\/schema.org\/ImageObject\">\n\t\t\t\t<img decoding=\"async\" src=\"https:\/\/auw211.org\/wp-content\/uploads\/2026\/02\/211-Annual-report-screenshot-309x400.png\" alt=\"Ki\u02bbi o ka h\u014d\u02bbike makahiki 211\" height=\"400\" width=\"309\" title=\"Ki\u02bbi o ka h\u014d\u02bbike makahiki 211\" onerror=\"this.style.display='none'\" loading=\"lazy\" \/>\n\t<\/figure>\n<h3>\n\t\t\tNo ke aha he mea nui ka \u02bbikepili kai\u0101ulu 211\t<\/h3>\n\t\u02bbO k\u0113l\u0101 me k\u0113ia launa p\u016b \u02bbana me 211\u2014n\u0101 kelepona, n\u0101 leka uila, n\u0101 kama\u02bbilio, a me n\u0101 hulina\u2014e hana i kahi ki\u02bbi manawa maoli o n\u0101 mea a n\u0101 k\u0101naka a me n\u0101 \u02bbohana ma Hawai\u02bbi e \u02bbike nei i k\u0113ia manawa. \u02bbAe k\u0113ia \u02bbikepili i\u0101 m\u0101kou e: E hahai i n\u0101 pono e k\u016b mai ana a me n\u0101 pono wikiwiki i ka w\u0101 e hana \u02bbia ai\t\t\n\t\t\t <p>E \u02bbike i n\u0101 \u02bbano ma waena o n\u0101 \u02bb\u0101pana, n\u0101 heluna kanaka, a me n\u0101 \u02bb\u014dnaehana<\/p>\t\t\n\t\t\t <p>K\u0101ko\u02bbo i n\u0101 pane kai\u0101ulu wikiwiki a \u02bboi aku ka ho\u02bbonohonoho \u02bbia<\/p>\t\t\n\t<figure itemscope itemtype=\"https:\/\/schema.org\/ImageObject\">\n\t\t\t\t<img decoding=\"async\" src=\"https:\/\/auw211.org\/wp-content\/uploads\/2022\/03\/TKO_8206-1200x800.jpg\" alt=\"TKO_8206\" height=\"800\" width=\"1200\" title=\"TKO_8206\" onerror=\"this.style.display='none'\" loading=\"lazy\" \/>\n\t<\/figure>\n\t<p>I ko m\u0101kou hana p\u016b \u02bbana me k\u0101 m\u0101kou mau hoa hana waiwai \u02bbole, ka \u02bbikepili 211, a me kahi koho \u0101kea o n\u0101 kiko \u02bbikepili \u02bb\u0113 a\u02bbe a me n\u0101 l\u0101l\u0101 o ke kai\u0101ulu, hiki i\u0101 m\u0101kou ke a\u02bbo aku i n\u0101 pono o ko m\u0101kou kai\u0101ulu a hiki ke k\u0101lele i n\u0101 wahi kahi i loa\u02bba ai i\u0101 m\u0101kou ka manawa k\u016bpono e hana i ka hopena nui loa. Hiki i\u0101 m\u0101kou ke hana i n\u0101 ho\u02bbololi me ka \u02bboi aku ka maika\u02bbi, e pane ana i n\u0101 pono e loli nei, ka mea e lilo ai \u02bbo AUW 211 Statewide Helpline i kumuwaiwai ko\u02bbiko\u02bbi.<\/p>","protected":false},"excerpt":{"rendered":"<p>\u02bbIkepili Kai\u0101ulu e Ho\u02bbokele i ka Hana ma Hawai\u02bbi Ho\u02bbohana \u02bbia e AUW 211 Statewide Helpline, lawe p\u016b m\u0101kou i ka \u02bbikepili kai\u0101ulu manawa maoli e k\u014dkua i n\u0101 hoa hana waiwai \u02bbole, n\u0101 mea k\u0101l\u0101, a me n\u0101 mea ho\u02bboholo e ho\u02bbomaopopo i n\u0101 pono, \u02bbike i n\u0101 hakahaka, a k\u0101lele i n\u0101 kumuwaiwai i kahi e ko\u02bbiko\u02bbi ai l\u0101kou. H\u014d\u02bbike Makahiki 2025 AUW 211 No ke aha he mea nui ka \u02bbikepili kai\u0101ulu 211 \u02bbO k\u0113l\u0101 me k\u0113ia launa p\u016b me 211-n\u0101 kelepona, n\u0101 leka uila, n\u0101 kama\u02bbilio, a me n\u0101 \u02bbimi-hana\u2026<\/p>","protected":false},"author":1,"featured_media":4280,"parent":0,"menu_order":0,"comment_status":"closed","ping_status":"closed","template":"","meta":{"footnotes":""},"class_list":["post-3093","page","type-page","status-publish","has-post-thumbnail","hentry"],"_links":{"self":[{"href":"https:\/\/auw211.org\/haw\/wp-json\/wp\/v2\/pages\/3093","targetHints":{"allow":["GET"]}}],"collection":[{"href":"https:\/\/auw211.org\/haw\/wp-json\/wp\/v2\/pages"}],"about":[{"href":"https:\/\/auw211.org\/haw\/wp-json\/wp\/v2\/types\/page"}],"author":[{"embeddable":true,"href":"https:\/\/auw211.org\/haw\/wp-json\/wp\/v2\/users\/1"}],"replies":[{"embeddable":true,"href":"https:\/\/auw211.org\/haw\/wp-json\/wp\/v2\/comments?post=3093"}],"version-history":[{"count":11,"href":"https:\/\/auw211.org\/haw\/wp-json\/wp\/v2\/pages\/3093\/revisions"}],"predecessor-version":[{"id":4282,"href":"https:\/\/auw211.org\/haw\/wp-json\/wp\/v2\/pages\/3093\/revisions\/4282"}],"wp:featuredmedia":[{"embeddable":true,"href":"https:\/\/auw211.org\/haw\/wp-json\/wp\/v2\/media\/4280"}],"wp:attachment":[{"href":"https:\/\/auw211.org\/haw\/wp-json\/wp\/v2\/media?parent=3093"}],"curies":[{"name":"wp","href":"https:\/\/api.w.org\/{rel}","templated":true}]}}