{"id":3052,"date":"2022-01-13T16:33:28","date_gmt":"2022-01-14T00:33:28","guid":{"rendered":"https:\/\/auw211.org\/?page_id=3052"},"modified":"2023-02-15T15:21:24","modified_gmt":"2023-02-16T01:21:24","slug":"frequently-asked-questions","status":"publish","type":"page","link":"https:\/\/auw211.org\/haw\/ninau-pinepine\/","title":{"rendered":"N\u012bnau pinepine"},"content":{"rendered":"<h3>He huna anei ko&#039;u kelepona?<\/h3>\n<p>Noi \u02bbia ka po\u02bbe e ho\u02bbopili ana i ka AUW&#039;s 211 Helpline e h\u0101\u02bbawi i ka code zip, makahiki, a me ke k\u0101ne. Ho\u02bbohana ka po\u02bbe loea i k\u0113ia \u02bbike no ka \u02bbimi \u02bbana i n\u0101 kumuwaiwai i hiki ke loa\u02bba a loa\u02bba i n\u0101 hui makahiki a me n\u0101 k\u0101ne. \u02bbA\u02bbole e ho\u02bbohana \u02bbia kekahi o ka \u02bbike i h\u014d\u02bbili\u02bbili \u02bbia e \u02bbike i\u0101 \u02bboe.<\/p>\n<p>Hiki ke noi \u02bbia kekahi po\u02bbe no ka \u02bbike hou aku. No ka la\u02bbana, ke noi \u02bbana i ka \u02bbike no <strong>SNAP<\/strong> pono k\u016bpono a no ka po\u02bbe i \u02bbae i a <strong>SNAP ma mua o ka pale<\/strong>, noi \u02bbia n\u0101 \u02bbike hou aku. Ma ia mau hihia, e noi m\u0101kou i kou \u02bbae a h\u014d\u02bbili\u02bbili i n\u0101 \u02bbike hou a\u02bbe, e like me ka inoa a me n\u0101 makahiki o n\u0101 l\u0101l\u0101 o ka \u02bbohana. Lawe m\u0101kou i n\u0101 mea \u0101pau e pale i k\u0101u \u02bbike pilikino a \u02bba\u02bbole loa e ka\u02bbana like me ka \u02bbole o k\u0101u \u02bbae \u02bbae.<\/p>\n\t<h3>He aha ka\u02bbu \u02bbike pilikino?<\/h3>\n<p>\u02bbOhi \u02bbia k\u0101u \u02bbike e h\u014d\u02bboia e loa\u02bba i\u0101 \u02bboe ke k\u014dkua maika\u02bbi loa. \u02bbO n\u0101 mea a pau \u0101u e ka\u02bbana like ai me 211 Specialists a i \u02bbole ma k\u0101 m\u0101kou p\u016bnaewele pa\u02bba he mea huna. \u02bbA\u02bbole m\u0101kou e ka\u02bbana like i ka \u02bbike me n\u0101 \u02bbao\u02bbao o waho.<\/p>\n\t<h3>\u02bbEhia mau lawelawe e loa\u02bba ia\u02bbu ma ka waihona?<\/h3>\n<p>\u02bbO Aloha United Way ka 211 ke kikowaena o n\u0101 lawelawe kaiaulu ma Hawai\u02bbi. Aia ma mua o 4,000 mau kumuwaiwai lawelawe k\u016bloko i helu \u02bbia ma k\u0101 m\u0101kou waihona. Aia n\u0101 papa inoa a pau i n\u0101 lawelawe olakino, pilikanaka, \u02bba\u02bbohe waiwai, a me n\u0101 lawelawe aupuni - \u02bba\u02bbohe papa inoa p\u0101\u02bboihana a pilikino paha i k\u0101 m\u0101kou waihona. Ke ulu mau nei ka papa inoa a h\u014d\u02bbike \u02bbia n\u0101 mokupuni a pau.<\/p>\n\t<h3>Pehea in\u0101 \u02bba\u02bbole au e noho ma O\u02bbahu?<\/h3>\n<p>Loa\u02bba i k\u0101 m\u0101kou waihona n\u0101 kumuwaiwai no ko Hawai\u02bbi pae \u02bb\u0101ina. E ho\u02bbokomo i k\u0101u code zip e a\u02bbo e pili ana i n\u0101 kumuwaiwai kokoke i\u0101 \u02bboe.<\/p>\n<p>Ke kelepona \u02bboe i\u0101 211 e ho\u02bbopili \u02bbia \u02bboe me ke ke\u02bbena 211 ma k\u0101u code wahi. In\u0101 \u02bboe ma waho o Hawai\u02bbi, e kelepona mai <a href=\"kelepona:18772756569\">877-275-6569<\/a>, e hau\u02bboli m\u0101kou e k\u014dkua i\u0101 \u02bboe me ka ho\u02bbopili \u02bbana i kahi hub 211 kokoke i\u0101 \u02bboe.<\/p>\n\t<h3>\u02bbA\u02bbole maika\u02bbi ka\u02bbu \u02bb\u014dlelo Pelekania. Hiki ia\u02bbu ke kelepona i\u0101 211?<\/h3>\n<p>\u02bbAe! Loa\u02bba i\u0101 m\u0101kou kahi lawelawe kelepona e hiki ke h\u0101\u02bbawi i n\u0101 lawelawe wehewehe ola ma mua o 150 mau \u02bb\u014dlelo.<\/p>\n\t<h3>He aha ke ala maika\u02bbi e ho\u02bbopili ai i\u0101 211?<\/h3>\n<p>\u02bbO kekahi o n\u0101 koho ma lalo nei e h\u0101\u02bbawi i\u0101 \u02bboe i ke k\u014dkua.<\/p>\nK\u0101hea: <a href=\"kelepona:211\">211<\/a><br>\nK\u016bk\u0101k\u016bk\u0101: <a href=\"https:\/\/home-c19.incontact.com\/inContact\/ChatClient\/ChatClient.aspx?poc=75782264-8644-4c11-ab70-28eb11c497e9&amp;bu=4595725\" target=\"_blank\" rel=\"noopener\">E wehe i ka pukaaniani kama\u02bbilio<\/a>.<br>\nleka uila: <a href=\"https:\/\/auw211.org\/haw\/pili\/\">E ho\u02bbopiha i k\u0101 m\u0101kou leka uila<\/a>.<br>\nKikokikona: E ho\u02bbouna i k\u0101u code zip i <a href=\"sms:18772756569\">877-275-6569<\/a>.<br>\nP\u016bnaewele: <a href=\"https:\/\/search.auw211.org\" target=\"_blank\" rel=\"noopener\">Huli i k\u0101 m\u0101kou papa kuhikuhi p\u016bnaewele<\/a>.","protected":false},"excerpt":{"rendered":"<p>He huna anei ko&#039;u kelepona? Noi \u02bbia ka po\u02bbe e ho\u02bbopili ana i ka AUW&#039;s 211 Helpline e h\u0101\u02bbawi i ka code zip, makahiki, a me ke k\u0101ne. Ho\u02bbohana ko m\u0101kou po\u02bbe loea i k\u0113ia \u02bbike no ka \u02bbimi \u02bbana i n\u0101 kumuwaiwai i hiki ke loa\u02bba a loa\u02bba i n\u0101 hui makahiki a me n\u0101 k\u0101ne. \u02bbA\u02bbole e ho\u02bbohana \u02bbia kekahi o ka \u02bbike i h\u014d\u02bbili\u02bbili \u02bbia e \u02bbike i\u0101 \u02bboe. E n\u012bnau \u02bbia paha kekahi po\u02bbe\u2026<\/p>","protected":false},"author":1,"featured_media":3271,"parent":0,"menu_order":0,"comment_status":"closed","ping_status":"closed","template":"","meta":{"footnotes":""},"class_list":["post-3052","page","type-page","status-publish","has-post-thumbnail","hentry"],"_links":{"self":[{"href":"https:\/\/auw211.org\/haw\/wp-json\/wp\/v2\/pages\/3052","targetHints":{"allow":["GET"]}}],"collection":[{"href":"https:\/\/auw211.org\/haw\/wp-json\/wp\/v2\/pages"}],"about":[{"href":"https:\/\/auw211.org\/haw\/wp-json\/wp\/v2\/types\/page"}],"author":[{"embeddable":true,"href":"https:\/\/auw211.org\/haw\/wp-json\/wp\/v2\/users\/1"}],"replies":[{"embeddable":true,"href":"https:\/\/auw211.org\/haw\/wp-json\/wp\/v2\/comments?post=3052"}],"version-history":[{"count":7,"href":"https:\/\/auw211.org\/haw\/wp-json\/wp\/v2\/pages\/3052\/revisions"}],"predecessor-version":[{"id":3291,"href":"https:\/\/auw211.org\/haw\/wp-json\/wp\/v2\/pages\/3052\/revisions\/3291"}],"wp:featuredmedia":[{"embeddable":true,"href":"https:\/\/auw211.org\/haw\/wp-json\/wp\/v2\/media\/3271"}],"wp:attachment":[{"href":"https:\/\/auw211.org\/haw\/wp-json\/wp\/v2\/media?parent=3052"}],"curies":[{"name":"wp","href":"https:\/\/api.w.org\/{rel}","templated":true}]}}