{"id":3,"date":"2018-10-05T01:51:03","date_gmt":"2018-10-05T11:51:03","guid":{"rendered":"https:\/\/auw211.org\/?page_id=3"},"modified":"2025-03-31T14:35:34","modified_gmt":"2025-04-01T00:35:34","slug":"privacy-policy","status":"publish","type":"page","link":"https:\/\/auw211.org\/haw\/pilikino-kulekele\/","title":{"rendered":"Kulekele pilikino"},"content":{"rendered":"<h2><strong>Ma kahi o AUW 211<\/strong><\/h2>\n<p><strong><a href=\"https:\/\/auw211.org\/haw\/\">AUW 211 Laina K\u014dkua Moku\u02bb\u0101ina<\/a><\/strong> he kikowaena kelepona a me ka waihona i m\u0101lama \u02bbia e <a href=\"https:\/\/www.auw.org\/\" target=\"_blank\" rel=\"noopener\">Aloha Hui Hui<\/a> ma ke \u02bbano he lawelawe kaiaulu i loa\u02bba i ka po\u02bbe e makemake ana i ke k\u014dkua no ka loa\u02bba \u02bbana o n\u0101 kumuwaiwai no ka hale, ka hale noho, ka mea\u02bbai, ka ho\u02bbona\u02bbauao, n\u0101 lawelawe olakino, n\u0101 lawelawe k\u012bn\u0101, ke k\u016bpa\u02bba k\u0101l\u0101, m\u0101lama keiki, k\u0101ko\u02bbo makua, m\u0101lama k\u016bpuna, a\u02bbo hana, a me n\u0101 mea hou aku. <a href=\"https:\/\/search.auw211.org\/\">\u02bbO ka waihona 211<\/a> Loa\u02bba i\u0101 ia ka \u02bbike hou no n\u0101 lawelawe \u02bboi aku ma mua o 4,000 e h\u0101\u02bbawi \u02bbia ana e n\u0101 hui 1,300 \u02bboi aku, e kau ana ma luna o k\u0113l\u0101 me k\u0113ia ZIP code ma Hawai\u02bbi.<\/p>\n<p>\u02bbA\u02bbole \u02bbo AUW 211 ka mea h\u0101\u02bbawi pololei i k\u0113ia mau kumuwaiwai, he laina k\u014dkua ia e k\u014dkua ana i ka ho\u02bbopili \u02bbana i n\u0101 l\u0101l\u0101 o ke kai\u0101ulu i n\u0101 hui \u02bbao\u02bbao \u02bbekolu ma Hawai\u02bbi ma o ka h\u0101\u02bbawi \u02bbana i n\u0101 lawelawe kiko\u02bb\u012b e pili pono ana i n\u0101 pono pilikino o ke kai\u0101ulu. 211 kaawale loa, huna, a me ka inoa ole; Loa\u02bba i ka po\u02bbe a pau e \u02bbimi ana i n\u0101 kumuwaiwai ma Hawai\u02bbi no l\u0101kou iho, a i \u02bbole ma ka \u02bbao\u02bbao o n\u0101 po\u02bbe \u02bb\u0113 a\u02bbe.<\/p>\n<p>211 He kama&#039;\u0101ina ka po\u02bbe loea i Hawai\u02bbi, pili i ka mo\u02bbomeheu, a ua \u02bbike \u02bbia ka \u02bbeha e m\u0101kaukau e k\u014dkua pono i n\u0101 l\u0101l\u0101 o ke kai\u0101ulu ma o ko l\u0101kou \u02bbike. Loa\u02bba n\u0101 lawelawe unuhi \u02bb\u014dlelo ma n\u0101 \u02bb\u014dlelo he 180 \u02bboi a\u02bbe e h\u014d\u02bboia i hiki i n\u0101 mea \u0101pau ke komo i ke k\u014dkua, me ka n\u0101n\u0101 \u02bbole i n\u0101 ke\u02bbake\u02bba \u02bb\u014dlelo.<\/p>\n<hr \/>\n<h2><strong>211 Ho\u02bboka\u02bba\u02bbike \u02bbike a me n\u0101 hola hana<\/strong><\/h2>\n<strong>211 Kauka<\/strong> Loa\u02bba i k\u0113ia manawa ma o ke kelepona \u02bbana, ka leka uila, ke kama\u02bbilio ola, a me ka leka uila:<br \/>\n7 l\u0101 o ka pule, 7AM \u2013 10PM\n<p><strong>211 P\u016bnaewele a me ke kama\u02bbilio ola: <\/strong><a href=\"https:\/\/auw211.org\/haw\/\">https:\/\/auw211.org<\/a><\/p>\n<strong>211 Helu kelepona:<\/strong><br \/>\nN\u0101 mea kelepona ma ka Moku\u02bb\u0101ina \u02bbo Hawai\u02bbi \u2013 E kelepona i\u0101 211<br \/>\nN\u0101 mea kelepona ma waho o ka Moku\u02bb\u0101ina \u02bbo Hawai\u02bbi \u2013 K\u0101hea i\u0101 808-275-2000 a i \u02bbole 1-877-275-6569\n<p><strong>211 Kikokikona: <\/strong>Kikokikona 1-877-275-6569<\/p>\n<p><strong>211 Huli P\u016bnaewele P\u016bnaewele: <\/strong><a href=\"https:\/\/search.auw211.org\/\">https:\/\/search.auw211.org\/<\/a><\/p>\n<p><strong>211 leka uila: <\/strong>info211@auw.org<\/p>\n<hr \/>\n<h2><strong>Kulekele pilikino AUW 211<\/strong><\/h2>\n<p>Ho\u02bbopuka k\u0113ia Kulekele Pilikino i n\u0101 hana a Aloha United Way&#039;s 211 Statewide Helpline (\u201cAUW\u201d) e pili ana i ka \u02bbike i h\u014d\u02bbili\u02bbili \u02bbia mai n\u0101 mea ho\u02bbohana o ka p\u016bnaewele AUW aia ma <a href=\"https:\/\/auw211.org\/haw\/\">https:\/\/auw211.org<\/a> a me n\u0101 mea ho\u02bbohana i ka intranet o AUW (\u02bbo ia ho\u02bbi, n\u0101 \u201cPaeena\u201d), a ke kama\u02bbilio wale nei i ka \u02bbike i h\u014d\u02bbili\u02bbili pololei \u02bbia ma o n\u0101 P\u016bnaewele. \u02bbA\u02bbole k\u0113ia kulekele pilikino e ho\u02bboponopono a ho\u02bbokele i n\u0101 hana h\u014d\u02bbili\u02bbili \u02bbike, ho\u02bbohana, a ho\u02bbolaha paha e pili ana i ka \u02bbike i h\u014d\u02bbili\u02bbili \u02bbia mai ka mea ho\u02bbohana (i kapa \u02bbia \u02bbo &quot;\u02bboe&quot; a i \u02bbole &quot;kou&quot;) ma waho a\u02bbe ma o n\u0101 P\u016bnaewele, e like me ke kelepona, facsimile, leka uila, h\u0101\u02bbawi pilikino, a i \u02bbole n\u0101 mea \u02bb\u0113 a\u02bbe a i \u02bbole n\u0101 mea ho\u02bbolaha p\u016bnaewele. Hiki ke ho\u02bbopili \u02bbia \u02bbo AUW ma ka leka uila ma <a href=\"mailto:info211@auw.org\" data-cke-saved-href=\"mailto:webmaster@auw.org\">info211@auw.org<\/a>.<\/p>\n<h3><strong>1. \u02bbOhi \u02bbike pilikino mai n\u0101 mea ho\u02bbohana.<\/strong><\/h3>\n<p>Koe wale no ka mea i hoakaka pono ia maanei, hiki i ka AUW ke ohi a hahai paha: (a) i na wahi leka uila o na mea hoohana e kamailio ana me AUW ma o ka leka uila; (c) ka \u02bbike i h\u0101\u02bbawi \u02bbia e ka mea ho\u02bbohana ma n\u0101 palapala p\u016bnaewele, n\u0101 palapala inoa a i \u02bbole n\u0101 palapala l\u0101l\u0101, n\u0101 noi\u02bbi, leka uila, a me n\u0101 ala p\u016bnaewele \u02bb\u0113 a\u02bbe (me, me ka palena \u02bbole, ka \u02bbikepili demographic a me ka \u02bbike pilikino); (c) h\u014d\u02bbulu\u02bbulu a me ka \u02bbike kiko\u02bb\u012b o ka mea ho\u02bbohana e pili ana i n\u0101 \u02bbao\u02bbao e komo ai ka mea ho\u02bbohana; (d) n\u0101 inoa kikowaena home server, ka l\u0101 a me ka manawa o k\u0101u kipa \u02bbana, ke \u02bbano o ka kamepiula, ka helu IP kumu, n\u0101 faila i ho\u02bboiho \u02bbia, ka \u02bbenekini hulina i ho\u02bbohana \u02bbia, \u02bb\u014dnaehana hana, a me ke \u02bbano o ka polokalamu kele p\u016bnaewele o n\u0101 mea ho\u02bbohana o n\u0101 P\u016bnaewele; a (e) no n\u0101 mea ho\u02bbohana i koho i ka lawelawe Geolocation (i wehewehe nui \u02bbia ma ka Pauku 6 ma lalo), kahi o n\u0101 mea ho\u02bbohana i n\u0101 P\u016bnaewele. Hiki i ka AUW ke kau i n\u0101 &quot;kuki&quot; p\u016bnaewele ma k\u0101u k\u012bk\u012b pa\u02bbakik\u012b. \u02bbO n\u0101 kuki p\u016bnaewele he mau helu li\u02bbili\u02bbi o ka \u02bbikepili i loa\u02bba kahi \u02bbike k\u016b\u02bboko\u02bba i ho\u02bbouna pinepine \u02bbia e n\u0101 p\u016bnaewele he nui i k\u0101u polokalamu kele p\u016bnaewele e m\u0101lama \u02bbia ma ka pa\u02bba pa\u02bba o k\u0101u kamepiula i mea e m\u0101lama ai i ka \u02bbikepili e pili ana i\u0101 \u02bboe, e like me kou inoa, \u02bb\u014dlelo huna, inoa mea ho\u02bbohana, n\u0101 koho pale, a me n\u0101 \u02bbao\u02bbao o kahi p\u016bnaewele \u0101u i n\u0101n\u0101 ai. Ke kipa hou \u02bboe i n\u0101 P\u016bnaewele, hiki i\u0101 AUW ke ho\u02bbomaopopo i\u0101 \u02bboe ma k\u0101u mau kuki P\u016bnaewele a ho\u02bboponopono i k\u0101u \u02bbike e like me ia. Hiki i\u0101 \u02bboe ke h\u014d\u02bbole i n\u0101 kuki P\u016bnaewele ma ka ho\u02bbohana \u02bbana i ka hi\u02bbohi\u02bbona k\u016bpono o k\u0101u polokalamu kele p\u016bnaewele, in\u0101 loa\u02bba. Hiki i\u0101 AUW ke ho\u02bbohana i\u0101 Google Analytics a i \u02bbole kekahi lawelawe like e h\u014d\u02bbili\u02bbili, m\u0101lama, a n\u0101n\u0101 i kekahi \u02bbike e pili ana i k\u0101u kipa \u02bbana a me k\u0101u hana ma n\u0101 P\u016bnaewele. Ke hana ka mea ho\u02bbohana i kahi hulina i loko o n\u0101 Paena, hiki i ka AUW ke ho\u02bbopa\u02bba i ka \u02bbike e \u02bbike ana i ka mea ho\u02bbohana a i \u02bbole ka loulou \u02bbana i ka mea ho\u02bbohana i ka \u02bbimi i hana \u02bbia a ho\u02bbopa\u02bba i ka \u02bbike e pili ana i ka noi hulina. \u02bbO ka h\u014d\u02bbili\u02bbili, ka ho\u02bbohana \u02bbana, a me ka h\u014d\u02bbike \u02bbana i ka \u02bbike i mana\u02bbo \u02bbia i loko o k\u0113ia Kulekele Pilikino e pili ana i ka ho\u02bboili \u02bbana o ka \u02bbike i n\u0101 mana i waho o kou \u02bb\u0101ina i noho ai \u02bba\u02bbole paha he k\u0101n\u0101wai like a me n\u0101 lula e pili ana i ka \u02bbike pilikino.<\/p>\n<h3><strong>2. Ho\u02bbohana i ka \u02bbike pilikino i h\u014d\u02bbili\u02bbili \u02bbia.<\/strong><\/h3>\n<p>Hiki ke ho\u02bbohana \u02bbia ka \u02bbike pilikino i h\u014d\u02bbili\u02bbili \u02bbia e AUW e AUW no n\u0101 kumu he nui, no ka la\u02bbana, no ka m\u0101lama mo\u02bbolelo, ka ho\u02bboponopono a me ka mana\u02bbo mana\u02bbo, ke k\u016b\u02bbai aku a me ka ho\u02bbolaha \u02bbana, ka \u02bbikepili helu o ka \u02bbano o n\u0101 mea ho\u02bbohana, ka ho\u02bbomohala huahana, ka ho\u02bbomaika\u02bbi \u02bbana i ka \u02bbike, a i \u02bbole e ho\u02bbopilikino i ka \u02bbike a me ka ho\u02bbol\u0101l\u0101 o n\u0101 P\u016bnaewele. Hiki ke ho\u02bbohana \u02bbia ka \u02bbikepili h\u014d\u02bbulu\u02bbulu ma n\u0101 kikowaena home o n\u0101 mea ho\u02bbohana no n\u0101 kumu k\u016bloko, a me ka \u02bbike pilikino, e like me n\u0101 inoa, n\u0101 leka uila a me n\u0101 leka uila, n\u0101 helu kelepona, a me n\u0101 \u02bbike pilikino \u02bb\u0113 a\u02bbe a n\u0101 mea ho\u02bbohana i h\u0101\u02bbawi manawale\u02bba i\u0101 AUW hiki ke ho\u02bbohui \u02bbia i n\u0101 \u02bbikepili o AUW a ho\u02bbohana \u02bbia no n\u0101 kelepona a me n\u0101 leka e pili ana i n\u0101 mea hou i n\u0101 P\u016bnaewele, n\u0101 huahana a i \u02bbole n\u0101 lawelawe, a me n\u0101 hanana e hiki mai ana. Hiki n\u014d ho\u02bbi i\u0101 AUW ke ho\u02bbohana i ka \u02bbikepili mea ho\u02bbohana no ka ho\u02bbopili \u02bbana i n\u0101 mea ho\u02bbohana o n\u0101 P\u016bnaewele e pili ana i ke k\u0101kau inoa \u02bbana a me ke k\u016blana mo\u02bbok\u0101ki a me n\u0101 ho\u02bbololi \u02bbana i n\u0101 K\u016blana a me n\u0101 K\u016blana P\u016bnaewele, N\u0101 K\u016blana a me n\u0101 K\u016blana Intranet, Kulekele pilikino a i \u02bbole n\u0101 kulekele a i \u02bbole n\u0101 \u02bbaelike e pili ana i n\u0101 mea ho\u02bbohana o n\u0101 Pae.<\/p>\n<h3><strong>3. H\u014d\u02bbike i ka \u02bbike pilikino i n\u0101 \u02bbao\u02bbao \u02bbekolu.<\/strong><\/h3>\n<p>\u02bbA\u02bbole e k\u016b\u02bbai \u02bbia a h\u014d\u02bbike \u02bbia i n\u0101 \u02bbao\u02bbao \u02bbekolu \u02bba\u02bbole pili me AUW koe ka mea i h\u0101\u02bbawi \u02bbia ma \u02bbane\u02bbi. Hiki ke h\u014d\u02bbike \u02bbia a h\u0101\u02bbawi \u02bbia paha ka \u02bbike a me ka \u02bbike \u02bbole o ka mea ho\u02bbohana i kahi \u02bbao\u02bbao \u02bb\u0113 a\u02bbe i komo ai \u02bbo UWW a i \u02bbole ke komo \u02bbana i kahi \u02bboihana hui, e like me ka ho\u02bbohui, ho\u02bbohui, k\u016b\u02bbai, a k\u016b\u02bbai aku paha i kahi waiwai, \u02bbao\u02bbao \u02bbekolu e like me ka palapala ho\u02bbopi\u02bbi, kauoha \u02bbaha ho\u02bbokolokolo, a i \u02bbole kekahi \u02bbano hana k\u0101n\u0101wai \u02bb\u0113 a\u02bbe, ma ka pane \u02bbana i kahi noi a i \u02bbole ma ka inoa o kekahi aupuni k\u016bloko, moku\u02bb\u0101ina, federal, a i \u02bbole aupuni \u02bb\u0113 a\u02bbe. &#039;oihana, &#039;oihana, a kino paha, ina paha ma muli o ka palapala ho&#039;opi&#039;i, kauoha &#039;aha ho&#039;okolokolo, a i &#039;ole kekahi &#039;ano o ke ka&#039;ina k\u0101n\u0101wai, a i &#039;ole i ho&#039;oholo &#039;ia e AUW i kona mana&#039;o ho&#039;okahi he mea k\u016bpono ia h\u014d&#039;ike &#039;ana i ka m\u0101lama &#039;ana i ke ola, ola kino, a waiwai paha. o AUW a i \u02bbole kekahi kanaka a hui \u02bb\u0113 a\u02bbe. Hiki ke h\u0101\u02bbawi \u02bbia ka \u02bbike a me ka \u02bbike \u02bbike \u02bbole a n\u0101 mea ho\u02bbohana i\u0101 AUW i n\u0101 \u02bbao\u02bbao \u02bbekolu e \u02bbaelike me AUW e h\u0101\u02bbawi i n\u0101 huahana, \u02bbike a i \u02bbole n\u0101 lawelawe \u02bb\u0113 a\u02bbe i mana\u02bbo\u02bbi\u02bbo \u02bbo AUW e makemake paha n\u0101 mea ho\u02bbohana e loa\u02bba. \u02bbOiai e hana paha \u02bbo AUW i n\u0101 ho\u02bb\u0101\u02bbo e \u02bbike i k\u0113l\u0101 me k\u0113ia \u02bbao\u02bbao i h\u014d\u02bbike \u02bbia e AUW i ka \u02bbike pilikino ma lalo o ke kuleana e ho\u02bbohana i ka \u02bbike pilikino wale n\u014d no n\u0101 kumu i h\u014d\u02bbike \u02bbia ai ka \u02bbike, \u02bbo ia mau \u02bbao\u02bbao \u02bbekolu he po\u02bbe k\u016b\u02bboko\u02bba k\u016b\u02bboko\u02bba a AUW i ho\u02bbohana \u02bbole ai i ka mana. . \u02bbA\u02bbole kuleana \u02bbo AUW no, a \u02bba\u02bbole ia e kuleana no, ka hana, n\u0101 hana, n\u0101 hana \u02bbole, a i \u02bbole ka lawelawe \u02bbana i ka \u02bbike a i \u02bbole ka ho\u02bbolaha \u02bbana o n\u0101 \u02bbao\u02bbao \u02bbekolu.<\/p>\n<h3><strong>4. Loa\u02bba paha i n\u0101 Paena n\u0101 loulou i n\u0101 p\u016bnaewele \u02bbao\u02bbao \u02bbekolu.<\/strong><\/h3>\n<p>Loa\u02bba paha i n\u0101 Paena n\u0101 loulou i n\u0101 p\u016bnaewele p\u016bnaewele \u02bb\u0113 a\u02bbe no ka \u02bbolu\u02bbolu o n\u0101 mea ho\u02bbohana i ka \u02bbimi \u02bbana i ka \u02bbike, n\u0101 huahana, a i \u02bbole n\u0101 lawelawe i makemake nui \u02bbia. In\u0101 \u02bboe e komo i kahi p\u016bnaewele \u02bbao\u02bbao \u02bbekolu mai kahi loulou ma k\u0113ia Paena, \u02bba\u02bbole kau \u02bbia n\u0101 \u02bbike \u0101u e h\u014d\u02bbike ai ma ia p\u016bnaewele i k\u0113ia Kulekele Pilikino. Hiki ke ho\u02bbohana \u02bbia k\u0113ia mau loulou e n\u0101 \u02bbao\u02bbao \u02bbekolu a i \u02bbole n\u0101 mea \u02bb\u0113 a\u02bbe e h\u014d\u02bbili\u02bbili i ka \u02bbike pilikino a i \u02bbole n\u0101 \u02bbike \u02bb\u0113 a\u02bbe e pili ana i\u0101 \u02bboe. \u02bbA\u02bbole kuleana \u02bbo AUW no n\u0101 hana pilikino o ia mau p\u016bnaewele, n\u0101 mea ho\u02bbolaha, a i \u02bbole n\u0101 \u02bbao\u02bbao \u02bbekolu a i \u02bbole ka \u02bbike o ia mau p\u016bnaewele a \u02bbo k\u0101u kuleana wale n\u014d e n\u0101n\u0101 a ho\u02bbomaopopo i n\u0101 hana pilikino a me n\u0101 kulekele o k\u0113ia mau p\u016bnaewele \u02bb\u0113 a\u02bbe. \u02bbA\u02bbole \u02bbae \u02bbo AUW i ka ho\u02bbohana \u02bbana o k\u0113ia mau \u02bbao\u02bbao \u02bbekolu i n\u0101 kuki, h\u014d\u02bbili\u02bbili \u02bbike, a pehea l\u0101kou e m\u0101lama ai i ia \u02bbike. \u02bbO k\u0101u kuleana wale n\u014d e n\u0101n\u0101 a ho\u02bbomaopopo i n\u0101 hana pilikino a me n\u0101 kulekele o k\u0113ia mau p\u016bnaewele, n\u0101 mea ho\u02bbolaha a me n\u0101 \u02bbao\u02bbao \u02bbekolu.<\/p>\n<h3><strong>5. Palekana P\u016bnaewele.\u00a0<\/strong><\/h3>\n<p>Ho\u02bbohana \u02bbo AUW i n\u0101 hana k\u016bpono e h\u014d\u02bboia i ka loa\u02bba \u02bbana o n\u0101 P\u016bnaewele. Eia n\u014d na\u02bbe, aia kekahi mau manawa e ho\u02bbopau \u02bbia a loa\u02bba \u02bbole ke komo \u02bbana i n\u0101 P\u016bnaewele. E ho\u02bbohana \u02bbo AUW i n\u0101 ho\u02bboikaika k\u016bpono e h\u014d\u02bbemi i ka ho\u02bbohaunaele ma kahi o kona mana k\u016bpono. Ua \u02bbae \u02bboe \u02bba\u02bbole kuleana \u02bbo AUW i\u0101 \u02bboe no kekahi ho\u02bbololi, ho\u02bboku\u02bbu \u02bbia a ho\u02bbopau paha i n\u0101 P\u016bnaewele. Maopopo i\u0101 \u02bboe e hiki ke ho\u02bboili \u02bbia ka hana \u02bbenehana a me ka ho\u02bboili \u02bbana o kekahi \u02bbike ma o n\u0101 Paena me ka ho\u02bbopili \u02bbole \u02bbia a ho\u02bbopili \u02bbia: (a) n\u0101 ho\u02bbouna \u02bbana ma luna o n\u0101 p\u016bnaewele like \u02bbole; a (b) ho\u02bbololi e ho\u02bbok\u014d a ho\u02bbololi i n\u0101 koi \u02bbenehana o ka ho\u02bbohui \u02bbana i n\u0101 p\u016bnaewele a i \u02bbole n\u0101 mea hana. E \u02bbolu\u02bbolu e \u02bb\u014dlelo \u02bbia \u02bba\u02bbole m\u0101kou e h\u014d\u02bboia\u02bbi\u02bbo e pa\u02bba n\u0101 \u02bbike i ho\u02bbouna \u02bbia mai k\u0101 m\u0101kou P\u016bnaewele i ka w\u0101 o ka ho\u02bbouna \u02bbana, \u02bba\u02bbole hiki i\u0101 m\u0101kou ke h\u014d\u02bboia\u02bbi\u02bbo i ka h\u016bn\u0101 o kekahi kama\u02bbilio a i \u02bbole mea i ho\u02bbouna \u02bbia i\u0101 AUW ma o n\u0101 P\u016bnaewele a i \u02bbole ka P\u016bnaewele ma ka laul\u0101, me ka la\u02bbana, pilikino. \u02bbike e like me kou inoa a i \u02bbole ka helu wahi.<\/p>\n<h3><strong>6. Mana\u02bbo, Ho\u02bbolaha a me n\u0101 mea ho\u02bbohana.<\/strong><\/h3>\n<p>\u02bbO n\u0101 mea a pau a i \u02bbole n\u0101 mana\u02bbo i kau \u02bbia ma kekahi \u02bbao\u02bbao o n\u0101 P\u016bnaewele he lehulehu. E \u02bbolu\u02bbolu e n\u0101n\u0101 i n\u0101 K\u016blana a me n\u0101 K\u016blana P\u016bnaewele a i \u02bbole n\u0101 \u02bb\u014dlelo Intranet a me n\u0101 K\u016blana, e pili ana i k\u0101u ho\u02bbohana \u02bbana, no n\u0101 kiko\u02bb\u012b hou aku e pili ana i ka \u02bbikepili mea ho\u02bbohana a me n\u0101 mea \u02bb\u0113 a\u02bbe i waiho \u02bbia i n\u0101 P\u016bnaewele. No laila, \u02bba\u02bbohe kuleana o AUW no ka pololei o ia \u02bbike, \u02bba\u02bbohe kuleana e ho\u02bbohou a ho\u02bboponopono i ia \u02bbike, a \u02bba\u02bbohe kuleana no ia mau kama\u02bbilio e k\u016b mai ana ma lalo o n\u0101 k\u0101n\u0101wai o ke kope kope, libel, pilikino, \u02bbino, a i \u02bbole. Hiki i kekahi \u02bb\u014dnaehana mana\u02bbo ma n\u0101 Paena ke ho\u02bbohana i kahi lawelawe Geolocation e like me ke k\u016blana kai\u0101ulu e like me HTML 5. Ho\u02bbokele \u02bbia k\u0113l\u0101 \u02bbano koho Geolocation e n\u0101 ho\u02bbonohonoho polokalamu kele p\u016bnaewele. In\u0101 koho ka mea ho\u02bbohana e koho i ka lawelawe Geolocation, pili paha n\u0101 \u02bb\u014dlelo a ka mea ho\u02bbohana me ka wahi o ka mea ho\u02bbohana, ma loko o AUW a ma ka lehulehu ma n\u0101 Pae.<\/p>\n<h3><strong>7. Koho-waho akau.<\/strong><\/h3>\n<p>In\u0101 \u02bba\u02bbole pono ka AUW e h\u0101\u02bbawi i n\u0101 lawelawe, \u02bbike, a i \u02bbole n\u0101 huahana i noi \u02bbia e ka mea ho\u02bbohana i ho\u02bbopa\u02bba inoa \u02bbia, ma ka ho\u02bbonui \u02bbana i n\u0101 makemake profile ma n\u0101 P\u016bnaewele, hiki i kahi mea ho\u02bbohana i ho\u02bbopa\u02bba inoa ke ha\u02bbalele i ka loa\u02bba \u02bbana o k\u0101na \u02bbike pilikino, i h\u0101\u02bbawi \u02bbia i\u0101 ia. AUW ma o ka ho\u02bbopa\u02bba inoa mo\u02bbok\u0101ki, a i \u02bbole ka n\u016bhou uila a i \u02bbole ke kau inoa \u02bbike, i m\u0101lama \u02bbia e AUW, ho\u02bbohana \u02bbia e AUW no n\u0101 kumu lua, a i \u02bbole i h\u014d\u02bbike \u02bbia e AUW i ke kolu. p\u0101\u02bbina. (\u02bbA\u02bbole pili k\u0113ia i ka h\u014d\u02bbili\u02bbili \u02bbana i ke \u02bbano o ka polokalamu kele p\u016bnaewele o ka mea ho\u02bbohana i n\u0101 P\u016bnaewele, a i \u02bbole i ka \u02bbike mea ho\u02bbohana \u02bbike \u02bbole i h\u0101\u02bbawi \u02bbia a i \u02bbohi \u02bbia.)<\/p>\n<h3><strong>8. Loa\u02bba a hiki ke ho\u02bboponopono i ka \u02bbike pilikino.<\/strong><\/h3>\n<p>Ma k\u0101u noi ma ka leka uila, leka uila, a kelepona paha, e h\u0101\u02bbawi aku \u02bbo AUW i\u0101 \u02bboe i kahi h\u014d\u02bbulu\u02bbulu o n\u0101 \u02bbike pilikino i m\u0101lama \u02bbia e AUW i h\u0101\u02bbawi \u02bbia e \u02bboe i\u0101 AUW ma o n\u0101 palapala p\u016bnaewele, n\u0101 palapala ho\u02bbopa\u02bba inoa, n\u0101 noi\u02bbi, leka uila, a i \u02bbole kahi ala p\u016bnaewele \u02bb\u0113 a\u02bbe. . Hiki i\u0101 \u02bboe ke ho\u02bbololi, ho\u02bboponopono, ho\u02bbololi a h\u014d\u02bbano hou i k\u0101u \u02bbike pilikino ma ke kelepona \u02bbana i\u0101 AUW ma ka leka uila ma\u00a0<a href=\"mailto:info211@auw.org\" data-cke-saved-href=\"mailto:uwo.admin@unitedway.org\">info211@auw.org<\/a>.<\/p>\n<h3><strong>9. Pono e ho\u02bbololi i ke kulekele pilikino.<\/strong><\/h3>\n<p>M\u0101lama \u02bbo AUW i ke kuleana i k\u0113l\u0101 me k\u0113ia manawa e ho\u02bbololi, ho\u02bbololi a ho\u02bbololi paha i k\u0113ia Kulekele Kuleana. \u02bbO kou ho\u02bbohana \u02bbana i n\u0101 P\u016bnaewele ma hope o n\u0101 ho\u02bbololi \u02bbana, \u02bbo ia ka mea e \u02bbae \u02bboe e hahai a ho\u02bbopa\u02bba \u02bbia e ke Kulekele pilikino e like me ka ho\u02bbololi \u02bbana. \u02bbO k\u0113l\u0101 me k\u0113ia ho\u02bbololi i k\u0113ia Kulekele Pilikino e k\u016bpono i n\u0101 mea ho\u02bbohana i kipa i n\u0101 P\u016bnaewele ma mua o ka ho\u02bbololi \u02bbana. \u02bbO ia ke kuleana o n\u0101 mea ho\u02bbohana e kipa aku i n\u0101 P\u016bnaewele ma mua o ka ho\u02bbololi \u02bbana e a\u02bbo i n\u0101 loli i ke Kulekele pilikino mai ko l\u0101kou kipa hope \u02bbana.<\/p>","protected":false},"excerpt":{"rendered":"<p>About AUW 211 AUW 211 Statewide Helpline is a Hawai\u02bbi based call center and database operated by Aloha United Way as a social service available to everyone need help find resources for home, shelters, food, education, health services, disability services, financial stability, childcare, support parents, parents care, training job, and more. Aia ka waihona 211\u2026<\/p>","protected":false},"author":1,"featured_media":0,"parent":0,"menu_order":0,"comment_status":"closed","ping_status":"closed","template":"","meta":{"footnotes":""},"class_list":["post-3","page","type-page","status-publish","hentry"],"_links":{"self":[{"href":"https:\/\/auw211.org\/haw\/wp-json\/wp\/v2\/pages\/3","targetHints":{"allow":["GET"]}}],"collection":[{"href":"https:\/\/auw211.org\/haw\/wp-json\/wp\/v2\/pages"}],"about":[{"href":"https:\/\/auw211.org\/haw\/wp-json\/wp\/v2\/types\/page"}],"author":[{"embeddable":true,"href":"https:\/\/auw211.org\/haw\/wp-json\/wp\/v2\/users\/1"}],"replies":[{"embeddable":true,"href":"https:\/\/auw211.org\/haw\/wp-json\/wp\/v2\/comments?post=3"}],"version-history":[{"count":5,"href":"https:\/\/auw211.org\/haw\/wp-json\/wp\/v2\/pages\/3\/revisions"}],"predecessor-version":[{"id":3937,"href":"https:\/\/auw211.org\/haw\/wp-json\/wp\/v2\/pages\/3\/revisions\/3937"}],"wp:attachment":[{"href":"https:\/\/auw211.org\/haw\/wp-json\/wp\/v2\/media?parent=3"}],"curies":[{"name":"wp","href":"https:\/\/api.w.org\/{rel}","templated":true}]}}