{"id":27,"date":"2019-04-05T20:40:59","date_gmt":"2019-04-05T20:40:59","guid":{"rendered":"https:\/\/auw211.org\/?page_id=27"},"modified":"2025-03-31T14:32:21","modified_gmt":"2025-04-01T00:32:21","slug":"contact","status":"publish","type":"page","link":"https:\/\/auw211.org\/haw\/pili\/","title":{"rendered":"Ho\u02bbopili"},"content":{"rendered":"<h2>\n\t\t211 Ho\u02bboka\u02bba\u02bbike &amp; hola\n\t<\/h2>\n\t<p><strong>211 Mea K\u016bikaw\u0101 Punawai Kai\u0101ulu<\/strong> Loa\u02bba i k\u0113ia manawa 7 l\u0101 o ka pule, 7 am - 10 pm, ma o n\u0101 kelepona kelepona, n\u0101 leka uila, ke kama\u02bbilio ola, a me ka leka uila.<\/p>\n<strong>211 Helu kelepona:<\/strong><br \/>\nK\u0101hea i ka Moku\u02bb\u0101ina \u02bbo Hawai\u02bbi \u2013 Dial <a href=\"kelepona:211\">211<\/a><br \/>\nN\u0101 mea kelepona ma waho o ka Moku\u02bb\u0101ina \u02bbo Hawai\u02bbi \u2013 K\u0101hea (<a href=\"tel:808-275-2000\">808) 275-2000<\/a> a i \u02bbole ka uku \u02bbole <a href=\"kelepona:18772756569\">(877) 275-6569<\/a>\n<p><strong>211 Kikokikona: <\/strong>kikokikona <a href=\"kelepona:18772756569\">(877) 275-6569<\/a><\/p>\n<p><strong>211 P\u016bnaewele a me ke kama\u02bbilio ola: <\/strong><a href=\"https:\/\/auw211.org\/haw\/\">https:\/\/auw211.org<\/a><\/p>\n<p><strong>211 Huli P\u016bnaewele P\u016bnaewele: <\/strong><a href=\"https:\/\/search.auw211.org\/\">https:\/\/search.auw211.org\/<\/a><\/p>\n<p><strong>211 leka uila: <\/strong><a href=\"mailto:info211@auw.org\">info211@auw.org<\/a><\/p>\n<h2>\n\t\t211 Mea hoolako waiwai\n\t<\/h2>\n\t<p>No ka ho\u02bbohui \u02bbana a i \u02bbole ka h\u014d\u02bbano hou \u02bbana i kahi \u02bboihana, papahana, a i \u02bbole kumuwaiwai i ka AUW 211 Database, e \u02bbolu\u02bbolu e kipa i k\u0101 m\u0101kou <a href=\"https:\/\/auw211.org\/haw\/na-mea-ho%ca%bbolako\/\">\u02bbAo\u02bbao mea ho\u02bbolako<\/a>.<\/p>\n<p>No n\u0101 n\u012bnau a i \u02bbole ka \u02bbike hou aku, e kelepona i\u0101 Amy, 211 Database Curator, ma <a href=\"tel:8085432249\">(808) 543-2249<\/a> a i \u02bbole <a href=\"mailto:211resources@auw.org\">211resources@auw.org<\/a>.<\/p>\n<p>Mahalo!<\/p>","protected":false},"excerpt":{"rendered":"<p>211 Ho\u02bboka\u02bba\u02bbike a me n\u0101 hola 211 Loa\u02bba n\u0101 mea loea kaiaulu i k\u0113ia manawa 7 l\u0101 o ka pule, 7 am - 10 pm, ma o ke kelepona \u02bbana, n\u0101 leka uila, ke kama\u02bbilio ola, a me ka leka uila. 211 Helu Kelepona: N\u0101 mea kelepona ma ka Moku\u02bb\u0101ina \u02bbo Hawai\u02bbi \u2013 K\u0101hea i\u0101 211 N\u0101 mea kelepona ma waho o ka Moku\u02bb\u0101ina \u02bbo Hawai\u02bbi \u2013 K\u0101hea (808) 275-2000 a i \u02bbole Toll-Free (877) 275-6569\u2026<\/p>","protected":false},"author":1,"featured_media":0,"parent":0,"menu_order":0,"comment_status":"closed","ping_status":"closed","template":"","meta":{"footnotes":""},"class_list":["post-27","page","type-page","status-publish","hentry"],"_links":{"self":[{"href":"https:\/\/auw211.org\/haw\/wp-json\/wp\/v2\/pages\/27","targetHints":{"allow":["GET"]}}],"collection":[{"href":"https:\/\/auw211.org\/haw\/wp-json\/wp\/v2\/pages"}],"about":[{"href":"https:\/\/auw211.org\/haw\/wp-json\/wp\/v2\/types\/page"}],"author":[{"embeddable":true,"href":"https:\/\/auw211.org\/haw\/wp-json\/wp\/v2\/users\/1"}],"replies":[{"embeddable":true,"href":"https:\/\/auw211.org\/haw\/wp-json\/wp\/v2\/comments?post=27"}],"version-history":[{"count":13,"href":"https:\/\/auw211.org\/haw\/wp-json\/wp\/v2\/pages\/27\/revisions"}],"predecessor-version":[{"id":3936,"href":"https:\/\/auw211.org\/haw\/wp-json\/wp\/v2\/pages\/27\/revisions\/3936"}],"wp:attachment":[{"href":"https:\/\/auw211.org\/haw\/wp-json\/wp\/v2\/media?parent=27"}],"curies":[{"name":"wp","href":"https:\/\/api.w.org\/{rel}","templated":true}]}}