{"id":25,"date":"2019-04-05T20:40:50","date_gmt":"2019-04-05T20:40:50","guid":{"rendered":"https:\/\/auw211.org\/?page_id=25"},"modified":"2026-02-13T10:05:18","modified_gmt":"2026-02-13T20:05:18","slug":"about","status":"publish","type":"page","link":"https:\/\/auw211.org\/haw\/pili-ana\/","title":{"rendered":"Ma kahi o 211"},"content":{"rendered":"<p>\u02bbO ka lawelawe \u02bbo Aloha United Way 211 \u02bbo ia wale n\u014d ka \u02bbike a puni ka moku\u02bb\u0101ina a me ka laina k\u014dkua kuhikuhi. Ho\u02bboma\u02bbama\u02bba k\u016bikaw\u0101 \u02bbia k\u0101 m\u0101kou 211 Specialists e k\u014dkua i\u0101 \u02bboe i ka \u02bbimi \u02bbana i ka mea\u02bbai, ka hale noho, ke k\u014dkua k\u0101l\u0101, ka m\u0101lama keiki, ke k\u0101ko\u02bbo makua, ka m\u0101lama makua, n\u0101 lawelawe kino k\u012bn\u0101, a me n\u0101 lawelawe olakino e pili ana i ka COVID-19 a me n\u0101 l\u0101\u02bbau lapa\u02bbau.<\/p>\n\t<p>Pehea e hiki ai ia\u02bbu ke ho\u02bboka\u02bba\u02bbike aku i\u0101 2-1-1? Loa\u02bba ke k\u014dkua ma ka moku&#039;\u0101ina holo\u02bboko\u02bba me k\u0113ia mau ala:<\/p>\n\t\t<figure itemscope itemtype=\"https:\/\/schema.org\/ImageObject\">\n\t\t\t\t<a href=\"kelepona:211\"  target=\"_self\" itemprop=\"url\">\n\t\t\t\t<img decoding=\"async\" src=\"https:\/\/auw211.org\/wp-content\/uploads\/2022\/03\/call.svg\" alt=\"kahea\" height=\"96\" width=\"96\" title=\"kahea\" onerror=\"this.style.display='none'\" loading=\"lazy\" \/>\n\t\t\t\t<\/a>\n\t<\/figure>\n<h3><a href=\"kelepona:211\" target=\"_self\">K\u0101hea i\u0101 211<\/a><\/h3><p>a i \u02bbole <a href=\"kelepona:18772756569\">1-877-275-6569<\/a><\/p>\n\t\t<figure itemscope itemtype=\"https:\/\/schema.org\/ImageObject\">\n\t\t\t\t<a href=\"https:\/\/search.auw211.org\/\"  target=\"_blank\" rel=\"noopener\"  itemprop=\"url\">\n\t\t\t\t<img decoding=\"async\" src=\"https:\/\/auw211.org\/wp-content\/uploads\/2022\/03\/search.svg\" alt=\"huli\" height=\"96\" width=\"96\" title=\"huli\" onerror=\"this.style.display='none'\" loading=\"lazy\" \/>\n\t\t\t\t<\/a>\n\t<\/figure>\n<h3><a href=\"https:\/\/search.auw211.org\/\" target=\"_blank\"  rel=\"noopener\">Huli<\/a><\/h3><p>Ma luna o 4000 mau kumuwaiwai.<\/p>\n\t\t<figure itemscope itemtype=\"https:\/\/schema.org\/ImageObject\">\n\t\t\t\t<a href=\"sms:18772756569\"  target=\"_self\" itemprop=\"url\">\n\t\t\t\t<img decoding=\"async\" src=\"https:\/\/auw211.org\/wp-content\/uploads\/2022\/03\/text.svg\" alt=\"kikokikona\" height=\"96\" width=\"96\" title=\"kikokikona\" onerror=\"this.style.display='none'\" loading=\"lazy\" \/>\n\t\t\t\t<\/a>\n\t<\/figure>\n<h3><a href=\"sms:18772756569\" target=\"_self\">kikokikona<\/a><\/h3><p>E \u02bbolu\u02bbolu e ho\u02bbokomo i ka code zip<\/p>\n\t\t<figure itemscope itemtype=\"https:\/\/schema.org\/ImageObject\">\n\t\t\t\t<a href=\"https:\/\/home-c19.incontact.com\/incontact\/chatclient\/chatclient.aspx?poc=75782264-8644-4c11-ab70-28eb11c497e9&#038;bu=4595725\" target=\"_blank\" rel=\"noopener\" itemprop=\"url\">\n\t\t\t\t<img decoding=\"async\" src=\"https:\/\/auw211.org\/wp-content\/uploads\/2022\/03\/chat.svg\" alt=\"kama\u02bbilio\" height=\"96\" width=\"96\" title=\"kama\u02bbilio\" onerror=\"this.style.display='none'\" loading=\"lazy\" \/>\n\t\t\t\t<\/a>\n\t<\/figure>\n<h3><a href=\"https:\/\/home-c19.incontact.com\/incontact\/chatclient\/chatclient.aspx?poc=75782264-8644-4c11-ab70-28eb11c497e9&#038;bu=4595725\" target=\"_blank\" rel=\"noopener\">K\u016bk\u0101k\u016bk\u0101<\/a><\/h3>7am - 10pm, 7 l\u0101 o ka pule\n\t\t<figure itemscope itemtype=\"https:\/\/schema.org\/ImageObject\">\n\t\t\t\t<a href=\"mailto:info211@auw.org\"  target=\"_self\" itemprop=\"url\">\n\t\t\t\t<img decoding=\"async\" src=\"https:\/\/auw211.org\/wp-content\/uploads\/2022\/03\/email.svg\" alt=\"leka uila\" height=\"96\" width=\"96\" title=\"leka uila\" onerror=\"this.style.display='none'\" loading=\"lazy\" \/>\n\t\t\t\t<\/a>\n\t<\/figure>\n<h3><a href=\"mailto:info211@auw.org\" target=\"_self\">leka uila<\/a><\/h3>E \u02bbae i ho\u02bbokahi l\u0101 \u02bboihana\n<h2>\n\t\t\tAia m\u0101kou i ka w\u0101 e hiki mai ai n\u0101 pilikia pilikia.\t<\/h2>\n\t<p>He hoa pili \u02bbo 211 i ka ho\u02bbol\u0101l\u0101 ho\u02bbokele pilikia o ka moku\u02bb\u0101ina, a me n\u0101 ho\u02bbol\u0101l\u0101 k\u016blanakauhale a me n\u0101 kalana a puni n\u0101 mokupuni.<\/p>\n\t<p>Loa\u02bba i\u0101 211 ka hiki ke ho\u02bbone\u02bbe i ka moku\u02bb\u0101ina i ka w\u0101 o ka p\u014d\u02bbino. He l\u0101l\u0101 \u02bbo 211 o VOAD (Voluntary Organizations Active in Disaster) a hiki i\u0101 ia ke h\u0101\u02bbawi i n\u0101 kuhikuhi i ka w\u0101 pilikia a i \u02bbole p\u014d\u02bbino.<\/p>\n\t<p>Ho\u02bboku\u02bbu \u02bbo 211 i ke kaomi ma ka \u02bb\u014dnaehana kelepona 9-1-1 no n\u0101 kelepona pilikia \u02bbole.<\/p>\n\t<p>\u02bbO 211 kahi kikowaena o ka launa \u02bbana no n\u0101 mea ho\u02bbopuka pilikia e ka\u02bbana like i ka \u02bbike hou e pili ana i n\u0101 wahi ho\u02bbomaha, ka ha\u02bbalele \u02bbana, n\u0101 ala, n\u0101 pani alanui a me n\u0101 \u02bb\u014dlelo a\u02bbo olakino olakino.<\/p>\n\t<p>He waiwai ko\u02bbiko\u02bbi \u02bbo 211 no ka ho\u02bbolaha \u02bbana i ka \u02bbike a me n\u0101 mea kuhikuhi e pili ana i ka ma\u02bbi ma\u02bbi COVID-19, n\u0101 l\u0101\u02bbau lapa\u02bbau, n\u0101 kahe \u02bbana, n\u0101 \u02bbino, n\u0101 pele a me n\u0101 pilikia \u02bb\u0113 a\u02bbe.<\/p>\n\t<p>211 &#8220;In the immediate aftermath of the wildfires, 2-1-1 served as a trusted, accessible, and centralized point of connection for thousands of Maui residents navigating displacement, loss of housing, food insecurity, healthcare needs, and emotional distress. At a time when systems were overwhelmed, and information was rapidly changing, the 2-1-1 Call Center provided clarity, stability, and human-centered support. This service became a lifeline for individuals and families who had nowhere else to turn.&#8221; <strong>\u02bbO Jeeyun Lee, Luna Ho\u02bbokele Nui, Maui United Way.\u00a0 \u00a0 \u00a0 \u00a0 \u00a0 \u00a0 \u00a0 \u00a0 \u00a0 \u00a0 \u00a0 \u00a0 \u00a0 \u00a0 \u00a0 \u00a0 \u00a0 \u00a0 \u00a0 \u00a0 \u00a0 \u00a0 \u00a0<\/strong><\/p>\n\t<h2>Pehea e hiki ai ia\u02bbu ke ho\u02bbohui i kahi kumuwaiwai a i \u02bbole papa inoa ma ka waihona?<\/h2>\n<p>Ho\u02bbopiha \u02bbia ka waihona 211 i n\u0101 \u02bbano like \u02bbole a i \u02bbole n\u0101 papahana a in\u0101 loa\u02bba i\u0101 \u02bboe kahi mea e ho\u02bbohui ai, e \u02bbolu\u02bbolu e ho\u02bbohana i k\u0101 m\u0101kou kikowaena kikowaena e hiki ai i\u0101 \u02bboe ke ho\u02bbohui i kahi kumuwaiwai hou, ho\u02bbohou i kahi papa inoa i loa\u02bba a \u02bboi aku. Aia ka lawelawe ma ka moku&#039;\u0101ina holo\u02bboko\u02bba, no laila ua h\u014d\u02bbike \u02bbia n\u0101 mokupuni \u0101pau i ka waihona a me ka \u02bbikepili.<\/p>\n\t\t\t<a href=\"https:\/\/auw211.org\/haw\/na-mea-ho%ca%bbolako\/#new-agency\"  target=\"_self\">\n\t\t\t\t\t\tHo\u02bbohui i kahi hui hou.\n\t\t\t\t\t<\/a>\n\t\t\t<a href=\"https:\/\/auw211.org\/haw\/na-mea-ho%ca%bbolako\/#new-program\"  target=\"_self\">\n\t\t\t\t\t\tHo\u02bbohui i kahi polokalamu hou.\n\t\t\t\t\t<\/a>\n\t\t\t<a href=\"https:\/\/auw211.org\/haw\/na-mea-ho%ca%bbolako\/#update-agency-program\"  target=\"_self\">\n\t\t\t\t\t\tHo\u02bbohou i kahi hui a papahana paha.\n\t\t\t\t\t<\/a>\n<h2>\n\t\t\t\u02bbO k\u0101 m\u0101kou mau limahana k\u016bloko\t<\/h2>\n\t\t<h3>\u02bbO Jennifer Pecher<\/h3>Hope Pelekikena, 211 Pane Kai\u0101ulu\n\t\t<h3>Moi Zelee<\/h3><p>Luna Papahana<\/p>\n\t\t<h3>Sai Maui<\/h3><p>Luna Kahu Papahana<\/p>","protected":false},"excerpt":{"rendered":"<p>\u02bbO ka lawelawe \u02bbo Aloha United Way 211 \u02bbo ia wale n\u014d ka \u02bbike a puni ka moku\u02bb\u0101ina a me ka laina k\u014dkua kuhikuhi. Ho\u02bboma\u02bbama\u02bba k\u016bikaw\u0101 \u02bbia k\u0101 m\u0101kou 211 Specialists e k\u014dkua i\u0101 \u02bboe i ka \u02bbimi \u02bbana i ka mea\u02bbai, ka hale noho, ke k\u014dkua k\u0101l\u0101, ka m\u0101lama keiki, ke k\u0101ko\u02bbo makua, ka m\u0101lama makua, n\u0101 lawelawe kino k\u012bn\u0101, a me n\u0101 lawelawe olakino e pili ana i ka COVID-19 a me n\u0101 l\u0101\u02bbau lapa\u02bbau. Pehea e hiki ai ia\u02bbu ke ho\u02bboka\u02bba\u02bbike aku i\u0101 2-1-1? Loa\u02bba ke k\u014dkua ma ka moku\u02bb\u0101ina me ka ho\u02bbohana \u02bbana i k\u0113ia mau ala:\u2026<\/p>","protected":false},"author":1,"featured_media":3098,"parent":0,"menu_order":0,"comment_status":"closed","ping_status":"closed","template":"","meta":{"footnotes":""},"class_list":["post-25","page","type-page","status-publish","has-post-thumbnail","hentry"],"_links":{"self":[{"href":"https:\/\/auw211.org\/haw\/wp-json\/wp\/v2\/pages\/25","targetHints":{"allow":["GET"]}}],"collection":[{"href":"https:\/\/auw211.org\/haw\/wp-json\/wp\/v2\/pages"}],"about":[{"href":"https:\/\/auw211.org\/haw\/wp-json\/wp\/v2\/types\/page"}],"author":[{"embeddable":true,"href":"https:\/\/auw211.org\/haw\/wp-json\/wp\/v2\/users\/1"}],"replies":[{"embeddable":true,"href":"https:\/\/auw211.org\/haw\/wp-json\/wp\/v2\/comments?post=25"}],"version-history":[{"count":11,"href":"https:\/\/auw211.org\/haw\/wp-json\/wp\/v2\/pages\/25\/revisions"}],"predecessor-version":[{"id":4288,"href":"https:\/\/auw211.org\/haw\/wp-json\/wp\/v2\/pages\/25\/revisions\/4288"}],"wp:featuredmedia":[{"embeddable":true,"href":"https:\/\/auw211.org\/haw\/wp-json\/wp\/v2\/media\/3098"}],"wp:attachment":[{"href":"https:\/\/auw211.org\/haw\/wp-json\/wp\/v2\/media?parent=25"}],"curies":[{"name":"wp","href":"https:\/\/api.w.org\/{rel}","templated":true}]}}