{"id":12,"date":"2018-10-28T20:35:06","date_gmt":"2018-10-28T20:35:06","guid":{"rendered":"https:\/\/auw211.org\/?page_id=12"},"modified":"2026-03-30T03:08:04","modified_gmt":"2026-03-30T13:08:04","slug":"home","status":"publish","type":"page","link":"https:\/\/auw211.org\/haw\/","title":{"rendered":"Home"},"content":{"rendered":"<h2>\n\t\t\tPono k\u014dkua?\t<\/h2>\n\t\t\t<a href=\"https:\/\/search.auw211.org\/\" target=\"_blank\" rel=\"noopener\">\n\t\t\t\t\t\t\tKaomi ma ane\u02bbi e huli i ka 211\n\t\t\t\t\t<\/a>\n\t\t\t<a href=\"https:\/\/auw211.org\/haw\/pilikia-pilikia-pane\/\"  target=\"_self\">\n\t\t\t\t\t\t\tKa Hana Palekana P\u014d\u02bbino Ha\u02bbaha\u02bba o Kona\n\t\t\t\t\t<\/a>\n<h2>\n\t\t\tE kelepona i\u0101 211 no n\u0101 mea hou e pili ana i n\u0101 hale m\u0101lama pilikia, n\u0101 kikowaena h\u0101\u02bbawi mea\u02bbai, a me n\u0101 pono \u02bb\u0113 a\u02bbe \u02bba\u02bbole pilikia.\t<\/h2>\n\t<p>&nbsp;<\/p>\n<p>Support flood victims &#8211; donate to the AUW&#8217;s Community Relief Fund<\/p>\n\t\t\t<a href=\"https:\/\/ignite.stratuslive.com\/auw\/get-involved\/donate\/auwcommunityrelieffund\" target=\"_blank\" rel=\"noopener\">\n\t\t\t\t\t\t\tAUW&#8217;s Community Relief Fund\n\t\t\t\t\t<\/a>\n<h1>\n\t\t\tAloha United Way 211\t<\/h1>\n\tMai &quot;hello&quot; a k\u014dkua. Ua uhi m\u0101kou i\u0101 \u02bboe <strong>4,000 mau kumuwaiwai k\u016bloko<\/strong>.<br \/>\n<strong>AUW 211<\/strong> \u02bbo ia wale n\u014d ka laina k\u014dkua a puni ka moku\u02bb\u0101ina e ho\u02bbohui i\u0101 \u02bboe me n\u0101 kumuwaiwai \u0101u e pono ai.\n\t\t\t<a href=\"https:\/\/search.auw211.org\/\" target=\"_blank\" rel=\"noopener\">\n\t\t\t\t\t\tHuli ma ka p\u016bnaewele\n\t\t\t\t\t<\/a>\n\t<h4>Pehea m\u0101kou e k\u014dkua ai?<\/h4>\nE koho i kahi ala k\u016bpono i\u0101 \u02bboe.<br \/>\nKe k\u0101hea \u02bboe, aia kahi leo ola ma k\u0113l\u0101 \u02bbao\u02bbao - m\u0101kaukau e k\u014dkua.\u00a0\n\t\t<figure itemscope itemtype=\"https:\/\/schema.org\/ImageObject\">\n\t\t\t\t<a href=\"kelepona:211\" target=\"_self\" itemprop=\"url\">\n\t\t\t\t<img decoding=\"async\" src=\"https:\/\/auw211.org\/wp-content\/uploads\/2022\/03\/call.svg\" alt=\"kahea\" height=\"96\" width=\"96\" title=\"kahea\" onerror=\"this.style.display='none'\" loading=\"lazy\" \/>\n\t\t\t\t<\/a>\n\t<\/figure>\n<h3><a href=\"kelepona:211\" target=\"_self\">K\u0101hea i\u0101 211<\/a><\/h3>a k\u016bloko paha: <a href=\"tel:808-275-2000\">808-275-2000<\/a><br \/>\nuku \u02bbole: <a href=\"kelepona:18772756569\">1-877-275-6569<\/a>\n<p>No ke k\u014dkua \u02bbana i ka loa\u02bba \u02bbana o n\u0101 kumuwaiwai ma kou wahi a no ka h\u014d\u02bbike \u02bbana, e \u02bbolu\u02bbolu e loa\u02bba k\u0101u helu zip, makahiki, a me ka \u02bbike k\u0101ne k\u0101ne.<\/p>\n\t\t<figure itemscope itemtype=\"https:\/\/schema.org\/ImageObject\">\n\t\t\t\t<a href=\"sms:8772756569\"  target=\"_self\" itemprop=\"url\">\n\t\t\t\t<img decoding=\"async\" src=\"https:\/\/auw211.org\/wp-content\/uploads\/2022\/03\/text.svg\" alt=\"kikokikona\" height=\"96\" width=\"96\" title=\"kikokikona\" onerror=\"this.style.display='none'\" loading=\"lazy\" \/>\n\t\t\t\t<\/a>\n\t<\/figure>\n<h3><a href=\"sms:8772756569\" target=\"_self\">kikokikona &quot;K\u014dkua&quot;<\/a><\/h3><p>i: <a href=\"kelepona:18772756569\">877-275-6569<\/a><\/p>\n<p>No ke k\u014dkua \u02bbana i ka loa\u02bba \u02bbana o n\u0101 kumuwaiwai ma kou wahi a no ka h\u014d\u02bbike \u02bbana, e \u02bbolu\u02bbolu e loa\u02bba k\u0101u helu zip, makahiki, a me ka \u02bbike k\u0101ne k\u0101ne.<\/p>\n\t\t<figure itemscope itemtype=\"https:\/\/schema.org\/ImageObject\">\n\t\t\t\t<a href=\"https:\/\/search.auw211.org\/\" target=\"_blank\" rel=\"noopener\" itemprop=\"url\">\n\t\t\t\t<img decoding=\"async\" src=\"https:\/\/auw211.org\/wp-content\/uploads\/2022\/03\/search.svg\" alt=\"huli\" height=\"96\" width=\"96\" title=\"huli\" onerror=\"this.style.display='none'\" loading=\"lazy\" \/>\n\t\t\t\t<\/a>\n\t<\/figure>\n<h3><a href=\"https:\/\/search.auw211.org\/\" target=\"_blank\" rel=\"noopener\">Huli<\/a><\/h3><p><a href=\"https:\/\/search.auw211.org\/\" target=\"_blank\" rel=\"noopener\">huli.auw211.org<\/a><\/p>\n<p>E \u02bbimi i n\u0101 kumuwaiwai ikaika a pau ma k\u0101 m\u0101kou \u02bbenekini hulina p\u016bnaewele, loa\u02bba 24\/7.<\/p>\n\t\t<figure itemscope itemtype=\"https:\/\/schema.org\/ImageObject\">\n\t\t\t\t<a href=\"https:\/\/home-c19.incontact.com\/incontact\/chatclient\/chatclient.aspx?poc=75782264-8644-4c11-ab70-28eb11c497e9&#038;bu=4595725\" target=\"_blank\" rel=\"noopener\" itemprop=\"url\">\n\t\t\t\t<img decoding=\"async\" src=\"https:\/\/auw211.org\/wp-content\/uploads\/2022\/03\/chat.svg\" alt=\"kama\u02bbilio\" height=\"96\" width=\"96\" title=\"kama\u02bbilio\" onerror=\"this.style.display='none'\" loading=\"lazy\" \/>\n\t\t\t\t<\/a>\n\t<\/figure>\n<h3><a href=\"https:\/\/home-c19.incontact.com\/incontact\/chatclient\/chatclient.aspx?poc=75782264-8644-4c11-ab70-28eb11c497e9&#038;bu=4595725\" target=\"_blank\" rel=\"noopener\">K\u016bk\u0101k\u016bk\u0101 Ola<\/a><\/h3><a href=\"https:\/\/home-c19.incontact.com\/incontact\/chatclient\/chatclient.aspx?poc=75782264-8644-4c11-ab70-28eb11c497e9&amp;bu=4595725\" target=\"_blank\" rel=\"noopener\">Kaomi no ke kama\u02bbilio \u02bbana<\/a>\n7 am - 10 pm, 7 l\u0101 o ka pule.\n<p>No ke k\u014dkua \u02bbana i ka loa\u02bba \u02bbana o n\u0101 kumuwaiwai ma kou wahi a no ka h\u014d\u02bbike \u02bbana, e \u02bbolu\u02bbolu e loa\u02bba k\u0101u helu zip, makahiki, a me ka \u02bbike k\u0101ne k\u0101ne.<\/p>\n\t\t<figure itemscope itemtype=\"https:\/\/schema.org\/ImageObject\">\n\t\t\t\t<a href=\"mailto:info211@auw.org\"  target=\"_self\" itemprop=\"url\">\n\t\t\t\t<img decoding=\"async\" src=\"https:\/\/auw211.org\/wp-content\/uploads\/2022\/03\/email.svg\" alt=\"leka uila\" height=\"96\" width=\"96\" title=\"leka uila\" onerror=\"this.style.display='none'\" loading=\"lazy\" \/>\n\t\t\t\t<\/a>\n\t<\/figure>\n<h3><a href=\"mailto:info211@auw.org\" target=\"_self\">leka uila<\/a><\/h3><a href=\"mailto:info211@auw.org\" target=\"_blank\" rel=\"noopener\">info211@auw.org<\/a>\nE \u02bbae i ho\u02bbokahi l\u0101 \u02bboihana.\n<p>No ke k\u014dkua \u02bbana i ka \u02bbimi \u02bbana i n\u0101 kumuwaiwai ma kou wahi a no ka h\u014d\u02bbike \u02bbana, e \u02bbolu\u02bbolu e ho\u02bbokomo i k\u0101u code zip, makahiki, a me ka \u02bbike k\u0101ne k\u0101ne.<\/p>\n\t\t<iframe loading=\"lazy\" width=\"560\" height=\"315\" src=\"https:\/\/www.youtube.com\/embed\/PWgxNBKsP_8\" title=\"Mea p\u0101\u02bbani wiki\u014d YouTube\" frameborder=\"0\" allow=\"accelerometer; autoplay; clipboard-write; encrypted-media; gyroscope; picture-in-picture\" allowfullscreen><\/iframe>\t\n<h2>\n\t\t\t\u02bbOi aku m\u0101kou ma mua o kou mana\u02bbo\t<\/h2>\n\t<p>In\u0101 makemake \u02bboe i ka \u02bbike a me n\u0101 kumuwaiwai a i \u02bbole ke k\u014dkua ulia p\u014dpilikia, loa\u02bba k\u0101 m\u0101kou 211 Helpline Specialists e alaka\u02bbi i\u0101 \u02bboe. Ma muli o kou makemake a me kou wahi, hiki i\u0101 m\u0101kou ke loa\u02bba n\u0101 kumuwaiwai k\u014dkua e hiki i\u0101 \u02bboe ke ho\u02bbohana koke.<\/p>\n\t\t\t<a href=\"https:\/\/search.auw211.org\/\" target=\"_blank\" rel=\"noopener\">\n\t\t\t\t\t\t\tHuli i ka waihona waihona\n\t\t\t\t\t<\/a>\n<h2>\n\t\t\t211 Pane\t<\/h2>\n\t\t\t<a href=\"\/haw\/category\/211-answers\/\"  target=\"_self\">\n\t\t\t\t\t\tSee More\n\t\t\t\t\t<\/a>\n<h2>\n\t\t\tHe Punawai hilina\u02bbi a me ka pilina ko\u02bbiko\u02bbi\t<\/h2>\n\t<p>Ho\u02bbohana ka AUW&#039;s 211 Helpline i n\u0101 limahana ho\u02bbola\u02bba e m\u0101lama a m\u0101lama i ka \u02bbikepili waiwai a me n\u0101 papahana. \u02bbO m\u0101kou ke kumu maika\u02bbi loa a hilina\u02bbi nui \u02bbia o n\u0101 kumuwaiwai lawelawe kaiaulu ma ka moku\u02bb\u0101ina \u02bbo Hawai\u02bbi. Ho\u02bbohui i k\u0101u mau polokalamu a me n\u0101 lawelawe i k\u0113ia l\u0101. E k\u014dkua m\u0101kou i ka ho\u02bbopili \u02bbana i n\u0101 mea ho\u02bbohana 211 me n\u0101 kumuwaiwai i k\u016bpono i ko l\u0101kou \u02bb\u0101ina a me ko l\u0101kou pono.<\/p>\n\t\t\t<a href=\"https:\/\/auw211.org\/haw\/na-mea-ho%ca%bbolako\/\" target=\"_self\">\n\t\t\t\t\t\tHo\u02bbohui a h\u014d\u02bbano hou i n\u0101 ke\u02bbena a me n\u0101 papahana.\n\t\t\t\t\t<\/a>\n\t\t\t<a href=\"https:\/\/auw211.org\/haw\/pili\/\"  target=\"_self\">\n\t\t\t\t\t\tNoi i n\u0101 mea ho\u02bbolaha.\n\t\t\t\t\t<\/a>\n<h2>\n\t\t\tHana i ka hopena i ko m\u0101kou Kai\u0101ulu.\t<\/h2>\n\t<p>Ho\u02bbohui ka laina k\u014dkua moku\u02bb\u0101ina \u02bbo Aloha United Way 211 i ka po\u02bbe me n\u0101 kumuwaiwai a l\u0101kou e makemake ai a \u02bbike \u02bbole paha l\u0101kou e pono ai. 211 Ho\u02bboma\u02bbama\u02bba \u02bbia ka po\u02bbe loea e k\u014dkua i\u0101 \u02bboe i ka \u02bbimi \u02bbana i ka mea\u02bbai, ka hale noho, ke k\u014dkua k\u0101l\u0101, ka m\u0101lama keiki, ke k\u0101ko\u02bbo makua, ka m\u0101lama k\u016bpuna, n\u0101 lawelawe k\u012bn\u0101, ka ho\u02bboma\u02bbama\u02bba hana a me n\u0101 mea hou aku. He manuahi ka lawelawe a h\u016bn\u0101. K\u014dkua p\u016b ka \u02bbikepili lawelawe i ka ho\u02bbomaika\u02bbi \u02bbana i n\u0101 kulekele a me n\u0101 kumuwaiwai a loa\u02bba manuahi, ma ke \u02bbano he kumu kai\u0101ulu.<\/p>\n\t\t\t<a href=\"https:\/\/auw211.org\/haw\/pili-ana\/\"  target=\"_self\">\n\t\t\t\t\t\tE a\u02bbo e pili ana i ke Aloha United Way 211\n\t\t\t\t\t<\/a>\n\t\t\t<a href=\"https:\/\/auw211.org\/haw\/%ca%bbikepili-kaiaulu\/\"  target=\"_self\">\n\t\t\t\t\t\tE n\u0101n\u0101 i ka \u02bbikepili kai\u0101ulu a me ka h\u014d\u02bbike makahiki 2025 211\n\t\t\t\t\t<\/a>","protected":false},"excerpt":{"rendered":"<p>Need help? Click here to search 211 Kona Low Disaster Response Call 211 for updates on emergency shelters, food distribution centers, and other non-emergency needs &nbsp; Support flood victims &#8211; donate to the AUW&#8217;s Community Relief Fund AUW&#8217;s Community Relief Fund Aloha United Way 211 From &#8220;hello&#8221; to help. We&#8217;ve got you covered with over&hellip;<\/p>","protected":false},"author":1,"featured_media":0,"parent":0,"menu_order":0,"comment_status":"closed","ping_status":"closed","template":"","meta":{"footnotes":""},"class_list":["post-12","page","type-page","status-publish","hentry"],"_links":{"self":[{"href":"https:\/\/auw211.org\/haw\/wp-json\/wp\/v2\/pages\/12","targetHints":{"allow":["GET"]}}],"collection":[{"href":"https:\/\/auw211.org\/haw\/wp-json\/wp\/v2\/pages"}],"about":[{"href":"https:\/\/auw211.org\/haw\/wp-json\/wp\/v2\/types\/page"}],"author":[{"embeddable":true,"href":"https:\/\/auw211.org\/haw\/wp-json\/wp\/v2\/users\/1"}],"replies":[{"embeddable":true,"href":"https:\/\/auw211.org\/haw\/wp-json\/wp\/v2\/comments?post=12"}],"version-history":[{"count":20,"href":"https:\/\/auw211.org\/haw\/wp-json\/wp\/v2\/pages\/12\/revisions"}],"predecessor-version":[{"id":4338,"href":"https:\/\/auw211.org\/haw\/wp-json\/wp\/v2\/pages\/12\/revisions\/4338"}],"wp:attachment":[{"href":"https:\/\/auw211.org\/haw\/wp-json\/wp\/v2\/media?parent=12"}],"curies":[{"name":"wp","href":"https:\/\/api.w.org\/{rel}","templated":true}]}}