{"id":3977,"date":"2025-10-02T08:44:14","date_gmt":"2025-10-02T18:44:14","guid":{"rendered":"https:\/\/auw211.org\/?page_id=3977"},"modified":"2025-11-03T16:10:57","modified_gmt":"2025-11-04T02:10:57","slug":"hurricane","status":"publish","type":"page","link":"https:\/\/auw211.org\/es\/respuesta-a-emergencias-y-desastres\/huracan\/","title":{"rendered":"Hurac\u00e1n | Recursos para emergencias y desastres"},"content":{"rendered":"<h2>Los huracanes pueden causar vientos destructivos, inundaciones y cortes de energ\u00eda generalizados.<\/h2>\n<p>Incluso una tormenta pasajera puede provocar<strong> Inundaciones, oleaje peligroso y perturbaciones a largo plazo.<\/strong><\/p>\n<p>AUW 211 conecta a los residentes de Haw\u00e1i con actualizaciones en tiempo real, informaci\u00f3n sobre refugios y recursos de recuperaci\u00f3n antes, durante y despu\u00e9s de un hurac\u00e1n.<\/p>\n\t\t\t\t<img decoding=\"async\" src=\"https:\/\/auw211.org\/wp-content\/uploads\/2025\/10\/hurricane.png\" alt=\"hurac\u00e1n\" itemprop=\"image\" height=\"1200\" width=\"1200\" title=\"hurac\u00e1n\" onerror=\"this.style.display='none'\" loading=\"lazy\" \/>\n\t<h3><strong>Si est\u00e1 en peligro inmediato, \u00a1llame al 911!<\/strong><\/h3>\n<h2>\n\t\t\tNoticias urgentes\t<\/h2>\n\t\t\t<a href=\"\/es\/category\/211-answers\/\" target=\"_self\">\n\t\t\t\t\t\tVer m\u00e1s\n\t\t\t\t\t<\/a>\n\t<h2>Comunidades impactadas<\/h2>\n<p><strong>Los huracanes pueden afectar a todas las islas, especialmente a las zonas costeras y bajas propensas a marejadas cicl\u00f3nicas e inundaciones.<\/strong><\/p>\n<ul>\n<li><strong>cortes de energ\u00eda<\/strong> y las carreteras bloqueadas pueden aislar a las comunidades durante d\u00edas.<\/li>\n<li><strong>Aquellos que viven en casas antiguas,<\/strong> Las viviendas m\u00f3viles o las zonas con rutas de evacuaci\u00f3n limitadas corren mayor riesgo.<\/li>\n<li><strong>Residentes que dependen de equipos m\u00e9dicos el\u00e9ctricos<\/strong> o la refrigeraci\u00f3n de medicamentos deber\u00edan preparar planes de contingencia con anticipaci\u00f3n.<\/li>\n<\/ul>\n\t\t\t\t<img decoding=\"async\" src=\"https:\/\/auw211.org\/wp-content\/uploads\/2025\/10\/pexels-jess-vide-4319877.jpg\" alt=\"pexels-jess-video-4319877\" itemprop=\"image\" height=\"1279\" width=\"1920\" title=\"pexels-jess-video-4319877\" onerror=\"this.style.display='none'\" loading=\"lazy\" \/>\n\t<h2>\u00bfA donde puedo ir?<\/h2>\n<p><strong>Si se emite una advertencia de hurac\u00e1n, siga las instrucciones de los funcionarios de emergencia del condado de inmediato.<\/strong><\/p>\n\t<h3>Antes de un hurac\u00e1n:<\/h3>\n<ul>\n<li><strong>Conozca su zona de evacuaci\u00f3n<\/strong> y el refugio contra huracanes m\u00e1s cercano.<\/li>\n<li><strong>Reg\u00edstrese para recibir alertas de emergencia del condado<\/strong> Para el seguimiento de tormentas y avisos de evacuaci\u00f3n.<\/li>\n<li><strong>Poda los \u00e1rboles y asegura los objetos sueltos del exterior.<\/strong> que podr\u00edan convertirse en proyectiles.<\/li>\n<li><strong>Proteja las ventanas con madera contrachapada.<\/strong> o contraventanas anticicl\u00f3nicas.<\/li>\n<li><strong>Carga todos los dispositivos electr\u00f3nicos<\/strong> y mant\u00e9n el dep\u00f3sito de gasolina al menos a la mitad de su capacidad.<\/li>\n<\/ul>\n\t<h3>Durante un hurac\u00e1n<\/h3>\n<ul>\n<li><strong>Trasl\u00e1dese a un refugio para huracanes.<\/strong> o una estructura segura alejada de ventanas y zonas costeras.<\/li>\n<li><strong>Evite conducir<\/strong> Cuando los vientos superen las 40 mph, mant\u00e9ngase alejado de carreteras inundadas o cables el\u00e9ctricos ca\u00eddos.<\/li>\n<li><strong>Qu\u00e9date en casa<\/strong> lejos de las ventanas<\/li>\n<li><strong>No salgas<\/strong> hasta que las autoridades anuncien que es seguro.<\/li>\n<\/ul>\n\t<h2>\u00bfQu\u00e9 puedo hacer para prepararme?<\/h2>\n<p><strong>La preparaci\u00f3n salva vidas.<\/strong><\/p>\n\t<h3>Elementos para preparar:<\/h3>\n<ul>\n<li><strong>Suministro de agua para 14 d\u00edas<\/strong> y alimentos no perecederos.<\/li>\n<li><strong>Radio a pilas o de manivela<\/strong> y una linterna con pilas de repuesto.<\/li>\n<li><strong>botiqu\u00edn de primeros auxilios, medicamentos recetados,<\/strong> y art\u00edculos de higiene.<\/li>\n<li><strong>Copias de los documentos de identidad,<\/strong> Documentos del seguro y contactos de emergencia guardados en un recipiente impermeable.<\/li>\n<li><strong>Dinero extra en billetes peque\u00f1os<\/strong> (Es posible que los cajeros autom\u00e1ticos y los sistemas de tarjetas est\u00e9n fuera de servicio).<\/li>\n<li><strong>Mascarillas y desinfectante<\/strong> para estancias en refugios.<\/li>\n<\/ul>\n\t<h3>Mejores pr\u00e1cticas<\/h3>\n<ul>\n<li><strong>Desconecta los aparatos electr\u00f3nicos antes de salir.<\/strong> o cuando la energ\u00eda comienza a parpadear.<\/li>\n<li><strong>Encienda los refrigeradores\/congeladores<\/strong> al entorno m\u00e1s fr\u00edo para conservar los alimentos durante los cortes de energ\u00eda.<\/li>\n<li><strong>Evite las velas;<\/strong> En su lugar, utilice linternas o l\u00e1mparas de pilas.<\/li>\n<li><strong>Si se le aconseja evacuar,<\/strong> leave early-roads will close quickly.<\/li>\n<li><strong>Mantenga los veh\u00edculos abastecidos de combustible.<\/strong> y el tel\u00e9fono cargado.<\/li>\n<\/ul>\n\t\t\t\t<img decoding=\"async\" src=\"https:\/\/auw211.org\/wp-content\/uploads\/2023\/03\/shutterstock_141030979-scaled.jpg\" alt=\"Mujer,tener,Asesoramiento,Sesi\u00f3n\" itemprop=\"image\" height=\"1707\" width=\"2560\" title=\"Mujer,tener,Asesoramiento,Sesi\u00f3n\" onerror=\"this.style.display='none'\" loading=\"lazy\" \/>\n\t<h2>\u00bfQu\u00e9 puede aportar la AUW 211?<\/h2>\nAloha United Way 211 te conecta con recursos locales de confianza durante y despu\u00e9s de un hurac\u00e1n:\n<ul data-start=\"3418\" data-end=\"3814\">\n<li data-start=\"3418\" data-end=\"3465\">\n<strong data-start=\"3420\" data-end=\"3463\">Informaci\u00f3n sobre refugios y lugares de evacuaci\u00f3n<\/strong>\n<\/li>\n<li data-start=\"3466\" data-end=\"3518\">\n<strong data-start=\"3468\" data-end=\"3516\">Asistencia alimentaria, de agua y de suministros de emergencia<\/strong>\n<\/li>\n<li data-start=\"3519\" data-end=\"3570\">\n<strong data-start=\"3521\" data-end=\"3568\">Asesoramiento en situaciones de crisis y apoyo en salud mental<\/strong>\n<\/li>\n<li data-start=\"3571\" data-end=\"3626\">\n<strong data-start=\"3573\" data-end=\"3624\">Programas de limpieza, reparaci\u00f3n y recuperaci\u00f3n ante desastres<\/strong>\n<\/li>\n<li data-start=\"3627\" data-end=\"3708\">\n<strong data-start=\"3629\" data-end=\"3663\">Referencias de asistencia financiera<\/strong> para las familias afectadas por los da\u00f1os del terremoto\n<\/li>\n<li data-start=\"3709\" data-end=\"3814\">\n<strong data-start=\"3711\" data-end=\"3758\">Servicios de soporte ling\u00fc\u00edstico y accesibilidad<\/strong> para personas que no hablan ingl\u00e9s y personas con discapacidades\n<\/li>\n<\/ul>\n<strong>Llama al 211<\/strong> o busca ayuda en l\u00ednea en directo, los 7 d\u00edas de la semana.\n\t\t\t<a href=\"tel:+211\" target=\"_self\">\n\t\t\t\t\t\tLlama al 211\n\t\t\t\t\t<\/a>\n\t\t\t<a href=\"https:\/\/search.auw211.org\/\" target=\"_blank\" rel=\"noopener\">\n\t\t\t\t\t\tB\u00fasqueda en l\u00ednea\n\t\t\t\t\t<\/a>\n\t<h2>\u00bfC\u00f3mo puedo ayudar a mi vecino?<\/h2>\n\t<h3>Despu\u00e9s de un hurac\u00e1n, la recuperaci\u00f3n de la comunidad comienza con el apoyo de vecino a vecino.<\/h3>\n<p><strong>Controle a los vecinos, especialmente a los k\u016bpuna, a las personas con discapacidades y a las familias con beb\u00e9s.<\/strong><\/p>\n<ul>\n<li><strong>Compartir el poder<\/strong> (a trav\u00e9s de cargadores port\u00e1tiles) o comida si es seguro hacerlo.<\/li>\n<li><strong>Ayuda a retirar los escombros<\/strong> Solo se podr\u00e1 acceder desde entradas de veh\u00edculos o aceras despu\u00e9s de que las autoridades declaren la zona segura.<\/li>\n<li><strong>Voluntariado a trav\u00e9s de organizaciones acreditadas<\/strong> para apoyar los esfuerzos de respuesta y recuperaci\u00f3n.<\/li>\n<li><strong>Evita difundir rumores.<\/strong>-only share verified updates from official agencies.<\/li>\n<\/ul>\n\t<h2>Recursos r\u00e1pidos<\/h2>\n<p>\u00bfNecesita ayuda ahora mismo? Estos recursos oficiales pueden conectarle con alertas de emergencia, refugios y apoyo en su zona.<\/p>\n<blockquote><strong>Llama al 911<\/strong> para emergencias que pongan en peligro la vida.<br \/>\n<strong>Marque 211<\/strong> para ayuda que no sea de emergencia y recursos locales.<\/blockquote>\n\t<h3>Alertas oficiales y preparaci\u00f3n<\/h3>\n\t\t\t<a href=\"https:\/\/auw211.org\/es\/respuesta-a-emergencias-y-desastres\/#resources\" target=\"_blank\" rel=\"noopener\">\n\t\t\t\t\t\tRecursos generales\n\t\t\t\t\t<\/a>","protected":false},"excerpt":{"rendered":"<p>Los huracanes pueden causar vientos destructivos, inundaciones y cortes de energ\u00eda generalizados. Incluso una tormenta pasajera puede provocar inundaciones, oleaje peligroso e interrupciones a largo plazo. AUW 211 conecta a los residentes de Haw\u00e1i con actualizaciones en tiempo real, informaci\u00f3n sobre refugios y recursos de recuperaci\u00f3n antes, durante y despu\u00e9s de un hurac\u00e1n. Si se encuentra en peligro inmediato, \u00a1llame al 911! Noticias urgentes. Ver m\u00e1s\u2026<\/p>","protected":false},"author":1,"featured_media":4054,"parent":3964,"menu_order":0,"comment_status":"closed","ping_status":"closed","template":"","meta":{"footnotes":""},"class_list":["post-3977","page","type-page","status-publish","has-post-thumbnail","hentry"],"_links":{"self":[{"href":"https:\/\/auw211.org\/es\/wp-json\/wp\/v2\/pages\/3977","targetHints":{"allow":["GET"]}}],"collection":[{"href":"https:\/\/auw211.org\/es\/wp-json\/wp\/v2\/pages"}],"about":[{"href":"https:\/\/auw211.org\/es\/wp-json\/wp\/v2\/types\/page"}],"author":[{"embeddable":true,"href":"https:\/\/auw211.org\/es\/wp-json\/wp\/v2\/users\/1"}],"replies":[{"embeddable":true,"href":"https:\/\/auw211.org\/es\/wp-json\/wp\/v2\/comments?post=3977"}],"version-history":[{"count":14,"href":"https:\/\/auw211.org\/es\/wp-json\/wp\/v2\/pages\/3977\/revisions"}],"predecessor-version":[{"id":4250,"href":"https:\/\/auw211.org\/es\/wp-json\/wp\/v2\/pages\/3977\/revisions\/4250"}],"up":[{"embeddable":true,"href":"https:\/\/auw211.org\/es\/wp-json\/wp\/v2\/pages\/3964"}],"wp:featuredmedia":[{"embeddable":true,"href":"https:\/\/auw211.org\/es\/wp-json\/wp\/v2\/media\/4054"}],"wp:attachment":[{"href":"https:\/\/auw211.org\/es\/wp-json\/wp\/v2\/media?parent=3977"}],"curies":[{"name":"gracias","href":"https:\/\/api.w.org\/{rel}","templated":true}]}}