{"id":3971,"date":"2025-10-02T08:44:21","date_gmt":"2025-10-02T18:44:21","guid":{"rendered":"https:\/\/auw211.org\/?page_id=3971"},"modified":"2025-11-03T16:17:23","modified_gmt":"2025-11-04T02:17:23","slug":"volcano","status":"publish","type":"page","link":"https:\/\/auw211.org\/es\/respuesta-a-emergencias-y-desastres\/volcan\/","title":{"rendered":"Volc\u00e1n | Recursos para emergencias y desastres"},"content":{"rendered":"<h2>Las erupciones volc\u00e1nicas pueden ocurrir repentinamente o acumularse con el tiempo, liberando lava, cenizas y gases t\u00f3xicos.<\/h2>\n<p>Pueden destruir propiedades,<strong> Interfieren en el transporte por carretera y a\u00e9reo, y suponen graves riesgos para la salud debido a las cenizas y la mala calidad del aire.<\/strong><\/p>\n<p>AUW 211 conecta a los residentes de Haw\u00e1i con actualizaciones de evacuaci\u00f3n, ubicaciones de refugios y recursos de recuperaci\u00f3n antes, durante y despu\u00e9s de una erupci\u00f3n.<\/p>\n\t\t\t\t<img decoding=\"async\" src=\"https:\/\/auw211.org\/wp-content\/uploads\/2025\/10\/volcano.png\" alt=\"volc\u00e1n\" itemprop=\"image\" height=\"1200\" width=\"1200\" title=\"volc\u00e1n\" onerror=\"this.style.display='none'\" loading=\"lazy\" \/>\n\t<h3><strong>Si est\u00e1 en peligro inmediato, \u00a1llame al 911!<\/strong><\/h3>\n<h2>\n\t\t\tNoticias urgentes\t<\/h2>\n\t\t\t<a href=\"\/es\/category\/211-answers\/\" target=\"_self\">\n\t\t\t\t\t\tVer m\u00e1s\n\t\t\t\t\t<\/a>\n\t<h2>Comunidades impactadas<\/h2>\n<p>Los peligros volc\u00e1nicos pueden afectar a comunidades situadas a kil\u00f3metros de distancia del lugar de la erupci\u00f3n. <strong>The risk isn&#8217;t only from lava &#8211; ash, gas, and earthquakes often accompany volcanic activity.<\/strong><\/p>\n<p><strong>Los m\u00e1s afectados incluyen:<\/strong><\/p>\n<ul>\n<li><strong>Residentes cerca de zonas de falla activas<\/strong> <strong>o las rutas de los flujos de lava,<\/strong> especially in East Hawai&#8217;i Island (Puna, Ka&#8217;\u016b, and surrounding areas)<\/li>\n<li><strong>Personas con asma, problemas respiratorios o afecciones card\u00edacas<\/strong>, sensibles al gas volc\u00e1nico (vog) y a la ceniza<\/li>\n<li><strong>Agricultores, trabajadores al aire libre y personal de primera respuesta<\/strong> expuestos a la ca\u00edda de cenizas o a la contaminaci\u00f3n atmosf\u00e9rica<\/li>\n<li><strong>Comunidades a sotavento<\/strong> de respiraderos volc\u00e1nicos o columnas de gas<\/li>\n<li><strong>Residentes sin transporte confiable<\/strong> quienes puedan necesitar ayuda para evacuar r\u00e1pidamente<\/li>\n<\/ul>\n\t\t\t\t<img decoding=\"async\" src=\"https:\/\/auw211.org\/wp-content\/uploads\/2025\/10\/pexels-jess-vide-4785007-scaled.jpg\" alt=\"pexels-jess-video-4785007\" itemprop=\"image\" height=\"1706\" width=\"2560\" title=\"pexels-jess-video-4785007\" onerror=\"this.style.display='none'\" loading=\"lazy\" \/>\n\t<h2>\u00bfA donde puedo ir?<\/h2>\n<p>Si est\u00e1 en peligro inmediato, <strong data-start=\"1326\" data-end=\"1338\">Llama al 911<\/strong>.<br data-start=\"1339\" data-end=\"1342\" \/>Si est\u00e1 a salvo pero necesita ayuda que no sea de emergencia, <strong data-start=\"1386\" data-end=\"1398\">Llama al 211<\/strong> para recursos locales.<\/p>\n\t<h3><strong>Los lugares seguros incluyen:<\/strong><\/h3>\n<ul>\n<li><strong>Defensa Civil Oficial del Condado<\/strong> refugios de evacuaci\u00f3n<\/li>\n<li><strong>centros comunitarios<\/strong> o escuelas fuera de las zonas de riesgo<\/li>\n<li><strong>casas de amigos o familiares<\/strong> en las zonas no afectadas<\/li>\n<li><strong>Refugios que admiten mascotas,<\/strong> where available &#8211; confirm through your county&#8217;s emergency management office<\/li>\n<\/ul>\n\t<p><strong>Si las autoridades emiten una orden de evacuaci\u00f3n, salga inmediatamente hacia un refugio designado o una zona segura fuera del \u00e1rea afectada.<\/strong><\/p>\n<p>&nbsp;<\/p>\n\t<h2>\u00bfQu\u00e9 puedo hacer para prepararme?<\/h2>\n<strong>La preparaci\u00f3n salva vidas.<\/strong> Asegure su hogar y tenga un plan antes de que ocurra un evento volc\u00e1nico.\n\t\t\t\t<img decoding=\"async\" src=\"https:\/\/auw211.org\/wp-content\/uploads\/2025\/10\/pexels-tim-samuel-5834972-scaled.jpg\" alt=\"pexels-tim-samuel-5834972\" itemprop=\"image\" height=\"1707\" width=\"2560\" title=\"pexels-tim-samuel-5834972\" onerror=\"this.style.display='none'\" loading=\"lazy\" \/>\n\t<p><strong>La preparaci\u00f3n es clave: los peligros volc\u00e1nicos pueden durar semanas o meses.<\/strong><\/p>\n<ul>\n<li><strong>Mant\u00e9n un kit de suministros de emergencia para 14 d\u00edas.<\/strong> (agua, comida, medicamentos, linterna, m\u00e1scara, gafas protectoras, radio)<\/li>\n<li><strong>Conozca sus rutas de evacuaci\u00f3n<\/strong> y zonas seguras con antelaci\u00f3n<\/li>\n<li><strong>Proteger el aire interior:<\/strong> Cierra las ventanas, sella las grietas y usa purificadores de aire o pa\u00f1os h\u00famedos sobre las rejillas de ventilaci\u00f3n.<\/li>\n<li><strong>Usen mascarillas N95.<\/strong> o cubiertas de tela para reducir la inhalaci\u00f3n de cenizas<\/li>\n<li><strong>Mant\u00e9n tu veh\u00edculo con combustible.<\/strong> y listos para la evacuaci\u00f3n<\/li>\n<li><strong>Actualizaciones del monitor<\/strong> from Hawaiian Volcano Observatory (USGS) and Hawai&#8217;i County Civil Defense<\/li>\n<li><strong>Preparar a las mascotas y al ganado<\/strong> &#8211; know where they can go if you need to leave quickly<\/li>\n<li><strong>Revise su p\u00f3liza de seguro<\/strong> cobertura de da\u00f1os por lava y volcanes<\/li>\n<\/ul>\n\t\t\t\t<img decoding=\"async\" src=\"https:\/\/auw211.org\/wp-content\/uploads\/2023\/03\/shutterstock_141030979-scaled.jpg\" alt=\"Mujer,tener,Asesoramiento,Sesi\u00f3n\" itemprop=\"image\" height=\"1707\" width=\"2560\" title=\"Mujer,tener,Asesoramiento,Sesi\u00f3n\" onerror=\"this.style.display='none'\" loading=\"lazy\" \/>\n\t<h2>\u00bfQu\u00e9 puede aportar la AUW 211?<\/h2>\nAloha United Way 211 te conecta con recursos locales de confianza durante y despu\u00e9s de un evento volc\u00e1nico:\n<ul data-start=\"3418\" data-end=\"3814\">\n<li data-start=\"3418\" data-end=\"3465\">\n<strong data-start=\"3420\" data-end=\"3463\">Informaci\u00f3n sobre refugios y lugares de evacuaci\u00f3n<\/strong>\n<\/li>\n<li data-start=\"3466\" data-end=\"3518\">\n<strong data-start=\"3468\" data-end=\"3516\">Asistencia alimentaria, de agua y de suministros de emergencia<\/strong>\n<\/li>\n<li data-start=\"3519\" data-end=\"3570\">\n<strong data-start=\"3521\" data-end=\"3568\">Asesoramiento en situaciones de crisis y apoyo en salud mental<\/strong>\n<\/li>\n<li data-start=\"3571\" data-end=\"3626\">\n<strong data-start=\"3573\" data-end=\"3624\">Programas de limpieza, reparaci\u00f3n y recuperaci\u00f3n ante desastres<\/strong>\n<\/li>\n<li data-start=\"3627\" data-end=\"3708\">\n<strong data-start=\"3629\" data-end=\"3663\">Referencias de asistencia financiera<\/strong> para las familias afectadas por los da\u00f1os del terremoto\n<\/li>\n<li data-start=\"3709\" data-end=\"3814\">\n<strong data-start=\"3711\" data-end=\"3758\">Servicios de soporte ling\u00fc\u00edstico y accesibilidad<\/strong> para personas que no hablan ingl\u00e9s y personas con discapacidades\n<\/li>\n<\/ul>\n<strong>Llama al 211<\/strong> o busca ayuda en l\u00ednea en directo, los 7 d\u00edas de la semana.\n\t\t\t<a href=\"tel:+211\" target=\"_self\">\n\t\t\t\t\t\tLlama al 211\n\t\t\t\t\t<\/a>\n\t\t\t<a href=\"https:\/\/search.auw211.org\/\" target=\"_blank\" rel=\"noopener\">\n\t\t\t\t\t\tB\u00fasqueda en l\u00ednea\n\t\t\t\t\t<\/a>\n\t<h2>\u00bfC\u00f3mo puedo ayudar a mi vecino?<\/h2>\n\t<p><strong>Los eventos volc\u00e1nicos pueden aislar comunidades y agotar los recursos: ayudarse unos a otros hace que la recuperaci\u00f3n sea m\u00e1s r\u00e1pida y segura.<\/strong><\/p>\n<ul>\n<li><strong>Consulta sobre kupuna<\/strong>, familias con ni\u00f1os peque\u00f1os o personas con problemas de salud<\/li>\n<li><strong>Ofrecer transporte o refugio temporal<\/strong> if it&#8217;s safe to do so<\/li>\n<li><strong>Comparte actualizaciones precisas<\/strong> from official agencies &#8211; not social media rumors<\/li>\n<li><strong>Donate to Aloha United Way&#8217;s Disaster Relief Fund<\/strong> o organizaciones locales de confianza<\/li>\n<li><strong>Voluntario<\/strong> with Hawai&#8217;i VOAD once authorities confirm it&#8217;s safe to assist<\/li>\n<\/ul>\n\t<h2>Recursos r\u00e1pidos<\/h2>\n<p>\u00bfNecesita ayuda ahora mismo? Estos recursos oficiales pueden conectarle con alertas de emergencia, refugios y apoyo en su zona.<\/p>\n<blockquote><strong>Llama al 911<\/strong> para emergencias que pongan en peligro la vida.<br \/>\n<strong>Marque 211<\/strong> para ayuda que no sea de emergencia y recursos locales.<\/blockquote>\n\t<h3>Alertas oficiales y preparaci\u00f3n<\/h3>\n\t\t\t<a href=\"https:\/\/auw211.org\/es\/respuesta-a-emergencias-y-desastres\/#resources\" target=\"_blank\" rel=\"noopener\">\n\t\t\t\t\t\tRecursos generales\n\t\t\t\t\t<\/a>","protected":false},"excerpt":{"rendered":"<p>Las erupciones volc\u00e1nicas pueden ocurrir repentinamente o intensificarse con el tiempo, liberando lava, cenizas y gases t\u00f3xicos. Pueden destruir propiedades, interrumpir el tr\u00e1fico vial y a\u00e9reo, y representar graves riesgos para la salud debido a las cenizas y la mala calidad del aire. AUW 211 conecta a los residentes de Haw\u00e1i con actualizaciones sobre evacuaciones, ubicaciones de refugios y recursos de recuperaci\u00f3n antes, durante y despu\u00e9s de una erupci\u00f3n. Si\u2026<\/p>","protected":false},"author":1,"featured_media":4064,"parent":3964,"menu_order":0,"comment_status":"closed","ping_status":"closed","template":"","meta":{"footnotes":""},"class_list":["post-3971","page","type-page","status-publish","has-post-thumbnail","hentry"],"_links":{"self":[{"href":"https:\/\/auw211.org\/es\/wp-json\/wp\/v2\/pages\/3971","targetHints":{"allow":["GET"]}}],"collection":[{"href":"https:\/\/auw211.org\/es\/wp-json\/wp\/v2\/pages"}],"about":[{"href":"https:\/\/auw211.org\/es\/wp-json\/wp\/v2\/types\/page"}],"author":[{"embeddable":true,"href":"https:\/\/auw211.org\/es\/wp-json\/wp\/v2\/users\/1"}],"replies":[{"embeddable":true,"href":"https:\/\/auw211.org\/es\/wp-json\/wp\/v2\/comments?post=3971"}],"version-history":[{"count":14,"href":"https:\/\/auw211.org\/es\/wp-json\/wp\/v2\/pages\/3971\/revisions"}],"predecessor-version":[{"id":4252,"href":"https:\/\/auw211.org\/es\/wp-json\/wp\/v2\/pages\/3971\/revisions\/4252"}],"up":[{"embeddable":true,"href":"https:\/\/auw211.org\/es\/wp-json\/wp\/v2\/pages\/3964"}],"wp:featuredmedia":[{"embeddable":true,"href":"https:\/\/auw211.org\/es\/wp-json\/wp\/v2\/media\/4064"}],"wp:attachment":[{"href":"https:\/\/auw211.org\/es\/wp-json\/wp\/v2\/media?parent=3971"}],"curies":[{"name":"gracias","href":"https:\/\/api.w.org\/{rel}","templated":true}]}}