{"id":3969,"date":"2025-10-02T08:44:24","date_gmt":"2025-10-02T18:44:24","guid":{"rendered":"https:\/\/auw211.org\/?page_id=3969"},"modified":"2026-03-27T10:07:27","modified_gmt":"2026-03-27T20:07:27","slug":"wildfire","status":"publish","type":"page","link":"https:\/\/auw211.org\/es\/respuesta-a-emergencias-y-desastres\/incendio-forestal\/","title":{"rendered":"Incendios forestales | Recursos para emergencias y desastres"},"content":{"rendered":"<h2>Los incendios forestales pueden propagarse r\u00e1pidamente, alimentados por la vegetaci\u00f3n seca, los vientos fuertes y las condiciones de sequ\u00eda.<\/h2>\n<p>Pueden destruir hogares,<strong> Bloquean carreteras y ponen en peligro vidas en cuesti\u00f3n de minutos.<\/strong><\/p>\n<p>AUW 211 conecta a los residentes de Haw\u00e1i con rutas de evacuaci\u00f3n, ubicaciones de refugios y apoyo de recuperaci\u00f3n antes, durante y despu\u00e9s de un incendio forestal.<\/p>\n\t\t\t\t<img decoding=\"async\" src=\"https:\/\/auw211.org\/wp-content\/uploads\/2025\/10\/wildfire.png\" alt=\"incendio forestal\" itemprop=\"image\" height=\"1200\" width=\"1200\" title=\"incendio forestal\" onerror=\"this.style.display='none'\" loading=\"lazy\" \/>\n\t<h3><strong>Si est\u00e1 en peligro inmediato, \u00a1llame al 911!<\/strong><\/h3>\n<h2>\n\t\t\tNoticias urgentes\t<\/h2>\n\t\t\t<a href=\"\/es\/category\/211-answers\/\" target=\"_self\">\n\t\t\t\t\t\tVer m\u00e1s\n\t\t\t\t\t<\/a>\n\t<h2>Comunidades impactadas<\/h2>\n<p><strong>Los incendios forestales pueden afectar tanto zonas rurales como urbanas en todo Haw\u00e1i, especialmente durante condiciones secas o ventosas.<\/strong><\/p>\n<p><strong>Ciertas comunidades enfrentan un mayor riesgo:<\/strong><\/p>\n<ul>\n<li><strong>Residentes cerca de praderas abiertas<\/strong>, bosques o terrenos sin urbanizar<\/li>\n<li><strong>Viviendas con acceso limitado por carretera<\/strong> o rutas de evacuaci\u00f3n \u00fanicas<\/li>\n<li><strong>zonas o comunidades agr\u00edcolas<\/strong> Sotavento de terreno seco<\/li>\n<li><strong>adultos mayores<\/strong>, personas con discapacidad o familias sin transporte<\/li>\n<li><strong>Residentes en zonas propensas a la sequ\u00eda<\/strong> islas o comunidades con suministro de agua limitado<\/li>\n<\/ul>\n\t\t\t\t<img decoding=\"async\" src=\"https:\/\/auw211.org\/wp-content\/uploads\/2025\/10\/pexels-ryank-12015338-scaled.jpg\" alt=\"pexels-ryank-12015338\" itemprop=\"image\" height=\"2560\" width=\"1707\" title=\"pexels-ryank-12015338\" onerror=\"this.style.display='none'\" loading=\"lazy\" \/>\n\t<h2>\u00bfA donde puedo ir?<\/h2>\n<p>Si est\u00e1 en peligro inmediato, <strong data-start=\"1326\" data-end=\"1338\">Llama al 911<\/strong>.<br data-start=\"1339\" data-end=\"1342\" \/>Si est\u00e1 a salvo pero necesita ayuda que no sea de emergencia, <strong data-start=\"1386\" data-end=\"1398\">Llama al 211<\/strong> para recursos locales.<\/p>\n\t<h3>Las ubicaciones seguras incluyen<\/h3>\n<ul>\n<li><strong>Refugios de emergencia oficiales del condado<\/strong> y centros de evacuaci\u00f3n de la Cruz Roja<\/li>\n<li><strong>centros comunitarios<\/strong> o escuelas fuera del \u00e1rea quemada<\/li>\n<li><strong>Refugios designados que admiten mascotas<\/strong>, si est\u00e1 disponible<\/li>\n<li><strong>alojamiento temporal<\/strong> con amigos o familiares fuera de las zonas de evacuaci\u00f3n<\/li>\n<\/ul>\n\t<strong>Si se le ordena evacuar, v\u00e1yase inmediatamente: los incendios forestales pueden propagarse m\u00e1s r\u00e1pido de lo que cree.<\/strong><br \/>\n<strong>Nunca espere hasta ver llamas u oler humo para actuar.<\/strong>\n\t<h2>\u00bfQu\u00e9 puedo hacer para prepararme?<\/h2>\n<strong>La preparaci\u00f3n salva vidas.<\/strong> Asegure su hogar y tenga un plan antes de que ocurra un terremoto.\n\t<h3>La preparaci\u00f3n ayuda a salvar vidas y hogares. Tome medidas ahora para reducir el riesgo.<\/h3>\n<ul>\n<li><strong>Crea un kit de emergencia para 14 d\u00edas<\/strong> (agua, comida, medicamentos, mascarillas, linterna, pilas, botiqu\u00edn de primeros auxilios, documentos importantes)<\/li>\n<li><strong>Maintain a &#8220;defensible space&#8221;<\/strong> &#8211; clear dry grass, leaves, and debris within 30 feet of your home<\/li>\n<li><strong>Utilice techos resistentes al fuego.<\/strong> y ventilaci\u00f3n donde sea posible<\/li>\n<li><strong>Identificar dos rutas de evacuaci\u00f3n<\/strong> y pract\u00edcalas con tu familia<\/li>\n<\/ul>\n\t<ul>\n<li><strong>Mant\u00e9n tu coche con combustible.<\/strong> y estacionado de frente a la carretera para una salida r\u00e1pida<\/li>\n<li><strong>Reg\u00edstrese para recibir alertas de emergencia del condado<\/strong> y supervisar las actualizaciones de HI-EMA<\/li>\n<li><strong>Tenga un plan para la evacuaci\u00f3n de mascotas y ganado.<\/strong><\/li>\n<li><strong>Revise su cobertura de seguro<\/strong> por da\u00f1os relacionados con incendios forestales<\/li>\n<\/ul>\n\t\t\t\t<img decoding=\"async\" src=\"https:\/\/auw211.org\/wp-content\/uploads\/2023\/03\/shutterstock_141030979-scaled.jpg\" alt=\"Mujer,tener,Asesoramiento,Sesi\u00f3n\" itemprop=\"image\" height=\"1707\" width=\"2560\" title=\"Mujer,tener,Asesoramiento,Sesi\u00f3n\" onerror=\"this.style.display='none'\" loading=\"lazy\" \/>\n\t<h2>\u00bfQu\u00e9 puede aportar la AUW 211?<\/h2>\nAloha United Way 211 te conecta con recursos locales de confianza durante y despu\u00e9s de un incendio forestal:\n<ul data-start=\"3418\" data-end=\"3814\">\n<li data-start=\"3418\" data-end=\"3465\">\n<strong data-start=\"3420\" data-end=\"3463\">Informaci\u00f3n sobre refugios y lugares de evacuaci\u00f3n<\/strong>\n<\/li>\n<li data-start=\"3466\" data-end=\"3518\">\n<strong data-start=\"3468\" data-end=\"3516\">Asistencia alimentaria, de agua y de suministros de emergencia<\/strong>\n<\/li>\n<li data-start=\"3519\" data-end=\"3570\">\n<strong data-start=\"3521\" data-end=\"3568\">Asesoramiento en situaciones de crisis y apoyo en salud mental<\/strong>\n<\/li>\n<li data-start=\"3571\" data-end=\"3626\">\n<strong data-start=\"3573\" data-end=\"3624\">Programas de limpieza, reparaci\u00f3n y recuperaci\u00f3n ante desastres<\/strong>\n<\/li>\n<li data-start=\"3627\" data-end=\"3708\">\n<strong data-start=\"3629\" data-end=\"3663\">Referencias de asistencia financiera<\/strong> para las familias afectadas por los da\u00f1os del terremoto\n<\/li>\n<li data-start=\"3709\" data-end=\"3814\">\n<strong data-start=\"3711\" data-end=\"3758\">Servicios de soporte ling\u00fc\u00edstico y accesibilidad<\/strong> para personas que no hablan ingl\u00e9s y personas con discapacidades\n<\/li>\n<\/ul>\n<strong>Llama al 211<\/strong> o busca ayuda en l\u00ednea en directo, los 7 d\u00edas de la semana.\n\t\t\t<a href=\"tel:+211\" target=\"_self\">\n\t\t\t\t\t\tLlama al 211\n\t\t\t\t\t<\/a>\n\t\t\t<a href=\"https:\/\/search.auw211.org\/\" target=\"_blank\" rel=\"noopener\">\n\t\t\t\t\t\tB\u00fasqueda en l\u00ednea\n\t\t\t\t\t<\/a>\n\t<h2>\u00bfC\u00f3mo puedo ayudar a mi vecino?<\/h2>\n\t<p><strong>Es m\u00e1s f\u00e1cil recuperarse de los terremotos cuando trabajamos juntos.<\/strong><\/p>\n<ul>\n<li><strong>Revisa a los ancianos,<\/strong> vecinos con discapacidades o familias con ni\u00f1os peque\u00f1os.<\/li>\n<li><strong>Compartir informaci\u00f3n precisa<\/strong> from official channels &#8211; avoid spreading rumors.<\/li>\n<li><strong>Ofrecer comida,<\/strong> agua, o estaciones de carga si tienes electricidad.<\/li>\n<li><strong>Donar<\/strong> to Aloha United Way&#8217;s Disaster Relief Fund or local trusted charities.<\/li>\n<li><strong>Voluntario<\/strong> with community cleanup or recovery efforts when it&#8217;s safe to do so.<\/li>\n<\/ul>\n\t<h2>Recursos r\u00e1pidos<\/h2>\n<p>\u00bfNecesita ayuda ahora mismo? Estos recursos oficiales pueden conectarle con alertas de emergencia, refugios y apoyo en su zona.<\/p>\n<blockquote><strong>Llama al 911<\/strong> para emergencias que pongan en peligro la vida.<br \/>\n<strong>Marque 211<\/strong> para ayuda que no sea de emergencia y recursos locales.<\/blockquote>\n\t<h3>Alertas oficiales y preparaci\u00f3n<\/h3>\n\t\t\t<a href=\"https:\/\/auw211.org\/es\/respuesta-a-emergencias-y-desastres\/#resources\" target=\"_blank\" rel=\"noopener\">\n\t\t\t\t\t\tRecursos generales\n\t\t\t\t\t<\/a>","protected":false},"excerpt":{"rendered":"<p>Los incendios forestales pueden propagarse r\u00e1pidamente, alimentados por la vegetaci\u00f3n seca, los fuertes vientos y la sequ\u00eda. Pueden destruir viviendas, bloquear carreteras y poner en peligro vidas en cuesti\u00f3n de minutos. AUW 211 conecta a los residentes de Haw\u00e1i con rutas de evacuaci\u00f3n, ubicaciones de refugios y apoyo para la recuperaci\u00f3n antes, durante y despu\u00e9s de un incendio forestal. Si se encuentra en peligro inmediato, \u00a1llame al 911! Noticias urgentes. Ver\u2026<\/p>","protected":false},"author":1,"featured_media":4018,"parent":3964,"menu_order":0,"comment_status":"closed","ping_status":"closed","template":"","meta":{"footnotes":""},"class_list":["post-3969","page","type-page","status-publish","has-post-thumbnail","hentry"],"_links":{"self":[{"href":"https:\/\/auw211.org\/es\/wp-json\/wp\/v2\/pages\/3969","targetHints":{"allow":["GET"]}}],"collection":[{"href":"https:\/\/auw211.org\/es\/wp-json\/wp\/v2\/pages"}],"about":[{"href":"https:\/\/auw211.org\/es\/wp-json\/wp\/v2\/types\/page"}],"author":[{"embeddable":true,"href":"https:\/\/auw211.org\/es\/wp-json\/wp\/v2\/users\/1"}],"replies":[{"embeddable":true,"href":"https:\/\/auw211.org\/es\/wp-json\/wp\/v2\/comments?post=3969"}],"version-history":[{"count":11,"href":"https:\/\/auw211.org\/es\/wp-json\/wp\/v2\/pages\/3969\/revisions"}],"predecessor-version":[{"id":4253,"href":"https:\/\/auw211.org\/es\/wp-json\/wp\/v2\/pages\/3969\/revisions\/4253"}],"up":[{"embeddable":true,"href":"https:\/\/auw211.org\/es\/wp-json\/wp\/v2\/pages\/3964"}],"wp:featuredmedia":[{"embeddable":true,"href":"https:\/\/auw211.org\/es\/wp-json\/wp\/v2\/media\/4018"}],"wp:attachment":[{"href":"https:\/\/auw211.org\/es\/wp-json\/wp\/v2\/media?parent=3969"}],"curies":[{"name":"gracias","href":"https:\/\/api.w.org\/{rel}","templated":true}]}}