{"id":3964,"date":"2025-10-02T08:39:40","date_gmt":"2025-10-02T18:39:40","guid":{"rendered":"https:\/\/auw211.org\/?page_id=3964"},"modified":"2026-03-24T16:05:47","modified_gmt":"2026-03-25T02:05:47","slug":"emergency-disaster-response","status":"publish","type":"page","link":"https:\/\/auw211.org\/es\/respuesta-a-emergencias-y-desastres\/","title":{"rendered":"Respuesta a emergencias y desastres"},"content":{"rendered":"<h2>\u00bfEst\u00e1s preparado cuando ocurre un desastre?<\/h2>\n<p><strong>Le conectaremos con informaci\u00f3n en tiempo real, ubicaciones de refugios y recursos de recuperaci\u00f3n antes, durante y despu\u00e9s de una emergencia o desastre natural.<\/strong><\/p>\n\t<h3><strong>Si est\u00e1 en peligro inmediato, \u00a1llame al 911!<\/strong><\/h3>\n\t\t\t\t<a href=\"https:\/\/auw211.org\/es\/respuesta-a-emergencias-y-desastres\/terremoto\/\"  target=\"_self\" itemprop=\"url\">\n\t\t\t\t<img decoding=\"async\" src=\"https:\/\/auw211.org\/wp-content\/uploads\/2025\/10\/earthquake.png\" alt=\"terremoto\" itemprop=\"image\" height=\"1200\" width=\"1200\" title=\"terremoto\" onerror=\"this.style.display='none'\" loading=\"lazy\" \/>\n\t\t\t\t<\/a>\n<h2><a href=\"https:\/\/auw211.org\/es\/respuesta-a-emergencias-y-desastres\/terremoto\/\" target=\"_self\">Terremoto<\/a><\/h2><p>Los terremotos pueden ocurrir sin previo aviso.<\/p>\n<p><strong>\u00c9poca del a\u00f1o en que se debe esperar:<\/strong> En cualquier momento<\/p>\n\t\t\t<a href=\"https:\/\/auw211.org\/es\/respuesta-a-emergencias-y-desastres\/terremoto\/\" target=\"_self\">\n\t\t\t\t\t\t\tAprende m\u00e1s\n\t\t\t<\/a>\n\t\t\t\t<a href=\"https:\/\/auw211.org\/es\/respuesta-a-emergencias-y-desastres\/inundacion\/\"  target=\"_self\" itemprop=\"url\">\n\t\t\t\t<img decoding=\"async\" src=\"https:\/\/auw211.org\/wp-content\/uploads\/2025\/10\/flood-150x150.png\" alt=\"inundaci\u00f3n\" itemprop=\"image\" height=\"150\" width=\"150\" title=\"inundaci\u00f3n\" onerror=\"this.style.display='none'\" loading=\"lazy\" \/>\n\t\t\t\t<\/a>\n<h2><a href=\"https:\/\/auw211.org\/es\/respuesta-a-emergencias-y-desastres\/inundacion\/\" target=\"_self\">Inundaci\u00f3n<\/a><\/h2><p>Las inundaciones pueden ocurrir repentinamente despu\u00e9s de fuertes lluvias, tormentas tropicales o roturas de presas.<\/p>\n<p><strong>\u00c9poca del a\u00f1o en que se debe esperar:<\/strong> November &#8211; April<\/p>\n\t\t\t<a href=\"https:\/\/auw211.org\/es\/respuesta-a-emergencias-y-desastres\/inundacion\/\" target=\"_self\">\n\t\t\t\t\t\t\tAprende m\u00e1s\n\t\t\t<\/a>\n\t\t\t\t<a href=\"https:\/\/auw211.org\/es\/respuesta-a-emergencias-y-desastres\/huracan\/\"  target=\"_self\" itemprop=\"url\">\n\t\t\t\t<img decoding=\"async\" src=\"https:\/\/auw211.org\/wp-content\/uploads\/2025\/10\/hurricane-150x150.png\" alt=\"hurac\u00e1n\" itemprop=\"image\" height=\"150\" width=\"150\" title=\"hurac\u00e1n\" onerror=\"this.style.display='none'\" loading=\"lazy\" \/>\n\t\t\t\t<\/a>\n<h2><a href=\"https:\/\/auw211.org\/es\/respuesta-a-emergencias-y-desastres\/huracan\/\" target=\"_self\">Hurac\u00e1n<\/a><\/h2><p>Los huracanes pueden causar vientos destructivos, inundaciones y cortes de energ\u00eda generalizados.<\/p>\n<p><strong>\u00c9poca del a\u00f1o en que se debe esperar:<\/strong> June &#8211; November<\/p>\n\t\t\t<a href=\"https:\/\/auw211.org\/es\/respuesta-a-emergencias-y-desastres\/huracan\/\" target=\"_self\">\n\t\t\t\t\t\t\tAprende m\u00e1s\n\t\t\t<\/a>\n\t\t\t\t<a href=\"https:\/\/auw211.org\/es\/respuesta-a-emergencias-y-desastres\/tsunami\/\"  target=\"_self\" itemprop=\"url\">\n\t\t\t\t<img decoding=\"async\" src=\"https:\/\/auw211.org\/wp-content\/uploads\/2025\/10\/tsunami-150x150.png\" alt=\"tsunami\" itemprop=\"image\" height=\"150\" width=\"150\" title=\"tsunami\" onerror=\"this.style.display='none'\" loading=\"lazy\" \/>\n\t\t\t\t<\/a>\n<h2><a href=\"https:\/\/auw211.org\/es\/respuesta-a-emergencias-y-desastres\/tsunami\/\" target=\"_self\">Tsunami<\/a><\/h2>Los tsunamis son olas poderosas provocadas por terremotos submarinos, deslizamientos de tierra o actividad volc\u00e1nica.<br \/>\n<strong>\u00c9poca del a\u00f1o en que se debe esperar:<\/strong> En cualquier momento\n\t\t\t<a href=\"https:\/\/auw211.org\/es\/respuesta-a-emergencias-y-desastres\/tsunami\/\" target=\"_self\">\n\t\t\t\t\t\t\tAprende m\u00e1s\n\t\t\t<\/a>\n\t\t\t\t<a href=\"https:\/\/auw211.org\/es\/respuesta-a-emergencias-y-desastres\/volcan\/\"  target=\"_self\" itemprop=\"url\">\n\t\t\t\t<img decoding=\"async\" src=\"https:\/\/auw211.org\/wp-content\/uploads\/2025\/10\/volcano-150x150.png\" alt=\"volc\u00e1n\" itemprop=\"image\" height=\"150\" width=\"150\" title=\"volc\u00e1n\" onerror=\"this.style.display='none'\" loading=\"lazy\" \/>\n\t\t\t\t<\/a>\n<h2><a href=\"https:\/\/auw211.org\/es\/respuesta-a-emergencias-y-desastres\/volcan\/\" target=\"_self\">Volc\u00e1n<\/a><\/h2><p>Las erupciones volc\u00e1nicas pueden ocurrir repentinamente o acumularse con el tiempo, liberando lava, cenizas y gases t\u00f3xicos.<\/p>\n<p><strong>\u00c9poca del a\u00f1o en que se debe esperar:<\/strong> En cualquier momento<\/p>\n\t\t\t<a href=\"https:\/\/auw211.org\/es\/respuesta-a-emergencias-y-desastres\/volcan\/\" target=\"_self\">\n\t\t\t\t\t\t\tAprende m\u00e1s\n\t\t\t<\/a>\n\t\t\t\t<a href=\"https:\/\/auw211.org\/es\/respuesta-a-emergencias-y-desastres\/incendio-forestal\/\"  target=\"_self\" itemprop=\"url\">\n\t\t\t\t<img decoding=\"async\" src=\"https:\/\/auw211.org\/wp-content\/uploads\/2025\/10\/wildfire-150x150.png\" alt=\"incendio forestal\" itemprop=\"image\" height=\"150\" width=\"150\" title=\"incendio forestal\" onerror=\"this.style.display='none'\" loading=\"lazy\" \/>\n\t\t\t\t<\/a>\n<h2><a href=\"https:\/\/auw211.org\/es\/respuesta-a-emergencias-y-desastres\/incendio-forestal\/\" target=\"_self\">Incendio forestal<\/a><\/h2><p>Los incendios forestales pueden propagarse r\u00e1pidamente, alimentados por la vegetaci\u00f3n seca, los vientos fuertes y las condiciones de sequ\u00eda.<\/p>\n<p><strong>\u00c9poca del a\u00f1o en que se debe esperar:<\/strong> May &#8211; October<\/p>\n\t\t\t<a href=\"https:\/\/auw211.org\/es\/respuesta-a-emergencias-y-desastres\/incendio-forestal\/\" target=\"_self\">\n\t\t\t\t\t\t\tAprende m\u00e1s\n\t\t\t<\/a>\n\t<h2>Preguntas frecuentes<\/h2>\n\t\t\t\t\t<a href=\"#\"  id=\"fl-accordion--label-0\" tabindex=\"0\" aria-controls=\"fl-accordion--panel-0\">\u00bfQu\u00e9 es AUW 211? <b>Puedo hacerlo<\/b> Para apoyar la respuesta ante emergencias y desastres<\/a>\n\t\t\t\t\t\t\t\t\t\t\t<a href=\"#\" id=\"fl-accordion--icon-0\"  tabindex=\"0\"><i title=\"Collapse\">Collapse<\/i><\/a>\n\t\t\t\t\t<ul>\n<li>Proporcionar informaci\u00f3n y derivaci\u00f3n (I&amp;R) a recursos comunitarios para situaciones que no sean de emergencia.<\/li>\n<li>Reducir la carga sobre el 911 clasificando las llamadas que no representan una amenaza para la vida y dirigi\u00e9ndolas a los servicios apropiados (seg\u00fan la investigaci\u00f3n de NEMAA).<\/li>\n<li>Compartir informaci\u00f3n en tiempo real sobre refugios, puntos de distribuci\u00f3n de alimentos y distribuci\u00f3n de ayuda durante desastres.<\/li>\n<li>Recopilar, agregar y transmitir datos sobre las necesidades de la comunidad a los gestores de emergencias y a los socios de VOAD.<\/li>\n<li>Proporcionar acceso multiling\u00fce mediante int\u00e9rpretes y recursos traducidos.<\/li>\n<li>Ofrecer una comunicaci\u00f3n sensible al trauma y culturalmente apropiada (est\u00e1ndares de Informes de EE. UU.).<\/li>\n<\/ul>\n\t\t\t\t\t<a href=\"#\"  id=\"fl-accordion--label-1\" tabindex=\"0\" aria-controls=\"fl-accordion--panel-1\">\u00bfQu\u00e9 es AUW 211? <b>No puedo hacerlo<\/b> Para apoyar la respuesta ante emergencias y desastres<\/a>\n\t\t\t\t\t\t\t\t\t\t\t<a href=\"#\" id=\"fl-accordion--icon-1\"  tabindex=\"0\"><i title=\"Expand\">Expand<\/i><\/a>\n\t\t\t\t\t<ul>\n<li>Despachar a los primeros intervinientes o atender emergencias que pongan en peligro la vida (llame al 911).<\/li>\n<li>Proporcionar atenci\u00f3n m\u00e9dica directa, rescate o transporte.<\/li>\n<li>No garantiza vivienda ni ayuda financiera, pero puede conectar con programas disponibles.<\/li>\n<li>Sustituimos las alertas oficiales del gobierno; en su lugar, las amplificamos y enlazamos a ellas.<\/li>\n<\/ul>\n\t<h2>\u00bfC\u00f3mo puedo a\u00f1adir un recurso o un listado en la base de datos?<\/h2>\n<p>La base de datos del 211 est\u00e1 repleta de una gran variedad de programas y si tiene alguno que a\u00f1adir, utilice nuestro portal de proveedores que le permite a\u00f1adir un nuevo recurso, actualizar un listado existente y mucho m\u00e1s. El servicio es de \u00e1mbito estatal, por lo que todas las islas est\u00e1n representadas en la base de datos y en los datos.<\/p>\n\t\t\t<a href=\"https:\/\/auw211.org\/es\/proveedores\/#new-agency\" target=\"_self\">\n\t\t\t\t\t\tA\u00f1ade una nueva agencia.\n\t\t\t\t\t<\/a>\n\t\t\t<a href=\"https:\/\/auw211.org\/es\/proveedores\/#new-program\" target=\"_self\">\n\t\t\t\t\t\tA\u00f1ade un nuevo programa.\n\t\t\t\t\t<\/a>\n\t\t\t<a href=\"https:\/\/auw211.org\/es\/proveedores\/#update-agency-program\" target=\"_self\">\n\t\t\t\t\t\tActualizaci\u00f3n de una agencia o programa.\n\t\t\t\t\t<\/a>\n<h2>\n\t\t\tNoticias urgentes\t<\/h2>\n\t\t\t<a href=\"\/es\/category\/disaster-response\/\" target=\"_self\">\n\t\t\t\t\t\tVer m\u00e1s\n\t\t\t\t\t<\/a>\n\t<h2>Recursos r\u00e1pidos<\/h2>\n<p>\u00bfNecesitas ayuda ahora mismo? <strong>Estos recursos oficiales pueden conectarte con alertas de emergencia, refugios y apoyo en tu \u00e1rea.<\/strong><\/p>\n<blockquote><p><strong>Llama al 911<\/strong> para emergencias que pongan en peligro la vida. | <strong>Marque 211<\/strong>\u00a0para ayuda que no sea de emergencia y recursos locales.<\/p><\/blockquote>\n\t<h3>Refugios y evacuaci\u00f3n<\/h3>\n<p>Conozca las rutas y la ubicaci\u00f3n de los refugios antes de un incidente. Prepare un kit para 14 d\u00edas (agua, comida, medicamentos, documentos, electricidad\/iluminaci\u00f3n, art\u00edculos de higiene, suministros para mascotas).<\/p>\n<p><strong>Qu\u00e9 llevar a los refugios:<\/strong> Cubrebocas, art\u00edculos de higiene, medicamentos, documentos de identidad\/seguro, refrigerios, muda de ropa, art\u00edculos de confort para ni\u00f1os y ancianos.<\/p>\n\t<h3>Estado y actualizaciones sobre el desastre<\/h3>\n<p>Encuentre alertas activas, mapas de incidentes y actualizaciones oficiales. Durante los eventos, verifique la informaci\u00f3n a trav\u00e9s de fuentes confiables.<\/p>\n<p><strong>Fuentes oficiales:<\/strong><\/p>\n\t<h3>Obt\u00e9n ayuda ahora<\/h3>","protected":false},"excerpt":{"rendered":"<p>\u00bfEst\u00e1s preparado para cuando ocurra un desastre? Perm\u00edtenos conectarte con informaci\u00f3n en tiempo real, la ubicaci\u00f3n de refugios y recursos para la recuperaci\u00f3n antes, durante y despu\u00e9s de una emergencia o desastre natural. Si te encuentras en peligro inmediato, \u00a1llama al 911! Terremotos: Los terremotos pueden ocurrir sin previo aviso. \u00c9poca del a\u00f1o: En cualquier momento. M\u00e1s informaci\u00f3n. Inundaciones: Las inundaciones pueden ocurrir\u2026<\/p>","protected":false},"author":1,"featured_media":0,"parent":0,"menu_order":0,"comment_status":"closed","ping_status":"closed","template":"","meta":{"footnotes":""},"class_list":["post-3964","page","type-page","status-publish","hentry"],"_links":{"self":[{"href":"https:\/\/auw211.org\/es\/wp-json\/wp\/v2\/pages\/3964","targetHints":{"allow":["GET"]}}],"collection":[{"href":"https:\/\/auw211.org\/es\/wp-json\/wp\/v2\/pages"}],"about":[{"href":"https:\/\/auw211.org\/es\/wp-json\/wp\/v2\/types\/page"}],"author":[{"embeddable":true,"href":"https:\/\/auw211.org\/es\/wp-json\/wp\/v2\/users\/1"}],"replies":[{"embeddable":true,"href":"https:\/\/auw211.org\/es\/wp-json\/wp\/v2\/comments?post=3964"}],"version-history":[{"count":26,"href":"https:\/\/auw211.org\/es\/wp-json\/wp\/v2\/pages\/3964\/revisions"}],"predecessor-version":[{"id":4254,"href":"https:\/\/auw211.org\/es\/wp-json\/wp\/v2\/pages\/3964\/revisions\/4254"}],"wp:attachment":[{"href":"https:\/\/auw211.org\/es\/wp-json\/wp\/v2\/media?parent=3964"}],"curies":[{"name":"gracias","href":"https:\/\/api.w.org\/{rel}","templated":true}]}}