{"id":3146,"date":"2022-03-16T20:00:54","date_gmt":"2022-03-17T03:00:54","guid":{"rendered":"https:\/\/auw211.org\/?page_id=3146"},"modified":"2022-03-29T13:41:18","modified_gmt":"2022-03-29T20:41:18","slug":"tips-for-search","status":"publish","type":"page","link":"https:\/\/auw211.org\/es\/consejos-para-buscar\/","title":{"rendered":"Consejos para la b\u00fasqueda"},"content":{"rendered":"<h3>Agregue palabras clave para obtener resultados m\u00e1s relevantes.<\/h3>\n<p>Por ejemplo, buscar &quot;comida&quot; en el c\u00f3digo postal 96804 puede arrojar 162 resultados. La b\u00fasqueda de &quot;despensas de alimentos&quot; en el mismo c\u00f3digo postal puede arrojar 35 resultados.<\/p>\n\t<h3>Utilice las sugerencias desplegables.<\/h3>\n<p>Al escribir un t\u00e9rmino de b\u00fasqueda, aparece una lista desplegable debajo del t\u00e9rmino. Seleccionar una de estas sugerencias generalmente genera mejores resultados que una simple b\u00fasqueda por palabra clave.<\/p>\n\t<h3>Filtre los resultados por su \u00e1rea local.<\/h3>\n<p>Seleccione la ubicaci\u00f3n que desea buscar. Si tiene habilitados los servicios de ubicaci\u00f3n en su tel\u00e9fono o computadora, la ubicaci\u00f3n se seleccionar\u00e1 autom\u00e1ticamente para usted. Si deja el campo de ubicaci\u00f3n en blanco, incluir\u00e1 todo el estado.<\/p>\n\t<h3>Escanea los recursos disponibles por categor\u00eda.<\/h3>\n<p>Puede buscar por categor\u00eda de servicio seleccionando primero la ubicaci\u00f3n y luego haciendo clic en el enlace en la lista de categor\u00edas en la parte inferior de la p\u00e1gina.<\/p>","protected":false},"excerpt":{"rendered":"<p>Agregue palabras clave para obtener resultados m\u00e1s relevantes. Por ejemplo, buscar &quot;comida&quot; en el c\u00f3digo postal 96804 puede arrojar 162 resultados. La b\u00fasqueda de &quot;despensas de alimentos&quot; en el mismo c\u00f3digo postal puede arrojar 35 resultados. Utilice las sugerencias desplegables. Al escribir un t\u00e9rmino de b\u00fasqueda, aparece una lista desplegable debajo del t\u00e9rmino. Seleccionando uno de estos\u2026<\/p>","protected":false},"author":1,"featured_media":3117,"parent":0,"menu_order":0,"comment_status":"closed","ping_status":"closed","template":"","meta":{"footnotes":""},"class_list":["post-3146","page","type-page","status-publish","has-post-thumbnail","hentry"],"_links":{"self":[{"href":"https:\/\/auw211.org\/es\/wp-json\/wp\/v2\/pages\/3146","targetHints":{"allow":["GET"]}}],"collection":[{"href":"https:\/\/auw211.org\/es\/wp-json\/wp\/v2\/pages"}],"about":[{"href":"https:\/\/auw211.org\/es\/wp-json\/wp\/v2\/types\/page"}],"author":[{"embeddable":true,"href":"https:\/\/auw211.org\/es\/wp-json\/wp\/v2\/users\/1"}],"replies":[{"embeddable":true,"href":"https:\/\/auw211.org\/es\/wp-json\/wp\/v2\/comments?post=3146"}],"version-history":[{"count":5,"href":"https:\/\/auw211.org\/es\/wp-json\/wp\/v2\/pages\/3146\/revisions"}],"predecessor-version":[{"id":3296,"href":"https:\/\/auw211.org\/es\/wp-json\/wp\/v2\/pages\/3146\/revisions\/3296"}],"wp:featuredmedia":[{"embeddable":true,"href":"https:\/\/auw211.org\/es\/wp-json\/wp\/v2\/media\/3117"}],"wp:attachment":[{"href":"https:\/\/auw211.org\/es\/wp-json\/wp\/v2\/media?parent=3146"}],"curies":[{"name":"gracias","href":"https:\/\/api.w.org\/{rel}","templated":true}]}}