{"id":3142,"date":"2022-03-16T19:42:48","date_gmt":"2022-03-17T02:42:48","guid":{"rendered":"https:\/\/auw211.org\/?page_id=3142"},"modified":"2024-12-17T10:52:53","modified_gmt":"2024-12-17T20:52:53","slug":"donate","status":"publish","type":"page","link":"https:\/\/auw211.org\/es\/donar\/","title":{"rendered":"Donar a AUW 211"},"content":{"rendered":"<h1>Confiamos en su apoyo<\/h1>\n<p>Este servicio vital es posible gracias a subvenciones y donaciones. No hay otro servicio como este disponible para la gente de Haw\u00e1i. Est\u00e1 <strong>no es un servicio del gobierno<\/strong> y act\u00faa como un puente entre las personas y los recursos en nuestra comunidad.<\/p>\n<p>La l\u00ednea de ayuda 211 de AUW tambi\u00e9n genera datos en tiempo real que ayudan a informar las decisiones pol\u00edticas y la respuesta a las necesidades de la comunidad. Este servicio es un recurso como ning\u00fan otro.<\/p>\n<p>Mahalo por tu aporte!<\/p>\n\t\t\t<a href=\"https:\/\/ignite.stratuslive.com\/auw\/get-involved\/donate\/211?utm_source=auw211.org&#038;utm_medium=button&#038;utm_campaign=general&#038;utm_id=2024&#038;utm_term=donate&#038;utm_content=donate_webpage\" target=\"_blank\" rel=\"noopener\">\n\t\t\t\t\t\tDonar hoy\n\t\t\t\t\t<\/a>\n\t<iframe loading=\"lazy\" title=\"Una historia de 211: video de la campa\u00f1a 2021\" width=\"500\" height=\"281\" src=\"https:\/\/www.youtube.com\/embed\/6x6j7voljqw?start=4&#038;feature=oembed\" frameborder=\"0\" allow=\"accelerometer; autoplay; clipboard-write; encrypted-media; gyroscope; picture-in-picture; web-share\" referrerpolicy=\"strict-origin-when-cross-origin\" allowfullscreen><\/iframe>","protected":false},"excerpt":{"rendered":"<p>Confiamos en su apoyo Este servicio vital es posible gracias a subvenciones y donaciones. No hay ning\u00fan otro servicio similar disponible para la gente de Hawai&#039;i. No es un servicio gubernamental y act\u00faa como un puente entre las personas y los recursos de nuestra comunidad. La l\u00ednea de ayuda 211 de AUW tambi\u00e9n genera datos en tiempo real que ayudan...<\/p>","protected":false},"author":1,"featured_media":0,"parent":0,"menu_order":0,"comment_status":"closed","ping_status":"closed","template":"","meta":{"footnotes":""},"class_list":["post-3142","page","type-page","status-publish","hentry"],"_links":{"self":[{"href":"https:\/\/auw211.org\/es\/wp-json\/wp\/v2\/pages\/3142","targetHints":{"allow":["GET"]}}],"collection":[{"href":"https:\/\/auw211.org\/es\/wp-json\/wp\/v2\/pages"}],"about":[{"href":"https:\/\/auw211.org\/es\/wp-json\/wp\/v2\/types\/page"}],"author":[{"embeddable":true,"href":"https:\/\/auw211.org\/es\/wp-json\/wp\/v2\/users\/1"}],"replies":[{"embeddable":true,"href":"https:\/\/auw211.org\/es\/wp-json\/wp\/v2\/comments?post=3142"}],"version-history":[{"count":11,"href":"https:\/\/auw211.org\/es\/wp-json\/wp\/v2\/pages\/3142\/revisions"}],"predecessor-version":[{"id":3906,"href":"https:\/\/auw211.org\/es\/wp-json\/wp\/v2\/pages\/3142\/revisions\/3906"}],"wp:attachment":[{"href":"https:\/\/auw211.org\/es\/wp-json\/wp\/v2\/media?parent=3142"}],"curies":[{"name":"gracias","href":"https:\/\/api.w.org\/{rel}","templated":true}]}}