{"id":3055,"date":"2022-01-14T11:30:50","date_gmt":"2022-01-14T19:30:50","guid":{"rendered":"https:\/\/auw211.org\/?page_id=3055"},"modified":"2025-10-24T16:13:26","modified_gmt":"2025-10-25T02:13:26","slug":"providers","status":"publish","type":"page","link":"https:\/\/auw211.org\/es\/proveedores\/","title":{"rendered":"Proveedores"},"content":{"rendered":"<h1>Somos un Conector<\/h1>\n<p>Ya sea que su organizaci\u00f3n sea un proveedor de servicios humanos y de salud reconocido o una peque\u00f1a organizaci\u00f3n comunitaria que brinda asistencia b\u00e1sica en Haw\u00e1i, la l\u00ednea de ayuda 211 de AUW puede ayudar a conectar a las personas necesitadas con sus recursos. Tambi\u00e9n podemos ayudar a referir a los miembros de la comunidad a recursos adicionales.<\/p>\n\t\t<h3>Pol\u00edtica de inclusi\u00f3n\/exclusi\u00f3n<\/h3>\n\t\t<p>Todos los proveedores de servicios existentes y potenciales deben revisar nuestra <a href=\"https:\/\/auw211.org\/wp-content\/uploads\/2024\/03\/AUW-211-Inclusion-Document-2024-02-29.pdf\">Pol\u00edtica de inclusi\u00f3n\/exclusi\u00f3n<\/a>. La pol\u00edtica describe la elegibilidad para las listas de programas y servicios. Revise la pol\u00edtica antes de enviar nuevos servicios o listados.<\/p>\n\t\t\t<a href=\"https:\/\/auw211.org\/wp-content\/uploads\/2024\/03\/AUW-211-Inclusion-Document-2024-02-29.pdf\" target=\"_blank\" rel=\"noopener\">\n\t\t\t\t\t\tPol\u00edtica de revisi\u00f3n\n\t\t\t\t\t<\/a>\n\t\t<h2><a href=\"https:\/\/auw211.org\/es\/s\/agency-info-form\/\" target=\"_blank\"  rel=\"noopener\">nueva agencia<\/a><\/h2>Si nunca ha enumerado un recurso antes, por favor<strong> empieza aqui<\/strong>.<br \/>\nDeber\u00e1 agregar su agencia antes de agregar o actualizar programas.\n\t\t\t<a href=\"https:\/\/auw211.org\/es\/s\/agency-info-form\/\" target=\"_blank\" rel=\"noopener\">\n\t\t\t\t\t\tA\u00f1adir Agencia\n\t\t\t\t\t<\/a>\n\t\t<h2><a href=\"https:\/\/auw211.org\/es\/s\/login\/\" target=\"_blank\"  rel=\"noopener\">Actualizar agencia existente o programa existente<\/a><\/h2>Actualice la agencia, los sitios o los programas existentes.<br \/>\nSi ya tienes una cuenta, inicia sesi\u00f3n aqu\u00ed.\n\t\t\t<a href=\"https:\/\/auw211.org\/es\/s\/login\/\" target=\"_blank\" rel=\"noopener\">\n\t\t\t\t\t\tIniciar sesi\u00f3n para editar\n\t\t\t\t\t<\/a>\n\tPara preguntas o informaci\u00f3n adicional, por favor p\u00f3ngase en contacto con:<br \/>\nSai, supervisor del programa 211, en<br \/>\n<a href=\"tel:+18085432262\">808-543-2262<\/a> o <a href=\"mailto:sai@auw.org\">sai@auw.org<\/a>.<br \/>\nMahalo!\n\t<h2>Solicitar materiales de apoyo 211<\/h2>\n<p>Si desea carteles promocionales o informaci\u00f3n para proporcionar o publicar al p\u00fablico, con gusto le ayudaremos. Solicite informaci\u00f3n y carteles o folletos de referencia enviando un correo electr\u00f3nico a: <a href=\"mailto:sai@auw.org\">sai@auw.org<\/a>.<\/p>\n<ul>\n<li><a href=\"https:\/\/auw211.org\/es\/211-Flyer\/\" target=\"_blank\" rel=\"noopener\">Folleto informativo AUW 211 (8,5 \u00d7 11)<\/a><\/li>\n<\/ul>\n\t\t\t\t<img decoding=\"async\" src=\"https:\/\/auw211.org\/wp-content\/uploads\/2022\/03\/Aloha-Harvest-1-scaled.jpg\" alt=\"Aloha Cosecha-1\" itemprop=\"image\" height=\"1707\" width=\"2560\" title=\"Aloha Cosecha-1\" onerror=\"this.style.display='none'\" loading=\"lazy\" \/>","protected":false},"excerpt":{"rendered":"<p>Somos un conector Ya sea que su organizaci\u00f3n sea un proveedor reconocido de servicios humanos y de salud o una peque\u00f1a organizaci\u00f3n comunitaria que brinda asistencia b\u00e1sica en Haw\u00e1i, la l\u00ednea de ayuda 211 de AUW puede ayudar a conectar a las personas necesitadas con sus recursos. Tambi\u00e9n podemos ayudar a referir a los miembros de la comunidad a recursos adicionales. Pol\u00edtica de Inclusi\u00f3n \/ Exclusi\u00f3n Todos los existentes y potenciales...<\/p>","protected":false},"author":1,"featured_media":3113,"parent":0,"menu_order":0,"comment_status":"closed","ping_status":"closed","template":"","meta":{"footnotes":""},"class_list":["post-3055","page","type-page","status-publish","has-post-thumbnail","hentry"],"_links":{"self":[{"href":"https:\/\/auw211.org\/es\/wp-json\/wp\/v2\/pages\/3055","targetHints":{"allow":["GET"]}}],"collection":[{"href":"https:\/\/auw211.org\/es\/wp-json\/wp\/v2\/pages"}],"about":[{"href":"https:\/\/auw211.org\/es\/wp-json\/wp\/v2\/types\/page"}],"author":[{"embeddable":true,"href":"https:\/\/auw211.org\/es\/wp-json\/wp\/v2\/users\/1"}],"replies":[{"embeddable":true,"href":"https:\/\/auw211.org\/es\/wp-json\/wp\/v2\/comments?post=3055"}],"version-history":[{"count":37,"href":"https:\/\/auw211.org\/es\/wp-json\/wp\/v2\/pages\/3055\/revisions"}],"predecessor-version":[{"id":4116,"href":"https:\/\/auw211.org\/es\/wp-json\/wp\/v2\/pages\/3055\/revisions\/4116"}],"wp:featuredmedia":[{"embeddable":true,"href":"https:\/\/auw211.org\/es\/wp-json\/wp\/v2\/media\/3113"}],"wp:attachment":[{"href":"https:\/\/auw211.org\/es\/wp-json\/wp\/v2\/media?parent=3055"}],"curies":[{"name":"gracias","href":"https:\/\/api.w.org\/{rel}","templated":true}]}}