{"id":3052,"date":"2022-01-13T16:33:28","date_gmt":"2022-01-14T00:33:28","guid":{"rendered":"https:\/\/auw211.org\/?page_id=3052"},"modified":"2023-02-15T15:21:24","modified_gmt":"2023-02-16T01:21:24","slug":"frequently-asked-questions","status":"publish","type":"page","link":"https:\/\/auw211.org\/es\/preguntas-frecuentes\/","title":{"rendered":"Preguntas frecuentes"},"content":{"rendered":"<h3>\u00bfMi llamada es confidencial?<\/h3>\n<p>Cualquier persona que se comunique con la l\u00ednea de ayuda 211 de AUW debe proporcionar el c\u00f3digo postal, la edad y el sexo. Nuestros especialistas utilizan esta informaci\u00f3n para buscar los recursos m\u00e1s accesibles y disponibles para grupos de edad y g\u00e9neros espec\u00edficos. Ninguna de la informaci\u00f3n recopilada se utilizar\u00e1 para identificarlo.<\/p>\n<p>A algunas personas se les puede pedir informaci\u00f3n adicional. Por ejemplo, al solicitar informaci\u00f3n para <strong>QUEBRAR<\/strong> elegibilidad de beneficios y para aquellos que est\u00e1n de acuerdo con un <strong>Preselecci\u00f3n SNAP<\/strong>, se solicita informaci\u00f3n adicional. En tales casos, le pedir\u00edamos su consentimiento y recopilar\u00edamos informaci\u00f3n adicional, como el nombre y la edad de los miembros de la familia. Tomamos todas las precauciones para proteger su informaci\u00f3n personal y nunca la compartiremos sin su consentimiento expl\u00edcito.<\/p>\n\t<h3>\u00bfQu\u00e9 sucede con mi informaci\u00f3n personal?<\/h3>\n<p>Su informaci\u00f3n se recopila para garantizar que reciba la mejor asistencia posible. Todo lo que comparta con los especialistas del 211 o en nuestro sitio seguro es completamente confidencial. No compartimos informaci\u00f3n de identificaci\u00f3n con ninguna parte externa.<\/p>\n\t<h3>\u00bfCu\u00e1ntos servicios puedo encontrar en la base de datos?<\/h3>\n<p>El 211 de Aloha United Way es el centro de servicios sociales en Haw\u00e1i. Hay m\u00e1s de 4,000 recursos de servicios locales listados en nuestra base de datos. Todos los listados se componen de servicios de salud, sociales, sin fines de lucro y gubernamentales; no hay listados comerciales o personales en nuestra base de datos. La lista siempre est\u00e1 creciendo y todas las islas est\u00e1n representadas.<\/p>\n\t<h3>\u00bfQu\u00e9 pasa si no vivo en Oahu?<\/h3>\n<p>Nuestra base de datos incluye recursos para todas las islas hawaianas. Ingrese su c\u00f3digo postal para conocer los recursos cerca de usted.<\/p>\n<p>Cuando marque 211, se conectar\u00e1 con la agencia 211 en su c\u00f3digo de \u00e1rea. Si est\u00e1 fuera de Haw\u00e1i, llame <a href=\"tel:18772756569\">877-275-6569<\/a>, estaremos encantados de ayudarlo a conectarse a un centro 211 cerca de usted.<\/p>\n\t<h3>No hablo bien ingl\u00e9s. \u00bfTodav\u00eda puedo llamar al 211?<\/h3>\n<p>\u00a1S\u00ed! Contamos con un proveedor de telecomunicaciones que puede ofrecer servicios de interpretaci\u00f3n en vivo en m\u00e1s de 150 idiomas.<\/p>\n\t<h3>\u00bfCu\u00e1l es la mejor manera de contactar al 211?<\/h3>\n<p>Cualquiera de las siguientes opciones le proporcionar\u00e1 acceso a la ayuda.<\/p>\nLlamar: <a href=\"tel:211\">211<\/a><br>\nChat: <a href=\"https:\/\/home-c19.incontact.com\/inContact\/ChatClient\/ChatClient.aspx?poc=75782264-8644-4c11-ab70-28eb11c497e9&amp;bu=4595725\" target=\"_blank\" rel=\"noopener\">Abrir ventana de chat<\/a>.<br>\nCorreo electr\u00f3nico: <a href=\"https:\/\/auw211.org\/es\/contacto\/\">Complete nuestro formulario de correo electr\u00f3nico<\/a>.<br>\nTexto: Env\u00eda tu c\u00f3digo postal a <a href=\"sms:18772756569\">877-275-6569<\/a>.<br>\nSitio web: <a href=\"https:\/\/search.auw211.org\" target=\"_blank\" rel=\"noopener\">Busque en nuestro directorio en l\u00ednea<\/a>.","protected":false},"excerpt":{"rendered":"<p>\u00bfMi llamada es confidencial? Cualquier persona que se comunique con la l\u00ednea de ayuda 211 de AUW debe proporcionar el c\u00f3digo postal, la edad y el sexo. Nuestros especialistas utilizan esta informaci\u00f3n para buscar los recursos m\u00e1s accesibles y disponibles para grupos de edad y g\u00e9neros espec\u00edficos. Ninguna de la informaci\u00f3n recopilada se utilizar\u00e1 para identificarlo. A algunas personas se les puede preguntar...<\/p>","protected":false},"author":1,"featured_media":3271,"parent":0,"menu_order":0,"comment_status":"closed","ping_status":"closed","template":"","meta":{"footnotes":""},"class_list":["post-3052","page","type-page","status-publish","has-post-thumbnail","hentry"],"_links":{"self":[{"href":"https:\/\/auw211.org\/es\/wp-json\/wp\/v2\/pages\/3052","targetHints":{"allow":["GET"]}}],"collection":[{"href":"https:\/\/auw211.org\/es\/wp-json\/wp\/v2\/pages"}],"about":[{"href":"https:\/\/auw211.org\/es\/wp-json\/wp\/v2\/types\/page"}],"author":[{"embeddable":true,"href":"https:\/\/auw211.org\/es\/wp-json\/wp\/v2\/users\/1"}],"replies":[{"embeddable":true,"href":"https:\/\/auw211.org\/es\/wp-json\/wp\/v2\/comments?post=3052"}],"version-history":[{"count":7,"href":"https:\/\/auw211.org\/es\/wp-json\/wp\/v2\/pages\/3052\/revisions"}],"predecessor-version":[{"id":3291,"href":"https:\/\/auw211.org\/es\/wp-json\/wp\/v2\/pages\/3052\/revisions\/3291"}],"wp:featuredmedia":[{"embeddable":true,"href":"https:\/\/auw211.org\/es\/wp-json\/wp\/v2\/media\/3271"}],"wp:attachment":[{"href":"https:\/\/auw211.org\/es\/wp-json\/wp\/v2\/media?parent=3052"}],"curies":[{"name":"gracias","href":"https:\/\/api.w.org\/{rel}","templated":true}]}}