{"id":25,"date":"2019-04-05T20:40:50","date_gmt":"2019-04-05T20:40:50","guid":{"rendered":"https:\/\/auw211.org\/?page_id=25"},"modified":"2026-02-13T10:05:18","modified_gmt":"2026-02-13T20:05:18","slug":"about","status":"publish","type":"page","link":"https:\/\/auw211.org\/es\/sobre\/","title":{"rendered":"Sobre el 211"},"content":{"rendered":"<p>El servicio 211 de Aloha United Way es la \u00fanica l\u00ednea de ayuda de referencia e informaci\u00f3n integral en todo el estado de Haw\u00e1i. Nuestros especialistas del 211 est\u00e1n espec\u00edficamente capacitados para ayudarlo a encontrar alimentos, refugio, asistencia financiera, cuidado de ni\u00f1os, apoyo para padres, atenci\u00f3n de k\u016bpuna, servicios para discapacitados y servicios de salud relacionados con COVID-19 y vacunas.<\/p>\n\t<p>\u00bfC\u00f3mo puedo contactar al 2-1-1? La ayuda est\u00e1 disponible en todo el estado utilizando estos m\u00e9todos:<\/p>\n\t\t<figure itemscope itemtype=\"https:\/\/schema.org\/ImageObject\">\n\t\t\t\t<a href=\"tel:211\"  target=\"_self\" itemprop=\"url\">\n\t\t\t\t<img decoding=\"async\" src=\"https:\/\/auw211.org\/wp-content\/uploads\/2022\/03\/call.svg\" alt=\"llame a\" height=\"96\" width=\"96\" title=\"llame a\" onerror=\"this.style.display='none'\" loading=\"lazy\" \/>\n\t\t\t\t<\/a>\n\t<\/figure>\n<h3><a href=\"tel:211\" target=\"_self\">Llama al 211<\/a><\/h3><p>o <a href=\"tel:18772756569\">1-877-275-6569<\/a><\/p>\n\t\t<figure itemscope itemtype=\"https:\/\/schema.org\/ImageObject\">\n\t\t\t\t<a href=\"https:\/\/search.auw211.org\/\"  target=\"_blank\" rel=\"noopener\"  itemprop=\"url\">\n\t\t\t\t<img decoding=\"async\" src=\"https:\/\/auw211.org\/wp-content\/uploads\/2022\/03\/search.svg\" alt=\"busque en\" height=\"96\" width=\"96\" title=\"busque en\" onerror=\"this.style.display='none'\" loading=\"lazy\" \/>\n\t\t\t\t<\/a>\n\t<\/figure>\n<h3><a href=\"https:\/\/search.auw211.org\/\" target=\"_blank\"  rel=\"noopener\">Busque en<\/a><\/h3><p>M\u00e1s de 4000 recursos.<\/p>\n\t\t<figure itemscope itemtype=\"https:\/\/schema.org\/ImageObject\">\n\t\t\t\t<a href=\"sms:18772756569\"  target=\"_self\" itemprop=\"url\">\n\t\t\t\t<img decoding=\"async\" src=\"https:\/\/auw211.org\/wp-content\/uploads\/2022\/03\/text.svg\" alt=\"texto\" height=\"96\" width=\"96\" title=\"texto\" onerror=\"this.style.display='none'\" loading=\"lazy\" \/>\n\t\t\t\t<\/a>\n\t<\/figure>\n<h3><a href=\"sms:18772756569\" target=\"_self\">Texto<\/a><\/h3><p>Por favor, incluya el c\u00f3digo postal<\/p>\n\t\t<figure itemscope itemtype=\"https:\/\/schema.org\/ImageObject\">\n\t\t\t\t<a href=\"https:\/\/home-c19.incontact.com\/incontact\/chatclient\/chatclient.aspx?poc=75782264-8644-4c11-ab70-28eb11c497e9&#038;bu=4595725\" target=\"_blank\" rel=\"noopener\" itemprop=\"url\">\n\t\t\t\t<img decoding=\"async\" src=\"https:\/\/auw211.org\/wp-content\/uploads\/2022\/03\/chat.svg\" alt=\"chat\" height=\"96\" width=\"96\" title=\"chat\" onerror=\"this.style.display='none'\" loading=\"lazy\" \/>\n\t\t\t\t<\/a>\n\t<\/figure>\n<h3><a href=\"https:\/\/home-c19.incontact.com\/incontact\/chatclient\/chatclient.aspx?poc=75782264-8644-4c11-ab70-28eb11c497e9&#038;bu=4595725\" target=\"_blank\" rel=\"noopener\">Chat<\/a><\/h3>7 am \u2013 10 pm, 7 d\u00edas a la semana\n\t\t<figure itemscope itemtype=\"https:\/\/schema.org\/ImageObject\">\n\t\t\t\t<a href=\"mailto:info211@auw.org\"  target=\"_self\" itemprop=\"url\">\n\t\t\t\t<img decoding=\"async\" src=\"https:\/\/auw211.org\/wp-content\/uploads\/2022\/03\/email.svg\" alt=\"correo electr\u00f3nico\" height=\"96\" width=\"96\" title=\"correo electr\u00f3nico\" onerror=\"this.style.display='none'\" loading=\"lazy\" \/>\n\t\t\t\t<\/a>\n\t<\/figure>\n<h3><a href=\"mailto:info211@auw.org\" target=\"_self\">Env\u00ede un correo electr\u00f3nico a<\/a><\/h3>Permita un d\u00eda h\u00e1bil\n<h2>\n\t\t\tEstamos aqu\u00ed cuando ocurren las emergencias.\t<\/h2>\n\t<p>211 es un socio en el plan de gesti\u00f3n de emergencias del estado, as\u00ed como en los planes de la ciudad y el condado en todas las islas.<\/p>\n\t<p>211 tiene la capacidad de movilizarse en todo el estado durante tiempos de desastre. 211 es miembro de VOAD (Organizaciones Voluntarias Activas en Desastres) y puede brindar referencias durante una crisis o desastre.<\/p>\n\t<p>El 211 alivia la presi\u00f3n sobre el sistema telef\u00f3nico 9-1-1 para llamadas que no son de emergencia.<\/p>\n\t<p>El 211 es un punto de contacto central para que los servicios de emergencia compartan informaci\u00f3n actualizada sobre ubicaciones de refugios, evacuaci\u00f3n, rutas, cierres de carreteras y avisos de salud p\u00fablica.<\/p>\n\t<p>El 211 ha sido un recurso fundamental para difundir informaci\u00f3n y referencias relacionadas con la pandemia de COVID-19, vacunas, inundaciones, huracanes, erupciones y otras emergencias.<\/p>\n\t<p>211 \u201cInmediatamente despu\u00e9s de los incendios forestales, el 2-1-1 sirvi\u00f3 como un punto de contacto confiable, accesible y centralizado para miles de residentes de Maui que enfrentaban desplazamiento, p\u00e9rdida de vivienda, inseguridad alimentaria, necesidades de atenci\u00f3n m\u00e9dica y angustia emocional. En un momento en que los sistemas estaban colapsados y la informaci\u00f3n cambiaba r\u00e1pidamente, el Centro de Llamadas 2-1-1 brind\u00f3 claridad, estabilidad y apoyo centrado en las personas. Este servicio se convirti\u00f3 en un salvavidas para individuos y familias que no ten\u00edan a d\u00f3nde m\u00e1s acudir.\u201d <strong>Jeeyun Lee, director ejecutivo de Maui United Way.\u00a0 \u00a0 \u00a0 \u00a0 \u00a0 \u00a0 \u00a0 \u00a0 \u00a0 \u00a0 \u00a0 \u00a0 \u00a0 \u00a0 \u00a0 \u00a0 \u00a0 \u00a0 \u00a0 \u00a0 \u00a0 \u00a0 \u00a0<\/strong><\/p>\n\t<h2>\u00bfC\u00f3mo puedo a\u00f1adir un recurso o un listado en la base de datos?<\/h2>\n<p>La base de datos del 211 est\u00e1 repleta de una gran variedad de programas y si tiene alguno que a\u00f1adir, utilice nuestro portal de proveedores que le permite a\u00f1adir un nuevo recurso, actualizar un listado existente y mucho m\u00e1s. El servicio es de \u00e1mbito estatal, por lo que todas las islas est\u00e1n representadas en la base de datos y en los datos.<\/p>\n\t\t\t<a href=\"https:\/\/auw211.org\/es\/proveedores\/#new-agency\"  target=\"_self\">\n\t\t\t\t\t\tA\u00f1ade una nueva agencia.\n\t\t\t\t\t<\/a>\n\t\t\t<a href=\"https:\/\/auw211.org\/es\/proveedores\/#new-program\"  target=\"_self\">\n\t\t\t\t\t\tA\u00f1ade un nuevo programa.\n\t\t\t\t\t<\/a>\n\t\t\t<a href=\"https:\/\/auw211.org\/es\/proveedores\/#update-agency-program\"  target=\"_self\">\n\t\t\t\t\t\tActualizaci\u00f3n de una agencia o programa.\n\t\t\t\t\t<\/a>\n<h2>\n\t\t\tNuestro personal local\t<\/h2>\n\t\t<h3>Jennifer Pecher<\/h3>Vicepresidente de Respuesta Comunitaria 211\n\t\t<h3>Rey Zelee<\/h3><p>Director del programa<\/p>\n\t\t<h3>Sai Mauai<\/h3><p>Supervisor del programa<\/p>","protected":false},"excerpt":{"rendered":"<p>El servicio 211 de Aloha United Way es la \u00fanica l\u00ednea de ayuda de referencia e informaci\u00f3n integral en todo el estado de Haw\u00e1i. Nuestros especialistas del 211 est\u00e1n espec\u00edficamente capacitados para ayudarlo a encontrar alimentos, refugio, asistencia financiera, cuidado de ni\u00f1os, apoyo para padres, atenci\u00f3n de k\u016bpuna, servicios para discapacitados y servicios de salud relacionados con COVID-19 y vacunas. \u00bfC\u00f3mo puedo contactar al 2-1-1? La ayuda est\u00e1 disponible en todo el estado utilizando estos m\u00e9todos:...<\/p>","protected":false},"author":1,"featured_media":3098,"parent":0,"menu_order":0,"comment_status":"closed","ping_status":"closed","template":"","meta":{"footnotes":""},"class_list":["post-25","page","type-page","status-publish","has-post-thumbnail","hentry"],"_links":{"self":[{"href":"https:\/\/auw211.org\/es\/wp-json\/wp\/v2\/pages\/25","targetHints":{"allow":["GET"]}}],"collection":[{"href":"https:\/\/auw211.org\/es\/wp-json\/wp\/v2\/pages"}],"about":[{"href":"https:\/\/auw211.org\/es\/wp-json\/wp\/v2\/types\/page"}],"author":[{"embeddable":true,"href":"https:\/\/auw211.org\/es\/wp-json\/wp\/v2\/users\/1"}],"replies":[{"embeddable":true,"href":"https:\/\/auw211.org\/es\/wp-json\/wp\/v2\/comments?post=25"}],"version-history":[{"count":11,"href":"https:\/\/auw211.org\/es\/wp-json\/wp\/v2\/pages\/25\/revisions"}],"predecessor-version":[{"id":4288,"href":"https:\/\/auw211.org\/es\/wp-json\/wp\/v2\/pages\/25\/revisions\/4288"}],"wp:featuredmedia":[{"embeddable":true,"href":"https:\/\/auw211.org\/es\/wp-json\/wp\/v2\/media\/3098"}],"wp:attachment":[{"href":"https:\/\/auw211.org\/es\/wp-json\/wp\/v2\/media?parent=25"}],"curies":[{"name":"gracias","href":"https:\/\/api.w.org\/{rel}","templated":true}]}}